{"id":133475,"date":"2025-04-24T22:37:16","date_gmt":"2025-04-25T03:37:16","guid":{"rendered":"https:\/\/idpc.gov.co\/sanjuandedios\/?page_id=133475"},"modified":"2025-06-27T17:45:35","modified_gmt":"2025-06-27T22:45:35","slug":"edificio-central-y-torre-docente","status":"publish","type":"page","link":"https:\/\/idpc.gov.co\/sanjuandedios\/edificio-central-y-torre-docente","title":{"rendered":"Edificio Central y Torre Quir\u00fargica \u2013 Torre Docente"},"content":{"rendered":"<div class=\"wpb-content-wrapper\"><p>[vc_row row_height_percent=&#8221;50&#8243; override_padding=&#8221;yes&#8221; h_padding=&#8221;2&#8243; top_padding=&#8221;5&#8243; bottom_padding=&#8221;5&#8243; back_color=&#8221;color-wayh&#8221; back_image=&#8221;133536&#8243; back_repeat=&#8221;repeat-x&#8221; overlay_color=&#8221;color-144270&#8243; overlay_alpha=&#8221;79&#8243; gutter_size=&#8221;3&#8243; column_width_percent=&#8221;100&#8243; shift_y=&#8221;0&#8243; z_index=&#8221;0&#8243; top_divider=&#8221;gradient&#8221; content_parallax=&#8221;0&#8243; uncode_shortcode_id=&#8221;147998&#8243; back_color_type=&#8221;uncode-palette&#8221; overlay_color_type=&#8221;uncode-palette&#8221;][vc_column column_width_percent=&#8221;100&#8243; position_vertical=&#8221;middle&#8221; gutter_size=&#8221;2&#8243; style=&#8221;dark&#8221; overlay_alpha=&#8221;50&#8243; shift_x=&#8221;0&#8243; shift_y=&#8221;0&#8243; shift_y_down=&#8221;0&#8243; z_index=&#8221;0&#8243; medium_width=&#8221;0&#8243; mobile_width=&#8221;0&#8243; width=&#8221;1\/1&#8243;][vc_custom_heading text_color=&#8221;color-xsdn&#8221; heading_semantic=&#8221;h1&#8243; text_size=&#8221;h6&#8243; text_transform=&#8221;uppercase&#8221; uncode_shortcode_id=&#8221;335358&#8243; text_color_type=&#8221;uncode-palette&#8221;]Reactivaci\u00f3n[\/vc_custom_heading][vc_custom_heading heading_semantic=&#8221;h1&#8243; text_size=&#8221;&#8221; uncode_shortcode_id=&#8221;135625&#8243;]Edificio Central y Torre Quir\u00fargica \u2013 Torre Docente[\/vc_custom_heading][vc_custom_heading text_size=&#8221;&#8221; uncode_shortcode_id=&#8221;162472&#8243;]El bloque que marc\u00f3 el ingreso a la modernidad hospitalaria[\/vc_custom_heading][vc_empty_space][vc_row_inner row_inner_height_percent=&#8221;0&#8243; overlay_alpha=&#8221;50&#8243; gutter_size=&#8221;4&#8243; shift_y=&#8221;0&#8243; z_index=&#8221;0&#8243; limit_content=&#8221;&#8221;][vc_column_inner column_width_percent=&#8221;100&#8243; align_horizontal=&#8221;align_center&#8221; gutter_size=&#8221;3&#8243; style=&#8221;dark&#8221; overlay_alpha=&#8221;50&#8243; shift_x=&#8221;0&#8243; shift_y=&#8221;0&#8243; shift_y_down=&#8221;0&#8243; z_index=&#8221;0&#8243; medium_visibility=&#8221;yes&#8221; medium_width=&#8221;0&#8243; mobile_visibility=&#8221;yes&#8221; mobile_width=&#8221;0&#8243; width=&#8221;2\/12&#8243; uncode_shortcode_id=&#8221;167505&#8243;][\/vc_column_inner][vc_column_inner width=&#8221;8\/12&#8243;][vc_custom_heading text_color=&#8221;color-xsdn&#8221; heading_semantic=&#8221;h3&#8243; text_size=&#8221;&#8221; text_weight=&#8221;600&#8243; text_height=&#8221;fontheight-357766&#8243; uncode_shortcode_id=&#8221;309217&#8243; text_color_type=&#8221;uncode-palette&#8221;]Construida como una de las obras m\u00e1s ambiciosas, la Torre Quir\u00fargica transform\u00f3 el hospital con el modelo arquitect\u00f3nico torre-plataforma compacto.[\/vc_custom_heading][\/vc_column_inner][vc_column_inner column_width_percent=&#8221;100&#8243; gutter_size=&#8221;3&#8243; overlay_alpha=&#8221;50&#8243; shift_x=&#8221;0&#8243; shift_y=&#8221;0&#8243; shift_y_down=&#8221;0&#8243; z_index=&#8221;0&#8243; medium_visibility=&#8221;yes&#8221; medium_width=&#8221;0&#8243; mobile_visibility=&#8221;yes&#8221; mobile_width=&#8221;0&#8243; width=&#8221;2\/12&#8243; uncode_shortcode_id=&#8221;141992&#8243;][\/vc_column_inner][\/vc_row_inner][\/vc_column][\/vc_row][vc_row row_height_percent=&#8221;0&#8243; override_padding=&#8221;yes&#8221; h_padding=&#8221;2&#8243; top_padding=&#8221;5&#8243; bottom_padding=&#8221;3&#8243; overlay_alpha=&#8221;100&#8243; gutter_size=&#8221;3&#8243; column_width_percent=&#8221;100&#8243; shift_y=&#8221;0&#8243; z_index=&#8221;0&#8243; row_height_use_pixel=&#8221;&#8221;][vc_column column_width_use_pixel=&#8221;yes&#8221; gutter_size=&#8221;3&#8243; overlay_alpha=&#8221;50&#8243; shift_x=&#8221;0&#8243; shift_y=&#8221;0&#8243; medium_width=&#8221;0&#8243; zoom_width=&#8221;0&#8243; zoom_height=&#8221;0&#8243; column_width_pixel=&#8221;800&#8243;][vc_column_text uncode_shortcode_id=&#8221;166249&#8243;]La Torre Quir\u00fargica del Hospital San Juan de Dios fue una de las obras m\u00e1s ambiciosas del conjunto y marc\u00f3 el inicio de una nueva etapa en su historia. Dise\u00f1ada por la firma Cu\u00e9llar Serrano G\u00f3mez \u2014reconocida por otras construcciones hospitalarias como los hospitales de San Carlos y San Ignacio\u2014, esta edificaci\u00f3n introdujo el modelo arquitect\u00f3nico torre-plataforma.[\/vc_column_text][\/vc_column][\/vc_row][vc_row row_height_percent=&#8221;0&#8243; override_padding=&#8221;yes&#8221; h_padding=&#8221;2&#8243; top_padding=&#8221;0&#8243; bottom_padding=&#8221;0&#8243; overlay_alpha=&#8221;100&#8243; gutter_size=&#8221;3&#8243; column_width_percent=&#8221;100&#8243; shift_y=&#8221;0&#8243; z_index=&#8221;0&#8243; row_height_use_pixel=&#8221;&#8221;][vc_column column_width_percent=&#8221;100&#8243; align_horizontal=&#8221;align_right&#8221; gutter_size=&#8221;3&#8243; overlay_alpha=&#8221;50&#8243; shift_x=&#8221;0&#8243; shift_y=&#8221;0&#8243; shift_y_down=&#8221;0&#8243; z_index=&#8221;0&#8243; medium_width=&#8221;0&#8243; mobile_width=&#8221;0&#8243; zoom_width=&#8221;0&#8243; zoom_height=&#8221;0&#8243; width=&#8221;1\/6&#8243; uncode_shortcode_id=&#8221;114069&#8243;][vc_icon icon=&#8221;fa fa-image&#8221; icon_color=&#8221;accent&#8221; text_size=&#8221;&#8221; text_lead=&#8221;small&#8221; uncode_shortcode_id=&#8221;118646&#8243; icon_color_type=&#8221;uncode-palette&#8221;]Fotos 360\u00b0 de la Torre Central[\/vc_icon][\/vc_column][vc_column column_width_use_pixel=&#8221;yes&#8221; gutter_size=&#8221;3&#8243; overlay_alpha=&#8221;50&#8243; shift_x=&#8221;0&#8243; shift_y=&#8221;0&#8243; medium_width=&#8221;0&#8243; zoom_width=&#8221;0&#8243; zoom_height=&#8221;0&#8243; width=&#8221;5\/6&#8243;][vc_raw_html]JTNDaWZyYW1lJTIwd2lkdGglM0QlMjI5MCUyNSUyMiUyMGhlaWdodCUzRCUyMjUwMHB4JTIyJTIwYWxsb3dmdWxsc2NyZWVuJTNEJTIydHJ1ZSUyMiUyMGFsbG93JTNEJTIyYWNjZWxlcm9tZXRlciUzQiUyMG1hZ25ldG9tZXRlciUzQiUyMGd5cm9zY29wZSUyMiUyMHN0eWxlJTNEJTIyZGlzcGxheSUzQWJsb2NrJTNCJTIwbWFyZ2luJTNBMjBweCUyMGF1dG8lM0IlMjBib3JkZXIlM0EwJTIwbm9uZSUzQiUyMG1heC13aWR0aCUzQTg4MHB4JTNCYm9yZGVyLXJhZGl1cyUzQThweCUzQiUyMGJveC1zaGFkb3clM0ElMjAwJTIwMXB4JTIwMXB4JTIwcmdiYSUyODAlMkMwJTJDMCUyQzAuMTElMjklMkMwJTIwMnB4JTIwMnB4JTIwcmdiYSUyODAlMkMwJTJDMCUyQzAuMTElMjklMkMwJTIwNHB4JTIwNHB4JTIwcmdiYSUyODAlMkMwJTJDMCUyQzAuMTElMjklMkMwJTIwNnB4JTIwOHB4JTIwcmdiYSUyODAlMkMwJTJDMCUyQzAuMTElMjklMkMwJTIwOHB4JTIwMTZweCUyMHJnYmElMjgwJTJDMCUyQzAlMkMwLjExJTI5JTNCJTIyJTIwc3JjJTNEJTIyaHR0cHMlM0ElMkYlMkZtb21lbnRvMzYwLmNvbSUyRmUlMkZ1YyUyRjUzNzk1MWYxY2U1ZjQ4MmFhOWIxNWJjZTAxNTFiNTU5JTNGdXRtX2NhbXBhaWduJTNEZW1iZWQlMjZ1dG1fc291cmNlJTNEb3RoZXIlMjZzaXplJTNEbWVkaXVtJTI2ZGlzcGxheS1wbGFuJTNEdHJ1ZSUyMiUzRSUzQyUyRmlmcmFtZSUzRQ==[\/vc_raw_html][\/vc_column][\/vc_row][vc_row row_height_percent=&#8221;0&#8243; override_padding=&#8221;yes&#8221; h_padding=&#8221;2&#8243; top_padding=&#8221;3&#8243; bottom_padding=&#8221;5&#8243; overlay_alpha=&#8221;100&#8243; gutter_size=&#8221;3&#8243; column_width_percent=&#8221;100&#8243; shift_y=&#8221;0&#8243; z_index=&#8221;0&#8243; content_parallax=&#8221;0&#8243; row_height_use_pixel=&#8221;&#8221; uncode_shortcode_id=&#8221;188854&#8243;][vc_column column_width_use_pixel=&#8221;yes&#8221; gutter_size=&#8221;3&#8243; overlay_alpha=&#8221;50&#8243; shift_x=&#8221;0&#8243; shift_y=&#8221;0&#8243; medium_width=&#8221;0&#8243; zoom_width=&#8221;0&#8243; zoom_height=&#8221;0&#8243; column_width_pixel=&#8221;800&#8243;][vc_column_text uncode_shortcode_id=&#8221;150133&#8243;]Su construcci\u00f3n supuso una transformaci\u00f3n radical del hospital, reemplazando el esquema de pabellones por un edificio compacto y multifuncional\u200b.[\/vc_column_text][\/vc_column][\/vc_row][vc_row row_height_percent=&#8221;0&#8243; override_padding=&#8221;yes&#8221; h_padding=&#8221;2&#8243; top_padding=&#8221;5&#8243; bottom_padding=&#8221;3&#8243; overlay_color=&#8221;color-gyho&#8221; overlay_alpha=&#8221;50&#8243; gutter_size=&#8221;4&#8243; column_width_percent=&#8221;100&#8243; shift_y=&#8221;0&#8243; z_index=&#8221;0&#8243; content_parallax=&#8221;0&#8243; el_class=&#8221;inverted-device-order&#8221; uncode_shortcode_id=&#8221;811308&#8243; overlay_color_type=&#8221;uncode-palette&#8221;][vc_column column_width_percent=&#8221;100&#8243; position_vertical=&#8221;middle&#8221; align_horizontal=&#8221;align_center&#8221; gutter_size=&#8221;3&#8243; overlay_alpha=&#8221;50&#8243; shift_x=&#8221;0&#8243; shift_y=&#8221;0&#8243; shift_y_down=&#8221;0&#8243; z_index=&#8221;0&#8243; medium_width=&#8221;4&#8243; mobile_width=&#8221;0&#8243; width=&#8221;1\/1&#8243; uncode_shortcode_id=&#8221;395857&#8243;][vc_custom_heading heading_semantic=&#8221;h1&#8243; text_size=&#8221;fontsize-155944&#8243; uncode_shortcode_id=&#8221;139186&#8243;]Distribuci\u00f3n funcional y dise\u00f1o moderno[\/vc_custom_heading][\/vc_column][\/vc_row][vc_row row_height_percent=&#8221;0&#8243; override_padding=&#8221;yes&#8221; h_padding=&#8221;2&#8243; top_padding=&#8221;3&#8243; bottom_padding=&#8221;5&#8243; overlay_color=&#8221;color-gyho&#8221; overlay_alpha=&#8221;50&#8243; gutter_size=&#8221;4&#8243; column_width_percent=&#8221;100&#8243; shift_y=&#8221;0&#8243; z_index=&#8221;0&#8243; content_parallax=&#8221;0&#8243; el_class=&#8221;inverted-device-order&#8221; uncode_shortcode_id=&#8221;183926&#8243; overlay_color_type=&#8221;uncode-palette&#8221;][vc_column column_width_percent=&#8221;100&#8243; position_horizontal=&#8221;left&#8221; gutter_size=&#8221;3&#8243; overlay_alpha=&#8221;50&#8243; shift_x=&#8221;0&#8243; shift_y=&#8221;0&#8243; shift_y_down=&#8221;0&#8243; z_index=&#8221;0&#8243; medium_width=&#8221;4&#8243; mobile_width=&#8221;0&#8243; width=&#8221;1\/4&#8243; uncode_shortcode_id=&#8221;739869&#8243;][vc_column_text uncode_shortcode_id=&#8221;150358&#8243;]En el semis\u00f3tano y los primeros pisos se ubicaron \u00e1reas de urgencias, recepci\u00f3n, servicios generales y salas de cirug\u00eda. En los pisos superiores se distribuyeron las habitaciones para la hospitalizaci\u00f3n de pacientes.<\/p>\n<p>Este tipo de organizaci\u00f3n respond\u00eda a una l\u00f3gica moderna de atenci\u00f3n m\u00e9dica que buscaba centralizar los servicios y hacer m\u00e1s eficiente su operaci\u00f3n.[\/vc_column_text][\/vc_column][vc_column column_width_percent=&#8221;100&#8243; gutter_size=&#8221;3&#8243; overlay_alpha=&#8221;50&#8243; shift_x=&#8221;0&#8243; shift_y=&#8221;0&#8243; shift_y_down=&#8221;0&#8243; z_index=&#8221;0&#8243; medium_width=&#8221;4&#8243; mobile_width=&#8221;0&#8243; width=&#8221;3\/4&#8243; el_class=&#8221;inverted-device-order&#8221; uncode_shortcode_id=&#8221;976269&#8243;][vc_single_image media=&#8221;133535&#8243; media_width_percent=&#8221;100&#8243; uncode_shortcode_id=&#8221;155090&#8243;][\/vc_column][\/vc_row][vc_row row_height_percent=&#8221;0&#8243; override_padding=&#8221;yes&#8221; h_padding=&#8221;2&#8243; top_padding=&#8221;5&#8243; bottom_padding=&#8221;3&#8243; overlay_alpha=&#8221;50&#8243; gutter_size=&#8221;4&#8243; column_width_percent=&#8221;100&#8243; shift_y=&#8221;0&#8243; z_index=&#8221;0&#8243; content_parallax=&#8221;0&#8243; el_class=&#8221;inverted-device-order&#8221; uncode_shortcode_id=&#8221;346921&#8243;][vc_column column_width_percent=&#8221;100&#8243; position_vertical=&#8221;middle&#8221; align_horizontal=&#8221;align_center&#8221; gutter_size=&#8221;3&#8243; overlay_alpha=&#8221;50&#8243; shift_x=&#8221;0&#8243; shift_y=&#8221;0&#8243; shift_y_down=&#8221;0&#8243; z_index=&#8221;0&#8243; medium_width=&#8221;4&#8243; mobile_width=&#8221;0&#8243; width=&#8221;1\/1&#8243; uncode_shortcode_id=&#8221;178380&#8243;][vc_custom_heading heading_semantic=&#8221;h1&#8243; text_size=&#8221;fontsize-155944&#8243; uncode_shortcode_id=&#8221;144324&#8243;]Inicio de obra y proceso de construcci\u00f3n[\/vc_custom_heading][\/vc_column][\/vc_row][vc_row row_height_percent=&#8221;0&#8243; override_padding=&#8221;yes&#8221; h_padding=&#8221;2&#8243; top_padding=&#8221;3&#8243; bottom_padding=&#8221;3&#8243; overlay_alpha=&#8221;100&#8243; gutter_size=&#8221;3&#8243; column_width_percent=&#8221;100&#8243; shift_y=&#8221;0&#8243; z_index=&#8221;0&#8243; content_parallax=&#8221;0&#8243; row_height_use_pixel=&#8221;&#8221; uncode_shortcode_id=&#8221;941154&#8243;][vc_column column_width_use_pixel=&#8221;yes&#8221; gutter_size=&#8221;3&#8243; overlay_alpha=&#8221;50&#8243; shift_x=&#8221;0&#8243; shift_y=&#8221;0&#8243; medium_width=&#8221;0&#8243; zoom_width=&#8221;0&#8243; zoom_height=&#8221;0&#8243; column_width_pixel=&#8221;800&#8243;][vc_column_text uncode_shortcode_id=&#8221;144076&#8243;]La primera piedra fue colocada el 14 de agosto de 1948, durante la celebraci\u00f3n del d\u00eda de la Beneficencia de Cundinamarca. La construcci\u00f3n fue financiada en parte con recursos provenientes de la Loter\u00eda de la Beneficencia, y para llevarla a cabo fue necesario suprimir los jardines centrales del hospital.[\/vc_column_text][\/vc_column][\/vc_row][vc_row row_height_percent=&#8221;0&#8243; override_padding=&#8221;yes&#8221; h_padding=&#8221;2&#8243; top_padding=&#8221;0&#8243; bottom_padding=&#8221;0&#8243; overlay_alpha=&#8221;100&#8243; gutter_size=&#8221;3&#8243; column_width_percent=&#8221;100&#8243; shift_y=&#8221;0&#8243; z_index=&#8221;0&#8243; row_height_use_pixel=&#8221;&#8221;][vc_column column_width_percent=&#8221;100&#8243; align_horizontal=&#8221;align_right&#8221; gutter_size=&#8221;3&#8243; overlay_alpha=&#8221;50&#8243; shift_x=&#8221;0&#8243; shift_y=&#8221;0&#8243; shift_y_down=&#8221;0&#8243; z_index=&#8221;0&#8243; medium_width=&#8221;0&#8243; mobile_width=&#8221;0&#8243; zoom_width=&#8221;0&#8243; zoom_height=&#8221;0&#8243; width=&#8221;1\/6&#8243; uncode_shortcode_id=&#8221;114069&#8243;][vc_icon icon=&#8221;fa fa-image&#8221; icon_color=&#8221;accent&#8221; text_size=&#8221;&#8221; text_lead=&#8221;small&#8221; uncode_shortcode_id=&#8221;824783&#8243; icon_color_type=&#8221;uncode-palette&#8221;]Foto panor\u00e1mica Torre central, 2025.[\/vc_icon][\/vc_column][vc_column column_width_use_pixel=&#8221;yes&#8221; gutter_size=&#8221;3&#8243; overlay_alpha=&#8221;50&#8243; shift_x=&#8221;0&#8243; shift_y=&#8221;0&#8243; medium_width=&#8221;0&#8243; zoom_width=&#8221;0&#8243; zoom_height=&#8221;0&#8243; width=&#8221;5\/6&#8243;][vc_single_image media=&#8221;133541&#8243; media_width_percent=&#8221;100&#8243; uncode_shortcode_id=&#8221;191237&#8243;][\/vc_column][\/vc_row][vc_row row_height_percent=&#8221;0&#8243; override_padding=&#8221;yes&#8221; h_padding=&#8221;2&#8243; top_padding=&#8221;3&#8243; bottom_padding=&#8221;3&#8243; overlay_alpha=&#8221;100&#8243; gutter_size=&#8221;3&#8243; column_width_percent=&#8221;100&#8243; shift_y=&#8221;0&#8243; z_index=&#8221;0&#8243; content_parallax=&#8221;0&#8243; row_height_use_pixel=&#8221;&#8221; uncode_shortcode_id=&#8221;368786&#8243;][vc_column column_width_use_pixel=&#8221;yes&#8221; gutter_size=&#8221;3&#8243; overlay_alpha=&#8221;50&#8243; shift_x=&#8221;0&#8243; shift_y=&#8221;0&#8243; medium_width=&#8221;0&#8243; zoom_width=&#8221;0&#8243; zoom_height=&#8221;0&#8243; column_width_pixel=&#8221;800&#8243;][vc_column_text uncode_shortcode_id=&#8221;129847&#8243;]Con el objetivo de inaugurarla el 14 de agosto de 1952, solo se pusieron en funcionamiento los servicios externos. Para noviembre de 1954, a\u00fan faltaban por terminar los pisos octavo y noveno.[\/vc_column_text][\/vc_column][\/vc_row][vc_row row_height_percent=&#8221;0&#8243; override_padding=&#8221;yes&#8221; h_padding=&#8221;2&#8243; top_padding=&#8221;5&#8243; bottom_padding=&#8221;3&#8243; overlay_color=&#8221;color-gyho&#8221; overlay_alpha=&#8221;50&#8243; gutter_size=&#8221;4&#8243; column_width_percent=&#8221;100&#8243; shift_y=&#8221;0&#8243; z_index=&#8221;0&#8243; content_parallax=&#8221;0&#8243; el_class=&#8221;inverted-device-order&#8221; uncode_shortcode_id=&#8221;811308&#8243; overlay_color_type=&#8221;uncode-palette&#8221;][vc_column column_width_percent=&#8221;100&#8243; position_vertical=&#8221;middle&#8221; align_horizontal=&#8221;align_center&#8221; gutter_size=&#8221;3&#8243; overlay_alpha=&#8221;50&#8243; shift_x=&#8221;0&#8243; shift_y=&#8221;0&#8243; shift_y_down=&#8221;0&#8243; z_index=&#8221;0&#8243; medium_width=&#8221;4&#8243; mobile_width=&#8221;0&#8243; width=&#8221;1\/1&#8243; uncode_shortcode_id=&#8221;395857&#8243;][vc_custom_heading heading_semantic=&#8221;h1&#8243; text_size=&#8221;fontsize-155944&#8243; uncode_shortcode_id=&#8221;527016&#8243;]Obras proyectadas y recursos extraordinarios[\/vc_custom_heading][\/vc_column][\/vc_row][vc_row row_height_percent=&#8221;0&#8243; override_padding=&#8221;yes&#8221; h_padding=&#8221;2&#8243; top_padding=&#8221;3&#8243; bottom_padding=&#8221;5&#8243; overlay_color=&#8221;color-gyho&#8221; overlay_alpha=&#8221;50&#8243; gutter_size=&#8221;4&#8243; column_width_percent=&#8221;100&#8243; shift_y=&#8221;0&#8243; z_index=&#8221;0&#8243; content_parallax=&#8221;0&#8243; el_class=&#8221;inverted-device-order&#8221; uncode_shortcode_id=&#8221;205065&#8243; overlay_color_type=&#8221;uncode-palette&#8221;][vc_column column_width_percent=&#8221;100&#8243; position_horizontal=&#8221;left&#8221; position_vertical=&#8221;middle&#8221; gutter_size=&#8221;3&#8243; overlay_alpha=&#8221;50&#8243; shift_x=&#8221;0&#8243; shift_y=&#8221;0&#8243; shift_y_down=&#8221;0&#8243; z_index=&#8221;0&#8243; medium_width=&#8221;4&#8243; mobile_width=&#8221;0&#8243; width=&#8221;1\/4&#8243;][vc_column_text uncode_shortcode_id=&#8221;734824&#8243;]Seg\u00fan report\u00f3 El Tiempo en esa \u00e9poca, la capacidad total proyectada era de 800 camas. En su inauguraci\u00f3n se activaron servicios como salas de cirug\u00eda, consulta externa, laboratorios, farmacia, roper\u00eda, control m\u00e9dico, subestaci\u00f3n el\u00e9ctrica, bombas y sala de m\u00e1quinas.<\/p>\n<p>Las obras en curso inclu\u00edan la cocina, comedores, lavander\u00eda, sala de autopsia y calderas, adem\u00e1s de pisos adicionales y dos ascensores. Estas se financiar\u00edan con un mill\u00f3n de pesos recaudados mediante el sorteo extraordinario de Navidad de la Loter\u00eda de Cundinamarca.[\/vc_column_text][\/vc_column][vc_column column_width_percent=&#8221;100&#8243; gutter_size=&#8221;3&#8243; overlay_alpha=&#8221;50&#8243; shift_x=&#8221;0&#8243; shift_y=&#8221;0&#8243; shift_y_down=&#8221;0&#8243; z_index=&#8221;0&#8243; medium_width=&#8221;4&#8243; mobile_width=&#8221;0&#8243; width=&#8221;3\/4&#8243; el_class=&#8221;inverted-device-order&#8221;][vc_single_image media=&#8221;133542&#8243; media_width_percent=&#8221;100&#8243; uncode_shortcode_id=&#8221;123716&#8243;][\/vc_column][\/vc_row][vc_row row_height_percent=&#8221;0&#8243; override_padding=&#8221;yes&#8221; h_padding=&#8221;2&#8243; top_padding=&#8221;5&#8243; bottom_padding=&#8221;3&#8243; overlay_alpha=&#8221;50&#8243; gutter_size=&#8221;4&#8243; column_width_percent=&#8221;100&#8243; shift_y=&#8221;0&#8243; z_index=&#8221;0&#8243; content_parallax=&#8221;0&#8243; el_class=&#8221;inverted-device-order&#8221; uncode_shortcode_id=&#8221;346921&#8243;][vc_column column_width_percent=&#8221;100&#8243; position_vertical=&#8221;middle&#8221; align_horizontal=&#8221;align_center&#8221; gutter_size=&#8221;3&#8243; overlay_alpha=&#8221;50&#8243; shift_x=&#8221;0&#8243; shift_y=&#8221;0&#8243; shift_y_down=&#8221;0&#8243; z_index=&#8221;0&#8243; medium_width=&#8221;4&#8243; mobile_width=&#8221;0&#8243; width=&#8221;1\/1&#8243; uncode_shortcode_id=&#8221;178380&#8243;][vc_custom_heading heading_semantic=&#8221;h1&#8243; text_size=&#8221;fontsize-155944&#8243; uncode_shortcode_id=&#8221;907416&#8243;]Intervenciones posteriores y estado reciente[\/vc_custom_heading][\/vc_column][\/vc_row][vc_row row_height_percent=&#8221;0&#8243; override_padding=&#8221;yes&#8221; h_padding=&#8221;2&#8243; top_padding=&#8221;3&#8243; bottom_padding=&#8221;3&#8243; overlay_alpha=&#8221;100&#8243; gutter_size=&#8221;3&#8243; column_width_percent=&#8221;100&#8243; shift_y=&#8221;0&#8243; z_index=&#8221;0&#8243; content_parallax=&#8221;0&#8243; row_height_use_pixel=&#8221;&#8221; uncode_shortcode_id=&#8221;941154&#8243;][vc_column column_width_use_pixel=&#8221;yes&#8221; gutter_size=&#8221;3&#8243; overlay_alpha=&#8221;50&#8243; shift_x=&#8221;0&#8243; shift_y=&#8221;0&#8243; shift_y_down=&#8221;0&#8243; z_index=&#8221;0&#8243; medium_width=&#8221;0&#8243; mobile_width=&#8221;0&#8243; zoom_width=&#8221;0&#8243; zoom_height=&#8221;0&#8243; uncode_shortcode_id=&#8221;406208&#8243;][vc_column_text uncode_shortcode_id=&#8221;197912&#8243;]A lo largo del tiempo, el edificio ha sido objeto de m\u00faltiples reformas. Se a\u00f1adieron nuevos pisos a la plataforma, se construy\u00f3 la Torre Docente en el costado sur y se habilitaron habitaciones para m\u00e9dicos residentes en lo que originalmente fue la terraza del noveno piso[\/vc_column_text][\/vc_column][\/vc_row][vc_row row_height_percent=&#8221;0&#8243; override_padding=&#8221;yes&#8221; h_padding=&#8221;2&#8243; top_padding=&#8221;0&#8243; bottom_padding=&#8221;5&#8243; overlay_alpha=&#8221;50&#8243; gutter_size=&#8221;4&#8243; column_width_percent=&#8221;100&#8243; shift_y=&#8221;0&#8243; z_index=&#8221;0&#8243; content_parallax=&#8221;0&#8243; el_class=&#8221;inverted-device-order&#8221; uncode_shortcode_id=&#8221;183462&#8243;][vc_column column_width_percent=&#8221;100&#8243; gutter_size=&#8221;3&#8243; overlay_alpha=&#8221;50&#8243; shift_x=&#8221;0&#8243; shift_y=&#8221;0&#8243; shift_y_down=&#8221;0&#8243; z_index=&#8221;0&#8243; medium_width=&#8221;4&#8243; mobile_width=&#8221;0&#8243; width=&#8221;3\/4&#8243; el_class=&#8221;inverted-device-order&#8221;][vc_single_image media=&#8221;133537&#8243; media_width_percent=&#8221;100&#8243; uncode_shortcode_id=&#8221;335117&#8243;][\/vc_column][vc_column column_width_percent=&#8221;100&#8243; position_horizontal=&#8221;left&#8221; gutter_size=&#8221;3&#8243; overlay_alpha=&#8221;50&#8243; shift_x=&#8221;0&#8243; shift_y=&#8221;0&#8243; shift_y_down=&#8221;0&#8243; z_index=&#8221;0&#8243; medium_width=&#8221;4&#8243; mobile_width=&#8221;0&#8243; width=&#8221;1\/4&#8243; uncode_shortcode_id=&#8221;282305&#8243;][vc_column_text uncode_shortcode_id=&#8221;139883&#8243;]En 2015 se iniciaron obras de adecuaci\u00f3n en los primeros pisos, pero estas quedaron inconclusas.<\/p>\n<p>Para conocer m\u00e1s sobre la historia del hospital y su evoluci\u00f3n, puede consultar la <a href=\"https:\/\/idpc.gov.co\/sanjuandedios\/archivo-y-publicaciones-gral\/historia-del-hospital#flipbook-df_133265\/5\/\">Gu\u00eda Cr\u00edtica San Juan de Dios (2024 \u2013 IDPC).<\/a>[\/vc_column_text][\/vc_column][\/vc_row][vc_row row_height_percent=&#8221;0&#8243; override_padding=&#8221;yes&#8221; h_padding=&#8221;2&#8243; top_padding=&#8221;3&#8243; bottom_padding=&#8221;5&#8243; overlay_alpha=&#8221;100&#8243; gutter_size=&#8221;3&#8243; column_width_percent=&#8221;100&#8243; shift_y=&#8221;0&#8243; z_index=&#8221;0&#8243; row_height_use_pixel=&#8221;&#8221;][vc_column column_width_use_pixel=&#8221;yes&#8221; align_horizontal=&#8221;align_center&#8221; gutter_size=&#8221;3&#8243; overlay_alpha=&#8221;50&#8243; shift_x=&#8221;0&#8243; shift_y=&#8221;0&#8243; shift_y_down=&#8221;0&#8243; z_index=&#8221;0&#8243; medium_width=&#8221;0&#8243; mobile_width=&#8221;0&#8243; zoom_width=&#8221;0&#8243; zoom_height=&#8221;0&#8243; column_width_pixel=&#8221;800&#8243; uncode_shortcode_id=&#8221;877054&#8243;][vc_button button_color=&#8221;color-203034&#8243; size=&#8221;btn-lg&#8221; border_width=&#8221;0&#8243; link=&#8221;url:https%3A%2F%2Fidpc.gov.co%2Fsanjuandedios%2Finicio-2|title:Edificio%20Siberia%20%2F%20Cocinas%20y%20comedores&#8221; button_color_type=&#8221;uncode-palette&#8221; uncode_shortcode_id=&#8221;348212&#8243;]VOLVER AL INICIO[\/vc_button][\/vc_column][\/vc_row]<\/p>\n<\/div>","protected":false},"excerpt":{"rendered":"<p>[vc_row row_height_percent=&#8221;50&#8243; override_padding=&#8221;yes&#8221; h_padding=&#8221;2&#8243; top_padding=&#8221;5&#8243; bottom_padding=&#8221;5&#8243; back_color=&#8221;color-wayh&#8221; back_image=&#8221;133536&#8243; back_repeat=&#8221;repeat-x&#8221; overlay_color=&#8221;color-144270&#8243; overlay_alpha=&#8221;79&#8243; gutter_size=&#8221;3&#8243; column_width_percent=&#8221;100&#8243; shift_y=&#8221;0&#8243; z_index=&#8221;0&#8243; top_divider=&#8221;gradient&#8221; content_parallax=&#8221;0&#8243; uncode_shortcode_id=&#8221;147998&#8243; back_color_type=&#8221;uncode-palette&#8221; overlay_color_type=&#8221;uncode-palette&#8221;][vc_column [&hellip;]<\/p>\n","protected":false},"author":1,"featured_media":0,"parent":0,"menu_order":0,"comment_status":"closed","ping_status":"closed","template":"","meta":{"footnotes":""},"class_list":["post-133475","page","type-page","status-publish","hentry"],"_links":{"self":[{"href":"https:\/\/idpc.gov.co\/sanjuandedios\/wp-json\/wp\/v2\/pages\/133475","targetHints":{"allow":["GET"]}}],"collection":[{"href":"https:\/\/idpc.gov.co\/sanjuandedios\/wp-json\/wp\/v2\/pages"}],"about":[{"href":"https:\/\/idpc.gov.co\/sanjuandedios\/wp-json\/wp\/v2\/types\/page"}],"author":[{"embeddable":true,"href":"https:\/\/idpc.gov.co\/sanjuandedios\/wp-json\/wp\/v2\/users\/1"}],"replies":[{"embeddable":true,"href":"https:\/\/idpc.gov.co\/sanjuandedios\/wp-json\/wp\/v2\/comments?post=133475"}],"version-history":[{"count":8,"href":"https:\/\/idpc.gov.co\/sanjuandedios\/wp-json\/wp\/v2\/pages\/133475\/revisions"}],"predecessor-version":[{"id":134008,"href":"https:\/\/idpc.gov.co\/sanjuandedios\/wp-json\/wp\/v2\/pages\/133475\/revisions\/134008"}],"wp:attachment":[{"href":"https:\/\/idpc.gov.co\/sanjuandedios\/wp-json\/wp\/v2\/media?parent=133475"}],"curies":[{"name":"wp","href":"https:\/\/api.w.org\/{rel}","templated":true}]}}