{"id":133468,"date":"2025-04-24T22:39:18","date_gmt":"2025-04-25T03:39:18","guid":{"rendered":"https:\/\/idpc.gov.co\/sanjuandedios\/?page_id=133468"},"modified":"2025-06-27T18:17:33","modified_gmt":"2025-06-27T23:17:33","slug":"salud-mental","status":"publish","type":"page","link":"https:\/\/idpc.gov.co\/sanjuandedios\/salud-mental","title":{"rendered":"Salud Mental"},"content":{"rendered":"<div class=\"wpb-content-wrapper\"><p>[vc_row row_height_percent=&#8221;50&#8243; override_padding=&#8221;yes&#8221; h_padding=&#8221;2&#8243; top_padding=&#8221;5&#8243; bottom_padding=&#8221;5&#8243; back_color=&#8221;color-wayh&#8221; back_image=&#8221;133571&#8243; back_repeat=&#8221;repeat-x&#8221; overlay_color=&#8221;color-144270&#8243; overlay_alpha=&#8221;79&#8243; gutter_size=&#8221;3&#8243; column_width_percent=&#8221;100&#8243; shift_y=&#8221;0&#8243; z_index=&#8221;0&#8243; top_divider=&#8221;gradient&#8221; content_parallax=&#8221;0&#8243; uncode_shortcode_id=&#8221;149051&#8243; back_color_type=&#8221;uncode-palette&#8221; overlay_color_type=&#8221;uncode-palette&#8221;][vc_column column_width_percent=&#8221;100&#8243; position_vertical=&#8221;middle&#8221; gutter_size=&#8221;2&#8243; style=&#8221;dark&#8221; overlay_alpha=&#8221;50&#8243; shift_x=&#8221;0&#8243; shift_y=&#8221;0&#8243; shift_y_down=&#8221;0&#8243; z_index=&#8221;0&#8243; medium_width=&#8221;0&#8243; mobile_width=&#8221;0&#8243; width=&#8221;1\/1&#8243;][vc_custom_heading text_color=&#8221;color-xsdn&#8221; heading_semantic=&#8221;h1&#8243; text_size=&#8221;h6&#8243; text_transform=&#8221;uppercase&#8221; uncode_shortcode_id=&#8221;335358&#8243; text_color_type=&#8221;uncode-palette&#8221;]Reactivaci\u00f3n[\/vc_custom_heading][vc_custom_heading heading_semantic=&#8221;h1&#8243; text_size=&#8221;&#8221; uncode_shortcode_id=&#8221;122822&#8243;]Unidad de Salud Mental[\/vc_custom_heading][vc_custom_heading text_size=&#8221;&#8221; uncode_shortcode_id=&#8221;722160&#8243;]Un edificio moderno con una historia marcada por el cuidado y la resistencia[\/vc_custom_heading][vc_empty_space][vc_row_inner row_inner_height_percent=&#8221;0&#8243; overlay_alpha=&#8221;50&#8243; gutter_size=&#8221;4&#8243; shift_y=&#8221;0&#8243; z_index=&#8221;0&#8243; limit_content=&#8221;&#8221;][vc_column_inner column_width_percent=&#8221;100&#8243; align_horizontal=&#8221;align_center&#8221; gutter_size=&#8221;3&#8243; style=&#8221;dark&#8221; overlay_alpha=&#8221;50&#8243; shift_x=&#8221;0&#8243; shift_y=&#8221;0&#8243; shift_y_down=&#8221;0&#8243; z_index=&#8221;0&#8243; medium_visibility=&#8221;yes&#8221; medium_width=&#8221;0&#8243; mobile_visibility=&#8221;yes&#8221; mobile_width=&#8221;0&#8243; width=&#8221;2\/12&#8243; uncode_shortcode_id=&#8221;167505&#8243;][\/vc_column_inner][vc_column_inner width=&#8221;8\/12&#8243;][vc_custom_heading text_color=&#8221;color-xsdn&#8221; heading_semantic=&#8221;h3&#8243; text_size=&#8221;&#8221; text_weight=&#8221;600&#8243; text_height=&#8221;fontheight-357766&#8243; uncode_shortcode_id=&#8221;141075&#8243; text_color_type=&#8221;uncode-palette&#8221;]Construido en 1968, fue una de las edificaciones del proceso de modernizaci\u00f3n hospitalaria, orientado a la atenci\u00f3n en salud mental especializada.[\/vc_custom_heading][\/vc_column_inner][vc_column_inner column_width_percent=&#8221;100&#8243; gutter_size=&#8221;3&#8243; overlay_alpha=&#8221;50&#8243; shift_x=&#8221;0&#8243; shift_y=&#8221;0&#8243; shift_y_down=&#8221;0&#8243; z_index=&#8221;0&#8243; medium_visibility=&#8221;yes&#8221; medium_width=&#8221;0&#8243; mobile_visibility=&#8221;yes&#8221; mobile_width=&#8221;0&#8243; width=&#8221;2\/12&#8243; uncode_shortcode_id=&#8221;141992&#8243;][\/vc_column_inner][\/vc_row_inner][\/vc_column][\/vc_row][vc_row row_height_percent=&#8221;0&#8243; override_padding=&#8221;yes&#8221; h_padding=&#8221;2&#8243; top_padding=&#8221;5&#8243; bottom_padding=&#8221;3&#8243; overlay_alpha=&#8221;100&#8243; gutter_size=&#8221;3&#8243; column_width_percent=&#8221;100&#8243; shift_y=&#8221;0&#8243; z_index=&#8221;0&#8243; row_height_use_pixel=&#8221;&#8221;][vc_column column_width_use_pixel=&#8221;yes&#8221; gutter_size=&#8221;3&#8243; overlay_alpha=&#8221;50&#8243; shift_x=&#8221;0&#8243; shift_y=&#8221;0&#8243; medium_width=&#8221;0&#8243; zoom_width=&#8221;0&#8243; zoom_height=&#8221;0&#8243; column_width_pixel=&#8221;800&#8243;][vc_column_text uncode_shortcode_id=&#8221;115766&#8243;]Construido en 1968 como parte del proceso de modernizaci\u00f3n del conjunto hospitalario, este bloque fue contempor\u00e1neo a otras edificaciones como la Unidad Primaria de Atenci\u00f3n (UPA), la torre docente y el almac\u00e9n, que posteriormente se convirti\u00f3 en la Unidad de Rehabilitaci\u00f3n Psiqui\u00e1trica. Su edificaci\u00f3n respondi\u00f3 al inter\u00e9s por adaptar la infraestructura del hospital a nuevas necesidades en salud mental y atenci\u00f3n especializada\u200b.[\/vc_column_text][\/vc_column][\/vc_row][vc_row row_height_percent=&#8221;0&#8243; override_padding=&#8221;yes&#8221; h_padding=&#8221;2&#8243; top_padding=&#8221;0&#8243; bottom_padding=&#8221;5&#8243; overlay_alpha=&#8221;100&#8243; gutter_size=&#8221;3&#8243; column_width_percent=&#8221;100&#8243; shift_y=&#8221;0&#8243; z_index=&#8221;0&#8243; content_parallax=&#8221;0&#8243; row_height_use_pixel=&#8221;&#8221; uncode_shortcode_id=&#8221;568383&#8243;][vc_column column_width_percent=&#8221;100&#8243; align_horizontal=&#8221;align_right&#8221; gutter_size=&#8221;3&#8243; overlay_alpha=&#8221;50&#8243; shift_x=&#8221;0&#8243; shift_y=&#8221;0&#8243; shift_y_down=&#8221;0&#8243; z_index=&#8221;0&#8243; medium_width=&#8221;0&#8243; mobile_width=&#8221;0&#8243; zoom_width=&#8221;0&#8243; zoom_height=&#8221;0&#8243; width=&#8221;1\/6&#8243; uncode_shortcode_id=&#8221;114069&#8243;][vc_icon icon=&#8221;fa fa-image&#8221; icon_color=&#8221;accent&#8221; text_size=&#8221;&#8221; text_lead=&#8221;small&#8221; uncode_shortcode_id=&#8221;188976&#8243; icon_color_type=&#8221;uncode-palette&#8221;]Fotos 360\u00b0 de la Unidad de Salud Mental, 2025.[\/vc_icon][\/vc_column][vc_column column_width_use_pixel=&#8221;yes&#8221; gutter_size=&#8221;3&#8243; overlay_alpha=&#8221;50&#8243; shift_x=&#8221;0&#8243; shift_y=&#8221;0&#8243; medium_width=&#8221;0&#8243; zoom_width=&#8221;0&#8243; zoom_height=&#8221;0&#8243; width=&#8221;5\/6&#8243;][vc_raw_html]JTNDaWZyYW1lJTIwd2lkdGglM0QlMjI5MCUyNSUyMiUyMGhlaWdodCUzRCUyMjUwMHB4JTIyJTIwYWxsb3dmdWxsc2NyZWVuJTNEJTIydHJ1ZSUyMiUyMGFsbG93JTNEJTIyYWNjZWxlcm9tZXRlciUzQiUyMG1hZ25ldG9tZXRlciUzQiUyMGd5cm9zY29wZSUyMiUyMHN0eWxlJTNEJTIyZGlzcGxheSUzQWJsb2NrJTNCJTIwbWFyZ2luJTNBMjBweCUyMGF1dG8lM0IlMjBib3JkZXIlM0EwJTIwbm9uZSUzQiUyMG1heC13aWR0aCUzQTg4MHB4JTNCYm9yZGVyLXJhZGl1cyUzQThweCUzQiUyMGJveC1zaGFkb3clM0ElMjAwJTIwMXB4JTIwMXB4JTIwcmdiYSUyODAlMkMwJTJDMCUyQzAuMTElMjklMkMwJTIwMnB4JTIwMnB4JTIwcmdiYSUyODAlMkMwJTJDMCUyQzAuMTElMjklMkMwJTIwNHB4JTIwNHB4JTIwcmdiYSUyODAlMkMwJTJDMCUyQzAuMTElMjklMkMwJTIwNnB4JTIwOHB4JTIwcmdiYSUyODAlMkMwJTJDMCUyQzAuMTElMjklMkMwJTIwOHB4JTIwMTZweCUyMHJnYmElMjgwJTJDMCUyQzAlMkMwLjExJTI5JTNCJTIyJTIwc3JjJTNEJTIyaHR0cHMlM0ElMkYlMkZtb21lbnRvMzYwLmNvbSUyRmUlMkZ1YyUyRjNhZDJjZGMxYTg3ZDRmOWQ4MzE3M2QwMDFjMGI4MzBlJTNGdXRtX2NhbXBhaWduJTNEZW1iZWQlMjZ1dG1fc291cmNlJTNEb3RoZXIlMjZzaXplJTNEbWVkaXVtJTI2ZGlzcGxheS1wbGFuJTNEdHJ1ZSUyMiUzRSUzQyUyRmlmcmFtZSUzRQ==[\/vc_raw_html][\/vc_column][\/vc_row][vc_row row_height_percent=&#8221;0&#8243; override_padding=&#8221;yes&#8221; h_padding=&#8221;2&#8243; top_padding=&#8221;5&#8243; bottom_padding=&#8221;3&#8243; overlay_color=&#8221;color-gyho&#8221; overlay_alpha=&#8221;50&#8243; gutter_size=&#8221;4&#8243; column_width_percent=&#8221;100&#8243; shift_y=&#8221;0&#8243; z_index=&#8221;0&#8243; content_parallax=&#8221;0&#8243; el_class=&#8221;inverted-device-order&#8221; uncode_shortcode_id=&#8221;811308&#8243; overlay_color_type=&#8221;uncode-palette&#8221;][vc_column column_width_percent=&#8221;100&#8243; position_vertical=&#8221;middle&#8221; align_horizontal=&#8221;align_center&#8221; gutter_size=&#8221;3&#8243; overlay_alpha=&#8221;50&#8243; shift_x=&#8221;0&#8243; shift_y=&#8221;0&#8243; shift_y_down=&#8221;0&#8243; z_index=&#8221;0&#8243; medium_width=&#8221;4&#8243; mobile_width=&#8221;0&#8243; width=&#8221;1\/1&#8243; uncode_shortcode_id=&#8221;395857&#8243;][vc_custom_heading heading_semantic=&#8221;h1&#8243; text_size=&#8221;fontsize-155944&#8243; uncode_shortcode_id=&#8221;491184&#8243;]Uso institucional y apropiaciones tras el cierre[\/vc_custom_heading][\/vc_column][\/vc_row][vc_row row_height_percent=&#8221;0&#8243; override_padding=&#8221;yes&#8221; h_padding=&#8221;2&#8243; top_padding=&#8221;0&#8243; bottom_padding=&#8221;5&#8243; overlay_color=&#8221;color-gyho&#8221; overlay_alpha=&#8221;50&#8243; gutter_size=&#8221;4&#8243; column_width_percent=&#8221;100&#8243; shift_y=&#8221;0&#8243; z_index=&#8221;0&#8243; el_class=&#8221;inverted-device-order&#8221; uncode_shortcode_id=&#8221;146422&#8243; overlay_color_type=&#8221;uncode-palette&#8221;][vc_column column_width_percent=&#8221;100&#8243; position_horizontal=&#8221;left&#8221; position_vertical=&#8221;middle&#8221; gutter_size=&#8221;3&#8243; overlay_alpha=&#8221;50&#8243; shift_x=&#8221;0&#8243; shift_y=&#8221;0&#8243; shift_y_down=&#8221;0&#8243; z_index=&#8221;0&#8243; medium_width=&#8221;4&#8243; mobile_width=&#8221;0&#8243; width=&#8221;1\/4&#8243;][vc_column_text uncode_shortcode_id=&#8221;891866&#8243;]Este fue uno de los \u00faltimos edificios en cerrar sus puertas en 2001. Despu\u00e9s de su clausura, varias familias de trabajadores del hospital lo habitaron como vivienda temporal. Entre ellas estuvo la de Eduardo Pereira, quien residi\u00f3 en una de sus alas junto a su esposa, su suegra, sus tres hijas, una gata y una perra\u200b.[\/vc_column_text][\/vc_column][vc_column column_width_percent=&#8221;100&#8243; gutter_size=&#8221;3&#8243; overlay_alpha=&#8221;50&#8243; shift_x=&#8221;0&#8243; shift_y=&#8221;0&#8243; shift_y_down=&#8221;0&#8243; z_index=&#8221;0&#8243; medium_width=&#8221;4&#8243; mobile_width=&#8221;0&#8243; width=&#8221;3\/4&#8243; el_class=&#8221;inverted-device-order&#8221;][vc_single_image media=&#8221;133569&#8243; media_width_percent=&#8221;100&#8243; uncode_shortcode_id=&#8221;188438&#8243;][\/vc_column][\/vc_row][vc_row row_height_percent=&#8221;0&#8243; override_padding=&#8221;yes&#8221; h_padding=&#8221;2&#8243; top_padding=&#8221;5&#8243; bottom_padding=&#8221;3&#8243; overlay_alpha=&#8221;50&#8243; gutter_size=&#8221;4&#8243; column_width_percent=&#8221;100&#8243; shift_y=&#8221;0&#8243; z_index=&#8221;0&#8243; content_parallax=&#8221;0&#8243; el_class=&#8221;inverted-device-order&#8221; uncode_shortcode_id=&#8221;346921&#8243;][vc_column column_width_percent=&#8221;100&#8243; position_vertical=&#8221;middle&#8221; align_horizontal=&#8221;align_center&#8221; gutter_size=&#8221;3&#8243; overlay_alpha=&#8221;50&#8243; shift_x=&#8221;0&#8243; shift_y=&#8221;0&#8243; shift_y_down=&#8221;0&#8243; z_index=&#8221;0&#8243; medium_width=&#8221;4&#8243; mobile_width=&#8221;0&#8243; width=&#8221;1\/1&#8243; uncode_shortcode_id=&#8221;178380&#8243;][vc_custom_heading heading_semantic=&#8221;h1&#8243; text_size=&#8221;fontsize-155944&#8243; uncode_shortcode_id=&#8221;711229&#8243;]La huerta de Salud Mental:<br \/>\nun espacio de cuidado comunitario[\/vc_custom_heading][\/vc_column][\/vc_row][vc_row row_height_percent=&#8221;0&#8243; override_padding=&#8221;yes&#8221; h_padding=&#8221;2&#8243; top_padding=&#8221;3&#8243; bottom_padding=&#8221;3&#8243; overlay_alpha=&#8221;100&#8243; gutter_size=&#8221;3&#8243; column_width_percent=&#8221;100&#8243; shift_y=&#8221;0&#8243; z_index=&#8221;0&#8243; content_parallax=&#8221;0&#8243; row_height_use_pixel=&#8221;&#8221; uncode_shortcode_id=&#8221;941154&#8243;][vc_column column_width_use_pixel=&#8221;yes&#8221; gutter_size=&#8221;3&#8243; overlay_alpha=&#8221;50&#8243; shift_x=&#8221;0&#8243; shift_y=&#8221;0&#8243; medium_width=&#8221;0&#8243; zoom_width=&#8221;0&#8243; zoom_height=&#8221;0&#8243; column_width_pixel=&#8221;800&#8243;][vc_column_text uncode_shortcode_id=&#8221;136090&#8243;]Como parte de las actividades terap\u00e9uticas para los pacientes, en el costado sur del edificio se implement\u00f3 una huerta. Tras el cierre del hospital, Edelmira Arias \u2014trabajadora y posteriormente habitante del edificio\u2014 se encarg\u00f3 de mantenerla viva. Durante un tiempo, all\u00ed se vendieron huevos y miel, y la huerta se convirti\u00f3 en un lugar de encuentro e informaci\u00f3n sobre la situaci\u00f3n de los trabajadores que permanec\u00edan en el conjunto\u200b.[\/vc_column_text][\/vc_column][\/vc_row][vc_row row_height_percent=&#8221;0&#8243; override_padding=&#8221;yes&#8221; h_padding=&#8221;2&#8243; top_padding=&#8221;0&#8243; bottom_padding=&#8221;0&#8243; overlay_alpha=&#8221;100&#8243; gutter_size=&#8221;3&#8243; column_width_percent=&#8221;100&#8243; shift_y=&#8221;0&#8243; z_index=&#8221;0&#8243; row_height_use_pixel=&#8221;&#8221;][vc_column column_width_percent=&#8221;100&#8243; align_horizontal=&#8221;align_right&#8221; gutter_size=&#8221;3&#8243; overlay_alpha=&#8221;50&#8243; shift_x=&#8221;0&#8243; shift_y=&#8221;0&#8243; shift_y_down=&#8221;0&#8243; z_index=&#8221;0&#8243; medium_width=&#8221;0&#8243; mobile_width=&#8221;0&#8243; zoom_width=&#8221;0&#8243; zoom_height=&#8221;0&#8243; width=&#8221;1\/6&#8243; uncode_shortcode_id=&#8221;114069&#8243;][vc_icon icon=&#8221;fa fa-image&#8221; icon_color=&#8221;accent&#8221; text_size=&#8221;&#8221; text_lead=&#8221;small&#8221; uncode_shortcode_id=&#8221;138996&#8243; icon_color_type=&#8221;uncode-palette&#8221;]Unidad de Salud Mental. 2025.[\/vc_icon][\/vc_column][vc_column column_width_use_pixel=&#8221;yes&#8221; gutter_size=&#8221;3&#8243; overlay_alpha=&#8221;50&#8243; shift_x=&#8221;0&#8243; shift_y=&#8221;0&#8243; medium_width=&#8221;0&#8243; zoom_width=&#8221;0&#8243; zoom_height=&#8221;0&#8243; width=&#8221;5\/6&#8243;][vc_single_image media=&#8221;133570&#8243; media_width_percent=&#8221;100&#8243; media_ratio=&#8221;three-two&#8221; media_title_uppercase=&#8221;&#8221; uncode_shortcode_id=&#8221;129695&#8243;][\/vc_column][\/vc_row][vc_row row_height_percent=&#8221;0&#8243; override_padding=&#8221;yes&#8221; h_padding=&#8221;2&#8243; top_padding=&#8221;3&#8243; bottom_padding=&#8221;3&#8243; overlay_alpha=&#8221;100&#8243; gutter_size=&#8221;3&#8243; column_width_percent=&#8221;100&#8243; shift_y=&#8221;0&#8243; z_index=&#8221;0&#8243; content_parallax=&#8221;0&#8243; row_height_use_pixel=&#8221;&#8221; uncode_shortcode_id=&#8221;797286&#8243;][vc_column column_width_use_pixel=&#8221;yes&#8221; gutter_size=&#8221;3&#8243; overlay_alpha=&#8221;50&#8243; shift_x=&#8221;0&#8243; shift_y=&#8221;0&#8243; medium_width=&#8221;0&#8243; zoom_width=&#8221;0&#8243; zoom_height=&#8221;0&#8243; column_width_pixel=&#8221;800&#8243;][vc_column_text uncode_shortcode_id=&#8221;207465&#8243;]Con el paso del tiempo y la falta de mantenimiento, la huerta fue absorbida por la vegetaci\u00f3n. Sin embargo, algunas flores a\u00fan florecen, como un s\u00edmbolo persistente de la memoria, el cuidado y la resistencia colectiva que ha caracterizado a quienes hicieron parte del hospital San Juan de Dios.<\/p>\n<p>Para conocer m\u00e1s sobre la historia del hospital y su evoluci\u00f3n, puede consultar la <span style=\"color: #27a388;\"><a style=\"color: #27a388;\" href=\"https:\/\/idpc.gov.co\/sanjuandedios\/archivo-y-publicaciones-gral\/historia-del-hospital#flipbook-df_133265\/5\/\">Gu\u00eda Cr\u00edtica San Juan de Dios (2024 \u2013 IDPC).<\/a><\/span>[\/vc_column_text][\/vc_column][\/vc_row][vc_row row_height_percent=&#8221;0&#8243; override_padding=&#8221;yes&#8221; h_padding=&#8221;2&#8243; top_padding=&#8221;3&#8243; bottom_padding=&#8221;5&#8243; overlay_alpha=&#8221;100&#8243; gutter_size=&#8221;3&#8243; column_width_percent=&#8221;100&#8243; shift_y=&#8221;0&#8243; z_index=&#8221;0&#8243; row_height_use_pixel=&#8221;&#8221;][vc_column column_width_use_pixel=&#8221;yes&#8221; align_horizontal=&#8221;align_center&#8221; gutter_size=&#8221;3&#8243; overlay_alpha=&#8221;50&#8243; shift_x=&#8221;0&#8243; shift_y=&#8221;0&#8243; shift_y_down=&#8221;0&#8243; z_index=&#8221;0&#8243; medium_width=&#8221;0&#8243; mobile_width=&#8221;0&#8243; zoom_width=&#8221;0&#8243; zoom_height=&#8221;0&#8243; column_width_pixel=&#8221;800&#8243; uncode_shortcode_id=&#8221;877054&#8243;][vc_button button_color=&#8221;color-203034&#8243; size=&#8221;btn-lg&#8221; border_width=&#8221;0&#8243; link=&#8221;url:https%3A%2F%2Fidpc.gov.co%2Fsanjuandedios%2Finicio-2|title:Edificio%20Siberia%20%2F%20Cocinas%20y%20comedores&#8221; button_color_type=&#8221;uncode-palette&#8221; uncode_shortcode_id=&#8221;348212&#8243;]VOLVER AL INICIO[\/vc_button][\/vc_column][\/vc_row]<\/p>\n<\/div>","protected":false},"excerpt":{"rendered":"<p>[vc_row row_height_percent=&#8221;50&#8243; override_padding=&#8221;yes&#8221; h_padding=&#8221;2&#8243; top_padding=&#8221;5&#8243; bottom_padding=&#8221;5&#8243; back_color=&#8221;color-wayh&#8221; back_image=&#8221;133571&#8243; back_repeat=&#8221;repeat-x&#8221; overlay_color=&#8221;color-144270&#8243; overlay_alpha=&#8221;79&#8243; gutter_size=&#8221;3&#8243; column_width_percent=&#8221;100&#8243; shift_y=&#8221;0&#8243; z_index=&#8221;0&#8243; top_divider=&#8221;gradient&#8221; content_parallax=&#8221;0&#8243; uncode_shortcode_id=&#8221;149051&#8243; back_color_type=&#8221;uncode-palette&#8221; overlay_color_type=&#8221;uncode-palette&#8221;][vc_column [&hellip;]<\/p>\n","protected":false},"author":1,"featured_media":0,"parent":0,"menu_order":0,"comment_status":"closed","ping_status":"closed","template":"","meta":{"footnotes":""},"class_list":["post-133468","page","type-page","status-publish","hentry"],"_links":{"self":[{"href":"https:\/\/idpc.gov.co\/sanjuandedios\/wp-json\/wp\/v2\/pages\/133468","targetHints":{"allow":["GET"]}}],"collection":[{"href":"https:\/\/idpc.gov.co\/sanjuandedios\/wp-json\/wp\/v2\/pages"}],"about":[{"href":"https:\/\/idpc.gov.co\/sanjuandedios\/wp-json\/wp\/v2\/types\/page"}],"author":[{"embeddable":true,"href":"https:\/\/idpc.gov.co\/sanjuandedios\/wp-json\/wp\/v2\/users\/1"}],"replies":[{"embeddable":true,"href":"https:\/\/idpc.gov.co\/sanjuandedios\/wp-json\/wp\/v2\/comments?post=133468"}],"version-history":[{"count":5,"href":"https:\/\/idpc.gov.co\/sanjuandedios\/wp-json\/wp\/v2\/pages\/133468\/revisions"}],"predecessor-version":[{"id":134009,"href":"https:\/\/idpc.gov.co\/sanjuandedios\/wp-json\/wp\/v2\/pages\/133468\/revisions\/134009"}],"wp:attachment":[{"href":"https:\/\/idpc.gov.co\/sanjuandedios\/wp-json\/wp\/v2\/media?parent=133468"}],"curies":[{"name":"wp","href":"https:\/\/api.w.org\/{rel}","templated":true}]}}