{"id":133406,"date":"2025-04-15T16:25:57","date_gmt":"2025-04-15T21:25:57","guid":{"rendered":"https:\/\/idpc.gov.co\/sanjuandedios\/?page_id=133406"},"modified":"2025-04-25T20:48:15","modified_gmt":"2025-04-26T01:48:15","slug":"edificio-cundifarma","status":"publish","type":"page","link":"https:\/\/idpc.gov.co\/sanjuandedios\/edificio-cundifarma","title":{"rendered":"Cundifarma"},"content":{"rendered":"<div class=\"wpb-content-wrapper\"><p>[vc_row row_height_percent=&#8221;50&#8243; override_padding=&#8221;yes&#8221; h_padding=&#8221;2&#8243; top_padding=&#8221;5&#8243; bottom_padding=&#8221;5&#8243; back_color=&#8221;color-wayh&#8221; back_image=&#8221;133444&#8243; overlay_color=&#8221;color-144270&#8243; overlay_alpha=&#8221;79&#8243; gutter_size=&#8221;3&#8243; column_width_percent=&#8221;100&#8243; shift_y=&#8221;0&#8243; z_index=&#8221;0&#8243; top_divider=&#8221;gradient&#8221; content_parallax=&#8221;0&#8243; uncode_shortcode_id=&#8221;858772&#8243; back_color_type=&#8221;uncode-palette&#8221; overlay_color_type=&#8221;uncode-palette&#8221;][vc_column column_width_percent=&#8221;100&#8243; position_vertical=&#8221;middle&#8221; gutter_size=&#8221;2&#8243; style=&#8221;dark&#8221; overlay_alpha=&#8221;50&#8243; shift_x=&#8221;0&#8243; shift_y=&#8221;0&#8243; shift_y_down=&#8221;0&#8243; z_index=&#8221;0&#8243; medium_width=&#8221;0&#8243; mobile_width=&#8221;0&#8243; width=&#8221;1\/1&#8243;][vc_custom_heading text_color=&#8221;color-xsdn&#8221; heading_semantic=&#8221;h1&#8243; text_size=&#8221;h6&#8243; text_transform=&#8221;uppercase&#8221; uncode_shortcode_id=&#8221;335358&#8243; text_color_type=&#8221;uncode-palette&#8221;]Reactivaci\u00f3n[\/vc_custom_heading][vc_custom_heading heading_semantic=&#8221;h1&#8243; text_size=&#8221;&#8221; uncode_shortcode_id=&#8221;120502&#8243;]Cundifarma[\/vc_custom_heading][vc_custom_heading text_size=&#8221;&#8221; uncode_shortcode_id=&#8221;214043&#8243;]Un laboratorio que salv\u00f3 vidas y dej\u00f3 huella en la historia del hospital[\/vc_custom_heading][vc_empty_space][vc_row_inner row_inner_height_percent=&#8221;0&#8243; overlay_alpha=&#8221;50&#8243; gutter_size=&#8221;4&#8243; shift_y=&#8221;0&#8243; z_index=&#8221;0&#8243; limit_content=&#8221;&#8221;][vc_column_inner column_width_percent=&#8221;100&#8243; align_horizontal=&#8221;align_center&#8221; gutter_size=&#8221;3&#8243; style=&#8221;dark&#8221; overlay_alpha=&#8221;50&#8243; shift_x=&#8221;0&#8243; shift_y=&#8221;0&#8243; shift_y_down=&#8221;0&#8243; z_index=&#8221;0&#8243; medium_visibility=&#8221;yes&#8221; medium_width=&#8221;0&#8243; mobile_visibility=&#8221;yes&#8221; mobile_width=&#8221;0&#8243; width=&#8221;2\/12&#8243; uncode_shortcode_id=&#8221;167505&#8243;][\/vc_column_inner][vc_column_inner width=&#8221;8\/12&#8243;][vc_custom_heading text_color=&#8221;color-xsdn&#8221; heading_semantic=&#8221;h3&#8243; text_size=&#8221;&#8221; text_weight=&#8221;600&#8243; text_height=&#8221;fontheight-357766&#8243; uncode_shortcode_id=&#8221;166938&#8243; text_color_type=&#8221;uncode-palette&#8221;]El Instituto Farmacol\u00f3gico de la Beneficencia, creado en los a\u00f1os 30, dio origen a Cundifarma.[\/vc_custom_heading][\/vc_column_inner][vc_column_inner column_width_percent=&#8221;100&#8243; gutter_size=&#8221;3&#8243; overlay_alpha=&#8221;50&#8243; shift_x=&#8221;0&#8243; shift_y=&#8221;0&#8243; shift_y_down=&#8221;0&#8243; z_index=&#8221;0&#8243; medium_visibility=&#8221;yes&#8221; medium_width=&#8221;0&#8243; mobile_visibility=&#8221;yes&#8221; mobile_width=&#8221;0&#8243; width=&#8221;2\/12&#8243; uncode_shortcode_id=&#8221;141992&#8243;][\/vc_column_inner][\/vc_row_inner][\/vc_column][\/vc_row][vc_row row_height_percent=&#8221;0&#8243; override_padding=&#8221;yes&#8221; h_padding=&#8221;2&#8243; top_padding=&#8221;5&#8243; bottom_padding=&#8221;3&#8243; overlay_alpha=&#8221;100&#8243; gutter_size=&#8221;3&#8243; column_width_percent=&#8221;100&#8243; shift_y=&#8221;0&#8243; z_index=&#8221;0&#8243; row_height_use_pixel=&#8221;&#8221;][vc_column column_width_use_pixel=&#8221;yes&#8221; gutter_size=&#8221;3&#8243; overlay_alpha=&#8221;50&#8243; shift_x=&#8221;0&#8243; shift_y=&#8221;0&#8243; medium_width=&#8221;0&#8243; zoom_width=&#8221;0&#8243; zoom_height=&#8221;0&#8243; column_width_pixel=&#8221;800&#8243;][vc_column_text uncode_shortcode_id=&#8221;346561&#8243;]En la d\u00e9cada de 1930, el Hospital San Juan de Dios recibi\u00f3 un nuevo impulso con la creaci\u00f3n del Instituto Farmacol\u00f3gico de la Beneficencia (Ifarbe), conocido en a\u00f1os m\u00e1s recientes como Cundifarma.<\/p>\n<p>Su impacto fue clave: gracias a su trabajo en investigaci\u00f3n, se desarrollaron sueros antiof\u00eddicos que se distribuyeron en todo el pa\u00eds, salvando vidas y consolidando un servicio esencial para Colombia.[\/vc_column_text][\/vc_column][\/vc_row][vc_row row_height_percent=&#8221;0&#8243; override_padding=&#8221;yes&#8221; h_padding=&#8221;2&#8243; top_padding=&#8221;0&#8243; bottom_padding=&#8221;0&#8243; overlay_alpha=&#8221;100&#8243; gutter_size=&#8221;3&#8243; column_width_percent=&#8221;100&#8243; shift_y=&#8221;0&#8243; z_index=&#8221;0&#8243; row_height_use_pixel=&#8221;&#8221;][vc_column column_width_percent=&#8221;100&#8243; align_horizontal=&#8221;align_right&#8221; gutter_size=&#8221;3&#8243; overlay_alpha=&#8221;50&#8243; shift_x=&#8221;0&#8243; shift_y=&#8221;0&#8243; shift_y_down=&#8221;0&#8243; z_index=&#8221;0&#8243; medium_width=&#8221;0&#8243; mobile_width=&#8221;0&#8243; zoom_width=&#8221;0&#8243; zoom_height=&#8221;0&#8243; width=&#8221;1\/6&#8243; uncode_shortcode_id=&#8221;114069&#8243;][vc_icon icon=&#8221;fa fa-image&#8221; icon_color=&#8221;accent&#8221; text_size=&#8221;&#8221; text_lead=&#8221;small&#8221; uncode_shortcode_id=&#8221;799286&#8243; icon_color_type=&#8221;uncode-palette&#8221;]1965-Barrios de Bogota\u0301, distintos aspectos-MdB-Sau\u0301l Orduz-6369[\/vc_icon][\/vc_column][vc_column column_width_use_pixel=&#8221;yes&#8221; gutter_size=&#8221;3&#8243; overlay_alpha=&#8221;50&#8243; shift_x=&#8221;0&#8243; shift_y=&#8221;0&#8243; medium_width=&#8221;0&#8243; zoom_width=&#8221;0&#8243; zoom_height=&#8221;0&#8243; width=&#8221;5\/6&#8243;][vc_single_image media=&#8221;133441&#8243; media_width_percent=&#8221;100&#8243; media_ratio=&#8221;three-two&#8221; media_title_uppercase=&#8221;&#8221; uncode_shortcode_id=&#8221;693031&#8243;][\/vc_column][\/vc_row][vc_row row_height_percent=&#8221;0&#8243; override_padding=&#8221;yes&#8221; h_padding=&#8221;2&#8243; top_padding=&#8221;3&#8243; bottom_padding=&#8221;5&#8243; overlay_alpha=&#8221;100&#8243; gutter_size=&#8221;3&#8243; column_width_percent=&#8221;100&#8243; shift_y=&#8221;0&#8243; z_index=&#8221;0&#8243; row_height_use_pixel=&#8221;&#8221;][vc_column column_width_use_pixel=&#8221;yes&#8221; gutter_size=&#8221;3&#8243; overlay_alpha=&#8221;50&#8243; shift_x=&#8221;0&#8243; shift_y=&#8221;0&#8243; medium_width=&#8221;0&#8243; zoom_width=&#8221;0&#8243; zoom_height=&#8221;0&#8243; column_width_pixel=&#8221;800&#8243;][vc_column_text uncode_shortcode_id=&#8221;188051&#8243;]Ifarbe naci\u00f3 como respuesta a la necesidad de contar con medicamentos accesibles y de calidad. Su labor no solo permiti\u00f3 actualizar conocimientos en el \u00e1rea farmac\u00e9utica, sino que tambi\u00e9n fortaleci\u00f3 la capacidad de producci\u00f3n de medicamentos, asegurando un suministro continuo para los pacientes y para el sistema de salud en general.[\/vc_column_text][\/vc_column][\/vc_row][vc_row row_height_percent=&#8221;0&#8243; override_padding=&#8221;yes&#8221; h_padding=&#8221;2&#8243; top_padding=&#8221;5&#8243; bottom_padding=&#8221;3&#8243; overlay_color=&#8221;color-gyho&#8221; overlay_alpha=&#8221;50&#8243; gutter_size=&#8221;4&#8243; column_width_percent=&#8221;100&#8243; shift_y=&#8221;0&#8243; z_index=&#8221;0&#8243; content_parallax=&#8221;0&#8243; el_class=&#8221;inverted-device-order&#8221; uncode_shortcode_id=&#8221;811308&#8243; overlay_color_type=&#8221;uncode-palette&#8221;][vc_column column_width_percent=&#8221;100&#8243; position_vertical=&#8221;middle&#8221; align_horizontal=&#8221;align_center&#8221; gutter_size=&#8221;3&#8243; overlay_alpha=&#8221;50&#8243; shift_x=&#8221;0&#8243; shift_y=&#8221;0&#8243; shift_y_down=&#8221;0&#8243; z_index=&#8221;0&#8243; medium_width=&#8221;4&#8243; mobile_width=&#8221;0&#8243; width=&#8221;1\/1&#8243; uncode_shortcode_id=&#8221;395857&#8243;][vc_custom_heading heading_semantic=&#8221;h1&#8243; text_size=&#8221;fontsize-155944&#8243; uncode_shortcode_id=&#8221;175491&#8243;]El servicio de farmacia, un pilar en la atenci\u00f3n hospitalaria[\/vc_custom_heading][\/vc_column][\/vc_row][vc_row row_height_percent=&#8221;0&#8243; override_padding=&#8221;yes&#8221; h_padding=&#8221;2&#8243; top_padding=&#8221;0&#8243; bottom_padding=&#8221;5&#8243; overlay_color=&#8221;color-gyho&#8221; overlay_alpha=&#8221;50&#8243; gutter_size=&#8221;4&#8243; column_width_percent=&#8221;100&#8243; shift_y=&#8221;0&#8243; z_index=&#8221;0&#8243; content_parallax=&#8221;0&#8243; el_class=&#8221;inverted-device-order&#8221; uncode_shortcode_id=&#8221;180557&#8243; overlay_color_type=&#8221;uncode-palette&#8221;][vc_column column_width_percent=&#8221;100&#8243; position_vertical=&#8221;middle&#8221; gutter_size=&#8221;3&#8243; overlay_alpha=&#8221;50&#8243; shift_x=&#8221;0&#8243; shift_y=&#8221;0&#8243; shift_y_down=&#8221;0&#8243; z_index=&#8221;0&#8243; medium_width=&#8221;0&#8243; mobile_width=&#8221;0&#8243; width=&#8221;1\/3&#8243; uncode_shortcode_id=&#8221;453012&#8243;][vc_single_image media=&#8221;133445&#8243; media_width_percent=&#8221;100&#8243; media_ratio=&#8221;one-one&#8221; uncode_shortcode_id=&#8221;134498&#8243;][\/vc_column][vc_column column_width_percent=&#8221;100&#8243; position_horizontal=&#8221;left&#8221; position_vertical=&#8221;middle&#8221; gutter_size=&#8221;3&#8243; overlay_alpha=&#8221;50&#8243; shift_x=&#8221;0&#8243; shift_y=&#8221;0&#8243; shift_y_down=&#8221;0&#8243; z_index=&#8221;0&#8243; medium_width=&#8221;4&#8243; mobile_width=&#8221;0&#8243; width=&#8221;2\/3&#8243;][vc_column_text uncode_shortcode_id=&#8221;130708&#8243;]En un hospital tan grande como el San Juan de Dios, el servicio de farmacia fue fundamental. Exist\u00edan dos unidades principales:[\/vc_column_text][vc_icon position=&#8221;left&#8221; icon=&#8221;fa fa-stethoscope&#8221; icon_image=&#8221;133421&#8243; icon_color=&#8221;accent&#8221; text_size=&#8221;&#8221; text_lead=&#8221;small&#8221; uncode_shortcode_id=&#8221;681219&#8243; icon_color_type=&#8221;uncode-palette&#8221;]<strong>Farmacia Interna:<\/strong> Responsable de preparar y despachar medicamentos para los pacientes hospitalizados. Su volumen de trabajo era enorme: en un solo a\u00f1o llegaron a producirse cerca de 96.000 f\u00f3rmulas, es decir, m\u00e1s de 300 diarias.[\/vc_icon][vc_icon position=&#8221;left&#8221; icon=&#8221;fa fa-stethoscope&#8221; icon_image=&#8221;133422&#8243; icon_color=&#8221;accent&#8221; text_size=&#8221;&#8221; text_lead=&#8221;small&#8221; uncode_shortcode_id=&#8221;199620&#8243; icon_color_type=&#8221;uncode-palette&#8221;]<strong>Farmacia Externa:<\/strong> Encargada de atender a los pacientes del Consultorio Externo. Aunque su actividad disminuy\u00f3 en ciertos periodos, en su momento m\u00e1s activo lleg\u00f3 a despachar hasta 245 f\u00f3rmulas al d\u00eda.[\/vc_icon][vc_column_text uncode_shortcode_id=&#8221;107059&#8243;]Ambas farmacias eran gestionadas por las Hermanas de la Caridad, quienes, junto con personal de apoyo, aseguraban la disponibilidad de tratamientos para los pacientes.[\/vc_column_text][\/vc_column][\/vc_row][vc_row row_height_percent=&#8221;0&#8243; override_padding=&#8221;yes&#8221; h_padding=&#8221;2&#8243; top_padding=&#8221;5&#8243; bottom_padding=&#8221;3&#8243; overlay_alpha=&#8221;50&#8243; gutter_size=&#8221;4&#8243; column_width_percent=&#8221;100&#8243; shift_y=&#8221;0&#8243; z_index=&#8221;0&#8243; content_parallax=&#8221;0&#8243; el_class=&#8221;inverted-device-order&#8221; uncode_shortcode_id=&#8221;346921&#8243;][vc_column column_width_percent=&#8221;100&#8243; position_vertical=&#8221;middle&#8221; align_horizontal=&#8221;align_center&#8221; gutter_size=&#8221;3&#8243; overlay_alpha=&#8221;50&#8243; shift_x=&#8221;0&#8243; shift_y=&#8221;0&#8243; shift_y_down=&#8221;0&#8243; z_index=&#8221;0&#8243; medium_width=&#8221;4&#8243; mobile_width=&#8221;0&#8243; width=&#8221;1\/1&#8243; uncode_shortcode_id=&#8221;178380&#8243;][vc_custom_heading heading_semantic=&#8221;h1&#8243; text_size=&#8221;fontsize-155944&#8243; uncode_shortcode_id=&#8221;166515&#8243;]Profesionalizar la farmacia:<br \/>\nun cambio necesario[\/vc_custom_heading][\/vc_column][\/vc_row][vc_row row_height_percent=&#8221;0&#8243; override_padding=&#8221;yes&#8221; h_padding=&#8221;2&#8243; top_padding=&#8221;3&#8243; bottom_padding=&#8221;3&#8243; overlay_alpha=&#8221;100&#8243; gutter_size=&#8221;3&#8243; column_width_percent=&#8221;100&#8243; shift_y=&#8221;0&#8243; z_index=&#8221;0&#8243; content_parallax=&#8221;0&#8243; row_height_use_pixel=&#8221;&#8221; uncode_shortcode_id=&#8221;941154&#8243;][vc_column column_width_use_pixel=&#8221;yes&#8221; gutter_size=&#8221;3&#8243; overlay_alpha=&#8221;50&#8243; shift_x=&#8221;0&#8243; shift_y=&#8221;0&#8243; medium_width=&#8221;0&#8243; zoom_width=&#8221;0&#8243; zoom_height=&#8221;0&#8243; column_width_pixel=&#8221;800&#8243;][vc_column_text uncode_shortcode_id=&#8221;225865&#8243;]A pesar de su importancia, la farmacia del hospital funcion\u00f3 durante a\u00f1os sin un farmac\u00e9utico titulado al frente. Esto llamaba la atenci\u00f3n, sobre todo considerando que el San Juan de Dios era un centro de referencia para la Facultad de Medicina.<\/p>\n<p>Para resolver esta situaci\u00f3n, se decidi\u00f3 integrar la Escuela Nacional de Farmacia dentro del hospital. Esto permiti\u00f3 mejorar la formaci\u00f3n del personal y trasladar la farmacia al pabell\u00f3n central, un espacio equidistante de todos los servicios cl\u00ednicos. Con este cambio se optimiz\u00f3 la atenci\u00f3n a los pacientes y se garantiz\u00f3 que el jefe de farmacia, los internos y el personal de apoyo trabajaran en un entorno mejor adaptado a las necesidades del hospital.[\/vc_column_text][\/vc_column][\/vc_row][vc_row row_height_percent=&#8221;0&#8243; override_padding=&#8221;yes&#8221; h_padding=&#8221;2&#8243; top_padding=&#8221;0&#8243; bottom_padding=&#8221;0&#8243; overlay_alpha=&#8221;100&#8243; gutter_size=&#8221;3&#8243; column_width_percent=&#8221;100&#8243; shift_y=&#8221;0&#8243; z_index=&#8221;0&#8243; row_height_use_pixel=&#8221;&#8221;][vc_column column_width_use_pixel=&#8221;yes&#8221; gutter_size=&#8221;3&#8243; overlay_alpha=&#8221;50&#8243; shift_x=&#8221;0&#8243; shift_y=&#8221;0&#8243; medium_width=&#8221;0&#8243; zoom_width=&#8221;0&#8243; zoom_height=&#8221;0&#8243; width=&#8221;5\/6&#8243;][vc_single_image media=&#8221;133446&#8243; media_width_percent=&#8221;100&#8243; media_ratio=&#8221;three-two&#8221; media_title_uppercase=&#8221;&#8221; uncode_shortcode_id=&#8221;150985&#8243;][\/vc_column][vc_column column_width_percent=&#8221;100&#8243; align_horizontal=&#8221;align_right&#8221; gutter_size=&#8221;3&#8243; overlay_alpha=&#8221;50&#8243; shift_x=&#8221;0&#8243; shift_y=&#8221;0&#8243; shift_y_down=&#8221;0&#8243; z_index=&#8221;0&#8243; medium_width=&#8221;0&#8243; mobile_width=&#8221;0&#8243; zoom_width=&#8221;0&#8243; zoom_height=&#8221;0&#8243; width=&#8221;1\/6&#8243; uncode_shortcode_id=&#8221;114069&#8243;][vc_icon icon=&#8221;fa fa-image&#8221; icon_color=&#8221;accent&#8221; text_size=&#8221;&#8221; text_lead=&#8221;small&#8221; uncode_shortcode_id=&#8221;812212&#8243; icon_color_type=&#8221;uncode-palette&#8221;]Panor\u00e1mica Edificio de Cundifarma[\/vc_icon][\/vc_column][\/vc_row][vc_row row_height_percent=&#8221;0&#8243; override_padding=&#8221;yes&#8221; h_padding=&#8221;2&#8243; top_padding=&#8221;3&#8243; bottom_padding=&#8221;5&#8243; overlay_alpha=&#8221;100&#8243; gutter_size=&#8221;3&#8243; column_width_percent=&#8221;100&#8243; shift_y=&#8221;0&#8243; z_index=&#8221;0&#8243; content_parallax=&#8221;0&#8243; row_height_use_pixel=&#8221;&#8221; uncode_shortcode_id=&#8221;141479&#8243;][vc_column column_width_use_pixel=&#8221;yes&#8221; gutter_size=&#8221;3&#8243; overlay_alpha=&#8221;50&#8243; shift_x=&#8221;0&#8243; shift_y=&#8221;0&#8243; medium_width=&#8221;0&#8243; zoom_width=&#8221;0&#8243; zoom_height=&#8221;0&#8243; column_width_pixel=&#8221;800&#8243;][vc_column_text uncode_shortcode_id=&#8221;146199&#8243;]Ifarbe y el servicio de farmacia representan un cap\u00edtulo fundamental en la historia del San Juan de Dios. Su legado de innovaci\u00f3n y compromiso con la salud sigue siendo un referente en el desarrollo farmac\u00e9utico del pa\u00eds.<\/p>\n<p>Para conocer m\u00e1s sobre estos edificios y su historia, puede consultar: <u><a href=\"https:\/\/idpc.gov.co\/sanjuandedios\/archivo-y\" target=\"_blank\" rel=\"noopener\">Historia del Hospital San Juan de Dios &#8211; IDPC<\/a><\/u>[\/vc_column_text][\/vc_column][\/vc_row][vc_row row_height_percent=&#8221;0&#8243; override_padding=&#8221;yes&#8221; h_padding=&#8221;2&#8243; top_padding=&#8221;3&#8243; bottom_padding=&#8221;5&#8243; overlay_alpha=&#8221;100&#8243; gutter_size=&#8221;3&#8243; column_width_percent=&#8221;100&#8243; shift_y=&#8221;0&#8243; z_index=&#8221;0&#8243; row_height_use_pixel=&#8221;&#8221;][vc_column column_width_use_pixel=&#8221;yes&#8221; align_horizontal=&#8221;align_center&#8221; gutter_size=&#8221;3&#8243; overlay_alpha=&#8221;50&#8243; shift_x=&#8221;0&#8243; shift_y=&#8221;0&#8243; shift_y_down=&#8221;0&#8243; z_index=&#8221;0&#8243; medium_width=&#8221;0&#8243; mobile_width=&#8221;0&#8243; zoom_width=&#8221;0&#8243; zoom_height=&#8221;0&#8243; column_width_pixel=&#8221;800&#8243; uncode_shortcode_id=&#8221;877054&#8243;][vc_button button_color=&#8221;color-203034&#8243; size=&#8221;btn-lg&#8221; border_width=&#8221;0&#8243; link=&#8221;url:https%3A%2F%2Fidpc.gov.co%2Fsanjuandedios%2Finicio-2|title:Edificio%20Siberia%20%2F%20Cocinas%20y%20comedores&#8221; button_color_type=&#8221;uncode-palette&#8221; uncode_shortcode_id=&#8221;348212&#8243;]VOLVER AL INICIO[\/vc_button][\/vc_column][\/vc_row]<\/p>\n<\/div>","protected":false},"excerpt":{"rendered":"<p>[vc_row row_height_percent=&#8221;50&#8243; override_padding=&#8221;yes&#8221; h_padding=&#8221;2&#8243; top_padding=&#8221;5&#8243; bottom_padding=&#8221;5&#8243; back_color=&#8221;color-wayh&#8221; back_image=&#8221;133444&#8243; overlay_color=&#8221;color-144270&#8243; overlay_alpha=&#8221;79&#8243; gutter_size=&#8221;3&#8243; column_width_percent=&#8221;100&#8243; shift_y=&#8221;0&#8243; z_index=&#8221;0&#8243; top_divider=&#8221;gradient&#8221; content_parallax=&#8221;0&#8243; uncode_shortcode_id=&#8221;858772&#8243; back_color_type=&#8221;uncode-palette&#8221; overlay_color_type=&#8221;uncode-palette&#8221;][vc_column column_width_percent=&#8221;100&#8243; [&hellip;]<\/p>\n","protected":false},"author":1,"featured_media":0,"parent":0,"menu_order":0,"comment_status":"closed","ping_status":"closed","template":"","meta":{"footnotes":""},"class_list":["post-133406","page","type-page","status-publish","hentry"],"_links":{"self":[{"href":"https:\/\/idpc.gov.co\/sanjuandedios\/wp-json\/wp\/v2\/pages\/133406","targetHints":{"allow":["GET"]}}],"collection":[{"href":"https:\/\/idpc.gov.co\/sanjuandedios\/wp-json\/wp\/v2\/pages"}],"about":[{"href":"https:\/\/idpc.gov.co\/sanjuandedios\/wp-json\/wp\/v2\/types\/page"}],"author":[{"embeddable":true,"href":"https:\/\/idpc.gov.co\/sanjuandedios\/wp-json\/wp\/v2\/users\/1"}],"replies":[{"embeddable":true,"href":"https:\/\/idpc.gov.co\/sanjuandedios\/wp-json\/wp\/v2\/comments?post=133406"}],"version-history":[{"count":16,"href":"https:\/\/idpc.gov.co\/sanjuandedios\/wp-json\/wp\/v2\/pages\/133406\/revisions"}],"predecessor-version":[{"id":133458,"href":"https:\/\/idpc.gov.co\/sanjuandedios\/wp-json\/wp\/v2\/pages\/133406\/revisions\/133458"}],"wp:attachment":[{"href":"https:\/\/idpc.gov.co\/sanjuandedios\/wp-json\/wp\/v2\/media?parent=133406"}],"curies":[{"name":"wp","href":"https:\/\/api.w.org\/{rel}","templated":true}]}}