{"id":132717,"date":"2023-12-19T08:41:29","date_gmt":"2023-12-19T13:41:29","guid":{"rendered":"https:\/\/idpc.gov.co\/sanjuandedios\/?page_id=132717"},"modified":"2025-09-25T15:08:18","modified_gmt":"2025-09-25T20:08:18","slug":"historia-del-hospital","status":"publish","type":"page","link":"https:\/\/idpc.gov.co\/sanjuandedios\/archivo-y-publicaciones-gral\/historia-del-hospital","title":{"rendered":"Historia del hospital"},"content":{"rendered":"<div class=\"wpb-content-wrapper\"><p>[vc_row row_height_percent=&#8221;0&#8243; override_padding=&#8221;yes&#8221; h_padding=&#8221;2&#8243; top_padding=&#8221;7&#8243; bottom_padding=&#8221;5&#8243; back_color=&#8221;color-xsdn&#8221; back_image=&#8221;94890&#8243; back_repeat=&#8221;repeat&#8221; overlay_alpha=&#8221;50&#8243; gutter_size=&#8221;3&#8243; column_width_percent=&#8221;100&#8243; shift_y=&#8221;-2&#8243; z_index=&#8221;0&#8243; enable_top_divider=&#8221;default&#8221; top_divider=&#8221;step_2_3&#8243; shape_top_flip=&#8221;yes&#8221; shape_top_h_use_pixel=&#8221;true&#8221; shape_top_height_percent=&#8221;75&#8243; shape_top_color=&#8221;color-lxmt&#8221; shape_top_opacity=&#8221;100&#8243; shape_top_index=&#8221;0&#8243; uncode_shortcode_id=&#8221;738686&#8243; back_color_type=&#8221;uncode-palette&#8221; shape_top_color_type=&#8221;uncode-palette&#8221; back_size=&#8221;initial&#8221;][vc_column column_width_percent=&#8221;100&#8243; position_vertical=&#8221;middle&#8221; gutter_size=&#8221;4&#8243; overlay_alpha=&#8221;50&#8243; shift_x=&#8221;0&#8243; shift_y=&#8221;0&#8243; shift_y_down=&#8221;0&#8243; z_index=&#8221;0&#8243; medium_width=&#8221;0&#8243; mobile_width=&#8221;0&#8243; css_animation=&#8221;alpha-anim&#8221; animation_speed=&#8221;1000&#8243; width=&#8221;1\/1&#8243; uncode_shortcode_id=&#8221;203723&#8243;][vc_row_inner row_inner_height_percent=&#8221;0&#8243; overlay_alpha=&#8221;50&#8243; gutter_size=&#8221;3&#8243; shift_y=&#8221;0&#8243; z_index=&#8221;0&#8243; inverted_device_order=&#8221;yes&#8221; limit_content=&#8221;&#8221; uncode_shortcode_id=&#8221;725234&#8243;][vc_column_inner column_width_percent=&#8221;100&#8243; gutter_size=&#8221;4&#8243; overlay_alpha=&#8221;50&#8243; shift_x=&#8221;0&#8243; shift_y=&#8221;0&#8243; shift_y_down=&#8221;0&#8243; z_index=&#8221;0&#8243; medium_width=&#8221;4&#8243; mobile_width=&#8221;0&#8243; width=&#8221;1\/3&#8243; uncode_shortcode_id=&#8221;121646&#8243;][vc_single_image media=&#8221;118833&#8243; media_width_percent=&#8221;100&#8243; media_ratio=&#8221;two-three&#8221; advanced=&#8221;yes&#8221; media_items=&#8221;media|original,caption&#8221; media_text=&#8221;under&#8221; media_overlay_color=&#8221;color-105898&#8243; media_overlay_color_blend=&#8221;screen&#8221; media_overlay_opacity=&#8221;64&#8243; media_overlay_visible=&#8221;yes&#8221; media_padding=&#8221;2&#8243; lbox_caption=&#8221;yes&#8221; uncode_shortcode_id=&#8221;204918&#8243; media_overlay_color_type=&#8221;uncode-palette&#8221; media_caption_custom=&#8221;La revista de El Espectador, No 71, de 2001. Fotograf\u00eda de Carlos Ni\u00f1o. Archivo El Espectador.&#8221;][\/vc_column_inner][vc_column_inner column_width_percent=&#8221;100&#8243; gutter_size=&#8221;4&#8243; overlay_alpha=&#8221;50&#8243; shift_x=&#8221;0&#8243; shift_y=&#8221;0&#8243; shift_y_down=&#8221;0&#8243; z_index=&#8221;0&#8243; medium_width=&#8221;4&#8243; mobile_width=&#8221;0&#8243; parallax_intensity=&#8221;2&#8243; width=&#8221;2\/3&#8243; uncode_shortcode_id=&#8221;114552&#8243;][vc_column_text uncode_shortcode_id=&#8221;125915&#8243;]En el a\u00f1o 2020 el Programa de Investigaci\u00f3n del IDPC inici\u00f3 una contextualizaci\u00f3n hist\u00f3rica, espacial y conceptual del Conjunto Hospitalario San Juan de Dios. Entre sus principales fuentes estuvieron las revisiones de bibliograf\u00eda especializada, de prensa y de otras publicaciones seriadas, no solo de este Hospital, sino de las dem\u00e1s instituciones de asilo y atenci\u00f3n en salud existentes en el sector de La Hort\u00faa-Las Cruces.<\/p>\n<p>&nbsp;<\/p>\n<p>Ponemos a disposici\u00f3n parte de este material para que sea de ayuda en futuras (y necesarias) investigaciones sobre el San Juan de Dios y la salud p\u00fablica en Bogot\u00e1 y Colombia.[\/vc_column_text][vc_custom_heading heading_semantic=&#8221;p&#8221; text_size=&#8221;h5&#8243; text_height=&#8221;fontheight-524109&#8243; sub_reduced=&#8221;yes&#8221; uncode_shortcode_id=&#8221;459242&#8243;]NOTA:<br \/>\nEl material cuenta con licencia Creative Commons, en caso de ser usado, debe darse el cr\u00e9dito correspondiente.[\/vc_custom_heading][vc_empty_space empty_h=&#8221;3&#8243; desktop_visibility=&#8221;yes&#8221; mobile_visibility=&#8221;yes&#8221;][\/vc_column_inner][\/vc_row_inner][uncode_vertical_text text_align=&#8221;top&#8221; position=&#8221;right&#8221; flip=&#8221;yes&#8221; vertical_text_h_pos=&#8221;3&#8243; vertical_text_v_pos=&#8221;2&#8243; z_index=&#8221;0&#8243; text_size=&#8221;h6&#8243; text_transform=&#8221;uppercase&#8221; text_space=&#8221;fontspace-135905&#8243; mobile_visibility=&#8221;yes&#8221; uncode_shortcode_id=&#8221;682995&#8243;]\u2e3b Archivos[\/uncode_vertical_text][\/vc_column][\/vc_row][vc_row unlock_row_content=&#8221;yes&#8221; row_height_percent=&#8221;0&#8243; override_padding=&#8221;yes&#8221; h_padding=&#8221;3&#8243; top_padding=&#8221;3&#8243; bottom_padding=&#8221;0&#8243; back_color=&#8221;color-xsdn&#8221; overlay_alpha=&#8221;50&#8243; gutter_size=&#8221;3&#8243; column_width_percent=&#8221;100&#8243; shift_y=&#8221;0&#8243; z_index=&#8221;0&#8243; enable_top_divider=&#8221;default&#8221; top_divider=&#8221;step_2_3&#8243; shape_top_h_use_pixel=&#8221;true&#8221; shape_top_height_percent=&#8221;100&#8243; shape_top_color=&#8221;color-lxmt&#8221; shape_top_opacity=&#8221;100&#8243; shape_top_index=&#8221;0&#8243; bottom_divider=&#8221;step&#8221; uncode_shortcode_id=&#8221;172816&#8243; back_color_type=&#8221;uncode-palette&#8221; shape_top_color_type=&#8221;uncode-palette&#8221; row_name=&#8221;works&#8221;][vc_column column_width_percent=&#8221;100&#8243; gutter_size=&#8221;3&#8243; overlay_alpha=&#8221;50&#8243; shift_x=&#8221;0&#8243; shift_y=&#8221;0&#8243; shift_y_down=&#8221;0&#8243; z_index=&#8221;2&#8243; medium_width=&#8221;0&#8243; mobile_width=&#8221;0&#8243; width=&#8221;1\/1&#8243; uncode_shortcode_id=&#8221;294422&#8243;][vc_row_inner limit_content=&#8221;&#8221;][vc_column_inner width=&#8221;2\/3&#8243;][vc_custom_heading heading_semantic=&#8221;h1&#8243; text_size=&#8221;fontsize-155944&#8243; separator_color=&#8221;yes&#8221; separator=&#8221;yes&#8221; sub_lead=&#8221;small&#8221; uncode_shortcode_id=&#8221;727573&#8243; subheading=&#8221;Para navegarlo, haz clic en las pesta\u00f1as laterales. Puedes usar el buscador para filtrar por palabra clave.&#8221;]\u00cdndice de fuentes documentales[\/vc_custom_heading][\/vc_column_inner][vc_column_inner width=&#8221;1\/3&#8243;][\/vc_column_inner][\/vc_row_inner][vc_tabs vertical=&#8221;yes&#8221; typography=&#8221;yes&#8221; active_txt_color=&#8221;color-144270&#8243; uncode_shortcode_id=&#8221;135165&#8243; active_txt_color_type=&#8221;uncode-palette&#8221;][vc_tab icon=&#8221;fa fa-newspaper-o&#8221; gutter_size=&#8221;2&#8243; column_padding=&#8221;3&#8243; title=&#8221;Prensa y revistas&#8221; tab_id=&#8221;1668557894-1-100&#8243;][vc_raw_html]JTVCdGFibGUlMjBpZCUzRDIlMjAlMkYlNUQ=[\/vc_raw_html][\/vc_tab][vc_tab icon=&#8221;fa fa-book&#8221; gutter_size=&#8221;2&#8243; column_padding=&#8221;2&#8243; tab_id=&#8221;46913337-6dfd-2&#8243; title=&#8221;Bibliograf\u00eda&#8221;][vc_raw_html]JTVCdGFibGUlMjBpZCUzRDQlMjAlMkYlNUQ=[\/vc_raw_html][\/vc_tab][\/vc_tabs][vc_button size=&#8221;btn-link&#8221; custom_typo=&#8221;yes&#8221; font_family=&#8221;font-170123&#8243; font_weight=&#8221;800&#8243; text_transform=&#8221;uppercase&#8221; letter_spacing=&#8221;fontspace-210350&#8243; scale_mobile=&#8221;no&#8221; css_animation=&#8221;alpha-anim&#8221; animation_speed=&#8221;800&#8243; animation_delay=&#8221;600&#8243; icon=&#8221;fa fa-arrow-down2&#8243; uncode_shortcode_id=&#8221;486489&#8243; link=&#8221;url:%23publicaciones&#8221;]VER PUBLICACIONES DEL IDPC[\/vc_button][vc_row_inner row_inner_height_percent=&#8221;0&#8243; overlay_alpha=&#8221;50&#8243; gutter_size=&#8221;4&#8243; shift_y=&#8221;0&#8243; z_index=&#8221;0&#8243; limit_content=&#8221;&#8221; uncode_shortcode_id=&#8221;101102&#8243; css=&#8221;.vc_custom_1668625501259{padding-right: 5% !important;padding-left: 5% !important;}&#8221;][vc_column_inner column_width_percent=&#8221;100&#8243; gutter_size=&#8221;4&#8243; overlay_alpha=&#8221;50&#8243; shift_x=&#8221;0&#8243; shift_y=&#8221;0&#8243; shift_y_down=&#8221;0&#8243; z_index=&#8221;0&#8243; medium_width=&#8221;5&#8243; mobile_width=&#8221;0&#8243; width=&#8221;9\/12&#8243; uncode_shortcode_id=&#8221;202189&#8243;][vc_message message_color=&#8221;color-203034&#8243; css_animation=&#8221;right-t-left&#8221; uncode_shortcode_id=&#8221;847474&#8243; message_color_type=&#8221;uncode-palette&#8221;]Si quieres mayor informaci\u00f3n sobre el uso de este archivo, puedes escribir a: <a style=\"color: #fff;\" href=\"mailto:proyectosanjuandedios@idpc.gov.co\">proyectosanjuandedios@idpc.gov.co<\/a>[\/vc_message][vc_empty_space empty_h=&#8221;3&#8243;][\/vc_column_inner][\/vc_row_inner][\/vc_column][\/vc_row][vc_row row_height_percent=&#8221;0&#8243; override_padding=&#8221;yes&#8221; h_padding=&#8221;2&#8243; top_padding=&#8221;2&#8243; bottom_padding=&#8221;5&#8243; back_image=&#8221;94890&#8243; back_repeat=&#8221;repeat&#8221; overlay_alpha=&#8221;50&#8243; gutter_size=&#8221;4&#8243; column_width_percent=&#8221;100&#8243; shift_y=&#8221;0&#8243; z_index=&#8221;0&#8243; enable_bottom_divider=&#8221;default&#8221; bottom_divider_inv=&#8221;step_3_4&#8243; shape_bottom_invert=&#8221;yes&#8221; shape_bottom_h_use_pixel=&#8221;true&#8221; shape_bottom_height_percent=&#8221;100&#8243; shape_bottom_color=&#8221;color-lxmt&#8221; shape_bottom_opacity=&#8221;100&#8243; shape_bottom_index=&#8221;0&#8243; row_name=&#8221;libro&#8221; uncode_shortcode_id=&#8221;419295&#8243; shape_bottom_color_type=&#8221;uncode-palette&#8221; back_size=&#8221;initial&#8221;][vc_column column_width_percent=&#8221;100&#8243; gutter_size=&#8221;3&#8243; overlay_alpha=&#8221;50&#8243; shift_x=&#8221;0&#8243; shift_y=&#8221;0&#8243; shift_y_down=&#8221;0&#8243; z_index=&#8221;0&#8243; medium_width=&#8221;0&#8243; mobile_width=&#8221;0&#8243; parallax_intensity=&#8221;2&#8243; width=&#8221;9\/12&#8243; uncode_shortcode_id=&#8221;753437&#8243;][vc_empty_space empty_h=&#8221;3&#8243;][vc_custom_heading heading_semantic=&#8221;h1&#8243; text_size=&#8221;fontsize-155944&#8243; separator=&#8221;yes&#8221; sub_lead=&#8221;small&#8221; uncode_shortcode_id=&#8221;142360&#8243;]Publicaciones[\/vc_custom_heading][vc_row_inner row_inner_height_percent=&#8221;0&#8243; force_width_grid=&#8221;yes&#8221; overlay_alpha=&#8221;50&#8243; gutter_size=&#8221;3&#8243; shift_y=&#8221;0&#8243; z_index=&#8221;0&#8243; limit_content=&#8221;&#8221; uncode_shortcode_id=&#8221;311187&#8243; el_id=&#8221;issue&#8221;][vc_column_inner width=&#8221;1\/1&#8243;][vc_custom_heading text_color=&#8221;color-144270&#8243; text_size=&#8221;&#8221; uncode_shortcode_id=&#8221;180380&#8243; text_color_type=&#8221;uncode-palette&#8221;]San Juan de Dios. Gu\u00eda Cr\u00edtica del Conjunto Hospitalario de Bogot\u00e1[\/vc_custom_heading][vc_column_text uncode_shortcode_id=&#8221;613896&#8243;]Descripci\u00f3n cronol\u00f3gica del desarrollo f\u00edsico y social del Hospital San Juan de Dios, declarado monumento nacional en el 2002. La narraci\u00f3n se estructura en cinco cap\u00edtulos: el primero habla de su creaci\u00f3n en la \u00e9poca colonial y sus dos primeras localizaciones en la ciudad; el segundo, del Hospital en el siglo XIX, cuando se modific\u00f3 f\u00edsicamente y se vincul\u00f3 con la Universidad[\/vc_column_text][vc_raw_html el_id=&#8221;issue&#8221; el_class=&#8221;.issuu&#8221;]JTVCZGZsaXAlMjBpZCUzRCUyMjEzMzI2NSUyMiUyMCU1RCU1QiUyRmRmbGlwJTVE[\/vc_raw_html][\/vc_column_inner][\/vc_row_inner][\/vc_column][vc_column column_width_percent=&#8221;100&#8243; position_vertical=&#8221;bottom&#8221; gutter_size=&#8221;3&#8243; overlay_alpha=&#8221;50&#8243; shift_x=&#8221;0&#8243; shift_y=&#8221;0&#8243; shift_y_down=&#8221;0&#8243; z_index=&#8221;0&#8243; medium_visibility=&#8221;yes&#8221; medium_width=&#8221;0&#8243; mobile_width=&#8221;0&#8243; css_animation=&#8221;zoom-in&#8221; animation_speed=&#8221;800&#8243; parallax_intensity=&#8221;4&#8243; width=&#8221;3\/12&#8243; uncode_shortcode_id=&#8221;488482&#8243;][vc_single_image media=&#8221;118830&#8243; media_width_percent=&#8221;100&#8243; css_animation=&#8221;parallax&#8221; parallax_intensity=&#8221;1&#8243; uncode_shortcode_id=&#8221;106606&#8243; media_link=&#8221;url:https%3A%2F%2Fidpc.gov.co%2Fpublicaciones%2Fproducto%2Fen-estado-de-coma%2F|target:_blank&#8221;][vc_separator sep_color=&#8221;,Default&#8221;][vc_single_image media=&#8221;118831&#8243; media_width_percent=&#8221;100&#8243; uncode_shortcode_id=&#8221;138477&#8243; media_link=&#8221;url:https%3A%2F%2Fidpc.gov.co%2Fpublicaciones%2Fproducto%2Fun-herbario-del-bronx-vida-y-memoria-entre-las-ruinas-agenda-2021-idpc%2F|target:_blank&#8221;][vc_separator sep_color=&#8221;,Default&#8221;][vc_single_image media=&#8221;132734&#8243; media_width_percent=&#8221;100&#8243; uncode_shortcode_id=&#8221;172578&#8243; media_link=&#8221;url:https%3A%2F%2Fidpc.gov.co%2Fpublicaciones%2Fproducto%2Fhistoria-del-hospital-san-juan-de-dios%2F|target:_blank&#8221;][vc_button size=&#8221;btn-link&#8221; custom_typo=&#8221;yes&#8221; font_family=&#8221;font-443528&#8243; font_weight=&#8221;800&#8243; text_transform=&#8221;uppercase&#8221; letter_spacing=&#8221;fontspace-210350&#8243; icon_position=&#8221;right&#8221; scale_mobile=&#8221;no&#8221; icon=&#8221;fa fa-arrow-right2&#8243; uncode_shortcode_id=&#8221;251122&#8243; link=&#8221;url:https%3A%2F%2Fidpc.gov.co%2Fpublicaciones%2F%3Fs%3Dsan%2Bjuan%2Bde%2Bdios|title:PUBLICACIONES%20IDPC|target:_blank&#8221;]VER ESTAS Y PUBLICACIONES DEL IDPC[\/vc_button][\/vc_column][\/vc_row][vc_row][vc_column column_width_percent=&#8221;100&#8243; align_horizontal=&#8221;align_center&#8221; gutter_size=&#8221;3&#8243; overlay_alpha=&#8221;50&#8243; shift_x=&#8221;0&#8243; shift_y=&#8221;0&#8243; shift_y_down=&#8221;0&#8243; z_index=&#8221;0&#8243; medium_width=&#8221;0&#8243; mobile_width=&#8221;0&#8243; width=&#8221;1\/1&#8243; uncode_shortcode_id=&#8221;104628&#8243;][vc_button button_color=&#8221;color-203034&#8243; size=&#8221;btn-lg&#8221; border_width=&#8221;0&#8243; link=&#8221;url:https%3A%2F%2Fidpc.gov.co%2Fsanjuandedios%2Farchivo-y-publicaciones-gral|title:Archivo%20y%20publicaciones&#8221; button_color_type=&#8221;uncode-palette&#8221; uncode_shortcode_id=&#8221;820678&#8243;]VOLVER A LA P\u00c1GINA DEL ARCHIVO[\/vc_button][\/vc_column][\/vc_row]<\/p>\n<\/div>","protected":false},"excerpt":{"rendered":"<p>En el a\u00f1o 2020 el Programa de Investigaci\u00f3n del IDPC inici\u00f3 una contextualizaci\u00f3n hist\u00f3rica, espacial y conceptual del Conjunto Hospitalario San Juan de Dios. Entre sus principales fuentes estuvieron las revisiones de bibliograf\u00eda especializada, de prensa y de otras publicaciones seriadas, no solo de este Hospital, sino de las dem\u00e1s instituciones de asilo y atenci\u00f3n en salud existentes en el sector de La Hort\u00faa-Las Cruces.<\/p>\n","protected":false},"author":2,"featured_media":132136,"parent":131116,"menu_order":0,"comment_status":"closed","ping_status":"closed","template":"","meta":{"footnotes":""},"class_list":["post-132717","page","type-page","status-publish","has-post-thumbnail","hentry","page_category-activacion-social-y-reconocimiento"],"_links":{"self":[{"href":"https:\/\/idpc.gov.co\/sanjuandedios\/wp-json\/wp\/v2\/pages\/132717","targetHints":{"allow":["GET"]}}],"collection":[{"href":"https:\/\/idpc.gov.co\/sanjuandedios\/wp-json\/wp\/v2\/pages"}],"about":[{"href":"https:\/\/idpc.gov.co\/sanjuandedios\/wp-json\/wp\/v2\/types\/page"}],"author":[{"embeddable":true,"href":"https:\/\/idpc.gov.co\/sanjuandedios\/wp-json\/wp\/v2\/users\/2"}],"replies":[{"embeddable":true,"href":"https:\/\/idpc.gov.co\/sanjuandedios\/wp-json\/wp\/v2\/comments?post=132717"}],"version-history":[{"count":53,"href":"https:\/\/idpc.gov.co\/sanjuandedios\/wp-json\/wp\/v2\/pages\/132717\/revisions"}],"predecessor-version":[{"id":134090,"href":"https:\/\/idpc.gov.co\/sanjuandedios\/wp-json\/wp\/v2\/pages\/132717\/revisions\/134090"}],"up":[{"embeddable":true,"href":"https:\/\/idpc.gov.co\/sanjuandedios\/wp-json\/wp\/v2\/pages\/131116"}],"wp:featuredmedia":[{"embeddable":true,"href":"https:\/\/idpc.gov.co\/sanjuandedios\/wp-json\/wp\/v2\/media\/132136"}],"wp:attachment":[{"href":"https:\/\/idpc.gov.co\/sanjuandedios\/wp-json\/wp\/v2\/media?parent=132717"}],"curies":[{"name":"wp","href":"https:\/\/api.w.org\/{rel}","templated":true}]}}