{"id":132569,"date":"2023-12-18T23:47:41","date_gmt":"2023-12-19T04:47:41","guid":{"rendered":"https:\/\/idpc.gov.co\/sanjuandedios\/?page_id=132569"},"modified":"2025-06-19T18:48:17","modified_gmt":"2025-06-19T23:48:17","slug":"laboratorios-sociales","status":"publish","type":"page","link":"https:\/\/idpc.gov.co\/sanjuandedios\/archivo-y-publicaciones-gral\/activacion-social-y-reconocimiento\/laboratorios-sociales","title":{"rendered":"Laboratorios sociales"},"content":{"rendered":"<div class=\"wpb-content-wrapper\"><p>[vc_row unlock_row_content=&#8221;yes&#8221; row_height_percent=&#8221;50&#8243; override_padding=&#8221;yes&#8221; h_padding=&#8221;0&#8243; top_padding=&#8221;0&#8243; bottom_padding=&#8221;0&#8243; overlay_alpha=&#8221;50&#8243; equal_height=&#8221;yes&#8221; gutter_size=&#8221;0&#8243; column_width_percent=&#8221;100&#8243; shift_y=&#8221;0&#8243; z_index=&#8221;0&#8243; uncode_shortcode_id=&#8221;628248&#8243;][vc_column column_width_percent=&#8221;100&#8243; gutter_size=&#8221;3&#8243; override_padding=&#8221;yes&#8221; column_padding=&#8221;2&#8243; overlay_alpha=&#8221;50&#8243; shift_x=&#8221;0&#8243; shift_y=&#8221;0&#8243; shift_y_down=&#8221;0&#8243; z_index=&#8221;0&#8243; medium_visibility=&#8221;yes&#8221; medium_width=&#8221;0&#8243; mobile_visibility=&#8221;yes&#8221; mobile_width=&#8221;0&#8243; width=&#8221;1\/2&#8243; mobile_height=&#8221;300&#8243; uncode_shortcode_id=&#8221;431567&#8243;][vc_raw_html]JTVCZGZsaXAlMjBpZCUzRCUyMjEzMjAzNiUyMiU1RCU1QiUyRmRmbGlwJTVE[\/vc_raw_html][\/vc_column][\/vc_row][vc_row unlock_row_content=&#8221;yes&#8221; row_height_percent=&#8221;50&#8243; override_padding=&#8221;yes&#8221; h_padding=&#8221;2&#8243; top_padding=&#8221;0&#8243; bottom_padding=&#8221;2&#8243; back_color=&#8221;color-gyho&#8221; overlay_alpha=&#8221;50&#8243; equal_height=&#8221;yes&#8221; gutter_size=&#8221;0&#8243; column_width_percent=&#8221;100&#8243; shift_y=&#8221;0&#8243; z_index=&#8221;0&#8243; uncode_shortcode_id=&#8221;622941&#8243; back_color_type=&#8221;uncode-palette&#8221;][vc_column column_width_percent=&#8221;100&#8243; gutter_size=&#8221;3&#8243; override_padding=&#8221;yes&#8221; column_padding=&#8221;0&#8243; back_color=&#8221;color-gyho&#8221; overlay_alpha=&#8221;50&#8243; shift_x=&#8221;0&#8243; shift_y=&#8221;0&#8243; shift_y_down=&#8221;0&#8243; z_index=&#8221;0&#8243; medium_visibility=&#8221;yes&#8221; medium_width=&#8221;0&#8243; mobile_visibility=&#8221;yes&#8221; mobile_width=&#8221;0&#8243; width=&#8221;1\/2&#8243; mobile_height=&#8221;300&#8243; uncode_shortcode_id=&#8221;194577&#8243; back_color_type=&#8221;uncode-palette&#8221;][vc_row_inner row_inner_height_percent=&#8221;0&#8243; back_color=&#8221;color-gyho&#8221; overlay_alpha=&#8221;50&#8243; gutter_size=&#8221;3&#8243; shift_y=&#8221;0&#8243; z_index=&#8221;0&#8243; limit_content=&#8221;&#8221; uncode_shortcode_id=&#8221;199829&#8243; back_color_type=&#8221;uncode-palette&#8221;][vc_column_inner column_width_percent=&#8221;100&#8243; position_vertical=&#8221;middle&#8221; align_horizontal=&#8221;align_center&#8221; gutter_size=&#8221;2&#8243; override_padding=&#8221;yes&#8221; column_padding=&#8221;2&#8243; back_color=&#8221;color-gyho&#8221; overlay_alpha=&#8221;50&#8243; shift_x=&#8221;0&#8243; shift_y=&#8221;0&#8243; shift_y_down=&#8221;0&#8243; z_index=&#8221;0&#8243; medium_width=&#8221;0&#8243; mobile_width=&#8221;0&#8243; width=&#8221;1\/1&#8243; uncode_shortcode_id=&#8221;395091&#8243; back_color_type=&#8221;uncode-palette&#8221;][vc_raw_html]JTVCZGZsaXAlMjBpZCUzRCUyMjEzMjU3OCUyMiUyMCU1RCU1QiUyRmRmbGlwJTVE[\/vc_raw_html][vc_separator sep_color=&#8221;accent&#8221; uncode_shortcode_id=&#8221;135926&#8243; sep_color_type=&#8221;uncode-palette&#8221; el_height=&#8221;1px&#8221;][vc_raw_html]JTVCZGZsaXAlMjBpZCUzRCUyMjEzMjU4MSUyMiUyMCU1RCU1QiUyRmRmbGlwJTVE[\/vc_raw_html][\/vc_column_inner][\/vc_row_inner][\/vc_column][vc_column column_width_percent=&#8221;100&#8243; position_vertical=&#8221;middle&#8221; align_horizontal=&#8221;align_center&#8221; gutter_size=&#8221;0&#8243; back_color=&#8221;color-gyho&#8221; overlay_alpha=&#8221;50&#8243; shift_x=&#8221;0&#8243; shift_y=&#8221;0&#8243; shift_y_down=&#8221;0&#8243; z_index=&#8221;0&#8243; medium_width=&#8221;0&#8243; mobile_width=&#8221;0&#8243; width=&#8221;1\/2&#8243; uncode_shortcode_id=&#8221;329214&#8243; back_color_type=&#8221;uncode-palette&#8221;][vc_gallery el_id=&#8221;gallery-9751014&#8243; medias=&#8221;132601,132602,132603,132604,132605,132606,132607,132608,132609,132610&#8243; gutter_size=&#8221;1&#8243; screen_lg=&#8221;1000&#8243; screen_md=&#8221;600&#8243; screen_sm=&#8221;480&#8243; images_size=&#8221;three-two&#8221; single_overlay_color=&#8221;color-wayh&#8221; single_overlay_opacity=&#8221;50&#8243; single_h_align=&#8221;center&#8221; single_padding=&#8221;2&#8243; single_icon=&#8221;fa fa-plus2&#8243; single_border=&#8221;yes&#8221; single_css_animation=&#8221;alpha-anim&#8221; single_animation_speed=&#8221;600&#8243; single_animation_delay=&#8221;100&#8243; lbox_caption=&#8221;yes&#8221; lbox_social=&#8221;yes&#8221; lbox_deep=&#8221;yes&#8221; lbox_no_tmb=&#8221;yes&#8221; uncode_shortcode_id=&#8221;178522&#8243;][\/vc_column][\/vc_row][vc_row unlock_row_content=&#8221;yes&#8221; row_height_percent=&#8221;50&#8243; override_padding=&#8221;yes&#8221; h_padding=&#8221;2&#8243; top_padding=&#8221;2&#8243; bottom_padding=&#8221;2&#8243; overlay_alpha=&#8221;50&#8243; equal_height=&#8221;yes&#8221; gutter_size=&#8221;0&#8243; column_width_percent=&#8221;100&#8243; shift_y=&#8221;0&#8243; z_index=&#8221;0&#8243; uncode_shortcode_id=&#8221;118406&#8243;][vc_column column_width_percent=&#8221;100&#8243; gutter_size=&#8221;3&#8243; override_padding=&#8221;yes&#8221; column_padding=&#8221;0&#8243; overlay_alpha=&#8221;50&#8243; shift_x=&#8221;0&#8243; shift_y=&#8221;0&#8243; shift_y_down=&#8221;0&#8243; z_index=&#8221;0&#8243; medium_visibility=&#8221;yes&#8221; medium_width=&#8221;0&#8243; mobile_visibility=&#8221;yes&#8221; mobile_width=&#8221;0&#8243; width=&#8221;1\/2&#8243; mobile_height=&#8221;300&#8243; uncode_shortcode_id=&#8221;742277&#8243;][vc_row_inner row_inner_height_percent=&#8221;0&#8243; overlay_alpha=&#8221;50&#8243; gutter_size=&#8221;3&#8243; shift_y=&#8221;0&#8243; z_index=&#8221;0&#8243; limit_content=&#8221;&#8221; uncode_shortcode_id=&#8221;753904&#8243;][vc_column_inner column_width_percent=&#8221;100&#8243; position_vertical=&#8221;middle&#8221; align_horizontal=&#8221;align_center&#8221; gutter_size=&#8221;2&#8243; override_padding=&#8221;yes&#8221; column_padding=&#8221;2&#8243; overlay_alpha=&#8221;50&#8243; shift_x=&#8221;0&#8243; shift_y=&#8221;0&#8243; shift_y_down=&#8221;0&#8243; z_index=&#8221;0&#8243; medium_width=&#8221;0&#8243; mobile_width=&#8221;0&#8243; width=&#8221;1\/1&#8243; uncode_shortcode_id=&#8221;809911&#8243;][vc_gallery el_id=&#8221;gallery-podcast&#8221; medias=&#8221;132630,132631,132632,132633,132635,132639&#8243; gutter_size=&#8221;1&#8243; screen_lg=&#8221;1000&#8243; screen_md=&#8221;600&#8243; screen_sm=&#8221;480&#8243; images_size=&#8221;three-two&#8221; single_overlay_color=&#8221;color-wayh&#8221; single_overlay_opacity=&#8221;50&#8243; single_h_align=&#8221;center&#8221; single_padding=&#8221;2&#8243; single_icon=&#8221;fa fa-plus2&#8243; single_border=&#8221;yes&#8221; single_css_animation=&#8221;alpha-anim&#8221; single_animation_speed=&#8221;600&#8243; single_animation_delay=&#8221;100&#8243; lbox_caption=&#8221;yes&#8221; lbox_social=&#8221;yes&#8221; lbox_deep=&#8221;yes&#8221; lbox_no_tmb=&#8221;yes&#8221; uncode_shortcode_id=&#8221;744605&#8243;][\/vc_column_inner][\/vc_row_inner][\/vc_column][vc_column column_width_percent=&#8221;100&#8243; position_vertical=&#8221;middle&#8221; align_horizontal=&#8221;align_center&#8221; gutter_size=&#8221;0&#8243; overlay_alpha=&#8221;50&#8243; shift_x=&#8221;0&#8243; shift_y=&#8221;0&#8243; shift_y_down=&#8221;0&#8243; z_index=&#8221;0&#8243; medium_width=&#8221;0&#8243; mobile_width=&#8221;0&#8243; width=&#8221;1\/2&#8243; uncode_shortcode_id=&#8221;325826&#8243;][vc_raw_html]JTNDaWZyYW1lJTIwd2lkdGglM0QlMjIxMDAlMjUlMjIlMjBoZWlnaHQlM0QlMjIzNTAlMjIlMjBzY3JvbGxpbmclM0QlMjJubyUyMiUyMGZyYW1lYm9yZGVyJTNEJTIybm8lMjIlMjBhbGxvdyUzRCUyMmF1dG9wbGF5JTIyJTIwc3JjJTNEJTIyaHR0cHMlM0ElMkYlMkZ3LnNvdW5kY2xvdWQuY29tJTJGcGxheWVyJTJGJTNGdXJsJTNEaHR0cHMlMjUzQSUyRiUyRmFwaS5zb3VuZGNsb3VkLmNvbSUyRnBsYXlsaXN0cyUyRjE3NTczNjE0NjIlMjZjb2xvciUzRCUyNTIzMTBiNzlhJTI2YXV0b19wbGF5JTNEZmFsc2UlMjZoaWRlX3JlbGF0ZWQlM0RmYWxzZSUyNnNob3dfY29tbWVudHMlM0RmYWxzZSUyNnNob3dfdXNlciUzRGZhbHNlJTI2c2hvd19yZXBvc3RzJTNEZmFsc2UlMjZzaG93X3RlYXNlciUzRHRydWUlMjIlM0UlM0MlMkZpZnJhbWUlM0UlM0NkaXYlMjBzdHlsZSUzRCUyMmZvbnQtc2l6ZSUzQSUyMDEwcHglM0IlMjBjb2xvciUzQSUyMCUyM2NjY2NjYyUzQmxpbmUtYnJlYWslM0ElMjBhbnl3aGVyZSUzQndvcmQtYnJlYWslM0ElMjBub3JtYWwlM0JvdmVyZmxvdyUzQSUyMGhpZGRlbiUzQndoaXRlLXNwYWNlJTNBJTIwbm93cmFwJTNCdGV4dC1vdmVyZmxvdyUzQSUyMGVsbGlwc2lzJTNCJTIwZm9udC1mYW1pbHklM0ElMjBJbnRlcnN0YXRlJTJDTHVjaWRhJTIwR3JhbmRlJTJDTHVjaWRhJTIwU2FucyUyMFVuaWNvZGUlMkNMdWNpZGElMjBTYW5zJTJDR2FydWRhJTJDVmVyZGFuYSUyQ1RhaG9tYSUyQ3NhbnMtc2VyaWYlM0Jmb250LXdlaWdodCUzQSUyMDEwMCUzQiUyMiUzRSUzQ2ElMjBocmVmJTNEJTIyaHR0cHMlM0ElMkYlMkZzb3VuZGNsb3VkLmNvbSUyRndlYm1hc3Rlci1pZHBjJTIyJTIwdGl0bGUlM0QlMjJJbnN0aXR1dG8lMjBEaXN0cml0YWwlMjBkZSUyMFBhdHJpbW9uaW8lMjBDdWx0dXJhbCUyMiUyMHRhcmdldCUzRCUyMl9ibGFuayUyMiUyMHN0eWxlJTNEJTIyY29sb3IlM0ElMjAlMjNjY2NjY2MlM0IlMjB0ZXh0LWRlY29yYXRpb24lM0ElMjBub25lJTNCJTIyJTNFSW5zdGl0dXRvJTIwRGlzdHJpdGFsJTIwZGUlMjBQYXRyaW1vbmlvJTIwQ3VsdHVyYWwlM0MlMkZhJTNFJTIwJUMyJUI3JTIwJTNDYSUyMGhyZWYlM0QlMjJodHRwcyUzQSUyRiUyRnNvdW5kY2xvdWQuY29tJTJGd2VibWFzdGVyLWlkcGMlMkZzZXRzJTJGdm9jZXNfZGVsX3Nhbl9qdWFuJTIyJTIwdGl0bGUlM0QlMjJWb2NlcyUyMGRlbCUyMFNhbiUyMEp1YW4lM0ElMjBMYSUyMG1lbW9yaWElMjBoZWNoYSUyMFBvZGNhc3QlMjIlMjB0YXJnZXQlM0QlMjJfYmxhbmslMjIlMjBzdHlsZSUzRCUyMmNvbG9yJTNBJTIwJTIzY2NjY2NjJTNCJTIwdGV4dC1kZWNvcmF0aW9uJTNBJTIwbm9uZSUzQiUyMiUzRVZvY2VzJTIwZGVsJTIwU2FuJTIwSnVhbiUzQSUyMExhJTIwbWVtb3JpYSUyMGhlY2hhJTIwUG9kY2FzdCUzQyUyRmElM0UlM0MlMkZkaXYlM0U=[\/vc_raw_html][vc_button button_color=&#8221;color-144270&#8243; size=&#8221;btn-link&#8221; icon_position=&#8221;right&#8221; link=&#8221;url:https%3A%2F%2Fdrive.google.com%2Fdrive%2Ffolders%2F1CD5W179WwALiG_UeN2Eu_qzvMS85zf4n%3Fusp%3Dsharing|title:transcripciones%20podcast|target:_blank&#8221; button_color_type=&#8221;uncode-palette&#8221; uncode_shortcode_id=&#8221;164898&#8243; icon=&#8221;fa fa-share-square-o&#8221;]Descarga aqu\u00ed las versiones en texto de los podcast [\/vc_button][\/vc_column][\/vc_row][vc_row row_height_percent=&#8221;0&#8243; override_padding=&#8221;yes&#8221; h_padding=&#8221;2&#8243; top_padding=&#8221;3&#8243; bottom_padding=&#8221;5&#8243; back_color=&#8221;color-xsdn&#8221; overlay_alpha=&#8221;50&#8243; gutter_size=&#8221;100&#8243; column_width_percent=&#8221;100&#8243; shift_y=&#8221;0&#8243; z_index=&#8221;0&#8243; bottom_divider=&#8221;gradient&#8221; style=&#8221;inherited&#8221; uncode_shortcode_id=&#8221;165175&#8243; back_color_type=&#8221;uncode-palette&#8221;][vc_column column_width_percent=&#8221;100&#8243; align_horizontal=&#8221;align_center&#8221; gutter_size=&#8221;3&#8243; overlay_alpha=&#8221;100&#8243; shift_x=&#8221;0&#8243; shift_y=&#8221;0&#8243; shift_y_down=&#8221;0&#8243; z_index=&#8221;0&#8243; medium_width=&#8221;0&#8243; mobile_width=&#8221;0&#8243; css_animation=&#8221;alpha-anim&#8221; zoom_width=&#8221;0&#8243; zoom_height=&#8221;0&#8243; width=&#8221;1\/1&#8243;][vc_row_inner row_inner_height_percent=&#8221;0&#8243; overlay_alpha=&#8221;100&#8243; gutter_size=&#8221;0&#8243; shift_y=&#8221;0&#8243; z_index=&#8221;0&#8243; limit_content=&#8221;&#8221; uncode_shortcode_id=&#8221;202768&#8243;][vc_column_inner column_width_use_pixel=&#8221;yes&#8221; align_horizontal=&#8221;align_center&#8221; gutter_size=&#8221;3&#8243; overlay_alpha=&#8221;100&#8243; shift_x=&#8221;0&#8243; shift_y=&#8221;0&#8243; shift_y_down=&#8221;0&#8243; z_index=&#8221;0&#8243; medium_width=&#8221;0&#8243; mobile_width=&#8221;0&#8243; zoom_width=&#8221;0&#8243; zoom_height=&#8221;0&#8243; mobile_width_full=&#8221;&#8221; width=&#8221;1\/1&#8243; column_width_pixel=&#8221;600&#8243;][vc_custom_heading text_transform=&#8221;capitalize&#8221; sub_lead=&#8221;yes&#8221; sub_reduced=&#8221;yes&#8221; text_align=&#8221;text-center&#8221; text_serif=&#8221;&#8221; uncode_shortcode_id=&#8221;594688&#8243;]Proyectos audiovisuales[\/vc_custom_heading][vc_column_text uncode_shortcode_id=&#8221;123452&#8243;]Estos proyectos fueron el resultado de la participaci\u00f3n de diferentes artistas y creadores visuales, quienes en el marco de los Laboratorios sociales, construyeron narrativas desde diferentes \u00e1ngulos sobre el Complejo Hospitalario San Juan de Dios.[\/vc_column_text][\/vc_column_inner][\/vc_row_inner][vc_row_inner row_inner_height_percent=&#8221;0&#8243; overlay_alpha=&#8221;100&#8243; gutter_size=&#8221;3&#8243; shift_y=&#8221;0&#8243; limit_content=&#8221;&#8221;][vc_column_inner column_width_percent=&#8221;100&#8243; gutter_size=&#8221;3&#8243; overlay_alpha=&#8221;100&#8243; shift_x=&#8221;0&#8243; shift_y=&#8221;0&#8243; z_index=&#8221;0&#8243; medium_width=&#8221;0&#8243; zoom_width=&#8221;0&#8243; zoom_height=&#8221;0&#8243; mobile_width_full=&#8221;&#8221; width=&#8221;1\/1&#8243;][uncode_index el_id=&#8221;index-975704645&#8243; index_type=&#8221;carousel&#8221; loop=&#8221;size:9|order_by:date|order:DESC|post_type:post|taxonomy_count:10&#8243; carousel_lg=&#8221;3&#8243; carousel_md=&#8221;2&#8243; carousel_sm=&#8221;1&#8243; thumb_size=&#8221;one-one&#8221; gutter_size=&#8221;3&#8243; post_items=&#8221;media|featured|onpost|original,title,category|nobg|relative|display-icon,text|excerpt|120,link|default|default_size|scale_mobile|Ver proyecto&#8221; carousel_height=&#8221;equal&#8221; carousel_interval=&#8221;0&#8243; carousel_navspeed=&#8221;400&#8243; carousel_nav=&#8221;yes&#8221; carousel_dots=&#8221;yes&#8221; carousel_dots_mobile=&#8221;yes&#8221; carousel_autoh=&#8221;yes&#8221; stage_padding=&#8221;0&#8243; single_back_color=&#8221;color-xsdn&#8221; single_shape=&#8221;round&#8221; single_overlay_color=&#8221;color-wayh&#8221; single_overlay_opacity=&#8221;50&#8243; single_h_align_mobile=&#8221;center&#8221; single_padding=&#8221;3&#8243; single_title_dimension=&#8221;h4&#8243; single_title_transform=&#8221;capitalize&#8221; single_title_height=&#8221;fontheight-357766&#8243; single_border=&#8221;yes&#8221; single_css_animation=&#8221;zoom-in&#8221; single_animation_delay=&#8221;200&#8243; custom_order=&#8221;yes&#8221; footer_position=&#8221;left&#8221; single_no_background=&#8221;yes&#8221; title=&#8221;News&#8221; single_icon=&#8221;fa fa-plus2&#8243; order_ids=&#8221;4252,4247,4193,4231,20518,4233&#8243; uncode_shortcode_id=&#8221;162310&#8243;][\/vc_column_inner][\/vc_row_inner][vc_button button_color=&#8221;color-144270&#8243; border_width=&#8221;0&#8243; link=&#8221;url:%23|||&#8221; button_color_type=&#8221;uncode-palette&#8221; uncode_shortcode_id=&#8221;864114&#8243;]VER TODOS LOS PROYECTOS[\/vc_button][\/vc_column][\/vc_row][vc_row row_height_percent=&#8221;0&#8243; override_padding=&#8221;yes&#8221; h_padding=&#8221;2&#8243; top_padding=&#8221;5&#8243; bottom_padding=&#8221;5&#8243; back_color=&#8221;color-gyho&#8221; overlay_alpha=&#8221;0&#8243; gutter_size=&#8221;100&#8243; column_width_percent=&#8221;100&#8243; shift_y=&#8221;0&#8243; z_index=&#8221;0&#8243; top_divider=&#8221;gradient&#8221; style=&#8221;inherited&#8221; row_name=&#8221;Gallery&#8221; uncode_shortcode_id=&#8221;870613&#8243; back_color_type=&#8221;uncode-palette&#8221;][vc_column column_width_percent=&#8221;100&#8243; align_horizontal=&#8221;align_center&#8221; gutter_size=&#8221;3&#8243; style=&#8221;dark&#8221; overlay_alpha=&#8221;100&#8243; shift_x=&#8221;0&#8243; shift_y=&#8221;0&#8243; shift_y_down=&#8221;0&#8243; z_index=&#8221;0&#8243; medium_width=&#8221;0&#8243; mobile_width=&#8221;0&#8243; zoom_width=&#8221;0&#8243; zoom_height=&#8221;0&#8243; width=&#8221;1\/1&#8243; mobile_width_full=&#8221;&#8221; uncode_shortcode_id=&#8221;187795&#8243;][vc_custom_heading text_color=&#8221;color-jevc&#8221; heading_semantic=&#8221;h3&#8243; text_size=&#8221;&#8221; uncode_shortcode_id=&#8221;143202&#8243; text_color_type=&#8221;uncode-palette&#8221;]Recorre los momentos de los laboratorios de creaci\u00f3n colectiva con la ciudadan\u00eda:[\/vc_custom_heading][vc_empty_space empty_h=&#8221;3&#8243;][vc_gallery el_id=&#8221;gallery-talleres&#8221; type=&#8221;carousel&#8221; medias=&#8221;132656,132657,132658,132659,132660,132661,132662,132663,132664,132665,132666,132667,132668,132669,132670,132671,132672,132673,132674,132675,132676,132677,132678,132679,132680,132681,132682,132683,132684,132685,132686,132687,132688,132689,132690,132692,132693,132694,132695,132696&#8243; carousel_lg=&#8221;1&#8243; carousel_md=&#8221;2&#8243; carousel_sm=&#8221;1&#8243; thumb_size=&#8221;nine-sixteen&#8221; gutter_size=&#8221;4&#8243; media_items=&#8221;media|lightbox|original,icon|md&#8221; carousel_interval=&#8221;0&#8243; carousel_navspeed=&#8221;400&#8243; carousel_loop=&#8221;yes&#8221; carousel_overflow=&#8221;yes&#8221; carousel_dots=&#8221;yes&#8221; carousel_dots_space=&#8221;yes&#8221; carousel_dots_mobile=&#8221;yes&#8221; stage_padding=&#8221;70&#8243; single_shape=&#8221;round&#8221; radius=&#8221;xs&#8221; single_overlay_color=&#8221;color-wayh&#8221; single_overlay_opacity=&#8221;50&#8243; single_image_anim=&#8221;no&#8221; single_h_align=&#8221;center&#8221; single_padding=&#8221;2&#8243; single_icon=&#8221;fa fa-plus2&#8243; single_shadow=&#8221;yes&#8221; shadow_weight=&#8221;lg&#8221; shadow_darker=&#8221;yes&#8221; single_border=&#8221;yes&#8221; single_css_animation=&#8221;zoom-in&#8221; single_animation_delay=&#8221;200&#8243; lbox_caption=&#8221;yes&#8221; carousel_rtl=&#8221;&#8221; single_title_uppercase=&#8221;&#8221; single_half_padding=&#8221;&#8221; single_title_serif=&#8221;&#8221; single_no_background=&#8221;&#8221; uncode_shortcode_id=&#8221;469703&#8243;][vc_empty_space empty_h=&#8221;3&#8243;][vc_button button_color=&#8221;color-203034&#8243; border_width=&#8221;0&#8243; link=&#8221;url:https%3A%2F%2Fidpc.gov.co%2Fsanjuandedios%2Farchivo-y-publicaciones-gral|title:Archivo%20y%20publicaciones&#8221; button_color_type=&#8221;uncode-palette&#8221; uncode_shortcode_id=&#8221;121526&#8243;]VOLVER A LA P\u00c1GINA DEL ARCHIVO[\/vc_button][\/vc_column][\/vc_row]<\/p>\n<\/div>","protected":false},"excerpt":{"rendered":"<p>Los laboratorios sociales de creaci\u00f3n colaborativa son un esfuerzo por implementar escenarios experimentales, incluyentes, participativos y de creaci\u00f3n conjunta, en donde diversas comunidades activan, y revitalizan imaginarios y representaciones sociales, a trav\u00e9s de sus luchas y procesos colectivos de memoria social, identificando colectivamente los patrimonios integrados del CHSJD, estableciendo un di\u00e1logo entre el presente y el futuro del Hospital.<\/p>\n","protected":false},"author":2,"featured_media":133942,"parent":133016,"menu_order":0,"comment_status":"closed","ping_status":"closed","template":"","meta":{"footnotes":""},"class_list":["post-132569","page","type-page","status-publish","has-post-thumbnail","hentry","page_category-activacion-social-y-reconocimiento","page_category-laboratorios-sociales"],"_links":{"self":[{"href":"https:\/\/idpc.gov.co\/sanjuandedios\/wp-json\/wp\/v2\/pages\/132569","targetHints":{"allow":["GET"]}}],"collection":[{"href":"https:\/\/idpc.gov.co\/sanjuandedios\/wp-json\/wp\/v2\/pages"}],"about":[{"href":"https:\/\/idpc.gov.co\/sanjuandedios\/wp-json\/wp\/v2\/types\/page"}],"author":[{"embeddable":true,"href":"https:\/\/idpc.gov.co\/sanjuandedios\/wp-json\/wp\/v2\/users\/2"}],"replies":[{"embeddable":true,"href":"https:\/\/idpc.gov.co\/sanjuandedios\/wp-json\/wp\/v2\/comments?post=132569"}],"version-history":[{"count":80,"href":"https:\/\/idpc.gov.co\/sanjuandedios\/wp-json\/wp\/v2\/pages\/132569\/revisions"}],"predecessor-version":[{"id":133609,"href":"https:\/\/idpc.gov.co\/sanjuandedios\/wp-json\/wp\/v2\/pages\/132569\/revisions\/133609"}],"up":[{"embeddable":true,"href":"https:\/\/idpc.gov.co\/sanjuandedios\/wp-json\/wp\/v2\/pages\/133016"}],"wp:featuredmedia":[{"embeddable":true,"href":"https:\/\/idpc.gov.co\/sanjuandedios\/wp-json\/wp\/v2\/media\/133942"}],"wp:attachment":[{"href":"https:\/\/idpc.gov.co\/sanjuandedios\/wp-json\/wp\/v2\/media?parent=132569"}],"curies":[{"name":"wp","href":"https:\/\/api.w.org\/{rel}","templated":true}]}}