{"id":896,"date":"2018-12-22T18:31:56","date_gmt":"2018-12-22T23:31:56","guid":{"rendered":"https:\/\/idpc.gov.co\/publicaciones\/?post_type=product&#038;p=896"},"modified":"2024-04-30T22:35:35","modified_gmt":"2024-05-01T03:35:35","slug":"la-ciudad-en-el-tiempo-el-patrimonio-construido-de-bogota","status":"publish","type":"product","link":"https:\/\/idpc.gov.co\/publicaciones\/producto\/la-ciudad-en-el-tiempo-el-patrimonio-construido-de-bogota\/","title":{"rendered":"La ciudad en el tiempo. El patrimonio construido de Bogot\u00e1"},"content":{"rendered":"<div style=\"position: relative; padding-top: max(60%,326px); height: 0; width: 100%;\"><iframe style=\"position: absolute; border: none; width: 100%; height: 100%; left: 0; right: 0; top: 0; bottom: 0;\" src=\"https:\/\/e.issuu.com\/embed.html?d=patrimonio_bic_web&amp;u=patrimoniobogota\" sandbox=\"allow-top-navigation allow-top-navigation-by-user-activation allow-downloads allow-scripts allow-same-origin allow-popups allow-modals allow-popups-to-escape-sandbox\" allowfullscreen=\"allowfullscreen\"><\/iframe><\/div>\n","protected":false},"excerpt":{"rendered":"<p>Esta publicaci\u00f3n muestra una amplia serie de proyectos arquitect\u00f3nicos y urban\u00edsticos que fueron en muchos casos propulsores del desarrollo urbano de sus zonas, pero tambi\u00e9n, referentes culturales o sociales para los ciudadanos o edificaciones destacadas de la historia de la arquitectura en la ciudad, lo que ha permitido que se les reconozca como parte del patrimonio cultural construido de nuestra capital.<\/p>\n<p>Aun cuando Bogot\u00e1 cuenta con m\u00e1s de 6.000 bienes de inter\u00e9s cultural de car\u00e1cter distrital declarados oficialmente, el vac\u00edo al no contar con publicaciones, cat\u00e1logos o inventarios que superen el simple listado de consulta, es lo que ha impulsado la realizaci\u00f3n de este libro. Si bien esta labor es inmensa, y va de la mano de recorridos, la elaboraci\u00f3n de fichas de catalogaci\u00f3n, estudio y toma de registros fotogr\u00e1ficos de calidad, dar inicio a esta tarea con este t\u00edtulo, en el que se presentan 173 casos de bienes inmuebles, da cuenta del compromiso con la memoria y la puesta en valor algunos de los m\u00e1s significativos ejemplos del extenso patrimonio edificado con que cuenta Bogot\u00e1.<\/p>\n<p>La investigaci\u00f3n y los textos, realizados por Sheril Salazar, arquitecta y maestra en est\u00e9tica e historia del arte, presenta doce zonas que siguen, en orden cronol\u00f3gico, diferentes periodos de crecimiento urbano de la ciudad, desde la configuraci\u00f3n de la plaza fundacional hasta la consolidaci\u00f3n de la actual estructura urbana. De este modo, encontramos desde el objeto arquitect\u00f3nico que se convierte en referente del paisaje urbano, como la Estaci\u00f3n de\u00a0 la Sabana o el Edificio Ecopetrol, hasta conjuntos urban\u00edsticos con los cuales se busc\u00f3 aterrizar los principios de las corrientes urban\u00edsticas dominantes en el extranjero, como el Conjunto Funerario o la Zona Hospitalaria.<\/p>\n<p><strong>Autor: <\/strong>Sheril Salazar<br \/>\n<strong>A\u00f1o:<\/strong> 2019<\/p>\n<p><a href=\"https:\/\/libreriasiglo.com\/selloeditorial\/ipc-instituto-distrital-de-patrimonio-cultural.html\"><img decoding=\"async\" class=\"alignleft wp-image-11899 size-full\" src=\"https:\/\/idpc.gov.co\/publicaciones\/wp-content\/uploads\/2020\/12\/comprar.png\" alt=\"Comprar\" width=\"158\" height=\"49\" \/><\/a><\/p>\n","protected":false},"featured_media":1356,"comment_status":"open","ping_status":"closed","template":"","meta":{"_acf_changed":false},"product_brand":[],"product_cat":[102],"product_tag":[],"class_list":{"0":"post-896","1":"product","2":"type-product","3":"status-publish","4":"has-post-thumbnail","6":"product_cat-exploraciones_y_recorridos","8":"first","9":"instock","10":"shipping-taxable","11":"purchasable","12":"product-type-simple"},"acf":[],"_links":{"self":[{"href":"https:\/\/idpc.gov.co\/publicaciones\/wp-json\/wp\/v2\/product\/896","targetHints":{"allow":["GET"]}}],"collection":[{"href":"https:\/\/idpc.gov.co\/publicaciones\/wp-json\/wp\/v2\/product"}],"about":[{"href":"https:\/\/idpc.gov.co\/publicaciones\/wp-json\/wp\/v2\/types\/product"}],"replies":[{"embeddable":true,"href":"https:\/\/idpc.gov.co\/publicaciones\/wp-json\/wp\/v2\/comments?post=896"}],"wp:featuredmedia":[{"embeddable":true,"href":"https:\/\/idpc.gov.co\/publicaciones\/wp-json\/wp\/v2\/media\/1356"}],"wp:attachment":[{"href":"https:\/\/idpc.gov.co\/publicaciones\/wp-json\/wp\/v2\/media?parent=896"}],"wp:term":[{"taxonomy":"product_brand","embeddable":true,"href":"https:\/\/idpc.gov.co\/publicaciones\/wp-json\/wp\/v2\/product_brand?post=896"},{"taxonomy":"product_cat","embeddable":true,"href":"https:\/\/idpc.gov.co\/publicaciones\/wp-json\/wp\/v2\/product_cat?post=896"},{"taxonomy":"product_tag","embeddable":true,"href":"https:\/\/idpc.gov.co\/publicaciones\/wp-json\/wp\/v2\/product_tag?post=896"}],"curies":[{"name":"wp","href":"https:\/\/api.w.org\/{rel}","templated":true}]}}