{"id":892,"date":"2018-05-20T18:08:34","date_gmt":"2018-05-20T23:08:34","guid":{"rendered":"https:\/\/idpc.gov.co\/publicaciones\/?post_type=product&#038;p=892"},"modified":"2024-04-30T22:39:33","modified_gmt":"2024-05-01T03:39:33","slug":"patrimonio-renovado-intervenciones-en-el-patrimonio-inmueble-bogotano-2016-2019","status":"publish","type":"product","link":"https:\/\/idpc.gov.co\/publicaciones\/producto\/patrimonio-renovado-intervenciones-en-el-patrimonio-inmueble-bogotano-2016-2019\/","title":{"rendered":"Patrimonio renovado.  Intervenciones en el patrimonio inmueble Bogotano. 2016-2019"},"content":{"rendered":"<div style=\"position: relative; padding-top: max(60%,326px); height: 0; width: 100%;\"><iframe style=\"position: absolute; border: none; width: 100%; height: 100%; left: 0; right: 0; top: 0; bottom: 0;\" src=\"https:\/\/e.issuu.com\/embed.html?d=patrimonio_renovado__web_baja_&amp;u=patrimoniobogota\" sandbox=\"allow-top-navigation allow-top-navigation-by-user-activation allow-downloads allow-scripts allow-same-origin allow-popups allow-modals allow-popups-to-escape-sandbox\" allowfullscreen=\"allowfullscreen\"><\/iframe><\/div>\n","protected":false},"excerpt":{"rendered":"<p>El patrimonio cultural edificado, m\u00e1s que un obst\u00e1culo para el desarrollo de la ciudad, se convierte en una inmensa oportunidad para reafirmar la identidad a partir de la memoria y en un promisorio campo de acci\u00f3n profesional.<\/p>\n<p>Afortunadamente, el \u2018proyecto\u2019 de intervenci\u00f3n patrimonial ya no es una excepci\u00f3n en Bogot\u00e1. En momentos en que se habla de la crisis por la falta de tierra apta para construir, de la necesidad de densificar el Centro y las \u00e1reas tradicionales para evitar la expansi\u00f3n exagerada, as\u00ed como de preservar la memoria y el medio ambiente urbano, surgen m\u00faltiples alternativas para mejorar, en todo sentido, la ciudad existente.\u00a0 Restaurar,\u00a0 reciclar,\u00a0 adecuar\u00a0 y\u00a0 remodelar\u00a0 constituyen\u00a0 modalidades para intervenir inmuebles hist\u00f3ricos, lo mismo que edificar en contextos patrimoniales. En esencia, se trata de construir sobre lo construido.<\/p>\n<p>Bogot\u00e1\u00a0 est\u00e1\u00a0 en\u00a0 permanente\u00a0 construcci\u00f3n,\u00a0 y\u00a0 muchos\u00a0 de\u00a0 esos\u00a0 proyectos\u00a0 tienen\u00a0 que\u00a0 ver\u00a0 con\u00a0 el\u00a0 patrimonio.\u00a0 Hasta\u00a0 hace\u00a0 poco\u00a0 tiempo los referentes de intervenci\u00f3n patrimonial eran, por lo general, for\u00e1neos, y para conocerlos deb\u00edamos recurrir principalmente a revistas internacionales. As\u00ed, pens\u00e1bamos que los ejemplos destacados estaban en \u00c1msterdam, Barcelona o Nueva York, quiz\u00e1s en Buenos Aires, Sao Paulo o Ciudad de M\u00e9xico. Sin embargo, muchos de esos casos estaban, literalmente, a la vuelta de la esquina, y mostrarlos es la intenci\u00f3n de esta publicaci\u00f3n, que en formato revista, quiere divulgar una serie de proyectos recientes en la capital, que dan cuenta de las inmensas\u00a0 opciones\u00a0 de\u00a0 intervenci\u00f3n\u00a0 del \u00a0patrimonio\u00a0 edificado\u00a0 y\u00a0 su contexto inmediato, con la finalidad de integrar inmuebles y \u00e1reas deterioradas o en desuso a las din\u00e1micas de la ciudad presente y futura.<\/p>\n<p>Sin duda alguna, el recorrido por las intervenciones presentadas en las p\u00e1ginas siguientes nos permite afi rmar que el patrimonio cultural construido en Bogot\u00e1 est\u00e1 m\u00e1s vivo que nunca, que el patrimonio bogotano tiene futuro.<\/p>\n<p><strong>Autor: <\/strong>Rafael M\u00e9ndez-IDPC<br \/>\n<strong>A\u00f1o:<\/strong> 2019<\/p>\n<p><a href=\"https:\/\/libreriasiglo.com\/selloeditorial\/ipc-instituto-distrital-de-patrimonio-cultural.html\"><img decoding=\"async\" class=\"alignleft wp-image-11899 size-full\" src=\"https:\/\/idpc.gov.co\/publicaciones\/wp-content\/uploads\/2020\/12\/comprar.png\" alt=\"Comprar\" width=\"158\" height=\"49\" \/><\/a><\/p>\n","protected":false},"featured_media":1351,"comment_status":"open","ping_status":"closed","template":"","meta":{"_acf_changed":false},"product_brand":[],"product_cat":[103],"product_tag":[],"class_list":{"0":"post-892","1":"product","2":"type-product","3":"status-publish","4":"has-post-thumbnail","6":"product_cat-proyecciones_y_apuestas","8":"first","9":"instock","10":"shipping-taxable","11":"purchasable","12":"product-type-simple"},"acf":[],"_links":{"self":[{"href":"https:\/\/idpc.gov.co\/publicaciones\/wp-json\/wp\/v2\/product\/892","targetHints":{"allow":["GET"]}}],"collection":[{"href":"https:\/\/idpc.gov.co\/publicaciones\/wp-json\/wp\/v2\/product"}],"about":[{"href":"https:\/\/idpc.gov.co\/publicaciones\/wp-json\/wp\/v2\/types\/product"}],"replies":[{"embeddable":true,"href":"https:\/\/idpc.gov.co\/publicaciones\/wp-json\/wp\/v2\/comments?post=892"}],"wp:featuredmedia":[{"embeddable":true,"href":"https:\/\/idpc.gov.co\/publicaciones\/wp-json\/wp\/v2\/media\/1351"}],"wp:attachment":[{"href":"https:\/\/idpc.gov.co\/publicaciones\/wp-json\/wp\/v2\/media?parent=892"}],"wp:term":[{"taxonomy":"product_brand","embeddable":true,"href":"https:\/\/idpc.gov.co\/publicaciones\/wp-json\/wp\/v2\/product_brand?post=892"},{"taxonomy":"product_cat","embeddable":true,"href":"https:\/\/idpc.gov.co\/publicaciones\/wp-json\/wp\/v2\/product_cat?post=892"},{"taxonomy":"product_tag","embeddable":true,"href":"https:\/\/idpc.gov.co\/publicaciones\/wp-json\/wp\/v2\/product_tag?post=892"}],"curies":[{"name":"wp","href":"https:\/\/api.w.org\/{rel}","templated":true}]}}