{"id":887,"date":"2019-05-17T15:12:33","date_gmt":"2019-05-17T20:12:33","guid":{"rendered":"https:\/\/idpc.gov.co\/publicaciones\/?post_type=product&#038;p=887"},"modified":"2024-04-30T22:35:38","modified_gmt":"2024-05-01T03:35:38","slug":"atlas-historico-de-barrios-de-bogota-1884-1954-2","status":"publish","type":"product","link":"https:\/\/idpc.gov.co\/publicaciones\/producto\/atlas-historico-de-barrios-de-bogota-1884-1954-2\/","title":{"rendered":"Atlas hist\u00f3rico de barrios de Bogot\u00e1. 1884-1954"},"content":{"rendered":"<div style=\"position: relative; padding-top: max(60%,326px); height: 0; width: 100%;\"><iframe style=\"position: absolute; border: none; width: 100%; height: 100%; left: 0; right: 0; top: 0; bottom: 0;\" src=\"https:\/\/e.issuu.com\/embed.html?d=atlas_hist_rico_de_barrios_web__1_&amp;u=patrimoniobogota\" sandbox=\"allow-top-navigation allow-top-navigation-by-user-activation allow-downloads allow-scripts allow-same-origin allow-popups allow-modals allow-popups-to-escape-sandbox\" allowfullscreen=\"allowfullscreen\"><\/iframe><\/div>\n","protected":false},"excerpt":{"rendered":"<p>Este in\u00e9dito atlas es el resultado de una rigurosa investigaci\u00f3n acerca del crecimiento de Bogot\u00e1, los l\u00edmites del territorio y la organizaci\u00f3n de la forma urbana a trav\u00e9s de los barrios. Estos, en el marco temporal de la presente publicaci\u00f3n, son entendidos como n\u00facleos sociales y como el motor de la transformaci\u00f3n del per\u00edmetro urbano de la ciudad desde finales de siglo XIX hasta mediados del XX, y nos permiten tejer las relaciones originadas entre los cambios de uso del suelo, la especulaci\u00f3n de la tierra y las efectivas acciones de urbanizaci\u00f3n en distintos sectores de la capital. Pero tambi\u00e9n nos hablan de segregaci\u00f3n, zonificaci\u00f3n y estratificaci\u00f3n de los lugares de vivienda, que a\u00fan hoy persisten en el imaginario del espacio urbano bogotano.<\/p>\n<p>Desde el punto de vista de la administraci\u00f3n de la ciudad, la conformaci\u00f3n de barrios en Bogot\u00e1 conllev\u00f3 la b\u00fasqueda de regulaci\u00f3n, de formulaci\u00f3n de una normativa y la necesidad de institucionalizar la planeaci\u00f3n urbana, con el prop\u00f3sito de dar respuesta \u2014no siempre de manera inmediata\u2014 a las condiciones de suministro y adecuaci\u00f3n de los servicios p\u00fablicos, como la energ\u00eda, el acueducto y el alcantarillado, para todas las nuevas zonas habitacionales que surgieron entre 1884 y 1954. As\u00ed mismo, de la mano de la conformaci\u00f3n de los barrios, se dieron la apertura y cesi\u00f3n de calles y la definici\u00f3n de plazas, parques, antejardines, andenes y zonas p\u00fablicas que conforman el origen hist\u00f3rico de sus trazas.<\/p>\n<p>Esta publicaci\u00f3n re\u00fane las investigaciones \u201cCartograf\u00eda de Bogot\u00e1\u201d y \u201cLa urbanizaci\u00f3n de Bogot\u00e1: 1914-1944\u201d, realizadas por Luis Carlos Col\u00f3n Llamas, profesor asociado de la Universidad Nacional de Colombia, y \u201cAtlas de barrios de Bogot\u00e1\u201d, llevada a cabo por Germ\u00e1n Mej\u00eda para el Instituto Distrital de Patrimonio Cultural (IDPC) en 2015. En 2019 y en el marco de un convenio entre el IDPC y la Universidad Nacional de Colombia, los esfuerzos de las investigaciones se unieron en la b\u00fasqueda cartogr\u00e1fica, la catalogaci\u00f3n y la selecci\u00f3n del material de planos \u2014provenientes en su mayor\u00eda de fondos notariales\u2014, pero tambi\u00e9n en la formulaci\u00f3n del marco temporal del atlas, que parte de 1884, una de las primeras fechas de registro de parcelaciones en Chapinero, y llega hasta 1954, a\u00f1o en que se anexaron los seis municipios vecinos a la capital. Los once sectores que estructuran los cap\u00edtulos del libro obedecen a su vez a la divisi\u00f3n de zonas censales establecidas en la ciudad entre 1938 y 1951, siendo estas las que permiten narrar la conformaci\u00f3n de los barrios obreros y los conglomerados urbanos de \u00e9lite, la proyecci\u00f3n de las zonas de desarrollo individual, la desaparici\u00f3n de los ejidos y la aparici\u00f3n de los grandes proyectos de urbanizaci\u00f3n, entre otros aspectos.<\/p>\n<p>Dando continuidad a la l\u00ednea editorial del Instituto Distrital de Patrimonio Cultural, que en a\u00f1os anteriores ha publicado los t\u00edtulos Atlas hist\u00f3rico de Bogot\u00e1 1538-1910, Atlas hist\u00f3rico de Bogot\u00e1 1911-1948 y Atlas cartogr\u00e1fico de Bogot\u00e1 1791-2007, con este Atlas hist\u00f3rico de barrios 1884-1954 se busca aportar una mirada a la cartograf\u00eda, la historia, el urbanismo y la sensibilidad hacia la comprensi\u00f3n de la ciudad desde el \u00e1mbito de lo patrimonial.<\/p>\n<p>A trav\u00e9s de una aproximaci\u00f3n al origen y a las formas de estos barrios en los que vivimos, estudiamos y trabajamos, podemos entender que los lugares que recorremos y habitamos se asientan en el entramado de relaciones hist\u00f3ricas y sociales que dan nuevos sentidos al modo de usar y disfrutar nuestra ciudad.<\/p>\n<p><strong>Autores: <\/strong>Luis Carlos Col\u00f3n Llamas y Germ\u00e1n Mej\u00eda Pavony<br \/>\n<strong>A\u00f1o: <\/strong>2019<\/p>\n","protected":false},"featured_media":1420,"comment_status":"open","ping_status":"closed","template":"","meta":{"_acf_changed":false},"product_brand":[],"product_cat":[102],"product_tag":[],"class_list":{"0":"post-887","1":"product","2":"type-product","3":"status-publish","4":"has-post-thumbnail","6":"product_cat-exploraciones_y_recorridos","8":"first","9":"instock","10":"shipping-taxable","11":"purchasable","12":"product-type-simple"},"acf":[],"_links":{"self":[{"href":"https:\/\/idpc.gov.co\/publicaciones\/wp-json\/wp\/v2\/product\/887","targetHints":{"allow":["GET"]}}],"collection":[{"href":"https:\/\/idpc.gov.co\/publicaciones\/wp-json\/wp\/v2\/product"}],"about":[{"href":"https:\/\/idpc.gov.co\/publicaciones\/wp-json\/wp\/v2\/types\/product"}],"replies":[{"embeddable":true,"href":"https:\/\/idpc.gov.co\/publicaciones\/wp-json\/wp\/v2\/comments?post=887"}],"wp:featuredmedia":[{"embeddable":true,"href":"https:\/\/idpc.gov.co\/publicaciones\/wp-json\/wp\/v2\/media\/1420"}],"wp:attachment":[{"href":"https:\/\/idpc.gov.co\/publicaciones\/wp-json\/wp\/v2\/media?parent=887"}],"wp:term":[{"taxonomy":"product_brand","embeddable":true,"href":"https:\/\/idpc.gov.co\/publicaciones\/wp-json\/wp\/v2\/product_brand?post=887"},{"taxonomy":"product_cat","embeddable":true,"href":"https:\/\/idpc.gov.co\/publicaciones\/wp-json\/wp\/v2\/product_cat?post=887"},{"taxonomy":"product_tag","embeddable":true,"href":"https:\/\/idpc.gov.co\/publicaciones\/wp-json\/wp\/v2\/product_tag?post=887"}],"curies":[{"name":"wp","href":"https:\/\/api.w.org\/{rel}","templated":true}]}}