{"id":885,"date":"2019-12-22T14:58:16","date_gmt":"2019-12-22T19:58:16","guid":{"rendered":"https:\/\/idpc.gov.co\/publicaciones\/?post_type=product&#038;p=885"},"modified":"2024-04-30T22:23:44","modified_gmt":"2024-05-01T03:23:44","slug":"el-parque-del-centenario-en-bogota-transformacion-urbana-itinerario-y-significado","status":"publish","type":"product","link":"https:\/\/idpc.gov.co\/publicaciones\/producto\/el-parque-del-centenario-en-bogota-transformacion-urbana-itinerario-y-significado\/","title":{"rendered":"El Parque del Centenario en Bogot\u00e1. Transformaci\u00f3n Urbana, Itinerario y Significado"},"content":{"rendered":"<p><iframe style=\"border: none; width: 100%; height: 326px;\" src=\"\/\/e.issuu.com\/embed.html?d=parque_del_centenario_web&amp;u=patrimoniobogota\" allowfullscreen=\"allowfullscreen\"><\/iframe><\/p>\n","protected":false},"excerpt":{"rendered":"<p>Para el Instituto Distrital de Patrimonio Cultural (IDPC), resulta de gran relevancia esta publicaci\u00f3n sobre la historia del hoy extinto Parque del Centenario. Inaugurado en 1883 en conmemoraci\u00f3n del natalicio del Libertador Sim\u00f3n Bol\u00edvar, este espacio se construy\u00f3 inicialmente para honrar la figura fundacional de la rep\u00fablica y cont\u00f3 con las ideas y participaci\u00f3n en el dise\u00f1o y ejecuci\u00f3n de grandes personajes y art\u00edfices de la \u00e9poca, como Pietro Cantini, Luigi Ramelli, Alberto Urdaneta y Antoine Desprey. A\u00f1os m\u00e1s tarde, y hasta la d\u00e9cada de 1930, el parque se posicion\u00f3 como lugar de encuentro y diversi\u00f3n, y ofreci\u00f3 la posibilidad de una nueva relaci\u00f3n de los bogotanos con la naturaleza mediante la especializaci\u00f3n de la jardiner\u00eda y la ornamentaci\u00f3n con particulares especies arb\u00f3reas.<\/p>\n<p>La transformaci\u00f3n urbana de este sector del centro de la ciudad causada por la apertura de la carrera 10.\u00aa y de la calle 26 llevar\u00eda a que, para 1958, el parque hubiera desaparecido de la geograf\u00eda de la ciudad. De su extensi\u00f3n y composici\u00f3n inicial, solo quedar\u00edan algunos elementos constitutivos, ubicados de forma fragmentaria en la zona: una fuente, la escultura de la Rebeca con su estanque y el Templete al Libertador. Este \u00faltimo, considerado el eje tem\u00e1tico del lugar y pensado para contener una escultura alusiva a Sim\u00f3n Bol\u00edvar \u2014que, como se leer\u00e1 en las p\u00e1ginas siguientes, sufri\u00f3 distintas p\u00e9rdidas y cambios\u2014, terminar\u00eda siendo trasladado a donde se ubica actualmente, el Parque de los Periodistas. En noviembre de 2018, el Ministerio de Cultura y el IDPC unieron esfuerzos para restablecer la imagen de la obra escult\u00f3rica que originalmente se contrat\u00f3 en 1883 para ocupar este lugar, a trav\u00e9s de la realizaci\u00f3n de una copia del original que hoy reposa en un batall\u00f3n del Ej\u00e9rcito Nacional en Tunja.<\/p>\n<p>El trabajo de investigaci\u00f3n realizado por Hugo Delgadillo, y que constituye el contenido de este nuevo t\u00edtulo editado por el IDPC, fue laureado en el marco de la Maestr\u00eda en Teor\u00eda e Historia del Arte, la Arquitectura y la Ciudad de la Universidad Nacional de Colombia. Para el instituto, su publicaci\u00f3n es una oportunidad de hacer un llamado a no olvidar la historia, una manera de poner en contexto esos fragmentos del parque que a\u00fan permanecen en la ciudad y una forma de llamar la atenci\u00f3n con respecto a la importancia de conocer, valorar y apropiar el patrimonio cultural con el fin de preservar la memoria y, a su vez, pensar mejor la ciudad del futuro.<\/p>\n<p><strong>Autor: <\/strong>Hugo Delgadillo<br \/>\n<strong>A\u00f1o: <\/strong>2019<\/p>\n","protected":false},"featured_media":1352,"comment_status":"open","ping_status":"closed","template":"","meta":{"_acf_changed":false},"product_brand":[],"product_cat":[101],"product_tag":[],"class_list":{"0":"post-885","1":"product","2":"type-product","3":"status-publish","4":"has-post-thumbnail","6":"product_cat-lugares_y_tiempos","8":"first","9":"instock","10":"shipping-taxable","11":"purchasable","12":"product-type-simple"},"acf":[],"_links":{"self":[{"href":"https:\/\/idpc.gov.co\/publicaciones\/wp-json\/wp\/v2\/product\/885","targetHints":{"allow":["GET"]}}],"collection":[{"href":"https:\/\/idpc.gov.co\/publicaciones\/wp-json\/wp\/v2\/product"}],"about":[{"href":"https:\/\/idpc.gov.co\/publicaciones\/wp-json\/wp\/v2\/types\/product"}],"replies":[{"embeddable":true,"href":"https:\/\/idpc.gov.co\/publicaciones\/wp-json\/wp\/v2\/comments?post=885"}],"wp:featuredmedia":[{"embeddable":true,"href":"https:\/\/idpc.gov.co\/publicaciones\/wp-json\/wp\/v2\/media\/1352"}],"wp:attachment":[{"href":"https:\/\/idpc.gov.co\/publicaciones\/wp-json\/wp\/v2\/media?parent=885"}],"wp:term":[{"taxonomy":"product_brand","embeddable":true,"href":"https:\/\/idpc.gov.co\/publicaciones\/wp-json\/wp\/v2\/product_brand?post=885"},{"taxonomy":"product_cat","embeddable":true,"href":"https:\/\/idpc.gov.co\/publicaciones\/wp-json\/wp\/v2\/product_cat?post=885"},{"taxonomy":"product_tag","embeddable":true,"href":"https:\/\/idpc.gov.co\/publicaciones\/wp-json\/wp\/v2\/product_tag?post=885"}],"curies":[{"name":"wp","href":"https:\/\/api.w.org\/{rel}","templated":true}]}}