{"id":876,"date":"2020-03-18T13:30:40","date_gmt":"2020-03-18T18:30:40","guid":{"rendered":"https:\/\/idpc.gov.co\/publicaciones\/?post_type=product&#038;p=876"},"modified":"2024-04-30T22:35:41","modified_gmt":"2024-05-01T03:35:41","slug":"patrimonio-arqueologico-del-centro-historico-de-bogota-conocer-apropiar-preservar","status":"publish","type":"product","link":"https:\/\/idpc.gov.co\/publicaciones\/producto\/patrimonio-arqueologico-del-centro-historico-de-bogota-conocer-apropiar-preservar\/","title":{"rendered":"Patrimonio arqueol\u00f3gico del centro hist\u00f3rico de Bogot\u00e1. Conocer, apropiar, preservar"},"content":{"rendered":"<p><iframe style=\"border: none; width: 100%; height: 326px;\" src=\"\/\/e.issuu.com\/embed.html?d=patrimonio_arqueol_gico_en_bogot___1_&amp;u=patrimoniobogota\" allowfullscreen=\"allowfullscreen\"><\/iframe><\/p>\n","protected":false},"excerpt":{"rendered":"<p>Esta publicaci\u00f3n es acerca del patrimonio arqueol\u00f3gico de la ciudad, el patrimonio cultural enterrado que poco a poco ha salido a la luz para contar sobre la vida y la muerte en la ciudad, sobre la permanencia de pr\u00e1cticas ind\u00edgenas y europeas en los oficios, como la producci\u00f3n cer\u00e1mica o la preparaci\u00f3n de alimentos, y las estrategias para la obtenci\u00f3n de recursos, como el agua, en espacios que se hacen peque\u00f1os frente al aumento de poblaci\u00f3n, propio de las urbes.<\/p>\n<p>El incremento de obras de restauraci\u00f3n y de adecuaci\u00f3n de Bienes de Inter\u00e9s Cultural as\u00ed como del espacio p\u00fablico que los circunda, con programas de arqueolog\u00eda preventiva, ha permitido recuperar buena parte de este patrimonio. Sin embargo, hac\u00eda falta construir un documento que recopilara la informaci\u00f3n sobre los m\u00e1s de cincuenta y tres sitios excavados en el Centro Hist\u00f3rico y que describiera de forma amena y detallada los objetos y estructuras arquitect\u00f3nicas excavadas as\u00ed como la forma de protegerlos mitigando su destrucci\u00f3n.<\/p>\n<p>Esta cartilla es producto del diagn\u00f3stico y la formulaci\u00f3n del Plan de Manejo Arqueol\u00f3gico elaborado para el Plan Especial de Manejo y Protecci\u00f3n del Centro Hist\u00f3rico \u2013 PEMP, fue presentado y aprobado por el Instituto Colombiano de Antropolog\u00eda e Historia \u2013 ICANH, como herramienta de gesti\u00f3n, protecci\u00f3n y apropiaci\u00f3n social de este importante patrimonio. Por eso, para el Instituto Distrital de Patrimonio Cultural (IDPC), resulta de gran valor esta publicaci\u00f3n, en formato cartilla, para dar a conocer el trabajo silencioso de los arque\u00f3logos de la mano de la antrop\u00f3loga e historiadora M\u00f3nika Therrien, quien, con el apoyo del grupo de Arqueolog\u00eda del Instituto, se dio a la tarea de recopilar, analizar y construir medidas de protecci\u00f3n sobre el patrimonio arqueol\u00f3gico del\u00a0Centro Hist\u00f3rico de Bogot\u00e1.<strong>\u00a0<\/strong><\/p>\n<p><strong>Autora:<\/strong> M\u00f3nika Therrien<br \/>\n<strong>A\u00f1o:<\/strong> 2019<\/p>\n<p>&nbsp;<\/p>\n<p><a href=\"https:\/\/idpc.gov.co\/publicaciones\/descargas\/patrimonio_arqueologico.pdf\"><img decoding=\"async\" class=\"alignleft wp-image-11737 size-full\" src=\"https:\/\/idpc.gov.co\/publicaciones\/wp-content\/uploads\/2019\/03\/descargar115.png\" alt=\"\" width=\"158\" height=\"49\" \/><\/a><\/p>\n<p><strong>L<\/strong><strong>icencia de Creative Commons: Atribuci\u00f3n\u00a0\u2013 No comercial\u00a0\u2013\u00a0Sin Derivar.\u00a0Esta licencia solo permite la descarga de esta obra para compartirla con otras personas, siempre y cuando se reconozca su autor\u00eda. La obra no se puede modificar de ninguna manera, ni se puede utilizar comercialmente.<\/strong><\/p>\n","protected":false},"featured_media":1353,"comment_status":"open","ping_status":"closed","template":"","meta":{"_acf_changed":false},"product_brand":[],"product_cat":[102],"product_tag":[],"class_list":{"0":"post-876","1":"product","2":"type-product","3":"status-publish","4":"has-post-thumbnail","6":"product_cat-exploraciones_y_recorridos","8":"first","9":"instock","10":"shipping-taxable","11":"product-type-external"},"acf":[],"_links":{"self":[{"href":"https:\/\/idpc.gov.co\/publicaciones\/wp-json\/wp\/v2\/product\/876","targetHints":{"allow":["GET"]}}],"collection":[{"href":"https:\/\/idpc.gov.co\/publicaciones\/wp-json\/wp\/v2\/product"}],"about":[{"href":"https:\/\/idpc.gov.co\/publicaciones\/wp-json\/wp\/v2\/types\/product"}],"replies":[{"embeddable":true,"href":"https:\/\/idpc.gov.co\/publicaciones\/wp-json\/wp\/v2\/comments?post=876"}],"wp:featuredmedia":[{"embeddable":true,"href":"https:\/\/idpc.gov.co\/publicaciones\/wp-json\/wp\/v2\/media\/1353"}],"wp:attachment":[{"href":"https:\/\/idpc.gov.co\/publicaciones\/wp-json\/wp\/v2\/media?parent=876"}],"wp:term":[{"taxonomy":"product_brand","embeddable":true,"href":"https:\/\/idpc.gov.co\/publicaciones\/wp-json\/wp\/v2\/product_brand?post=876"},{"taxonomy":"product_cat","embeddable":true,"href":"https:\/\/idpc.gov.co\/publicaciones\/wp-json\/wp\/v2\/product_cat?post=876"},{"taxonomy":"product_tag","embeddable":true,"href":"https:\/\/idpc.gov.co\/publicaciones\/wp-json\/wp\/v2\/product_tag?post=876"}],"curies":[{"name":"wp","href":"https:\/\/api.w.org\/{rel}","templated":true}]}}