{"id":874,"date":"2018-09-07T13:26:37","date_gmt":"2018-09-07T18:26:37","guid":{"rendered":"https:\/\/idpc.gov.co\/publicaciones\/?post_type=product&#038;p=874"},"modified":"2024-04-30T22:35:28","modified_gmt":"2024-05-01T03:35:28","slug":"escultura-en-bogota-la-poetica-de-la-ciudad","status":"publish","type":"product","link":"https:\/\/idpc.gov.co\/publicaciones\/producto\/escultura-en-bogota-la-poetica-de-la-ciudad\/","title":{"rendered":"Escultura en Bogot\u00e1. La po\u00e9tica de la ciudad"},"content":{"rendered":"<div style=\"position: relative; padding-top: max(60%,326px); height: 0; width: 100%;\"><iframe style=\"position: absolute; border: none; width: 100%; height: 100%; left: 0; right: 0; top: 0; bottom: 0;\" src=\"https:\/\/e.issuu.com\/embed.html?d=escultura_en_bogota_la_poetica_de_la_ciudad_web&amp;u=patrimoniobogota\" sandbox=\"allow-top-navigation allow-top-navigation-by-user-activation allow-downloads allow-scripts allow-same-origin allow-popups allow-modals allow-popups-to-escape-sandbox\" allowfullscreen=\"allowfullscreen\"><\/iframe><\/div>\n","protected":false},"excerpt":{"rendered":"<p>Bogot\u00e1 es una ciudad de esculturas. Como parte de los m\u00e1s de 560 bienes muebles inventariados que se ubican en el espacio p\u00fablico de Bogot\u00e1, cerca de 350 corresponden a monumentos conmemorativos y obras de arte. En estos se incluyen, desde las primeras estatuas instaladas en la ciudad como el <em>Sim\u00f3n Bol\u00edvar<\/em> de Pietro Tenerani en la Plaza de Bol\u00edvar (1846) o el <em>Francisco de Paula Santander<\/em> de Pietro Costa en el parque que lleva su nombre (1878), hasta los ejemplos m\u00e1s modernos y contempor\u00e1neos de finales de siglo XX e inicios del XXI, como los grandes conjuntos de artistas de la talla de \u00c9dgar Negret y Eduardo Ram\u00edrez Villamizar o de Hugo Zapata y Bernardo Salcedo.<\/p>\n<p>Este libro es un homenaje, desde varios puntos de vista, al conjunto de piezas escult\u00f3ricas de Bogot\u00e1, a trav\u00e9s de la selecci\u00f3n de un centenar de obras realizada por la restauradora e historiadora Paula Matiz. Su novedosa propuesta se aleja de un relato cronol\u00f3gico para adentrarse a la presentaci\u00f3n de las obras desde seis temas que abarcan: el territorio, como referente geogr\u00e1fico, mitol\u00f3gico y natural; las convergencias, como situaciones de encuentro de din\u00e1micas y culturas desde el siglo XVII; las conmemoraciones, en cercana afiliaci\u00f3n con los procesos de independencia; los prop\u00f3sitos, como aquellas ideas de construcci\u00f3n de una Rep\u00fablica; las divergencias, en tanto las tensiones violencia\/paz, producto del conflicto pol\u00edtico; y las exploraciones, como la b\u00fasqueda de nuevos lenguajes en el arte.<\/p>\n<p>Esta es una oportunidad para ver a Bogot\u00e1 desde un \u00e1ngulo m\u00e1s amable, c\u00e1lido y cercano. Una ocasi\u00f3n para salir y gozarnos el espacio p\u00fablico, el espacio de todos, desde la escultura y el patrimonio cultural, como elementos constitutivos de la po\u00e9tica de la ciudad.<\/p>\n<p><strong>Autora:<\/strong>Paula Matiz<br \/>\n<strong>A\u00f1o:<\/strong> 2019<\/p>\n<p><a href=\"https:\/\/libreriasiglo.com\/selloeditorial\/ipc-instituto-distrital-de-patrimonio-cultural.html\"><img decoding=\"async\" class=\"alignleft wp-image-11899 size-full\" src=\"https:\/\/idpc.gov.co\/publicaciones\/wp-content\/uploads\/2020\/12\/comprar.png\" alt=\"Comprar\" width=\"158\" height=\"49\" \/><\/a><\/p>\n","protected":false},"featured_media":1363,"comment_status":"open","ping_status":"closed","template":"","meta":{"_acf_changed":false},"product_brand":[],"product_cat":[102],"product_tag":[],"class_list":{"0":"post-874","1":"product","2":"type-product","3":"status-publish","4":"has-post-thumbnail","6":"product_cat-exploraciones_y_recorridos","8":"first","9":"instock","10":"shipping-taxable","11":"purchasable","12":"product-type-simple"},"acf":[],"_links":{"self":[{"href":"https:\/\/idpc.gov.co\/publicaciones\/wp-json\/wp\/v2\/product\/874","targetHints":{"allow":["GET"]}}],"collection":[{"href":"https:\/\/idpc.gov.co\/publicaciones\/wp-json\/wp\/v2\/product"}],"about":[{"href":"https:\/\/idpc.gov.co\/publicaciones\/wp-json\/wp\/v2\/types\/product"}],"replies":[{"embeddable":true,"href":"https:\/\/idpc.gov.co\/publicaciones\/wp-json\/wp\/v2\/comments?post=874"}],"wp:featuredmedia":[{"embeddable":true,"href":"https:\/\/idpc.gov.co\/publicaciones\/wp-json\/wp\/v2\/media\/1363"}],"wp:attachment":[{"href":"https:\/\/idpc.gov.co\/publicaciones\/wp-json\/wp\/v2\/media?parent=874"}],"wp:term":[{"taxonomy":"product_brand","embeddable":true,"href":"https:\/\/idpc.gov.co\/publicaciones\/wp-json\/wp\/v2\/product_brand?post=874"},{"taxonomy":"product_cat","embeddable":true,"href":"https:\/\/idpc.gov.co\/publicaciones\/wp-json\/wp\/v2\/product_cat?post=874"},{"taxonomy":"product_tag","embeddable":true,"href":"https:\/\/idpc.gov.co\/publicaciones\/wp-json\/wp\/v2\/product_tag?post=874"}],"curies":[{"name":"wp","href":"https:\/\/api.w.org\/{rel}","templated":true}]}}