{"id":870,"date":"2018-08-05T13:15:00","date_gmt":"2018-08-05T18:15:00","guid":{"rendered":"https:\/\/idpc.gov.co\/publicaciones\/?post_type=product&#038;p=870"},"modified":"2024-04-30T22:35:25","modified_gmt":"2024-05-01T03:35:25","slug":"escultura-en-bogota-entre-lo-moderno-y-lo-contemporaneo-agenda-2019","status":"publish","type":"product","link":"https:\/\/idpc.gov.co\/publicaciones\/producto\/escultura-en-bogota-entre-lo-moderno-y-lo-contemporaneo-agenda-2019\/","title":{"rendered":"Escultura en Bogot\u00e1. Entre lo moderno y lo contempor\u00e1neo \/Agenda 2019"},"content":{"rendered":"<p><iframe style=\"border: none; width: 100%; height: 326px;\" src=\"\/\/e.issuu.com\/embed.html?d=agenda_escultura_moderna_2019_web02&amp;u=patrimoniobogota\" allowfullscreen=\"allowfullscreen\"><\/iframe><\/p>\n","protected":false},"excerpt":{"rendered":"<p>Bogot\u00e1 cuenta con m\u00e1s de 560 bienes muebles inventariados, de los cuales 350 corresponden a esculturas y monumentos conmemorativos ubicados en el espacio p\u00fablico. Los monumentos cl\u00e1sicos son quiz\u00e1s los que m\u00e1s f\u00e1cilmente se asocian con la idea de patrimonio cultural, pues representan las formas y t\u00e9cnicas tradicionales de rememorar un personaje o un suceso, y a su vez corresponden con los primeros tipos de escultura ubicada en los espacios emblem\u00e1ticos de la ciudad. El ejemplo m\u00e1s antiguo de este tipo de monumento en la capital es el Sim\u00f3n Bol\u00edvar de Pietro Tenerani, el cual desde el a\u00f1o 1846 le da nombre a la plaza m\u00e1s importante de Bogot\u00e1.<\/p>\n<p>La escasa distancia temporal que tenemos respecto a la aparici\u00f3n de la escultura moderna en la ciudad (1971 con Homenaje a Gandhi de Feliza Burztyn), genera a\u00fan preguntas respecto a si estas obras se asumen de forma estricta desde el \u00e1mbito art\u00edstico, o si debido a los distintos valores que representan, encuentran cabida en la mirada que se da desde el campo del patrimonio cultural. En este marco, al Instituto Distrital de Patrimonio Cultural (IDPC) le interesa reconocer la importancia de estos objetos que dan cuenta de artistas, t\u00e9cnicas, propuestas, s\u00edmbolos, rupturas est\u00e9ticas y diversos sentidos que le confieren a la ciudad y, de esta forma, poder divulgar su relevancia y la necesidad de que sean conocidos, apropiados y conservados.<\/p>\n<p>Como parte de este trabajo, el IDPC lidera varias estrategias para poner en valor esta inmensa colecci\u00f3n de obras en el espacio p\u00fablico de las distintas localidades bogotanas, a trav\u00e9s de intervenciones de restauraci\u00f3n y de mantenimiento preventivo, as\u00ed como del programa Adopta un Monumento, que tiene como objetivo vincular a entidades p\u00fablicas y privadas, personas naturales y comunidad en general en la salvaguarda del patrimonio mueble de Bogot\u00e1, mediante la activaci\u00f3n de procesos de apropiaci\u00f3n, recuperaci\u00f3n y cuidado de esculturas y objetos de valor patrimonial.<\/p>\n<p>Esta agenda pretende dar a conocer esta interesante y rica colecci\u00f3n que tiene Bogot\u00e1, a partir de la obra escult\u00f3rica de m\u00e1s de 22 artistas nacionales y extranjeros. No podemos dejar pasar por alto el gran museo que tenemos a cielo abierto: grandes conjuntos de obras de Edgar Negret y Eduardo Ram\u00edrez Villamizar, adem\u00e1s de otras de Enrique Grau, Fernando Botero, Alejandro Obreg\u00f3n, Hugo Zapata o Bernardo Salcedo, por citar algunos. Estas obras se encuentran para ser disfrutadas por todos los habitantes, por lo tanto tambi\u00e9n esperamos que las mismas sean valoradas y cuidadas por todos los Bogotanos.<\/p>\n<p><strong>Autoras:<\/strong> Sim\u00f3n Rojas-IDPC<br \/>\n<strong>A\u00f1o:\u00a0<\/strong> 2019<\/p>\n<p>&nbsp;<\/p>\n<p><a href=\"https:\/\/idpc.gov.co\/publicaciones\/descargas\/agenda_escultura.pdf\"><img decoding=\"async\" class=\"alignleft wp-image-11737 size-full\" src=\"https:\/\/idpc.gov.co\/publicaciones\/wp-content\/uploads\/2019\/03\/descargar115.png\" alt=\"\" width=\"158\" height=\"49\" \/><\/a><\/p>\n<p><strong>L<\/strong><strong>icencia de Creative Commons: Atribuci\u00f3n\u00a0\u2013 No comercial\u00a0\u2013\u00a0Sin Derivar.\u00a0Esta licencia solo permite la descarga de esta obra para compartirla con otras personas, siempre y cuando se reconozca su autor\u00eda. La obra no se puede modificar de ninguna manera, ni se puede utilizar comercialmente.<\/strong><\/p>\n","protected":false},"featured_media":1344,"comment_status":"open","ping_status":"closed","template":"","meta":{"_acf_changed":false},"product_brand":[],"product_cat":[102],"product_tag":[],"class_list":{"0":"post-870","1":"product","2":"type-product","3":"status-publish","4":"has-post-thumbnail","6":"product_cat-exploraciones_y_recorridos","8":"first","9":"instock","10":"shipping-taxable","11":"purchasable","12":"product-type-simple"},"acf":[],"_links":{"self":[{"href":"https:\/\/idpc.gov.co\/publicaciones\/wp-json\/wp\/v2\/product\/870","targetHints":{"allow":["GET"]}}],"collection":[{"href":"https:\/\/idpc.gov.co\/publicaciones\/wp-json\/wp\/v2\/product"}],"about":[{"href":"https:\/\/idpc.gov.co\/publicaciones\/wp-json\/wp\/v2\/types\/product"}],"replies":[{"embeddable":true,"href":"https:\/\/idpc.gov.co\/publicaciones\/wp-json\/wp\/v2\/comments?post=870"}],"wp:featuredmedia":[{"embeddable":true,"href":"https:\/\/idpc.gov.co\/publicaciones\/wp-json\/wp\/v2\/media\/1344"}],"wp:attachment":[{"href":"https:\/\/idpc.gov.co\/publicaciones\/wp-json\/wp\/v2\/media?parent=870"}],"wp:term":[{"taxonomy":"product_brand","embeddable":true,"href":"https:\/\/idpc.gov.co\/publicaciones\/wp-json\/wp\/v2\/product_brand?post=870"},{"taxonomy":"product_cat","embeddable":true,"href":"https:\/\/idpc.gov.co\/publicaciones\/wp-json\/wp\/v2\/product_cat?post=870"},{"taxonomy":"product_tag","embeddable":true,"href":"https:\/\/idpc.gov.co\/publicaciones\/wp-json\/wp\/v2\/product_tag?post=870"}],"curies":[{"name":"wp","href":"https:\/\/api.w.org\/{rel}","templated":true}]}}