{"id":867,"date":"2019-03-19T13:09:15","date_gmt":"2019-03-19T18:09:15","guid":{"rendered":"https:\/\/idpc.gov.co\/publicaciones\/?post_type=product&#038;p=867"},"modified":"2024-04-30T22:31:38","modified_gmt":"2024-05-01T03:31:38","slug":"la-bogota-de-los-martires","status":"publish","type":"product","link":"https:\/\/idpc.gov.co\/publicaciones\/producto\/la-bogota-de-los-martires\/","title":{"rendered":"La Bogot\u00e1 de Los M\u00e1rtires"},"content":{"rendered":"<p><iframe style=\"border: none; width: 100%; height: 326px;\" src=\"\/\/e.issuu.com\/embed.html?d=martires_tableto_y_tarjetas&amp;u=patrimoniobogota\" allowfullscreen=\"allowfullscreen\"><\/iframe><\/p>\n","protected":false},"excerpt":{"rendered":"<p>En el marco del programa Patrimonios Locales, el IDPC ha realizado importantes avances en la identificaci\u00f3n del Patrimonio Cultural Inmaterial (PCI) presente en las localidades de Bogot\u00e1 a trav\u00e9s de procesos de investigaci\u00f3n participativa y colaborativa.\u00a0 Producto de este esfuerzo colectivo se desarroll\u00f3 la cartilla Somos Usme, venimos de la quinta, en donde se recogen, desde las voces de diversos actores de la localidad, las investigaciones adelantadas por los participantes del proceso en torno a algunas manifestaciones patrimoniales y temas relevantes de la memoria local en 2018. Todo ello con el acompa\u00f1amiento del equipo de PCI del IDPC.<\/p>\n<p>La Bogot\u00e1 de los M\u00e1rtires presenta un juego de mesa donde los participantes podr\u00e1n, a trav\u00e9s del trabajo en equipo, reconocer una serie de saberes, usos, pr\u00e1cticas, t\u00e9cnicas e historias en torno a cinco manifestaciones culturales presentes en la localidad. \u00bfCu\u00e1les son los rituales que se realizan en el Cementerio Central? \u00bfSabe usted qu\u00e9 hace un ropavejero? Para un dolor de est\u00f3mago \u00bfsabr\u00eda usted a d\u00f3nde acudir? Recorrer el pasado y presente de la localidad desde el patrimonio inmaterial y su relaci\u00f3n con el espacio ser\u00e1 vital para triunfar en esta batalla de conocimientos.<\/p>\n<p>M\u00e1s que un juego, La Bogot\u00e1 de los M\u00e1rtires es una invitaci\u00f3n a recorrer las calles, a conocer la ciudad y encontrase con ella.\u00a0 Este material, junto con sus fotograf\u00edas, palabras y acertijos, invita al ciudadano a explorar el patrimonio cultural de la localidad de los M\u00e1rtires y a reconectarse con las memorias, los lugares, los saberes y las pr\u00e1cticas tradicionales de la cultura local. Este material es una evidencia de que es posible construir conocimiento colectivo con la ciudadan\u00eda.<\/p>\n<p><strong>Autor:<\/strong> Participantes programa Patrimonios Locales-IDPC<br \/>\n<strong>A\u00f1o:<\/strong> 2019<\/p>\n<p>&nbsp;<\/p>\n<p><a href=\"https:\/\/idpc.gov.co\/publicaciones\/descargas\/martires.pdf\"><img decoding=\"async\" class=\"alignleft wp-image-11737 size-full\" src=\"https:\/\/idpc.gov.co\/publicaciones\/wp-content\/uploads\/2019\/03\/descargar115.png\" alt=\"\" width=\"158\" height=\"49\" \/><\/a><\/p>\n<p><strong>L<\/strong><strong>icencia de Creative Commons: Atribuci\u00f3n\u00a0\u2013 No comercial\u00a0\u2013\u00a0Sin Derivar.\u00a0Esta licencia solo permite la descarga de esta obra para compartirla con otras personas, siempre y cuando se reconozca su autor\u00eda. La obra no se puede modificar de ninguna manera, ni se puede utilizar comercialmente.<\/strong><\/p>\n","protected":false},"featured_media":1539,"comment_status":"open","ping_status":"closed","template":"","meta":{"_acf_changed":false},"product_brand":[],"product_cat":[104,101],"product_tag":[],"class_list":{"0":"post-867","1":"product","2":"type-product","3":"status-publish","4":"has-post-thumbnail","6":"product_cat-expresiones_y_agencias","7":"product_cat-lugares_y_tiempos","9":"first","10":"instock","11":"shipping-taxable","12":"product-type-external"},"acf":[],"_links":{"self":[{"href":"https:\/\/idpc.gov.co\/publicaciones\/wp-json\/wp\/v2\/product\/867","targetHints":{"allow":["GET"]}}],"collection":[{"href":"https:\/\/idpc.gov.co\/publicaciones\/wp-json\/wp\/v2\/product"}],"about":[{"href":"https:\/\/idpc.gov.co\/publicaciones\/wp-json\/wp\/v2\/types\/product"}],"replies":[{"embeddable":true,"href":"https:\/\/idpc.gov.co\/publicaciones\/wp-json\/wp\/v2\/comments?post=867"}],"wp:featuredmedia":[{"embeddable":true,"href":"https:\/\/idpc.gov.co\/publicaciones\/wp-json\/wp\/v2\/media\/1539"}],"wp:attachment":[{"href":"https:\/\/idpc.gov.co\/publicaciones\/wp-json\/wp\/v2\/media?parent=867"}],"wp:term":[{"taxonomy":"product_brand","embeddable":true,"href":"https:\/\/idpc.gov.co\/publicaciones\/wp-json\/wp\/v2\/product_brand?post=867"},{"taxonomy":"product_cat","embeddable":true,"href":"https:\/\/idpc.gov.co\/publicaciones\/wp-json\/wp\/v2\/product_cat?post=867"},{"taxonomy":"product_tag","embeddable":true,"href":"https:\/\/idpc.gov.co\/publicaciones\/wp-json\/wp\/v2\/product_tag?post=867"}],"curies":[{"name":"wp","href":"https:\/\/api.w.org\/{rel}","templated":true}]}}