{"id":866,"date":"2019-11-23T13:06:56","date_gmt":"2019-11-23T18:06:56","guid":{"rendered":"https:\/\/idpc.gov.co\/publicaciones\/?post_type=product&#038;p=866"},"modified":"2024-04-30T22:31:51","modified_gmt":"2024-05-01T03:31:51","slug":"yo-tambien-tengo-esa-foto-el-album-familiar-de-bogota-3","status":"publish","type":"product","link":"https:\/\/idpc.gov.co\/publicaciones\/producto\/yo-tambien-tengo-esa-foto-el-album-familiar-de-bogota-3\/","title":{"rendered":"\u00a1Yo tambi\u00e9n tengo esa foto! El \u00e1lbum familiar de Bogot\u00e1"},"content":{"rendered":"<div style=\"position: relative; padding-top: max(60%,326px); height: 0; width: 100%;\"><iframe style=\"position: absolute; border: none; width: 100%; height: 100%; left: 0; right: 0; top: 0; bottom: 0;\" src=\"https:\/\/e.issuu.com\/embed.html?d=_lbum_familiar_yo_tambi_n_tengo_esa&amp;u=patrimoniobogota\" sandbox=\"allow-top-navigation allow-top-navigation-by-user-activation allow-downloads allow-scripts allow-same-origin allow-popups allow-modals allow-popups-to-escape-sandbox\" allowfullscreen=\"allowfullscreen\"><\/iframe><\/div>\n","protected":false},"excerpt":{"rendered":"<p>Observar y deleitarse con un \u00e1lbum de familia implica una especie de ritual: sacar el ejemplar guardado en la casa, abrirlo y sentir la textura del papel y de las fotograf\u00edas impresas. Luego, escuchar a alguien hablar de esas fotos o bien, replicar lo que nos han contado de esas im\u00e1genes en anteriores ocasiones. El \u00e1lbum de familia nos permite imaginar otras \u00e9pocas, sorprendernos, o simplemente aferrarnos gratamente, a veces con nostalgia, a los recuerdos.<\/p>\n<p>Sin embargo, \u00bfqu\u00e9 pasa cuando el \u00e1lbum familiar deja de ser aquel que se disfruta de forma \u00edntima y privada, y se convierte en un gran \u00e1lbum de ciudad? \u00bfQu\u00e9 sucede cuando a trav\u00e9s de la participaci\u00f3n de muchos ciudadanos se logra crear un \u00e1lbum colectivo que da cuenta de las m\u00faltiples maneras en que vivimos, recordamos, olvidamos, pero tambi\u00e9n habitamos Bogot\u00e1?<\/p>\n<p>De esto se trata este proyecto. El \u00c1lbum Familiar de Bogot\u00e1 naci\u00f3 hace trece a\u00f1os gracias a una idea conjunta entre el Archivo de Bogot\u00e1 y el Museo de Bogot\u00e1. Luego, desde 2009, continu\u00f3 siendo un proyecto liderado por el Museo de Bogot\u00e1 &#8211; Instituto Distrital de Patrimonio Cultural (IDPC), para consolidarse en un fondo documental de car\u00e1cter \u00fanico que tiene en cuenta no solo las fotograf\u00edas compartidas por la ciudadan\u00eda, sino tambi\u00e9n los recuerdos que estas suscitan. En 2018 decidimos reactivar la convocatoria de participaci\u00f3n ciudadana del \u00c1lbum para realizar una exposici\u00f3n y su correspondiente publicaci\u00f3n, y al igual que otras veces, confirmamos que a trav\u00e9s de este programa se ejercita la memoria, o mejor, los ciudadanos se resisten al olvido.<\/p>\n<p>El hecho de que los participantes en este proyecto se hayan tomado el tiempo para desplazarse de sus casas e ir al Museo a contarnos en varias sesiones lo que recuerdan de cada foto, va de la mano de la propuesta de esta exposici\u00f3n respecto a desacelerar el ritmo y detener la mirada para observar las im\u00e1genes compartidas por los dem\u00e1s. A trav\u00e9s de esta exhibici\u00f3n apostamos por la posibilidad de identificaci\u00f3n, pues al ser Bogot\u00e1 el tel\u00f3n de fondo, las coincidencias no se hacen esperar: la vida en el barrio, las calles, plazas y parques, la moda, las poses y las formas de celebrar, incitan a exclamar \u00a1Yo tambi\u00e9n tengo esa foto!<\/p>\n<p>El \u201c\u00e1lbum de familia\u201d m\u00e1s grande de la capital se construye de forma colectiva y participativa, por lo cual debemos agradecer a todos los participantes de este sugestivo proyecto. En esta ocasi\u00f3n, nos inclinamos por realizar una dif\u00edcil selecci\u00f3n de fotograf\u00edas, de un gran total de 5.800 registros, obteniendo una muestra emocionante, atractiva y divertida, aunque no definitiva, para dar cuenta del valor de este material y de la infinidad de posibilidades del \u00c1lbum Familiar de Bogot\u00e1. Un \u00e1lbum donde se encuentran la historia y la memoria de la ciudad.<\/p>\n<p><strong>Autores: <\/strong>Ximena Bernal, Catalina Cavelier, Alfredo Bar\u00f3n.<br \/>\n<strong>A\u00f1o:<\/strong> 2019<\/p>\n<p><a href=\"https:\/\/libreriasiglo.com\/selloeditorial\/ipc-instituto-distrital-de-patrimonio-cultural.html\"><img decoding=\"async\" class=\"alignleft wp-image-11899 size-full\" src=\"https:\/\/idpc.gov.co\/publicaciones\/wp-content\/uploads\/2020\/12\/comprar.png\" alt=\"Comprar\" width=\"158\" height=\"49\" \/><\/a><\/p>\n","protected":false},"featured_media":1345,"comment_status":"open","ping_status":"closed","template":"","meta":{"_acf_changed":false},"product_brand":[],"product_cat":[104,105],"product_tag":[],"class_list":{"0":"post-866","1":"product","2":"type-product","3":"status-publish","4":"has-post-thumbnail","6":"product_cat-expresiones_y_agencias","7":"product_cat-memorias_museo","9":"first","10":"instock","11":"shipping-taxable","12":"purchasable","13":"product-type-simple"},"acf":[],"_links":{"self":[{"href":"https:\/\/idpc.gov.co\/publicaciones\/wp-json\/wp\/v2\/product\/866","targetHints":{"allow":["GET"]}}],"collection":[{"href":"https:\/\/idpc.gov.co\/publicaciones\/wp-json\/wp\/v2\/product"}],"about":[{"href":"https:\/\/idpc.gov.co\/publicaciones\/wp-json\/wp\/v2\/types\/product"}],"replies":[{"embeddable":true,"href":"https:\/\/idpc.gov.co\/publicaciones\/wp-json\/wp\/v2\/comments?post=866"}],"wp:featuredmedia":[{"embeddable":true,"href":"https:\/\/idpc.gov.co\/publicaciones\/wp-json\/wp\/v2\/media\/1345"}],"wp:attachment":[{"href":"https:\/\/idpc.gov.co\/publicaciones\/wp-json\/wp\/v2\/media?parent=866"}],"wp:term":[{"taxonomy":"product_brand","embeddable":true,"href":"https:\/\/idpc.gov.co\/publicaciones\/wp-json\/wp\/v2\/product_brand?post=866"},{"taxonomy":"product_cat","embeddable":true,"href":"https:\/\/idpc.gov.co\/publicaciones\/wp-json\/wp\/v2\/product_cat?post=866"},{"taxonomy":"product_tag","embeddable":true,"href":"https:\/\/idpc.gov.co\/publicaciones\/wp-json\/wp\/v2\/product_tag?post=866"}],"curies":[{"name":"wp","href":"https:\/\/api.w.org\/{rel}","templated":true}]}}