{"id":862,"date":"2018-05-18T13:38:16","date_gmt":"2018-05-18T18:38:16","guid":{"rendered":"https:\/\/idpc.gov.co\/publicaciones\/?post_type=product&#038;p=862"},"modified":"2024-04-30T22:10:25","modified_gmt":"2024-05-01T03:10:25","slug":"el-patrimonio-cultural-de-bogota-acciones-para-su-sostenibilidad-y-apropiacion-social","status":"publish","type":"product","link":"https:\/\/idpc.gov.co\/publicaciones\/producto\/el-patrimonio-cultural-de-bogota-acciones-para-su-sostenibilidad-y-apropiacion-social\/","title":{"rendered":"El patrimonio cultural de Bogot\u00e1. Acciones para su sostenibilidad y apropiaci\u00f3n social"},"content":{"rendered":"<p><iframe style=\"border: none; width: 100%; height: 326px;\" src=\"\/\/e.issuu.com\/embed.html?d=informegestionbaja&amp;u=patrimoniobogota\" allowfullscreen=\"allowfullscreen\"><\/iframe><\/p>\n","protected":false},"excerpt":{"rendered":"<p>A lo largo de la gesti\u00f3n del IDPC entre 2016 y 2019, el Instituto Distrital de Patrimonio Cultural promovi\u00f3 la puesta en valor del patrimonio cultural, buscando la sostenibilidad y la apropiaci\u00f3n social por parte de la ciudadan\u00eda. Para lograr estos prop\u00f3sitos, se emprendieron acciones en todos los campos, desde la protecci\u00f3n, salvaguardia, recuperaci\u00f3n y divulgaci\u00f3n, con el fin de garantizar su\u00a0 uso y disfrute.\u00a0 A su vez, se fortaleci\u00f3 el concepto de integralidad, en donde todo tipo de patrimonio tiene cabida- mueble, inmueble e inmaterial-, para construir un conjunto articulado del significado de Patrimonio.<\/p>\n<p>Esta publicaci\u00f3n da cuenta de todas estas acciones realizadas respecto al fortalecimiento de la gesti\u00f3n institucional, la protecci\u00f3n, conservaci\u00f3n e intervenci\u00f3n de los bienes muebles e inmuebles en sectores de inter\u00e9s cultural, la formaci\u00f3n en los principales aspectos del patrimonio cultural y la divulgaci\u00f3n, el fomento y la apropiaci\u00f3n social del patrimonio.<\/p>\n<p><strong>Autor: <\/strong>IDPC<br \/>\n<strong>A\u00f1o:<\/strong> 2019<\/p>\n<p>&nbsp;<\/p>\n<p><a href=\"https:\/\/idpc.gov.co\/publicaciones\/descargas\/patrisostenible.pdf\"><img decoding=\"async\" class=\"alignleft wp-image-11737 size-full\" src=\"https:\/\/idpc.gov.co\/publicaciones\/wp-content\/uploads\/2019\/03\/descargar115.png\" alt=\"\" width=\"158\" height=\"49\" \/><\/a><\/p>\n<p><strong>L<\/strong><strong>icencia de Creative Commons: Atribuci\u00f3n\u00a0\u2013 No comercial\u00a0\u2013\u00a0Sin Derivar.\u00a0Esta licencia solo permite la descarga de esta obra para compartirla con otras personas, siempre y cuando se reconozca su autor\u00eda. La obra no se puede modificar de ninguna manera, ni se puede utilizar comercialmente.<\/strong><\/p>\n","protected":false},"featured_media":1358,"comment_status":"open","ping_status":"closed","template":"","meta":{"_acf_changed":false},"product_brand":[],"product_cat":[103],"product_tag":[],"class_list":{"0":"post-862","1":"product","2":"type-product","3":"status-publish","4":"has-post-thumbnail","6":"product_cat-proyecciones_y_apuestas","8":"first","9":"instock","10":"shipping-taxable","11":"purchasable","12":"product-type-simple"},"acf":[],"_links":{"self":[{"href":"https:\/\/idpc.gov.co\/publicaciones\/wp-json\/wp\/v2\/product\/862","targetHints":{"allow":["GET"]}}],"collection":[{"href":"https:\/\/idpc.gov.co\/publicaciones\/wp-json\/wp\/v2\/product"}],"about":[{"href":"https:\/\/idpc.gov.co\/publicaciones\/wp-json\/wp\/v2\/types\/product"}],"replies":[{"embeddable":true,"href":"https:\/\/idpc.gov.co\/publicaciones\/wp-json\/wp\/v2\/comments?post=862"}],"wp:featuredmedia":[{"embeddable":true,"href":"https:\/\/idpc.gov.co\/publicaciones\/wp-json\/wp\/v2\/media\/1358"}],"wp:attachment":[{"href":"https:\/\/idpc.gov.co\/publicaciones\/wp-json\/wp\/v2\/media?parent=862"}],"wp:term":[{"taxonomy":"product_brand","embeddable":true,"href":"https:\/\/idpc.gov.co\/publicaciones\/wp-json\/wp\/v2\/product_brand?post=862"},{"taxonomy":"product_cat","embeddable":true,"href":"https:\/\/idpc.gov.co\/publicaciones\/wp-json\/wp\/v2\/product_cat?post=862"},{"taxonomy":"product_tag","embeddable":true,"href":"https:\/\/idpc.gov.co\/publicaciones\/wp-json\/wp\/v2\/product_tag?post=862"}],"curies":[{"name":"wp","href":"https:\/\/api.w.org\/{rel}","templated":true}]}}