{"id":859,"date":"2019-07-05T12:29:06","date_gmt":"2019-07-05T17:29:06","guid":{"rendered":"https:\/\/idpc.gov.co\/publicaciones\/?post_type=product&#038;p=859"},"modified":"2024-04-30T22:23:05","modified_gmt":"2024-05-01T03:23:05","slug":"orientate-los-cerros-son-nuestro-norte-3","status":"publish","type":"product","link":"https:\/\/idpc.gov.co\/publicaciones\/producto\/orientate-los-cerros-son-nuestro-norte-3\/","title":{"rendered":"Ori\u00e9ntate. Los Cerros son nuestro norte"},"content":{"rendered":"<p><iframe style=\"border: none; width: 100%; height: 326px;\" src=\"\/\/e.issuu.com\/embed.html?d=cerros_web_con_portada__1_&amp;u=patrimoniobogota\" allowfullscreen=\"allowfullscreen\"><\/iframe><\/p>\n<p><iframe src=\"https:\/\/w.soundcloud.com\/player\/?url=https%3A\/\/api.soundcloud.com\/playlists\/1540663417&amp;color=%23ff5500&amp;auto_play=false&amp;hide_related=false&amp;show_comments=true&amp;show_user=true&amp;show_reposts=false&amp;show_teaser=true&amp;visual=true\" width=\"100%\" height=\"300\" frameborder=\"no\" scrolling=\"no\"><\/iframe><\/p>\n<div style=\"font-size: 10px; color: #cccccc; line-break: anywhere; word-break: normal; overflow: hidden; white-space: nowrap; text-overflow: ellipsis; font-family: Interstate,Lucida Grande,Lucida Sans Unicode,Lucida Sans,Garuda,Verdana,Tahoma,sans-serif; font-weight: 100;\"><a style=\"color: #cccccc; text-decoration: none;\" title=\"Instituto Distrital de Patrimonio Cultural\" href=\"https:\/\/soundcloud.com\/webmaster-idpc\" target=\"_blank\" rel=\"noopener\">Instituto Distrital de Patrimonio Cultural<\/a> \u00b7 <a style=\"color: #cccccc; text-decoration: none;\" title=\"Audiolibro Ori\u00e9ntate. Los cerros son nuestro norte\" href=\"https:\/\/soundcloud.com\/webmaster-idpc\/sets\/audiolibro-orientate-los-cerros-son-nuestro-norte\" target=\"_blank\" rel=\"noopener\">Audiolibro Ori\u00e9ntate. Los cerros son #F78000nuestro norte<\/a><\/div>\n","protected":false},"excerpt":{"rendered":"<p>Los Cerros Orientales constituyen el mayor patrimonio de los bogotanos y son el principal activo cultural y paisaj\u00edstico de la ciudad, donde radica buena parte de la identidad de la capital. Los Cerros Orientales, presencia inocultable y majestuosa, hacen \u00fanica a Bogot\u00e1.<\/p>\n<p>No es casual que en la ladera de esta imponente cadena monta\u00f1osa se hubiera fundado la ciudad y que a\u00fan hoy esta siga siendo su sello distintivo. Los Cerros son protagonistas de planos, cuadros y fotograf\u00edas hist\u00f3ricas, as\u00ed como de im\u00e1genes contempor\u00e1neas registradas con medios m\u00e1s sofisticados. En Bogot\u00e1 todo sucede a sus pies; los Cerros son y ser\u00e1n testigos de la historia y de la evoluci\u00f3n de la ciudad.<\/p>\n<p>El goce de las monta\u00f1as debe ser un derecho de todos, residentes y visitantes. Estas enmarcan la sabana y hacen las veces de \u201ccord\u00f3n verde\u201d, equivalente a las riberas de las ciudades con frente mar\u00edtimo o fluvial, cuyo espacio es legalmente de uso p\u00fablico. Sin embargo, en Bogot\u00e1 todav\u00eda no somos del todo conscientes de la enorme importancia y potencial que estos tienen. Los Cerros son agua, son verde, son aire, son vista, son vida. Pero no siempre los reconocemos, los apreciamos y los cuidamos como es debido. De ah\u00ed el inmenso compromiso de valorarlos y protegerlos, as\u00ed como de desarrollar sus posibilidades de uso y disfrute de manera respetuosa.<\/p>\n<p><strong>Autor:<\/strong> Germ\u00e1n Ferro &#8211; Instituto Distrital de Patrimonio Cultural<br \/>\n<strong>A\u00f1o:<\/strong> 2017<\/p>\n<p><a href=\"https:\/\/libreriasiglo.com\/selloeditorial\/ipc-instituto-distrital-de-patrimonio-cultural.html\"><img decoding=\"async\" class=\"alignleft wp-image-11899 size-full\" src=\"https:\/\/idpc.gov.co\/publicaciones\/wp-content\/uploads\/2020\/12\/comprar.png\" alt=\"Comprar\" width=\"158\" height=\"49\" \/><\/a><\/p>\n","protected":false},"featured_media":1338,"comment_status":"open","ping_status":"closed","template":"","meta":{"_acf_changed":false},"product_brand":[],"product_cat":[101,105],"product_tag":[],"class_list":{"0":"post-859","1":"product","2":"type-product","3":"status-publish","4":"has-post-thumbnail","6":"product_cat-lugares_y_tiempos","7":"product_cat-memorias_museo","9":"first","10":"instock","11":"shipping-taxable","12":"purchasable","13":"product-type-simple"},"acf":[],"_links":{"self":[{"href":"https:\/\/idpc.gov.co\/publicaciones\/wp-json\/wp\/v2\/product\/859","targetHints":{"allow":["GET"]}}],"collection":[{"href":"https:\/\/idpc.gov.co\/publicaciones\/wp-json\/wp\/v2\/product"}],"about":[{"href":"https:\/\/idpc.gov.co\/publicaciones\/wp-json\/wp\/v2\/types\/product"}],"replies":[{"embeddable":true,"href":"https:\/\/idpc.gov.co\/publicaciones\/wp-json\/wp\/v2\/comments?post=859"}],"wp:featuredmedia":[{"embeddable":true,"href":"https:\/\/idpc.gov.co\/publicaciones\/wp-json\/wp\/v2\/media\/1338"}],"wp:attachment":[{"href":"https:\/\/idpc.gov.co\/publicaciones\/wp-json\/wp\/v2\/media?parent=859"}],"wp:term":[{"taxonomy":"product_brand","embeddable":true,"href":"https:\/\/idpc.gov.co\/publicaciones\/wp-json\/wp\/v2\/product_brand?post=859"},{"taxonomy":"product_cat","embeddable":true,"href":"https:\/\/idpc.gov.co\/publicaciones\/wp-json\/wp\/v2\/product_cat?post=859"},{"taxonomy":"product_tag","embeddable":true,"href":"https:\/\/idpc.gov.co\/publicaciones\/wp-json\/wp\/v2\/product_tag?post=859"}],"curies":[{"name":"wp","href":"https:\/\/api.w.org\/{rel}","templated":true}]}}