{"id":857,"date":"2018-02-20T12:16:19","date_gmt":"2018-02-20T17:16:19","guid":{"rendered":"https:\/\/idpc.gov.co\/publicaciones\/?post_type=product&#038;p=857"},"modified":"2024-04-30T22:28:05","modified_gmt":"2024-05-01T03:28:05","slug":"la-candelaria-el-centro-historico-de-santafe-de-bogota-2","status":"publish","type":"product","link":"https:\/\/idpc.gov.co\/publicaciones\/producto\/la-candelaria-el-centro-historico-de-santafe-de-bogota-2\/","title":{"rendered":"La Candelaria. El Centro Hist\u00f3rico de Santaf\u00e9 de Bogot\u00e1"},"content":{"rendered":"<p><iframe style=\"border: none; width: 100%; height: 326px;\" src=\"\/\/e.issuu.com\/embed.html?d=corporacion_candelaria_baja&amp;u=patrimoniobogota\" allowfullscreen=\"allowfullscreen\"><\/iframe><\/p>\n","protected":false},"excerpt":{"rendered":"<p>Esta publicaci\u00f3n se constituye en una presentaci\u00f3n y en un homenaje al coraz\u00f3n de Bogot\u00e1: el centro hist\u00f3rico.\u00a0 En sus p\u00e1ginas se resalta el trabajo adelantado en su momento por parte de la Corporaci\u00f3n La Candelaria y el Plan Centro, respecto al prop\u00f3sito de preservar las caracter\u00edsticas socio culturales del barrio, los aspectos hist\u00f3ricos y el patrimonio arquitect\u00f3nico del sector.<\/p>\n<p>A trav\u00e9s de textos realizados por Alberto Saldarriaga Roa y Fabio Zambrano se realiza un recorrido a la historia, el espacio urbano, los edificios simb\u00f3licos, la vida ciudadana, las casas, las personas y la acci\u00f3n institucional realizada por parte de la Corporaci\u00f3n.<\/p>\n<p><strong>Autor:<\/strong> Instituto Distrital de Patrimonio Cultural<br \/>\n<strong>A\u00f1o:<\/strong> 1994<\/p>\n<p>&nbsp;<\/p>\n<p><a href=\"https:\/\/idpc.gov.co\/publicaciones\/descargas\/candelariacentro.pdf\"><img decoding=\"async\" class=\"alignleft wp-image-11737 size-full\" src=\"https:\/\/idpc.gov.co\/publicaciones\/wp-content\/uploads\/2019\/03\/descargar115.png\" alt=\"\" width=\"158\" height=\"49\" \/><\/a><\/p>\n<p><strong>L<\/strong><strong>icencia de Creative Commons: Atribuci\u00f3n\u00a0\u2013 No comercial\u00a0\u2013\u00a0Sin Derivar.\u00a0Esta licencia solo permite la descarga de esta obra para compartirla con otras personas, siempre y cuando se reconozca su autor\u00eda. La obra no se puede modificar de ninguna manera, ni se puede utilizar comercialmente.<\/strong><\/p>\n","protected":false},"featured_media":13423,"comment_status":"open","ping_status":"closed","template":"","meta":{"_acf_changed":false},"product_brand":[],"product_cat":[101],"product_tag":[],"class_list":{"0":"post-857","1":"product","2":"type-product","3":"status-publish","4":"has-post-thumbnail","6":"product_cat-lugares_y_tiempos","8":"first","9":"instock","10":"shipping-taxable","11":"purchasable","12":"product-type-simple"},"acf":[],"_links":{"self":[{"href":"https:\/\/idpc.gov.co\/publicaciones\/wp-json\/wp\/v2\/product\/857","targetHints":{"allow":["GET"]}}],"collection":[{"href":"https:\/\/idpc.gov.co\/publicaciones\/wp-json\/wp\/v2\/product"}],"about":[{"href":"https:\/\/idpc.gov.co\/publicaciones\/wp-json\/wp\/v2\/types\/product"}],"replies":[{"embeddable":true,"href":"https:\/\/idpc.gov.co\/publicaciones\/wp-json\/wp\/v2\/comments?post=857"}],"wp:featuredmedia":[{"embeddable":true,"href":"https:\/\/idpc.gov.co\/publicaciones\/wp-json\/wp\/v2\/media\/13423"}],"wp:attachment":[{"href":"https:\/\/idpc.gov.co\/publicaciones\/wp-json\/wp\/v2\/media?parent=857"}],"wp:term":[{"taxonomy":"product_brand","embeddable":true,"href":"https:\/\/idpc.gov.co\/publicaciones\/wp-json\/wp\/v2\/product_brand?post=857"},{"taxonomy":"product_cat","embeddable":true,"href":"https:\/\/idpc.gov.co\/publicaciones\/wp-json\/wp\/v2\/product_cat?post=857"},{"taxonomy":"product_tag","embeddable":true,"href":"https:\/\/idpc.gov.co\/publicaciones\/wp-json\/wp\/v2\/product_tag?post=857"}],"curies":[{"name":"wp","href":"https:\/\/api.w.org\/{rel}","templated":true}]}}