{"id":856,"date":"2020-10-18T12:12:34","date_gmt":"2020-10-18T17:12:34","guid":{"rendered":"https:\/\/idpc.gov.co\/publicaciones\/?post_type=product&#038;p=856"},"modified":"2024-04-30T22:15:22","modified_gmt":"2024-05-01T03:15:22","slug":"german-tellez-ver-a-traves-del-tiempo-2","status":"publish","type":"product","link":"https:\/\/idpc.gov.co\/publicaciones\/producto\/german-tellez-ver-a-traves-del-tiempo-2\/","title":{"rendered":"Germ\u00e1n T\u00e9llez. Ver a trav\u00e9s del tiempo"},"content":{"rendered":"<div style=\"position: relative; padding-top: max(60%,326px); height: 0; width: 100%;\"><iframe style=\"position: absolute; border: none; width: 100%; height: 100%; left: 0; right: 0; top: 0; bottom: 0;\" src=\"https:\/\/e.issuu.com\/embed.html?d=germaa_n_te_llez._ver_a_traves_web&amp;u=patrimoniobogota\" sandbox=\"allow-top-navigation allow-top-navigation-by-user-activation allow-downloads allow-scripts allow-same-origin allow-popups allow-modals allow-popups-to-escape-sandbox\" allowfullscreen=\"allowfullscreen\"><\/iframe><\/div>\n","protected":false},"excerpt":{"rendered":"<p>Como arquitecto y artista, Germ\u00e1n T\u00e9llez\u00a0 ha incursionado en m\u00faltiples campos. Es fot\u00f3grafo, pero tambi\u00e9n historiador e investigador, ensayista y cr\u00edtico, arquitecto restaurador y docente. Es un maestro, en el sentido m\u00e1s amplio del t\u00e9rmino, con quien se han formado varias generaciones de arquitectos. Sus estudios, sus inquietudes y sus pasiones se enfocan, en s\u00edntesis, hacia un tema principal, la historia, y un aspecto de esta \u00faltima, el patrimonio. Al conocimiento, la interpretaci\u00f3n y la difusi\u00f3n de la historia ha dedicado la mayor parte de su prol\u00edfica vida profesional, bien sea desde las aulas universitarias, o como autor de varias publicaciones especializadas, que redacta con destreza e ilustra con sus sorprendentes fotograf\u00edas.<\/p>\n<p>Observador como ninguno, Germ\u00e1n T\u00e9llez es capaz de extraer la esencia de las formas construidas, las particularidades de los ambientes, en fin, la \u201cpersonalidad\u201d de las arquitecturas que captura. Con el \u201cojo cr\u00edtico\u201d que lo identifica, explora y descifra el espacio arquitect\u00f3nico para describirlo e interpretarlo, a la manera de los artistas y arquitectos del Renacimiento, mediante el empleo de la perspectiva. Germ\u00e1n domina la t\u00e9cnica de la fotograf\u00eda, en la cual es autodidacta. Maneja con propiedad el blanco y negro \u2014as\u00ed como todas las escalas de grises\u2014 y reproduce luces, sombras y contrastes en un procedimiento que no culmina cuando obtura una de sus c\u00e1maras Leica, sino que prosigue con el trabajo en el laboratorio, donde da continuidad al proceso creativo.<\/p>\n<p>Esta publicaci\u00f3n recoge una selecci\u00f3n de varias im\u00e1genes entre las m\u00e1s de 900 fotograf\u00edas que fueron adquiridas para ser parte de la colecci\u00f3n del Museo de Bogot\u00e1, as\u00ed como para llevar a cabo la exposici\u00f3n temporal \u201cGerm\u00e1n T\u00e9llez, ver a trav\u00e9s del tiempo\u201d, que fue curada por Roberto Londo\u00f1o, con\u00a0 la colaboraci\u00f3n de Andr\u00e9s T\u00e9llez y bajo la supervisi\u00f3n de Germ\u00e1n T\u00e9llez.<\/p>\n<p><strong>Autor:<\/strong> Roberto Londo\u00f1o<br \/>\n<strong>A\u00f1o:<\/strong> 2019<\/p>\n<p><a href=\"https:\/\/libreriasiglo.com\/selloeditorial\/ipc-instituto-distrital-de-patrimonio-cultural.html\"><img decoding=\"async\" class=\"alignleft wp-image-11899 size-full\" src=\"https:\/\/idpc.gov.co\/publicaciones\/wp-content\/uploads\/2020\/12\/comprar.png\" alt=\"Comprar\" width=\"158\" height=\"49\" \/><\/a><\/p>\n","protected":false},"featured_media":1357,"comment_status":"open","ping_status":"closed","template":"","meta":{"_acf_changed":false},"product_brand":[],"product_cat":[105,91],"product_tag":[],"class_list":{"0":"post-856","1":"product","2":"type-product","3":"status-publish","4":"has-post-thumbnail","6":"product_cat-memorias_museo","7":"product_cat-nombres_propios","9":"first","10":"instock","11":"shipping-taxable","12":"purchasable","13":"product-type-simple"},"acf":[],"_links":{"self":[{"href":"https:\/\/idpc.gov.co\/publicaciones\/wp-json\/wp\/v2\/product\/856","targetHints":{"allow":["GET"]}}],"collection":[{"href":"https:\/\/idpc.gov.co\/publicaciones\/wp-json\/wp\/v2\/product"}],"about":[{"href":"https:\/\/idpc.gov.co\/publicaciones\/wp-json\/wp\/v2\/types\/product"}],"replies":[{"embeddable":true,"href":"https:\/\/idpc.gov.co\/publicaciones\/wp-json\/wp\/v2\/comments?post=856"}],"wp:featuredmedia":[{"embeddable":true,"href":"https:\/\/idpc.gov.co\/publicaciones\/wp-json\/wp\/v2\/media\/1357"}],"wp:attachment":[{"href":"https:\/\/idpc.gov.co\/publicaciones\/wp-json\/wp\/v2\/media?parent=856"}],"wp:term":[{"taxonomy":"product_brand","embeddable":true,"href":"https:\/\/idpc.gov.co\/publicaciones\/wp-json\/wp\/v2\/product_brand?post=856"},{"taxonomy":"product_cat","embeddable":true,"href":"https:\/\/idpc.gov.co\/publicaciones\/wp-json\/wp\/v2\/product_cat?post=856"},{"taxonomy":"product_tag","embeddable":true,"href":"https:\/\/idpc.gov.co\/publicaciones\/wp-json\/wp\/v2\/product_tag?post=856"}],"curies":[{"name":"wp","href":"https:\/\/api.w.org\/{rel}","templated":true}]}}