{"id":853,"date":"2018-11-05T12:02:59","date_gmt":"2018-11-05T17:02:59","guid":{"rendered":"https:\/\/idpc.gov.co\/publicaciones\/?post_type=product&#038;p=853"},"modified":"2024-04-30T22:35:31","modified_gmt":"2024-05-01T03:35:31","slug":"7-maravillas-de-bogota","status":"publish","type":"product","link":"https:\/\/idpc.gov.co\/publicaciones\/producto\/7-maravillas-de-bogota\/","title":{"rendered":"7 maravillas de Bogot\u00e1"},"content":{"rendered":"<p><iframe style=\"border: none; width: 100%; height: 326px;\" src=\"\/\/e.issuu.com\/embed.html?d=7_maravillas_versi_n_web&amp;u=patrimoniobogota\" allowfullscreen=\"allowfullscreen\"><\/iframe><\/p>\n","protected":false},"excerpt":{"rendered":"<p>Hist\u00f3ricamente, han sido elegidas las 7 Maravillas, aquellos lugares\u00a0 espectaculares\u00a0 que\u00a0 definen,\u00a0 identifican\u00a0 y\u00a0 representan\u00a0 a\u00a0 los pueblos de la mejor manera. Hace m\u00e1s de dos mil a\u00f1os, se escogieron las 7 Maravillas del Mundo Antiguo (de las que solo queda la pir\u00e1mide de Giza en Egipto) y en el 2007, las 7 del Mundo Moderno (el Coliseo Romano, la Gran Muralla China y Machu Picchu, entre otras). Ese mismo a\u00f1o, fueron seleccionadas, en concurso p\u00fablico, las 7 Maravillas de Colombia (entre ellas, la Catedral de Sal de Zipaquir\u00e1, la arquitectura militar de Cartagena de Indias y Ciudad Perdida). La capital tambi\u00e9n quiso resaltar las suyas y eligi\u00f3, de manera democr\u00e1tica, las 7 Maravillas de Bogot\u00e1.<\/p>\n<p>En octubre de 2019, la\u00a0 Academia\u00a0 de Historia\u00a0 de\u00a0 Bogot\u00e1\u00a0 hizo una invitaci\u00f3n para\u00a0 que,\u00a0 desde\u00a0 la\u00a0 Alcald\u00eda,\u00a0 promovi\u00e9ramos este emocionante concurso para destacar la riqueza cultural de la ciudad, el cual desarrollamos desde el Instituto Distrital de Patrimonio Cultural, IDPC.\u00a0 Entonces\u00a0 se\u00a0 conform\u00f3\u00a0 un\u00a0 grupo\u00a0 de\u00a0 expertos,\u00a0 integrado por\u00a0 el\u00a0 doctor\u00a0 Jorge\u00a0 Fern\u00e1ndez\u00a0 Duque,\u00a0 secretario\u00a0 acad\u00e9mico\u00a0 de la Academia de Historia de Bogot\u00e1, y los reconocidos profesores Alberto Saldarriaga, Carlos Ni\u00f1o y Lorenzo Fonseca, quienes pro-pusieron un listado de veinti\u00fan sitios altamente representativos para\u00a0 los\u00a0 habitantes\u00a0 de\u00a0 la\u00a0 ciudad,\u00a0 definidos\u00a0 como\u00a0 conjuntos\u00a0 urbanos\u00a0 y\u00a0 paisaj\u00edsticos\u00a0 (no\u00a0 espacios\u00a0 o \u00a0edificaciones \u00a0individuales); estos fueron puestos en conocimiento de la ciudadan\u00eda para ser elegidas las 7 Maravillas por parte de los mismos bogotanos, a trav\u00e9s de internet.<\/p>\n<p>La acogida de la convocatoria fue muy positiva y, luego de tan solo diez d\u00edas, se obtuvieron m\u00e1s de 10.700 votos, por medio de los que cada participante seleccion\u00f3 los 7 lugares patrimoniales que m\u00e1s quer\u00eda, tanto naturales como construidos. De este modo, fueron escogidas las 7 Maravillas de Bogot\u00e1: los cerros tutelares de Monserrate y Guadalupe con el boquer\u00f3n del r\u00edo San Francisco; el\u00a0 parque\u00a0 Sim\u00f3n\u00a0 Bol\u00edvar\u00a0 y\u00a0 la\u00a0 Biblioteca\u00a0 Virgilio\u00a0 Barco;\u00a0 el\u00a0 Jard\u00edn Bot\u00e1nico y la Unidad Deportiva El Salitre; la plaza de Bol\u00edvar y las edificaciones que la conforman; el parque de la Independencia, la plaza de toros La Santamar\u00eda y las Torres del Parque; el Museo Nacional y el Parque Central Bavaria, y la Avenida Jim\u00e9nez junto con el Eje Ambiental. Muy cerca, quedaron la Ciudad Universitaria, la\u00a0 Manzana\u00a0 Cultural\u00a0 del\u00a0 Banco\u00a0 de\u00a0 la\u00a0 Rep\u00fablica\u00a0 y,\u00a0 un\u00a0 poco\u00a0 m\u00e1s distanciados,\u00a0 la\u00a0 planta\u00a0 de\u00a0 tratamiento\u00a0 de\u00a0 Vitelma,\u00a0 el\u00a0 Santuario del Divino Ni\u00f1o en el barrio 20 de Julio, TransMiCable en Ciudad Bol\u00edvar, el parque de Los M\u00e1rtires, la bas\u00edlica del Voto Nacional y el barrio La Merced, entre otros conjuntos sugeridos.<\/p>\n<p><strong>Autor: <\/strong>Varios- IDPC<br \/>\n<strong>A\u00f1o:<\/strong> 2019<\/p>\n<p>&nbsp;<\/p>\n<p><a href=\"https:\/\/idpc.gov.co\/publicaciones\/descargas\/7maravillas.pdf\"><img decoding=\"async\" class=\"alignleft wp-image-11737 size-full\" src=\"https:\/\/idpc.gov.co\/publicaciones\/wp-content\/uploads\/2019\/03\/descargar115.png\" alt=\"\" width=\"158\" height=\"49\" \/><\/a><\/p>\n<p><strong>L<\/strong><strong>icencia de Creative Commons: Atribuci\u00f3n\u00a0\u2013 No comercial\u00a0\u2013\u00a0Sin Derivar.\u00a0Esta licencia solo permite la descarga de esta obra para compartirla con otras personas, siempre y cuando se reconozca su autor\u00eda. La obra no se puede modificar de ninguna manera, ni se puede utilizar comercialmente.<\/strong><\/p>\n","protected":false},"featured_media":1361,"comment_status":"open","ping_status":"closed","template":"","meta":{"_acf_changed":false},"product_brand":[],"product_cat":[102],"product_tag":[],"class_list":{"0":"post-853","1":"product","2":"type-product","3":"status-publish","4":"has-post-thumbnail","6":"product_cat-exploraciones_y_recorridos","8":"first","9":"instock","10":"shipping-taxable","11":"purchasable","12":"product-type-simple"},"acf":[],"_links":{"self":[{"href":"https:\/\/idpc.gov.co\/publicaciones\/wp-json\/wp\/v2\/product\/853","targetHints":{"allow":["GET"]}}],"collection":[{"href":"https:\/\/idpc.gov.co\/publicaciones\/wp-json\/wp\/v2\/product"}],"about":[{"href":"https:\/\/idpc.gov.co\/publicaciones\/wp-json\/wp\/v2\/types\/product"}],"replies":[{"embeddable":true,"href":"https:\/\/idpc.gov.co\/publicaciones\/wp-json\/wp\/v2\/comments?post=853"}],"wp:featuredmedia":[{"embeddable":true,"href":"https:\/\/idpc.gov.co\/publicaciones\/wp-json\/wp\/v2\/media\/1361"}],"wp:attachment":[{"href":"https:\/\/idpc.gov.co\/publicaciones\/wp-json\/wp\/v2\/media?parent=853"}],"wp:term":[{"taxonomy":"product_brand","embeddable":true,"href":"https:\/\/idpc.gov.co\/publicaciones\/wp-json\/wp\/v2\/product_brand?post=853"},{"taxonomy":"product_cat","embeddable":true,"href":"https:\/\/idpc.gov.co\/publicaciones\/wp-json\/wp\/v2\/product_cat?post=853"},{"taxonomy":"product_tag","embeddable":true,"href":"https:\/\/idpc.gov.co\/publicaciones\/wp-json\/wp\/v2\/product_tag?post=853"}],"curies":[{"name":"wp","href":"https:\/\/api.w.org\/{rel}","templated":true}]}}