{"id":849,"date":"2019-11-24T11:51:50","date_gmt":"2019-11-24T16:51:50","guid":{"rendered":"https:\/\/idpc.gov.co\/publicaciones\/?post_type=product&#038;p=849"},"modified":"2024-04-30T22:22:35","modified_gmt":"2024-05-01T03:22:35","slug":"museo-de-bogota-50-anos","status":"publish","type":"product","link":"https:\/\/idpc.gov.co\/publicaciones\/producto\/museo-de-bogota-50-anos\/","title":{"rendered":"Museo de Bogot\u00e1. 50 a\u00f1os"},"content":{"rendered":"<div style=\"position: relative; padding-top: max(60%,326px); height: 0; width: 100%;\"><iframe style=\"position: absolute; border: none; width: 100%; height: 100%; left: 0; right: 0; top: 0; bottom: 0;\" src=\"https:\/\/e.issuu.com\/embed.html?d=museo_de_bogota__50_an_os_web_paginas__1_&amp;u=patrimoniobogota\" sandbox=\"allow-top-navigation allow-top-navigation-by-user-activation allow-downloads allow-scripts allow-same-origin allow-popups allow-modals allow-popups-to-escape-sandbox\" allowfullscreen=\"allowfullscreen\"><\/iframe><\/div>\n","protected":false},"excerpt":{"rendered":"<p>Existen diferentes tipolog\u00edas de museos: museos de arte, de historia, de ciencia, de sitio. Las grandes urbes del mundo tienen museos de ciudad. Y por fortuna, Bogot\u00e1 ya cuenta con el museo de ciudad que se merece, el Museo de Bogot\u00e1. El proyecto de renovaci\u00f3n y fortalecimiento, con miras a la celebraci\u00f3n de sus primeros cincuenta a\u00f1os en 2019, constituy\u00f3 una de las principales apuestas fijadas desde el comienzo de la presente administraci\u00f3n del Instituto Distrital de Patrimonio Cultural \u2013IDPC\u2013, entendida como una poderosa estrategia de divulgaci\u00f3n y apropiaci\u00f3n del patrimonio cultural bogotano, en su significado m\u00e1s amplio, con el fin de hacer del Museo un lugar para la reflexi\u00f3n acerca de la memoria y la identidad de la capital.<\/p>\n<p>En 1968, el alcalde Virgilio Barco Vargas cre\u00f3 el Plan Museos, con el fin de enriquecer la oferta cultural de la ciudad, del cual hac\u00edan parte, entre otros, el Museo de Arte de Santa Clara, el de Historia Natural, el Planetario, el Museo de Arte Moderno y el Museo de Desarrollo Urbano. El 11 de julio de 1969, en una hist\u00f3rica casa de la calle 10 abajo de la carrera 4, se abri\u00f3 este \u00faltimo, el antecesor del Museo de Bogot\u00e1.\u00a0 Aquel Museo inicial exhib\u00eda ya algunas de las piezas ic\u00f3nicas de la colecci\u00f3n, como el viejo tranv\u00eda de mulas (que en 2019 regres\u00f3 a su sede), la urna centenaria, objetos de las empresas de Energ\u00eda, Acueducto y Tel\u00e9fonos, fotograf\u00edas y planos antiguos, maquetas e im\u00e1genes del desarrollo de la ciudad. La puesta en funcionamiento del Museo de Desarrollo Urbano fue una saludable noticia para la cultura y el urbanismo capitalino, pero solo 20 a\u00f1os despu\u00e9s habr\u00eda de comenzar la vida azarosa y convulsionada de la instituci\u00f3n. En 1989 el Museo se traslad\u00f3 a la llamada Casa de los Comuneros, diagonal a la Plaza de Bol\u00edvar (hoy sede de la Secretar\u00eda de Cultura, Recreaci\u00f3n y Deporte), hasta 1995, cuando su colecci\u00f3n fue almacenada en distintos lugares de la ciudad. En el a\u00f1o 2000 el Museo se reubic\u00f3 en el Planetario Distrital, aunque sin la posibilidad de exhibir su colecci\u00f3n, por lo que se dedic\u00f3 a la realizaci\u00f3n de exposiciones temporales. En 2003 el Museo de Desarrollo Urbano, bajo la administraci\u00f3n del Instituto Distrital de Cultura y Turismo desde 1978, cambia su nombre a Museo de Bogot\u00e1, el cual pasa a cargo del reci\u00e9n creado Instituto Distrital de Patrimonio Cultural en 2006, entidad que sustituy\u00f3 a la anterior Corporaci\u00f3n La Candelaria.<\/p>\n<p>A trav\u00e9s del proyecto Museo Renovado, con ocasi\u00f3n de los primeros 50 a\u00f1os de existencia, se persever\u00f3 para reabrir la Colecci\u00f3n Permanente del Museo, guardada por casi 25 a\u00f1os, para lo cual se propusieron varios ejes curatoriales, con base en planteamientos de expertos y de los habitantes de la ciudad, lo que condujo a la definici\u00f3n de los nuevos ejes tem\u00e1ticos que se representan en la amena adecuaci\u00f3n de las salas de la casa, denominada como la Casa de los Siete Balcones. Producto de una rigurosa y moderna museograf\u00eda, se permite ahora hacer un relato por el territorio que ocupamos, los tiempos que esta ciudad ha transcurrido, la evoluci\u00f3n f\u00edsica y la de sus modos de vida, as\u00ed como las din\u00e1micas de los derechos ciudadanos, para hacer de este un museo activo y participativo, un lugar para pensar y reflexionar permanentemente sobre la ciudad.<\/p>\n<p><strong>Autores: <\/strong>Marcela Garc\u00eda Sierra , Hernando Acevedo Quintero, Germ\u00e1n Mej\u00eda Pavony Monika Therrien, Mar\u00eda del Pilar L\u00f3pez P\u00e9rez, Manuel Vega Vargas<br \/>\n<strong>A\u00f1o:<\/strong> 2019<\/p>\n","protected":false},"featured_media":1354,"comment_status":"open","ping_status":"closed","template":"","meta":{"_acf_changed":false},"product_brand":[],"product_cat":[101,105],"product_tag":[],"class_list":{"0":"post-849","1":"product","2":"type-product","3":"status-publish","4":"has-post-thumbnail","6":"product_cat-lugares_y_tiempos","7":"product_cat-memorias_museo","9":"first","10":"instock","11":"shipping-taxable","12":"purchasable","13":"product-type-simple"},"acf":[],"_links":{"self":[{"href":"https:\/\/idpc.gov.co\/publicaciones\/wp-json\/wp\/v2\/product\/849","targetHints":{"allow":["GET"]}}],"collection":[{"href":"https:\/\/idpc.gov.co\/publicaciones\/wp-json\/wp\/v2\/product"}],"about":[{"href":"https:\/\/idpc.gov.co\/publicaciones\/wp-json\/wp\/v2\/types\/product"}],"replies":[{"embeddable":true,"href":"https:\/\/idpc.gov.co\/publicaciones\/wp-json\/wp\/v2\/comments?post=849"}],"wp:featuredmedia":[{"embeddable":true,"href":"https:\/\/idpc.gov.co\/publicaciones\/wp-json\/wp\/v2\/media\/1354"}],"wp:attachment":[{"href":"https:\/\/idpc.gov.co\/publicaciones\/wp-json\/wp\/v2\/media?parent=849"}],"wp:term":[{"taxonomy":"product_brand","embeddable":true,"href":"https:\/\/idpc.gov.co\/publicaciones\/wp-json\/wp\/v2\/product_brand?post=849"},{"taxonomy":"product_cat","embeddable":true,"href":"https:\/\/idpc.gov.co\/publicaciones\/wp-json\/wp\/v2\/product_cat?post=849"},{"taxonomy":"product_tag","embeddable":true,"href":"https:\/\/idpc.gov.co\/publicaciones\/wp-json\/wp\/v2\/product_tag?post=849"}],"curies":[{"name":"wp","href":"https:\/\/api.w.org\/{rel}","templated":true}]}}