{"id":845,"date":"2019-12-22T11:28:17","date_gmt":"2019-12-22T16:28:17","guid":{"rendered":"https:\/\/idpc.gov.co\/publicaciones\/?post_type=product&#038;p=845"},"modified":"2024-04-30T22:23:41","modified_gmt":"2024-05-01T03:23:41","slug":"espacio-bicentenario-la-independencia-en-bogota","status":"publish","type":"product","link":"https:\/\/idpc.gov.co\/publicaciones\/producto\/espacio-bicentenario-la-independencia-en-bogota\/","title":{"rendered":"Espacio bicentenario. La independencia en Bogot\u00e1"},"content":{"rendered":"<p><iframe style=\"border: none; width: 100%; height: 326px;\" src=\"\/\/e.issuu.com\/embed.html?d=bicentenario&amp;u=patrimoniobogota\" allowfullscreen=\"allowfullscreen\"><\/iframe><\/p>\n","protected":false},"excerpt":{"rendered":"<p>El pa\u00eds conmemor\u00f3 en 2019 el Bicentenario de la Independencia, pues el 7 de agosto de 1819 se sell\u00f3 la derrota de las tropas realistas por parte de los ej\u00e9rcitos patriotas al mando de Bol\u00edvar y Santander en la c\u00e9lebre Batalla del Puente de Boyac\u00e1. Sin embargo, desde la Comisi\u00f3n Nacional del Bicentenario, y por supuesto desde la ciudad de Bogot\u00e1, en esta ocasi\u00f3n se celebr\u00f3 m\u00e1s la construcci\u00f3n de naci\u00f3n, lo que significa ser colombianos, y bogotanos, 200 a\u00f1os despu\u00e9s de la Campa\u00f1a Libertadora.<\/p>\n<p>En esta publicaci\u00f3n que acompa\u00f1\u00f3 la exposici\u00f3n realizada sobre el tema en el Museo de Bogot\u00e1, se quiso resaltar el protagonismo de esta ciudad durante todo el proceso independentista hace dos siglos. Bogot\u00e1, Santaf\u00e9 para aquel tiempo, era la capital del virreinato de la Nueva Granada, y a partir de esa \u00e9poca, la capital de la naciente Rep\u00fablica de Colombia. En la Plaza Mayor tuvo lugar el Grito de Independencia, el viernes 20 de julio de 1810, acci\u00f3n que fue planeada la noche anterior en el Observatorio Astron\u00f3mico. En la madrugada del domingo siguiente se firma el Acta de la Independencia en la antigua sede del Cabildo, que se ubicaba pr\u00e1cticamente donde actualmente se encuentra el despacho del alcalde mayor de la ciudad.<\/p>\n<p>A\u00f1os despu\u00e9s, entre 1816 y 1817, durante el tristemente recordado R\u00e9gimen del Terror impuesto por Pablo Morillo y Juan S\u00e1mano, habr\u00edan de ser sacrificados en esta ciudad cerca de un centenar de los pr\u00f3ceres de ese primer intento de libertad, fusilados y ahorcados en la Huerta de Jaime (hoy Plaza de Los M\u00e1rtires), en la Plaza de San Francisco (hoy Parque Santander) y en la Plaza Mayor (hoy de Bol\u00edvar), entre quienes se hallaban personajes como Francisco Jos\u00e9 de Caldas, Jos\u00e9 Mar\u00eda Carbonell, Camilo Torres y Policarpa Salavarrieta, por citar algunos, varios de ellos sepultados luego en la Iglesia de La Veracruz, declarada Pante\u00f3n Nacional.<\/p>\n<p>El 7 de agosto de 1819 concluye la exitosa Campa\u00f1a Libertadora en Boyac\u00e1, y tres d\u00edas despu\u00e9s, el 10 de agosto, entra Bol\u00edvar triunfante a Santaf\u00e9 para retomar el control de la capital que se hallaba sin gobierno ante la huida del malvado virrey S\u00e1mano, quien hab\u00eda escapado de la ciudad la noche anterior desde esta misma casa, sede actual del Museo. \u00a0Bol\u00edvar desciende de su caballo al atardecer en la Plaza Mayor, en el costado oriental frente al edificio de la Real Aduana que serv\u00eda de palacio virreinal, con la finalidad de sellar la victoria pol\u00edtica, de comenzar a \u201cinventarse\u201d el pa\u00eds. Un mes y una semana despu\u00e9s, el 18 de septiembre de 1819, se llevar\u00eda a cabo la gran celebraci\u00f3n del triunfo que termin\u00f3 con la dominaci\u00f3n espa\u00f1ola, mediante un fastuoso desfile desde las afueras de la ciudad (la ermita de San Diego) hasta la misma Plaza Mayor, evento que culmin\u00f3 con la coronaci\u00f3n del Libertador.<\/p>\n<p>Parte de esos hechos tan trascendentales en la historia de la capital y del pa\u00eds son los que hemos querido recordar en esta publicaci\u00f3n, pero sobre todo nos interesa, como enfoque de la misma, relatar la memoria y la presencia de esos acontecimientos en la Bogot\u00e1 de hoy, la evidente huella que han dejado en la ciudad aquellos sucesos y personajes a lo largo de estos \u00faltimos 200 a\u00f1os.<\/p>\n<p><strong>Autor: <\/strong>Enrique Mart\u00ednez<br \/>\n<strong>A\u00f1o:<\/strong> 2019<\/p>\n","protected":false},"featured_media":1359,"comment_status":"open","ping_status":"closed","template":"","meta":{"_acf_changed":false},"product_brand":[],"product_cat":[101,105],"product_tag":[],"class_list":{"0":"post-845","1":"product","2":"type-product","3":"status-publish","4":"has-post-thumbnail","6":"product_cat-lugares_y_tiempos","7":"product_cat-memorias_museo","9":"first","10":"instock","11":"shipping-taxable","12":"purchasable","13":"product-type-simple"},"acf":[],"_links":{"self":[{"href":"https:\/\/idpc.gov.co\/publicaciones\/wp-json\/wp\/v2\/product\/845","targetHints":{"allow":["GET"]}}],"collection":[{"href":"https:\/\/idpc.gov.co\/publicaciones\/wp-json\/wp\/v2\/product"}],"about":[{"href":"https:\/\/idpc.gov.co\/publicaciones\/wp-json\/wp\/v2\/types\/product"}],"replies":[{"embeddable":true,"href":"https:\/\/idpc.gov.co\/publicaciones\/wp-json\/wp\/v2\/comments?post=845"}],"wp:featuredmedia":[{"embeddable":true,"href":"https:\/\/idpc.gov.co\/publicaciones\/wp-json\/wp\/v2\/media\/1359"}],"wp:attachment":[{"href":"https:\/\/idpc.gov.co\/publicaciones\/wp-json\/wp\/v2\/media?parent=845"}],"wp:term":[{"taxonomy":"product_brand","embeddable":true,"href":"https:\/\/idpc.gov.co\/publicaciones\/wp-json\/wp\/v2\/product_brand?post=845"},{"taxonomy":"product_cat","embeddable":true,"href":"https:\/\/idpc.gov.co\/publicaciones\/wp-json\/wp\/v2\/product_cat?post=845"},{"taxonomy":"product_tag","embeddable":true,"href":"https:\/\/idpc.gov.co\/publicaciones\/wp-json\/wp\/v2\/product_tag?post=845"}],"curies":[{"name":"wp","href":"https:\/\/api.w.org\/{rel}","templated":true}]}}