{"id":806,"date":"2019-09-20T16:07:31","date_gmt":"2019-09-20T21:07:31","guid":{"rendered":"https:\/\/idpc.gov.co\/publicaciones\/producto\/de-la-tierra-al-cielo-bogota-desde-arriba-copy\/"},"modified":"2024-04-30T22:23:31","modified_gmt":"2024-05-01T03:23:31","slug":"de-la-tierra-al-cielo-bogota-desde-arriba-copy","status":"publish","type":"product","link":"https:\/\/idpc.gov.co\/publicaciones\/producto\/de-la-tierra-al-cielo-bogota-desde-arriba-copy\/","title":{"rendered":"1938. El sue\u00f1o de una capital moderna"},"content":{"rendered":"<div style=\"position: relative; padding-top: max(60%,326px); height: 0; width: 100%;\"><iframe style=\"position: absolute; border: none; width: 100%; height: 100%; left: 0; right: 0; top: 0; bottom: 0;\" src=\"https:\/\/e.issuu.com\/embed.html?d=1938_web&amp;u=patrimoniobogota\" sandbox=\"allow-top-navigation allow-top-navigation-by-user-activation allow-downloads allow-scripts allow-same-origin allow-popups allow-modals allow-popups-to-escape-sandbox\" allowfullscreen=\"allowfullscreen\"><\/iframe><\/div>\n","protected":false},"excerpt":{"rendered":"<p>En 2038, se celebrar\u00e1 el V Centenario de la fundaci\u00f3n de Bogot\u00e1. Por este motivo, en 2018 y en el marco de la conmemoraci\u00f3n de los 480 a\u00f1os de la capital, desde el Instituto Distrital de Patrimonio Cultural y el Museo de Bogot\u00e1 se propuso reflexionar acerca de c\u00f3mo se festeja una efem\u00e9ride tan importante en la historia de una ciudad.<\/p>\n<p>Esta publicaci\u00f3n nos remite a una memoria, quiz\u00e1s no tan lejana, de la manera en la que Bogot\u00e1 se prepar\u00f3, con la suficiente antelaci\u00f3n y con un verdadero \u201cproyecto de ciudad\u201d, para una celebraci\u00f3n de la que tuvieron plena conciencia, no solo las autoridades municipales y nacionales, sino toda la sociedad capitalina de la \u00e9poca. \u201cBogot\u00e1 1538-1938\u201d se\u00f1alaban todos los documentos y los mensajes en aquel periodo. La gran mayor\u00eda de los habitantes para ese 1938 (poco m\u00e1s de 330.000) se percataron de las numerosas obras en distintos puntos de la ciudad y de la larga lista de festividades, en fin, del esp\u00edritu de la celebraci\u00f3n, de acuerdo al nutrido programa de actividades que duraron cerca de un mes y medio (entre el 18 de julio y el 31 de agosto). Bogot\u00e1 estaba, literalmente, \u201clista para la foto\u201d, como se advierte en los abundantes \u00e1lbumes fotogr\u00e1ficos que se editaron para mostrar lo mejor de la ciudad durante aquel suceso irrepetible.<\/p>\n<p>El 28 de julio de ese a\u00f1o se puso en servicio la imponente planta de tratamiento de Vitelma, y por esos d\u00edas tambi\u00e9n entraron en funcionamiento el teatro de la Media Torta, la Biblioteca Nacional y el Teatro San Jorge, pocos a\u00f1os despu\u00e9s de la inauguraci\u00f3n del parque Nacional Olaya Herrera y mientras se avanzaba en la construcci\u00f3n del magn\u00edfico conjunto de la Ciudad Universitaria. Se desarroll\u00f3 durante las fiestas la gran Exposici\u00f3n Nacional del IV Centenario \u2014industrial, comercial y agropecuaria\u2014 en el barrio Palermo y se llev\u00f3 a cabo la primera edici\u00f3n de los Juegos Bolivarianos en los estadios de El Camp\u00edn y de la Universidad Nacional, este \u00faltimo intitulado a Alfonso L\u00f3pez Pumarejo, promotor, desde la Presidencia de la Rep\u00fablica, de las iniciativas que pretend\u00edan convertir a la vieja capital en una ciudad realmente moderna, como era el anhelo de la Rep\u00fablica Liberal, iniciada en 1930 durante el gobierno de Enrique Olaya Herrera, y de la Revoluci\u00f3n en Marcha, que con tanto ah\u00ednco se pregonaba durante la administraci\u00f3n de L\u00f3pez. Este habr\u00eda de concluir su mandato al d\u00eda siguiente de la celebraci\u00f3n de tan trascendental aniversario, el 7 de agosto, para que Eduardo Santos diera continuidad a los festejos.<\/p>\n<p>Con ocasi\u00f3n del IV Centenario en 1938 se realiz\u00f3 el mapa oficial de la ciudad, basado en los primeros vuelos equipados para la toma de aerofotograf\u00edas, se emitieron billetes y monedas y se fundieron medallas que recordaban los cuatro siglos de existencia de la urbe, desde aquel 6 de agosto de 1538 en que don Gonzalo Jim\u00e9nez de Quesada fund\u00f3, en el hermoso Valle de los Alc\u00e1zares, una villa con el nombre de Santaf\u00e9 de Bogot\u00e1, que habr\u00eda de convertirse en la capital del reino y del Virreinato de la Nueva Granada, y luego de la naciente Rep\u00fablica de Colombia.<\/p>\n<p><strong>Autores:<\/strong> Fabio Zambrano y Alfredo Bar\u00f3n Leal<br \/>\n<strong>A\u00f1o:<\/strong> 2018<\/p>\n","protected":false},"featured_media":1331,"comment_status":"open","ping_status":"closed","template":"","meta":{"_acf_changed":false},"product_brand":[],"product_cat":[101,105],"product_tag":[],"class_list":{"0":"post-806","1":"product","2":"type-product","3":"status-publish","4":"has-post-thumbnail","6":"product_cat-lugares_y_tiempos","7":"product_cat-memorias_museo","9":"first","10":"instock","11":"shipping-taxable","12":"purchasable","13":"product-type-simple"},"acf":[],"_links":{"self":[{"href":"https:\/\/idpc.gov.co\/publicaciones\/wp-json\/wp\/v2\/product\/806","targetHints":{"allow":["GET"]}}],"collection":[{"href":"https:\/\/idpc.gov.co\/publicaciones\/wp-json\/wp\/v2\/product"}],"about":[{"href":"https:\/\/idpc.gov.co\/publicaciones\/wp-json\/wp\/v2\/types\/product"}],"replies":[{"embeddable":true,"href":"https:\/\/idpc.gov.co\/publicaciones\/wp-json\/wp\/v2\/comments?post=806"}],"wp:featuredmedia":[{"embeddable":true,"href":"https:\/\/idpc.gov.co\/publicaciones\/wp-json\/wp\/v2\/media\/1331"}],"wp:attachment":[{"href":"https:\/\/idpc.gov.co\/publicaciones\/wp-json\/wp\/v2\/media?parent=806"}],"wp:term":[{"taxonomy":"product_brand","embeddable":true,"href":"https:\/\/idpc.gov.co\/publicaciones\/wp-json\/wp\/v2\/product_brand?post=806"},{"taxonomy":"product_cat","embeddable":true,"href":"https:\/\/idpc.gov.co\/publicaciones\/wp-json\/wp\/v2\/product_cat?post=806"},{"taxonomy":"product_tag","embeddable":true,"href":"https:\/\/idpc.gov.co\/publicaciones\/wp-json\/wp\/v2\/product_tag?post=806"}],"curies":[{"name":"wp","href":"https:\/\/api.w.org\/{rel}","templated":true}]}}