{"id":805,"date":"2018-05-06T11:59:21","date_gmt":"2018-05-06T16:59:21","guid":{"rendered":"https:\/\/idpc.gov.co\/publicaciones\/producto\/ricardo-moros-urbina-imagenes-de-una-bogota-en-cambio-1882-1911\/"},"modified":"2024-04-30T22:15:07","modified_gmt":"2024-05-01T03:15:07","slug":"ricardo-moros-urbina-imagenes-de-una-bogota-en-cambio-1882-1911","status":"publish","type":"product","link":"https:\/\/idpc.gov.co\/publicaciones\/producto\/ricardo-moros-urbina-imagenes-de-una-bogota-en-cambio-1882-1911\/","title":{"rendered":"Ricardo Moros Urbina. Im\u00e1genes de una Bogot\u00e1 en cambio. 1882 &#8211; 1911"},"content":{"rendered":"<p><iframe style=\"border: none; width: 100%; height: 326px;\" src=\"\/\/e.issuu.com\/embed.html?d=moros_urbina1_web&amp;u=patrimoniobogota\" allowfullscreen=\"allowfullscreen\"><\/iframe><\/p>\n","protected":false},"excerpt":{"rendered":"<p>Ricardo Moros Urbina ha sido reconocido principalmente por su trabajo como grabador del <em>Papel Peri\u00f3dico Ilustrado<\/em>, publicaci\u00f3n que, en la Bogot\u00e1 de finales del siglo XIX, articul\u00f3 de forma pionera el car\u00e1cter period\u00edstico y la reproducci\u00f3n masiva del arte gr\u00e1fico a trav\u00e9s del grabado xilogr\u00e1fico. En este \u00e1mbito, Moros y el equipo de dibujantes, fot\u00f3grafos y grabadores del peri\u00f3dico, bajo la direcci\u00f3n de Alberto Urdaneta, ilustraron la vida pol\u00edtica, cultural y social del pa\u00eds, pero tambi\u00e9n, detuvieron su mirada en la Santaf\u00e9 que desaparec\u00eda de forma latente ante la Bogot\u00e1 cambiante de finales de siglo XIX y de inicios del XX.<\/p>\n<p>Moros fue adem\u00e1s docente de la Escuela Nacional de Bellas Artes, Director del Museo Nacional de Bellas Artes y miembro fundador de la Academia Colombiana de Historia, entidad a la que dise\u00f1\u00f3 su escudo. Puede decirse tambi\u00e9n que nos encontramos ante uno de los pioneros del dise\u00f1o gr\u00e1fico y la publicidad en el pa\u00eds: a trav\u00e9s de im\u00e1genes pagadas por terceros para ser publicadas como avisos comerciales, Moros dibujaba y grababa los anuncios de f\u00e1bricas, tiendas y comerciantes. En este medio es de resaltar su trabajo para la cervecer\u00eda Bavaria en el que la imagen de la cerveza \u201cLa Pola\u201d resulta ser una de las m\u00e1s emblem\u00e1ticas.<\/p>\n<p>La posibilidad de reconstruir la imagen y la obra de este hombre polifac\u00e9tico, cuyo aporte\u00a0 al patrimonio cultural mueble se da desde el grabado, el dibujo y la obra pict\u00f3rica, se debe a la investigaci\u00f3n realizada por Paula Matiz y Constanza Villalobos, ganadora en 2009 de la Convocatoria Distrital de Est\u00edmulos en Curadur\u00eda Hist\u00f3rica de la Fundaci\u00f3n Gilberto Alzate Avenda\u00f1o. A inicios de 2018, tras ser presentada la propuesta al Instituto Distrital de Patrimonio Cultural, el trabajo desarrollado por las autoras se revis\u00f3 y se ampli\u00f3 en lo que respecta a la relaci\u00f3n de la obra de Moros con la forma en que este representaba a Bogot\u00e1, con sus costumbres y paisajes, entre finales de siglo XIX e inicios del XX.<\/p>\n<p>La oportunidad de hacer p\u00fablico este trabajo permite a su vez que los lectores conozcan los <em>Cuadernos de Apuntes, dibujos y grabados<\/em> de Moros, as\u00ed como su obra pict\u00f3rica, custodiada por entidades p\u00fablicas y por coleccionistas privados que de manera generosa y entusiasta han compartido las im\u00e1genes para esta edici\u00f3n.<\/p>\n<p><strong>Autoras:<\/strong> Paula Matiz, Mar\u00eda Constanza Villalobos.<br \/>\n<strong>A\u00f1o:<\/strong>\u00a0 2018<\/p>\n<p><a href=\"https:\/\/libreriasiglo.com\/selloeditorial\/ipc-instituto-distrital-de-patrimonio-cultural.html\"><img decoding=\"async\" class=\"alignleft wp-image-11899 size-full\" src=\"https:\/\/idpc.gov.co\/publicaciones\/wp-content\/uploads\/2020\/12\/comprar.png\" alt=\"Comprar\" width=\"158\" height=\"49\" \/><\/a><\/p>\n","protected":false},"featured_media":1330,"comment_status":"open","ping_status":"closed","template":"","meta":{"_acf_changed":false},"product_brand":[],"product_cat":[91],"product_tag":[],"class_list":{"0":"post-805","1":"product","2":"type-product","3":"status-publish","4":"has-post-thumbnail","6":"product_cat-nombres_propios","8":"first","9":"instock","10":"shipping-taxable","11":"purchasable","12":"product-type-simple"},"acf":[],"_links":{"self":[{"href":"https:\/\/idpc.gov.co\/publicaciones\/wp-json\/wp\/v2\/product\/805","targetHints":{"allow":["GET"]}}],"collection":[{"href":"https:\/\/idpc.gov.co\/publicaciones\/wp-json\/wp\/v2\/product"}],"about":[{"href":"https:\/\/idpc.gov.co\/publicaciones\/wp-json\/wp\/v2\/types\/product"}],"replies":[{"embeddable":true,"href":"https:\/\/idpc.gov.co\/publicaciones\/wp-json\/wp\/v2\/comments?post=805"}],"wp:featuredmedia":[{"embeddable":true,"href":"https:\/\/idpc.gov.co\/publicaciones\/wp-json\/wp\/v2\/media\/1330"}],"wp:attachment":[{"href":"https:\/\/idpc.gov.co\/publicaciones\/wp-json\/wp\/v2\/media?parent=805"}],"wp:term":[{"taxonomy":"product_brand","embeddable":true,"href":"https:\/\/idpc.gov.co\/publicaciones\/wp-json\/wp\/v2\/product_brand?post=805"},{"taxonomy":"product_cat","embeddable":true,"href":"https:\/\/idpc.gov.co\/publicaciones\/wp-json\/wp\/v2\/product_cat?post=805"},{"taxonomy":"product_tag","embeddable":true,"href":"https:\/\/idpc.gov.co\/publicaciones\/wp-json\/wp\/v2\/product_tag?post=805"}],"curies":[{"name":"wp","href":"https:\/\/api.w.org\/{rel}","templated":true}]}}