{"id":782,"date":"2019-10-19T16:00:48","date_gmt":"2019-10-19T21:00:48","guid":{"rendered":"https:\/\/idpc.gov.co\/publicaciones\/producto\/de-la-tierra-al-cielo-bogota-desde-arriba\/"},"modified":"2024-04-30T22:23:34","modified_gmt":"2024-05-01T03:23:34","slug":"de-la-tierra-al-cielo-bogota-desde-arriba","status":"publish","type":"product","link":"https:\/\/idpc.gov.co\/publicaciones\/producto\/de-la-tierra-al-cielo-bogota-desde-arriba\/","title":{"rendered":"De la Tierra al cielo. Bogot\u00e1 desde arriba"},"content":{"rendered":"<div style=\"position: relative; padding-top: max(60%,326px); height: 0; width: 100%;\"><iframe style=\"position: absolute; border: none; width: 100%; height: 100%; left: 0; right: 0; top: 0; bottom: 0;\" src=\"https:\/\/e.issuu.com\/embed.html?d=de_la_tierra_al_cielo_web_insertos_&amp;u=patrimoniobogota\" sandbox=\"allow-top-navigation allow-top-navigation-by-user-activation allow-downloads allow-scripts allow-same-origin allow-popups allow-modals allow-popups-to-escape-sandbox\" allowfullscreen=\"allowfullscreen\"><\/iframe><\/div>\n","protected":false},"excerpt":{"rendered":"<p>Volar. Uno de los grandes anhelos del ser humano. Advertir el mundo desde arriba, desde donde todo se ve bien. Esta es una forma diversa del ver a Bogot\u00e1, la metr\u00f3poli, la ciudad de las mil facetas; en esta ocasi\u00f3n, una vista desde \u201clo alto\u201d, a trav\u00e9s de m\u00faltiples dimensiones.<\/p>\n<p>De la tierra al cielo. Bogot\u00e1 desde arriba, es una publicaci\u00f3n que acompa\u00f1a la exposici\u00f3n del Museo de Bogot\u00e1 que bajo este mismo t\u00edtulo, brind\u00f3 una mirada especial de la capital. Modos particulares de observar la urbe desde las alturas: por encima de los techos, desde las torres campanarias, los rascacielos, los miradores, las cumbres de los Cerros Orientales y, con el auxilio de medios sofisticados, desde el aire y el espacio. Ante todo la geograf\u00eda, la relaci\u00f3n con el territorio, ese paisaje \u00fanico conformado por nuestras imponentes monta\u00f1as y nuestra sabana surcada por numerosos cursos de agua; luego, la forma urbana, una cuadr\u00edcula definida en la zona hist\u00f3rica que se va modificando a medida que la ciudad crece; enormes v\u00edas sin fin y tambi\u00e9n peque\u00f1os parques \u201cde bolsillo\u201d; edificaciones cuyas formas son inimaginables hasta que las vemos desde arriba. Lugares emblem\u00e1ticos y tambi\u00e9n espacios insospechados. Raros colores, luces resplandecientes y oscuras sombras que dramatizan la escena. Todo eso se percibe solo desde lo alto.<\/p>\n<p>De manera did\u00e1ctica y amena, se presentan en esta exhibici\u00f3n los diferentes m\u00e9todos de representaci\u00f3n de la ciudad y sus componentes, bien sea mediante dibujos, pinturas, grabados o las primeras fotograf\u00edas; as\u00ed mismo, se muestra la evoluci\u00f3n de las diversas t\u00e9cnicas planim\u00e9tricas, de la cartograf\u00eda del siglo XVIII a los mapas m\u00e1s recientes, pasando por los inicios de la aerofotograf\u00eda y su desarrollo en el tiempo, hasta las m\u00e1s complejas y precisas im\u00e1genes satelitales actuales.<\/p>\n<p>Es esta entonces una magn\u00edfica oportunidad para descubrir, comprender y valorar nuestra ciudad. Para verla y apreciarla desde otra perspectiva. Para leer sus persistencias y a la vez sus permanentes transformaciones. Para entender su crecimiento desbordante, pero tambi\u00e9n la mirada de sus habitantes a partir de otros \u00e1ngulos, desde ventanas y terrazas, barrios miradores de sugestivos nombres, picos monta\u00f1osos, globos aerost\u00e1ticos y aeronaves\u2026 Y, desde all\u00ed, divisar r\u00edos y quebradas; avistar calles, palacios, casas y patios, monumentos, \u00e1rboles y personas; revelar la forma de las principales plazas, y la de nuestro barrio y nuestro parque; ubicar nuestra casa, el colegio o el lugar de trabajo; distinguir lugares como la plazoleta del Chorro de Quevedo, el Bosque San Carlos, la planta de tratamiento de Vitelma, las Torres del Parque, Unicentro, el humedal Juan Amarillo o la Ciudadela Colsubsidio.<\/p>\n<p><strong>Autor:<\/strong> Mar\u00eda Camila Gracia Alc\u00e1zar<br \/>\n<strong>A\u00f1o:<\/strong> 2018<\/p>\n","protected":false},"featured_media":1339,"comment_status":"open","ping_status":"closed","template":"","meta":{"_acf_changed":false},"product_brand":[],"product_cat":[101,105],"product_tag":[],"class_list":{"0":"post-782","1":"product","2":"type-product","3":"status-publish","4":"has-post-thumbnail","6":"product_cat-lugares_y_tiempos","7":"product_cat-memorias_museo","9":"first","10":"instock","11":"shipping-taxable","12":"purchasable","13":"product-type-simple"},"acf":[],"_links":{"self":[{"href":"https:\/\/idpc.gov.co\/publicaciones\/wp-json\/wp\/v2\/product\/782","targetHints":{"allow":["GET"]}}],"collection":[{"href":"https:\/\/idpc.gov.co\/publicaciones\/wp-json\/wp\/v2\/product"}],"about":[{"href":"https:\/\/idpc.gov.co\/publicaciones\/wp-json\/wp\/v2\/types\/product"}],"replies":[{"embeddable":true,"href":"https:\/\/idpc.gov.co\/publicaciones\/wp-json\/wp\/v2\/comments?post=782"}],"wp:featuredmedia":[{"embeddable":true,"href":"https:\/\/idpc.gov.co\/publicaciones\/wp-json\/wp\/v2\/media\/1339"}],"wp:attachment":[{"href":"https:\/\/idpc.gov.co\/publicaciones\/wp-json\/wp\/v2\/media?parent=782"}],"wp:term":[{"taxonomy":"product_brand","embeddable":true,"href":"https:\/\/idpc.gov.co\/publicaciones\/wp-json\/wp\/v2\/product_brand?post=782"},{"taxonomy":"product_cat","embeddable":true,"href":"https:\/\/idpc.gov.co\/publicaciones\/wp-json\/wp\/v2\/product_cat?post=782"},{"taxonomy":"product_tag","embeddable":true,"href":"https:\/\/idpc.gov.co\/publicaciones\/wp-json\/wp\/v2\/product_tag?post=782"}],"curies":[{"name":"wp","href":"https:\/\/api.w.org\/{rel}","templated":true}]}}