{"id":780,"date":"2018-05-13T15:52:34","date_gmt":"2018-05-13T20:52:34","guid":{"rendered":"https:\/\/idpc.gov.co\/publicaciones\/producto\/bogota-en-la-mirada-de-10-fotografos-patrimonio-moderno-arquitectura-ciudad-y-fotografia\/"},"modified":"2024-04-30T22:39:33","modified_gmt":"2024-05-01T03:39:33","slug":"bogota-en-la-mirada-de-10-fotografos-patrimonio-moderno-arquitectura-ciudad-y-fotografia","status":"publish","type":"product","link":"https:\/\/idpc.gov.co\/publicaciones\/producto\/bogota-en-la-mirada-de-10-fotografos-patrimonio-moderno-arquitectura-ciudad-y-fotografia\/","title":{"rendered":"Bogot\u00e1 en la mirada de 10 fot\u00f3grafos."},"content":{"rendered":"<p><iframe style=\"border: none; width: 100%; height: 326px;\" src=\"\/\/e.issuu.com\/embed.html?d=bogota_en_la_mirada_de_10_fot_grafo&amp;u=patrimoniobogota\" allowfullscreen=\"allowfullscreen\"><\/iframe><\/p>\n","protected":false},"excerpt":{"rendered":"<p><em>Bogot\u00e1 en la mirada de diez fot\u00f3grafos. Patrimonio moderno, arquitectura, ciudad y fotograf\u00eda<\/em>, detiene la mirada en algunos hombres que, con su c\u00e1mara y su propio enfoque, retrataron la Bogot\u00e1 moderna, aquella que da cuenta de la arquitectura y los espacios de la ciudad entre 1950 y 1970, sin duda uno de los periodos m\u00e1s fruct\u00edferos de la arquitectura del siglo XX en la capital y en el pa\u00eds.<\/p>\n<p>Para el Instituto Distrital de Patrimonio Cultural y el Museo de Bogot\u00e1, la acertada apuesta de este t\u00edtulo, ofrece una mirada particular, un abordaje m\u00faltiple a los fot\u00f3grafos aqu\u00ed escogidos, a sus puntos de vista respecto a la ciudad y su arquitectura, un patrimonio moderno cada vez m\u00e1s reconocido por especialistas y ciudadanos del com\u00fan.<\/p>\n<p>Esta muestra abre el espacio para una visi\u00f3n cr\u00edtica y comparada sobre la ciudad moderna captada desde el \u00e1ngulo de la reporter\u00eda gr\u00e1fica urbana, de la fotograf\u00eda a\u00e9rea, la vista de la calle y de la arquitectura, que no es un tema menor desde el \u00e1mbito del patrimonio cultural: aun cuando esta selecci\u00f3n aborda im\u00e1genes de diversas d\u00e9cadas, permite lo que buscamos al apostar por el patrimonio de la ciudad: reconocer en el contraste imagen-ciudad-valor, las trazas, vol\u00famenes, elementos y espacios que se han transformado o bien, que permanecen como parte de nuestra cotidianidad. La presentaci\u00f3n de esta selecci\u00f3n, que es museo imaginario a la vez, se constituye entonces en una de las varias formas en que podemos apropiarnos de manera contemplativa pero tambi\u00e9n activa, de nuestra ciudad.<\/p>\n<p><strong>Autores: <\/strong>Mar\u00eda P\u00eda Fontana, Miguel Mayorga, Margarita Roa<br \/>\n<strong>A\u00f1o:<\/strong> 2018<\/p>\n","protected":false},"featured_media":1337,"comment_status":"open","ping_status":"closed","template":"","meta":{"_acf_changed":false},"product_brand":[],"product_cat":[102,101],"product_tag":[],"class_list":{"0":"post-780","1":"product","2":"type-product","3":"status-publish","4":"has-post-thumbnail","6":"product_cat-exploraciones_y_recorridos","7":"product_cat-lugares_y_tiempos","9":"first","10":"instock","11":"shipping-taxable","12":"purchasable","13":"product-type-simple"},"acf":[],"_links":{"self":[{"href":"https:\/\/idpc.gov.co\/publicaciones\/wp-json\/wp\/v2\/product\/780","targetHints":{"allow":["GET"]}}],"collection":[{"href":"https:\/\/idpc.gov.co\/publicaciones\/wp-json\/wp\/v2\/product"}],"about":[{"href":"https:\/\/idpc.gov.co\/publicaciones\/wp-json\/wp\/v2\/types\/product"}],"replies":[{"embeddable":true,"href":"https:\/\/idpc.gov.co\/publicaciones\/wp-json\/wp\/v2\/comments?post=780"}],"wp:featuredmedia":[{"embeddable":true,"href":"https:\/\/idpc.gov.co\/publicaciones\/wp-json\/wp\/v2\/media\/1337"}],"wp:attachment":[{"href":"https:\/\/idpc.gov.co\/publicaciones\/wp-json\/wp\/v2\/media?parent=780"}],"wp:term":[{"taxonomy":"product_brand","embeddable":true,"href":"https:\/\/idpc.gov.co\/publicaciones\/wp-json\/wp\/v2\/product_brand?post=780"},{"taxonomy":"product_cat","embeddable":true,"href":"https:\/\/idpc.gov.co\/publicaciones\/wp-json\/wp\/v2\/product_cat?post=780"},{"taxonomy":"product_tag","embeddable":true,"href":"https:\/\/idpc.gov.co\/publicaciones\/wp-json\/wp\/v2\/product_tag?post=780"}],"curies":[{"name":"wp","href":"https:\/\/api.w.org\/{rel}","templated":true}]}}