{"id":778,"date":"2018-05-11T15:15:22","date_gmt":"2018-05-11T20:15:22","guid":{"rendered":"https:\/\/idpc.gov.co\/publicaciones\/producto\/reciclaje-de-edificaciones-en-contextos-patrimoniales\/"},"modified":"2024-04-30T22:10:22","modified_gmt":"2024-05-01T03:10:22","slug":"reciclaje-de-edificaciones-en-contextos-patrimoniales","status":"publish","type":"product","link":"https:\/\/idpc.gov.co\/publicaciones\/producto\/reciclaje-de-edificaciones-en-contextos-patrimoniales\/","title":{"rendered":"Reciclaje de edificaciones en contextos patrimoniales"},"content":{"rendered":"<div style=\"position: relative; padding-top: max(60%,326px); height: 0; width: 100%;\"><iframe style=\"position: absolute; border: none; width: 100%; height: 100%; left: 0; right: 0; top: 0; bottom: 0;\" src=\"https:\/\/e.issuu.com\/embed.html?d=seminario_de_reciclaje_web__1_&amp;u=patrimoniobogota\" sandbox=\"allow-top-navigation allow-top-navigation-by-user-activation allow-downloads allow-scripts allow-same-origin allow-popups allow-modals allow-popups-to-escape-sandbox\" allowfullscreen=\"allowfullscreen\"><\/iframe><\/div>\n","protected":false},"excerpt":{"rendered":"<p>En\u00a0 marco\u00a0 del\u00a0 Mes\u00a0 del\u00a0 Patrimonio\u00a0 2016\u00a0 y partiendo de asumir la capital colombiana como\u00a0 una\u00a0 ciudad-memoria\u00a0 en\u00a0 clave\u00a0 de futuro,\u00a0 el\u00a0 Instituto\u00a0 Distrital\u00a0 de\u00a0 Patrimonio Cultural (IDPC) organiz\u00f3 un seminario internacional, cuyo prop\u00f3sito esencial fue intercambiar buenas pr\u00e1cticas y casos exitosos de reciclaje y recuperaci\u00f3n de edificaciones en contextos patrimoniales tanto en la ciudad de Bogot\u00e1 como en otros lugares del\u00a0 mundo,\u00a0 con\u00a0 diversos\u00a0 agentes,\u00a0 experiencias y actores de los \u00e1mbitos p\u00fablico y privado.<\/p>\n<p>El\u00a0 Seminario\u00a0 Internacional\u00a0 de\u00a0 Reciclaje\u00a0 de Edificaciones\u00a0 en\u00a0 Contextos\u00a0 Patrimoniales, realizado durante los d\u00edas 12 y 13 de septiembre\u00a0 de\u00a0 2016,\u00a0 plante\u00f3,\u00a0 como\u00a0 objetivo principal,\u00a0 generar\u00a0 una\u00a0 reflexi\u00f3n\u00a0 acerca\u00a0 de las m\u00faltiples alternativas para recuperar zonas\u00a0 patrimoniales,\u00a0 entendidas\u00a0 estas\u00a0 como \u00e1reas enteras de ciudad; es decir, no solo el centro hist\u00f3rico, sino tambi\u00e9n otros sectores urbanos que cuentan con edificios que seguramente\u00a0 tienen\u00a0 la\u00a0 posibilidad\u00a0 de\u00a0 una segunda vida.<\/p>\n<p>En esta v\u00eda, estas memorias retoman las experiencias compartidas por los conferencistas nacionales que dieron cuenta de casos en Colombia, especialmente en Bogot\u00e1, e internacionales, como las presentadas por los\u00a0 invitados\u00a0 Mich\u00e8le Laru\u00eb-Charlus, de\u00a0 Francia,\u00a0 y\u00a0 Eduard\u00a0 Rodr\u00edguez\u00a0 i Villaescusa, de Espa\u00f1a.<\/p>\n<p><strong>Autores:<\/strong> Mich\u00e9le Laru\u00eb-Charlus, Juan Pablo Hoyos Trujillo, Rodolfo Ulloa Vergara, Daniel Berm\u00fadez Samper, Juan Pablo Ortiz Su\u00e1rez, Eduard Rodr\u00edguez i Villaescusa, Enrique Ram\u00edrez Botero, H\u00e9ctor Calder\u00f3n Bozzi, Taller de S (Santiago y Sebasti\u00e1n).<br \/>\n<strong>A\u00f1o:<\/strong> 2018<\/p>\n<p><a href=\"https:\/\/libreriasiglo.com\/selloeditorial\/ipc-instituto-distrital-de-patrimonio-cultural.html\"><img decoding=\"async\" class=\"alignleft wp-image-11899 size-full\" src=\"https:\/\/idpc.gov.co\/publicaciones\/wp-content\/uploads\/2020\/12\/comprar.png\" alt=\"Comprar\" width=\"158\" height=\"49\" \/><\/a><\/p>\n","protected":false},"featured_media":1333,"comment_status":"open","ping_status":"closed","template":"","meta":{"_acf_changed":false},"product_brand":[],"product_cat":[103],"product_tag":[],"class_list":{"0":"post-778","1":"product","2":"type-product","3":"status-publish","4":"has-post-thumbnail","6":"product_cat-proyecciones_y_apuestas","8":"first","9":"instock","10":"shipping-taxable","11":"purchasable","12":"product-type-simple"},"acf":[],"_links":{"self":[{"href":"https:\/\/idpc.gov.co\/publicaciones\/wp-json\/wp\/v2\/product\/778","targetHints":{"allow":["GET"]}}],"collection":[{"href":"https:\/\/idpc.gov.co\/publicaciones\/wp-json\/wp\/v2\/product"}],"about":[{"href":"https:\/\/idpc.gov.co\/publicaciones\/wp-json\/wp\/v2\/types\/product"}],"replies":[{"embeddable":true,"href":"https:\/\/idpc.gov.co\/publicaciones\/wp-json\/wp\/v2\/comments?post=778"}],"wp:featuredmedia":[{"embeddable":true,"href":"https:\/\/idpc.gov.co\/publicaciones\/wp-json\/wp\/v2\/media\/1333"}],"wp:attachment":[{"href":"https:\/\/idpc.gov.co\/publicaciones\/wp-json\/wp\/v2\/media?parent=778"}],"wp:term":[{"taxonomy":"product_brand","embeddable":true,"href":"https:\/\/idpc.gov.co\/publicaciones\/wp-json\/wp\/v2\/product_brand?post=778"},{"taxonomy":"product_cat","embeddable":true,"href":"https:\/\/idpc.gov.co\/publicaciones\/wp-json\/wp\/v2\/product_cat?post=778"},{"taxonomy":"product_tag","embeddable":true,"href":"https:\/\/idpc.gov.co\/publicaciones\/wp-json\/wp\/v2\/product_tag?post=778"}],"curies":[{"name":"wp","href":"https:\/\/api.w.org\/{rel}","templated":true}]}}