{"id":777,"date":"2018-05-10T10:54:33","date_gmt":"2018-05-10T15:54:33","guid":{"rendered":"https:\/\/idpc.gov.co\/publicaciones\/producto\/camacho-y-guerrero-arquitectos\/"},"modified":"2024-04-30T22:15:12","modified_gmt":"2024-05-01T03:15:12","slug":"camacho-y-guerrero-arquitectos","status":"publish","type":"product","link":"https:\/\/idpc.gov.co\/publicaciones\/producto\/camacho-y-guerrero-arquitectos\/","title":{"rendered":"Camacho y Guerrero Arquitectos"},"content":{"rendered":"<p><iframe style=\"border: none; width: 100%; height: 326px;\" src=\"\/\/e.issuu.com\/embed.html?d=camachoy_guerrero_baja&amp;u=patrimoniobogota\" allowfullscreen=\"allowfullscreen\"><\/iframe><\/p>\n","protected":false},"excerpt":{"rendered":"<p>Desde el mismo momento en que se concibi\u00f3 la colecci\u00f3n Homenajes. Arquitectos en Bogot\u00e1, creada para hacer un reconocimiento a profesionales muy destacados en la cultura arquitect\u00f3nica de la ciudad, se pens\u00f3 que era necesario realizar una monograf\u00eda que recopilara y presentara el excelente trabajo de Camacho y Guerrero Arquitectos.<\/p>\n<p>Hac\u00eda falta, entre las publicaciones de arquitectos colombianos, una dedicada a la labor esta firma, que por tantas d\u00e9cadas ha producido arquitectura de la m\u00e1s alta calidad, una obra l\u00facida, serena, coherente, definitivamente moderna. Conjuntos de vivienda y torres de oficinas, f\u00e1bricas, complejos deportivos y espacios p\u00fablicos, en Bogot\u00e1 y en Cali, ciudades de donde son originarios los socios de la firma. Edificaciones ic\u00f3nicas, como el edificio Parque Santander, el multifamiliar Geronia, la Torre Mazuera, la f\u00e1brica de Kodak o la Unidad Deportiva El Salitre en Bogot\u00e1, as\u00ed como el Parque Panamericano y ese prodigio que es la Plaza de Toros de Cali, muchas de ellas, justamente, declaradas como bienes de inter\u00e9s cultural local y nacional.<\/p>\n<p>La obra de Camacho y Guerrero, realizada por m\u00e1s de 60 a\u00f1os de manera constante, rigurosa y alejada de moda alguna, es absolutamente vigente hoy en d\u00eda y constituye una verdadera lecci\u00f3n de arquitectura. Recogerla en un solo volumen, es el prop\u00f3sito de la Serie Homenajes, iniciativa de la Sociedad Colombiana de Arquitectos Bogot\u00e1 y Cundinamarca y del Instituto Distrital de Patrimonio Cultural.<\/p>\n<p>La buena arquitectura de Camacho y Guerrero es ya patrimonio de Bogot\u00e1 y de Cali, un patrimonio moderno digno de ser resaltado y preservado. Y nadie mejor que Germ\u00e1n T\u00e9llez Casta\u00f1eda, amigo de los socios y fot\u00f3grafo de la firma, testigo permanente del desarrollo y evoluci\u00f3n de su trabajo, para encargarse del an\u00e1lisis cr\u00edtico y las im\u00e1genes de este volumen, que con el precedente y los venideros, confirma la validez de la aventura editorial que nos hemos propuesto.<\/p>\n<p><strong>Autor:<\/strong> Germ\u00e1n T\u00e9llez Casta\u00f1eda<br \/>\n<strong>A\u00f1o<\/strong>: 2018<\/p>\n<p><a href=\"https:\/\/libreriasiglo.com\/selloeditorial\/ipc-instituto-distrital-de-patrimonio-cultural.html\"><img decoding=\"async\" class=\"alignleft wp-image-11899 size-full\" src=\"https:\/\/idpc.gov.co\/publicaciones\/wp-content\/uploads\/2020\/12\/comprar.png\" alt=\"Comprar\" width=\"158\" height=\"49\" \/><\/a><\/p>\n","protected":false},"featured_media":1335,"comment_status":"open","ping_status":"closed","template":"","meta":{"_acf_changed":false},"product_brand":[],"product_cat":[91],"product_tag":[],"class_list":{"0":"post-777","1":"product","2":"type-product","3":"status-publish","4":"has-post-thumbnail","6":"product_cat-nombres_propios","8":"first","9":"instock","10":"shipping-taxable","11":"purchasable","12":"product-type-simple"},"acf":[],"_links":{"self":[{"href":"https:\/\/idpc.gov.co\/publicaciones\/wp-json\/wp\/v2\/product\/777","targetHints":{"allow":["GET"]}}],"collection":[{"href":"https:\/\/idpc.gov.co\/publicaciones\/wp-json\/wp\/v2\/product"}],"about":[{"href":"https:\/\/idpc.gov.co\/publicaciones\/wp-json\/wp\/v2\/types\/product"}],"replies":[{"embeddable":true,"href":"https:\/\/idpc.gov.co\/publicaciones\/wp-json\/wp\/v2\/comments?post=777"}],"wp:featuredmedia":[{"embeddable":true,"href":"https:\/\/idpc.gov.co\/publicaciones\/wp-json\/wp\/v2\/media\/1335"}],"wp:attachment":[{"href":"https:\/\/idpc.gov.co\/publicaciones\/wp-json\/wp\/v2\/media?parent=777"}],"wp:term":[{"taxonomy":"product_brand","embeddable":true,"href":"https:\/\/idpc.gov.co\/publicaciones\/wp-json\/wp\/v2\/product_brand?post=777"},{"taxonomy":"product_cat","embeddable":true,"href":"https:\/\/idpc.gov.co\/publicaciones\/wp-json\/wp\/v2\/product_cat?post=777"},{"taxonomy":"product_tag","embeddable":true,"href":"https:\/\/idpc.gov.co\/publicaciones\/wp-json\/wp\/v2\/product_tag?post=777"}],"curies":[{"name":"wp","href":"https:\/\/api.w.org\/{rel}","templated":true}]}}