{"id":770,"date":"2018-05-13T11:56:08","date_gmt":"2018-05-13T16:56:08","guid":{"rendered":"https:\/\/idpc.gov.co\/publicaciones\/producto\/gaston-lelarge-itinerario-de-su-obra-en-colombia-2\/"},"modified":"2024-04-30T22:15:14","modified_gmt":"2024-05-01T03:15:14","slug":"gaston-lelarge-itinerario-de-su-obra-en-colombia-2","status":"publish","type":"product","link":"https:\/\/idpc.gov.co\/publicaciones\/producto\/gaston-lelarge-itinerario-de-su-obra-en-colombia-2\/","title":{"rendered":"Gaston Lelarge. Itinerario de su obra en Colombia"},"content":{"rendered":"<div style=\"position: relative; padding-top: max(60%,326px); height: 0; width: 100%;\"><iframe style=\"position: absolute; border: none; width: 100%; height: 100%; left: 0; right: 0; top: 0; bottom: 0;\" src=\"https:\/\/e.issuu.com\/embed.html?d=lelarge_web&amp;u=patrimoniobogota\" sandbox=\"allow-top-navigation allow-top-navigation-by-user-activation allow-downloads allow-scripts allow-same-origin allow-popups allow-modals allow-popups-to-escape-sandbox\" allowfullscreen=\"allowfullscreen\"><\/iframe><\/div>\n","protected":false},"excerpt":{"rendered":"<p>Gaston Lelarge es, sin duda alguna, uno de los profesionales m\u00e1s importantes en la cultura arquitect\u00f3nica nacional, y quiz\u00e1s el m\u00e1s representativo de los constructores del periodo republicano en el pa\u00eds. Su obra, elocuente y refinada, contribuy\u00f3 al desarrollo de la \u201cnueva\u201d arquitectura de finales del siglo XIX y comienzos del XX, principalmente en Bogot\u00e1 y Cartagena, ciudades en las que vivi\u00f3 y dej\u00f3 un legado indeleble que hoy est\u00e1 reconocido como parte fundamental de su patrimonio construido.<\/p>\n<p>Nacido en Rouen (Francia) en 1861, Lelarge lleg\u00f3 a Colombia hacia 1890, donde vivi\u00f3 hasta su muerte en Cartagena en 1934, luego de una fruct\u00edfera carrera que trascendi\u00f3 el ejercicio de la arquitectura y la ingenier\u00eda, al incursionar con destreza en otros campos de la ciencia y el arte como la astronom\u00eda, la entomolog\u00eda, la escritura, la pintura y la caricatura pol\u00edtica.<\/p>\n<p>Un verdadero humanista, Lelarge arriba a Bogot\u00e1 con un bagaje cultural que hereda de su familia y de su propia experiencia europea, y es aqu\u00ed donde tiene la oportunidad de desarrollar toda su creatividad como claro exponente del neoclasicismo, que conoc\u00eda y que sab\u00eda interpretar, para dejar obras trascendentales como los palacios de San Francisco, Echeverri y Li\u00e9vano en la capital, o la c\u00fapula de la iglesia de San Pedro Claver y el Club Cartagena en la ciudad del Caribe, siendo capaz tambi\u00e9n de resolver con habilidad otras arquitecturas \u201cen estilo\u201d, como los \u201cmedievales\u201d Castillo Marroqu\u00edn en Ch\u00eda y la iglesia de Sans Fa\u00e7on (Capilla de las Hermanas de la Caridad de la Presentaci\u00f3n de la Sant\u00edsima Virgen de Tours) en Bogot\u00e1.<\/p>\n<p>El Instituto Distrital de Patrimonio Cultural, IDPC, tiene entre sus principales objetivos divulgar la memoria urbana y el patrimonio edificado de la ciudad, con el fin de comprender los procesos de formaci\u00f3n de nuestra identidad y lograr la apropiaci\u00f3n del patrimonio cultural por parte de la comunidad. Por esto, dedica esfuerzos por consolidar su sello editorial, en este caso fortaleciendo la colecci\u00f3n de la Serie Homenajes \/ Arquitectos en Bogot\u00e1. Gaston Lelarge. Itinerario de su obra en Colombia, fue publicado por primera vez en 2006. La presente, corresponde a una reedici\u00f3n en t\u00e9rminos de su contenido investigativo y su imagen gr\u00e1fica con la colaboraci\u00f3n desinteresada de sus autores originales (Alberto Escovar, Hugo Delgadillo y Marcela Cu\u00e9llar), a quienes se suma en esta ocasi\u00f3n Rodolfo Ulloa en el complemento de la obra de Lelarge en Cartagena.<\/p>\n<p><strong>Autores: <\/strong>Alberto Escovar Wilson-White, Hugo Delgadillo, Marcela Cu\u00e9llar, Rodolfo Ulloa<br \/>\n<strong>A\u00f1o: <\/strong>2018<\/p>\n<p><a href=\"https:\/\/libreriasiglo.com\/selloeditorial\/ipc-instituto-distrital-de-patrimonio-cultural.html\"><img decoding=\"async\" class=\"alignleft wp-image-11899 size-full\" src=\"https:\/\/idpc.gov.co\/publicaciones\/wp-content\/uploads\/2020\/12\/comprar.png\" alt=\"Comprar\" width=\"158\" height=\"49\" \/><\/a><\/p>\n","protected":false},"featured_media":1336,"comment_status":"open","ping_status":"closed","template":"","meta":{"_acf_changed":false},"product_brand":[],"product_cat":[91],"product_tag":[],"class_list":{"0":"post-770","1":"product","2":"type-product","3":"status-publish","4":"has-post-thumbnail","6":"product_cat-nombres_propios","8":"first","9":"instock","10":"shipping-taxable","11":"purchasable","12":"product-type-simple"},"acf":[],"_links":{"self":[{"href":"https:\/\/idpc.gov.co\/publicaciones\/wp-json\/wp\/v2\/product\/770","targetHints":{"allow":["GET"]}}],"collection":[{"href":"https:\/\/idpc.gov.co\/publicaciones\/wp-json\/wp\/v2\/product"}],"about":[{"href":"https:\/\/idpc.gov.co\/publicaciones\/wp-json\/wp\/v2\/types\/product"}],"replies":[{"embeddable":true,"href":"https:\/\/idpc.gov.co\/publicaciones\/wp-json\/wp\/v2\/comments?post=770"}],"wp:featuredmedia":[{"embeddable":true,"href":"https:\/\/idpc.gov.co\/publicaciones\/wp-json\/wp\/v2\/media\/1336"}],"wp:attachment":[{"href":"https:\/\/idpc.gov.co\/publicaciones\/wp-json\/wp\/v2\/media?parent=770"}],"wp:term":[{"taxonomy":"product_brand","embeddable":true,"href":"https:\/\/idpc.gov.co\/publicaciones\/wp-json\/wp\/v2\/product_brand?post=770"},{"taxonomy":"product_cat","embeddable":true,"href":"https:\/\/idpc.gov.co\/publicaciones\/wp-json\/wp\/v2\/product_cat?post=770"},{"taxonomy":"product_tag","embeddable":true,"href":"https:\/\/idpc.gov.co\/publicaciones\/wp-json\/wp\/v2\/product_tag?post=770"}],"curies":[{"name":"wp","href":"https:\/\/api.w.org\/{rel}","templated":true}]}}