{"id":727,"date":"2018-05-03T17:34:20","date_gmt":"2018-05-03T22:34:20","guid":{"rendered":"https:\/\/idpc.gov.co\/publicaciones\/?post_type=product&#038;p=727"},"modified":"2024-04-30T22:10:08","modified_gmt":"2024-05-01T03:10:08","slug":"premio-latinoamericano-de-arquitectura-rogelio-salmona-espacios-abiertosespacios-colectivos-segundo-ciclo-2016","status":"publish","type":"product","link":"https:\/\/idpc.gov.co\/publicaciones\/producto\/premio-latinoamericano-de-arquitectura-rogelio-salmona-espacios-abiertosespacios-colectivos-segundo-ciclo-2016\/","title":{"rendered":"Premio Latinoamericano de Arquitectura Rogelio Salmona. Espacios abiertos\/espacios colectivos. Segundo ciclo, 2016"},"content":{"rendered":"<div style=\"position: relative; padding-top: max(60%,326px); height: 0; width: 100%;\"><iframe style=\"position: absolute; border: none; width: 100%; height: 100%; left: 0; right: 0; top: 0; bottom: 0;\" src=\"https:\/\/e.issuu.com\/embed.html?d=fundacionsalmona_web&amp;u=patrimoniobogota\" sandbox=\"allow-top-navigation allow-top-navigation-by-user-activation allow-downloads allow-scripts allow-same-origin allow-popups allow-modals allow-popups-to-escape-sandbox\" allowfullscreen=\"allowfullscreen\"><\/iframe><\/div>\n","protected":false},"excerpt":{"rendered":"<p><span style=\"font-weight: 400;\">El patrimonio cultural es el bien colectivo por excelencia. Por esto, cuando la Fundaci\u00f3n Rogelio Salmona propone premiar los mejores proyectos arquitect\u00f3nicos de Latinoam\u00e9rica que den cuenta de la noci\u00f3n de espacios abiertos y espacios colectivos, desde el Instituto Distrital de Patrimonio Cultural \u2013IDPC\u2013 reconocemos la manera en que construimos nuestras ciudades en la actualidad, pero tambi\u00e9n c\u00f3mo, a trav\u00e9s de los destacados proyectos aqu\u00ed presentados, se construyen los futuros patrimonios. <\/span><\/p>\n<p><span style=\"font-weight: 400;\">Esta edici\u00f3n recoge las obras participantes y ganadoras del segundo ciclo del Premio Latinoamericano de Arquitectura Rogelio Salmona realizado en 2016 y que se publica en 2017 con el \u00e1nimo de lanzar una tercera versi\u00f3n de esta importante iniciativa. \u00a0<\/span><\/p>\n<p><span style=\"font-weight: 400;\">El Premio Rogelio Salmona apuesta por ciudades en donde los proyectos arquitect\u00f3nicos de gran calidad, como los seleccionados por los jurados nacionales e internacionales, propenden por ciudades latinoamericanas gratas y vivibles de forma colectiva. El esp\u00edritu de este premio, cuidado celosamente a trav\u00e9s de detallados t\u00e9rminos de referencia para participar y para juzgar, ponen en juego ideas aparentemente opuestas respecto al tiempo y el espacio, a lo p\u00fablico y lo privado. \u00a0<\/span><\/p>\n<p><strong>Autor:<\/strong> Fundaci\u00f3n Rogelio Salmona\/ Instituto Distrital de Patrimonio Cultural<br \/>\n<strong>A\u00f1o:<\/strong> 2017<\/p>\n<p><a href=\"https:\/\/libreriasiglo.com\/selloeditorial\/ipc-instituto-distrital-de-patrimonio-cultural.html\"><img decoding=\"async\" class=\"alignleft wp-image-11899 size-full\" src=\"https:\/\/idpc.gov.co\/publicaciones\/wp-content\/uploads\/2020\/12\/comprar.png\" alt=\"Comprar\" width=\"158\" height=\"49\" \/><\/a><\/p>\n","protected":false},"featured_media":1347,"comment_status":"open","ping_status":"closed","template":"","meta":{"_acf_changed":false},"product_brand":[],"product_cat":[103],"product_tag":[],"class_list":{"0":"post-727","1":"product","2":"type-product","3":"status-publish","4":"has-post-thumbnail","6":"product_cat-proyecciones_y_apuestas","8":"first","9":"instock","10":"shipping-taxable","11":"purchasable","12":"product-type-simple"},"acf":[],"_links":{"self":[{"href":"https:\/\/idpc.gov.co\/publicaciones\/wp-json\/wp\/v2\/product\/727","targetHints":{"allow":["GET"]}}],"collection":[{"href":"https:\/\/idpc.gov.co\/publicaciones\/wp-json\/wp\/v2\/product"}],"about":[{"href":"https:\/\/idpc.gov.co\/publicaciones\/wp-json\/wp\/v2\/types\/product"}],"replies":[{"embeddable":true,"href":"https:\/\/idpc.gov.co\/publicaciones\/wp-json\/wp\/v2\/comments?post=727"}],"wp:featuredmedia":[{"embeddable":true,"href":"https:\/\/idpc.gov.co\/publicaciones\/wp-json\/wp\/v2\/media\/1347"}],"wp:attachment":[{"href":"https:\/\/idpc.gov.co\/publicaciones\/wp-json\/wp\/v2\/media?parent=727"}],"wp:term":[{"taxonomy":"product_brand","embeddable":true,"href":"https:\/\/idpc.gov.co\/publicaciones\/wp-json\/wp\/v2\/product_brand?post=727"},{"taxonomy":"product_cat","embeddable":true,"href":"https:\/\/idpc.gov.co\/publicaciones\/wp-json\/wp\/v2\/product_cat?post=727"},{"taxonomy":"product_tag","embeddable":true,"href":"https:\/\/idpc.gov.co\/publicaciones\/wp-json\/wp\/v2\/product_tag?post=727"}],"curies":[{"name":"wp","href":"https:\/\/api.w.org\/{rel}","templated":true}]}}