{"id":718,"date":"2018-05-04T11:50:34","date_gmt":"2018-05-04T16:50:34","guid":{"rendered":"https:\/\/idpc.gov.co\/publicaciones\/?post_type=product&#038;p=718"},"modified":"2024-04-30T22:35:08","modified_gmt":"2024-05-01T03:35:08","slug":"arquitectura-sublime","status":"publish","type":"product","link":"https:\/\/idpc.gov.co\/publicaciones\/producto\/arquitectura-sublime\/","title":{"rendered":"Arquitectura sublime"},"content":{"rendered":"<div style=\"position: relative; padding-top: max(60%,326px); height: 0; width: 100%;\"><iframe style=\"position: absolute; border: none; width: 100%; height: 100%; left: 0; right: 0; top: 0; bottom: 0;\" src=\"https:\/\/e.issuu.com\/embed.html?d=sublime_2018_cel&amp;u=patrimoniobogota\" sandbox=\"allow-top-navigation allow-top-navigation-by-user-activation allow-downloads allow-scripts allow-same-origin allow-popups allow-modals allow-popups-to-escape-sandbox\" allowfullscreen=\"allowfullscreen\"><\/iframe><\/div>\n","protected":false},"excerpt":{"rendered":"<p>A primera vista, podr\u00eda parecer reiterativo editar un libro acerca de las iglesias de Bogot\u00e1, quiz\u00e1s el patrimonio cultural construido m\u00e1s conocido por residentes y visitantes de la ciudad. Se podr\u00eda pensar que sobre estos edificios emblem\u00e1ticos ya todo se ha dicho y escrito, y tambi\u00e9n que la mayor\u00eda los conocen, incluso por su nombre. Pero no es as\u00ed.<\/p>\n<p>La Catedral, Lourdes y Monserrate son \u00edconos de la ciudad. En las gu\u00edas tur\u00edsticas se citan recurrentemente algunas iglesias coloniales. Pero hay m\u00e1s, mucho m\u00e1s. Sin exagerar, son centenares los edificios religiosos de gran calidad distribuidos por toda la geograf\u00eda de la capital. La selecci\u00f3n que aqu\u00ed se presenta, es una muestra de iglesias coloniales, republicanas y modernas, pero tambi\u00e9n de colegios, universidades, conventos, hospitales, cementerios, as\u00ed como de los mejores templos de otras confesiones, tratando con esto de revelar parte de nuestro enorme patrimonio cultural, en muchas ocasiones subvalorado. No se trata de un simple inventario, como tampoco de un profundo y erudito estudio, sino del m\u00e1s sincero inter\u00e9s por divulgar la riqueza art\u00edstica y cultural encerrada en estas valiosas edificaciones.<\/p>\n<p>No es esta una publicaci\u00f3n dirigida principalmente a los arquitectos, pero s\u00ed una colecci\u00f3n de muy buena arquitectura. Estas p\u00e1ginas se convierten, sin embargo, tan solo en el cat\u00e1logo que refleja la verdadera exhibici\u00f3n del patrimonio religioso de la capital, la que est\u00e1 afuera, en calles y plazas, pues tenemos la certeza que despu\u00e9s de entrar, recorrer y admirar muchos de estos lugares, cambiar\u00e1 nuestra percepci\u00f3n sobre esta urbe que el af\u00e1n de la cotidianidad a veces no nos permite disfrutar.<\/p>\n<p><strong>Autor:<\/strong> Fundaci\u00f3n de amigos de Bogot\u00e1.<br \/>\n<strong>A\u00f1o:<\/strong> 2017.<\/p>\n","protected":false},"featured_media":1332,"comment_status":"open","ping_status":"closed","template":"","meta":{"_acf_changed":false},"product_brand":[],"product_cat":[102],"product_tag":[],"class_list":{"0":"post-718","1":"product","2":"type-product","3":"status-publish","4":"has-post-thumbnail","6":"product_cat-exploraciones_y_recorridos","8":"first","9":"instock","10":"shipping-taxable","11":"purchasable","12":"product-type-simple"},"acf":[],"_links":{"self":[{"href":"https:\/\/idpc.gov.co\/publicaciones\/wp-json\/wp\/v2\/product\/718","targetHints":{"allow":["GET"]}}],"collection":[{"href":"https:\/\/idpc.gov.co\/publicaciones\/wp-json\/wp\/v2\/product"}],"about":[{"href":"https:\/\/idpc.gov.co\/publicaciones\/wp-json\/wp\/v2\/types\/product"}],"replies":[{"embeddable":true,"href":"https:\/\/idpc.gov.co\/publicaciones\/wp-json\/wp\/v2\/comments?post=718"}],"wp:featuredmedia":[{"embeddable":true,"href":"https:\/\/idpc.gov.co\/publicaciones\/wp-json\/wp\/v2\/media\/1332"}],"wp:attachment":[{"href":"https:\/\/idpc.gov.co\/publicaciones\/wp-json\/wp\/v2\/media?parent=718"}],"wp:term":[{"taxonomy":"product_brand","embeddable":true,"href":"https:\/\/idpc.gov.co\/publicaciones\/wp-json\/wp\/v2\/product_brand?post=718"},{"taxonomy":"product_cat","embeddable":true,"href":"https:\/\/idpc.gov.co\/publicaciones\/wp-json\/wp\/v2\/product_cat?post=718"},{"taxonomy":"product_tag","embeddable":true,"href":"https:\/\/idpc.gov.co\/publicaciones\/wp-json\/wp\/v2\/product_tag?post=718"}],"curies":[{"name":"wp","href":"https:\/\/api.w.org\/{rel}","templated":true}]}}