{"id":6820,"date":"2020-12-15T22:47:44","date_gmt":"2020-12-16T03:47:44","guid":{"rendered":"https:\/\/idpc.gov.co\/publicaciones\/?post_type=product&#038;p=6820"},"modified":"2024-04-30T22:24:00","modified_gmt":"2024-05-01T03:24:00","slug":"la-vida-privada-de-los-parques-y-jardines-publicos-bogota-1886-1938","status":"publish","type":"product","link":"https:\/\/idpc.gov.co\/publicaciones\/producto\/la-vida-privada-de-los-parques-y-jardines-publicos-bogota-1886-1938\/","title":{"rendered":"La vida privada de los parques y jardines p\u00fablicos. Bogot\u00e1, 1886-1938"},"content":{"rendered":"<p><iframe style=\"border: none; width: 100%; height: 326px;\" src=\"\/\/e.issuu.com\/embed.html?d=parques_web_&amp;u=patrimoniobogota\" allowfullscreen=\"allowfullscreen\"><span data-mce-type=\"bookmark\" style=\"display: inline-block; width: 0px; overflow: hidden; line-height: 0;\" class=\"mce_SELRES_start\">\ufeff<\/span><\/iframe><br \/>\n<iframe style=\"border: none; width: 100%; height: 326px;\" src=\"\/\/e.issuu.com\/embed.html?d=parquescatalogo_web_&amp;u=patrimoniobogota\" allowfullscreen=\"allowfullscreen\"><\/iframe><\/p>\n","protected":false},"excerpt":{"rendered":"<p>Adentrarnos a la vida privada de los parques y jardines de car\u00e1cter p\u00fablico construidos entre 1886 y 1938 en Bogot\u00e1, nos permite identificar los actores, transacciones, ideas, inspiraciones y aspiraciones sociales y pol\u00edticas, que dar\u00edan forma a estos espacios abiertos y naturales a trav\u00e9s del dise\u00f1o y el arte de la jardiner\u00eda, el mobiliario y la vegetaci\u00f3n.<\/p>\n<p>Esta publicaci\u00f3n reconstruye el hilo de relaciones que hemos tejido en este territorio en lo que respecta a la necesidad de contar con proyectos de espacios p\u00fablicos enverdecidos. Resalta a su vez, las entidades que administraron los parques y jardines,\u00a0 los influencias externas y din\u00e1micas propias que guiaron sus decisiones y los debates sobre la salud, la higiene y la utilidad de estos lugares para la vida de los bogotanos. \u00a0 Tambi\u00e9n da cuenta de la aparici\u00f3n de los jardineros, hacedores del oficio del cuidado de las semillas, las plantas y los \u00e1rboles; de las iniciativas que se dieron en la capital para crear un vivero municipal, un semillero que contuviera plantas ancestrales, de resaltar la existencia de los \u201ccazadores de plantas\u201d venidos de Europa, del intercambio e inserci\u00f3n de espec\u00edmenes de otros lugares y de la selecci\u00f3n de flores, \u00e1rboles y arbustos espec\u00edficos y fuera por cuestiones de salubridad, simbolismo y ornato.<\/p>\n<p>La vegetaci\u00f3n misma, ser\u00e1 a lo largo de la lectura de estas p\u00e1ginas protagonista. No solo\u00a0 por ser la que dio contenido a los parques y jardines de la \u00e9poca, sino porque efectivamente defini\u00f3 en gran medida el paisaje natural con el que hoy convivimos en la capital.\u00a0 A lo largo del libro y de manera l\u00fadica, el lector podr\u00e1 ubicar a trav\u00e9s de<i>stickers<\/i>, ilustraciones de <i>vecinos<\/i>naturales como la Acacia, el Falso Pimiento, el Cambulo, la Araucaria, la Begonia, el Croto, el Manto de Mar\u00eda, el T\u00edbar o la Verbena.<\/p>\n<p>Esta publicaci\u00f3n, compuesta por dos libros que dan cuenta de una mirada hist\u00f3rica ampliada y de una gu\u00eda y un mapa desplegable para recorrer estos lugares, intenta integrar el conocimiento respecto a m\u00e1s de 28 parques y jardines p\u00fablicos que existieron entre 1886 y 1938 en la capital. Quiz\u00e1s conocer esta historia privada pasada nos sea \u00fatil para cuestionar y reflexionar acerca de nuestras relaciones con el territorio, los espacios p\u00fablicos, la naturaleza y la manera en que configuramos y participamos desde el presente y a futuro, en la construcci\u00f3n de nuestros patrimonios locales y naturales.<\/p>\n<p><strong>Autora<\/strong>: Claudia Cendales Paredes<br \/>\n<strong>A\u00f1o<\/strong>: 2020<\/p>\n<p><a href=\"https:\/\/libreriasiglo.com\/selloeditorial\/ipc-instituto-distrital-de-patrimonio-cultural.html\"><img decoding=\"async\" class=\"alignleft wp-image-11899 size-full\" src=\"https:\/\/idpc.gov.co\/publicaciones\/wp-content\/uploads\/2020\/12\/comprar.png\" alt=\"Comprar\" width=\"158\" height=\"49\" \/><\/a><\/p>\n","protected":false},"featured_media":12285,"comment_status":"open","ping_status":"closed","template":"","meta":{"_acf_changed":false},"product_brand":[],"product_cat":[101],"product_tag":[],"class_list":{"0":"post-6820","1":"product","2":"type-product","3":"status-publish","4":"has-post-thumbnail","6":"product_cat-lugares_y_tiempos","8":"first","9":"instock","10":"shipping-taxable","11":"purchasable","12":"product-type-simple"},"acf":[],"_links":{"self":[{"href":"https:\/\/idpc.gov.co\/publicaciones\/wp-json\/wp\/v2\/product\/6820","targetHints":{"allow":["GET"]}}],"collection":[{"href":"https:\/\/idpc.gov.co\/publicaciones\/wp-json\/wp\/v2\/product"}],"about":[{"href":"https:\/\/idpc.gov.co\/publicaciones\/wp-json\/wp\/v2\/types\/product"}],"replies":[{"embeddable":true,"href":"https:\/\/idpc.gov.co\/publicaciones\/wp-json\/wp\/v2\/comments?post=6820"}],"wp:featuredmedia":[{"embeddable":true,"href":"https:\/\/idpc.gov.co\/publicaciones\/wp-json\/wp\/v2\/media\/12285"}],"wp:attachment":[{"href":"https:\/\/idpc.gov.co\/publicaciones\/wp-json\/wp\/v2\/media?parent=6820"}],"wp:term":[{"taxonomy":"product_brand","embeddable":true,"href":"https:\/\/idpc.gov.co\/publicaciones\/wp-json\/wp\/v2\/product_brand?post=6820"},{"taxonomy":"product_cat","embeddable":true,"href":"https:\/\/idpc.gov.co\/publicaciones\/wp-json\/wp\/v2\/product_cat?post=6820"},{"taxonomy":"product_tag","embeddable":true,"href":"https:\/\/idpc.gov.co\/publicaciones\/wp-json\/wp\/v2\/product_tag?post=6820"}],"curies":[{"name":"wp","href":"https:\/\/api.w.org\/{rel}","templated":true}]}}