{"id":6815,"date":"2020-12-15T22:38:54","date_gmt":"2020-12-16T03:38:54","guid":{"rendered":"https:\/\/idpc.gov.co\/publicaciones\/?post_type=product&#038;p=6815"},"modified":"2024-04-30T22:15:25","modified_gmt":"2024-05-01T03:15:25","slug":"ricaurte-carrizosa-y-prieto","status":"publish","type":"product","link":"https:\/\/idpc.gov.co\/publicaciones\/producto\/ricaurte-carrizosa-y-prieto\/","title":{"rendered":"Ricaurte, Carrizosa y Prieto"},"content":{"rendered":"<p><iframe style=\"border: none; width: 100%; height: 326px;\" src=\"\/\/e.issuu.com\/embed.html?d=ricaurte__carrizosa_y_prieto_web_&amp;u=patrimoniobogota\" allowfullscreen=\"allowfullscreen\"><\/iframe><\/p>\n","protected":false},"excerpt":{"rendered":"<p>Este t\u00edtulo que da continuidad a la colecci\u00f3n Homenajes \/Arquitectos en Bogot\u00e1, es el primero en esta serie, a cargo de una joven mujer arquitecta. Fruto de una investigaci\u00f3n previa desarrollada en su tesis de doctorado, y en el marco de su labor como docente investigadora de la Universidad de San Buenaventura Cali, Margarita Roa profundiza en la obra de la firma Ricaurte, Carrizosa y Prieto (RCP), al abordarla como representante de la segunda generaci\u00f3n de arquitectos colombianos formados en la primera facultad de Arquitectura del pa\u00eds en la Universidad Nacional de Colombia.\u00a0 Conformada por Santiago Ricaurte Samper, Manuel Carrizosa y Jos\u00e9 Prieto, la firma funcion\u00f3 entre 1950 y 1975, bajo una l\u00ednea que inspirada en ideas modernas y progresistas, se permiti\u00f3 experimentar e innovar t\u00e9cnicamente en los sistemas constructivos y en el uso de elementos pre-fabricados, especialmente en lo que respecta a los proyectos de vivienda en serie.<\/p>\n<p>Hay que recordar que durante este mismo periodo en que se constituy\u00f3 la firma y a causa del conflicto pol\u00edtico y social que afrontaba el pa\u00eds, el desplazamiento y las migraciones conllevaron al crecimiento y a la expansi\u00f3n exponencial de ciudades como Bogot\u00e1, lo que impuls\u00f3 desde el estado, a promover la generaci\u00f3n de proyectos de vivienda masiva gestionados a trav\u00e9s de instituciones como la Caja de Vivienda Popular, el Instituto de Cr\u00e9dito Territorial y el Banco Central Hipotecario.\u00a0 La oportunidad de los ciudadanos de adquirir casa propia y la participaci\u00f3n de firmas de arquitectos como RCP en el dise\u00f1o y definici\u00f3n de estos proyectos, defini\u00f3 un tipo de arquitectura para la casa bogotana y por lo tanto orient\u00f3 las formas de habitarla, as\u00ed como estableci\u00f3 para la ciudad, espacios funcionales como barrios, bloques de manzanas, \u00e1reas de trabajo y zonas comerciales y culturales.<\/p>\n<p>En ese sentido es importante se\u00f1alar que, adem\u00e1s de las casas individuales por encargo que realiz\u00f3 la firma, esta tambi\u00e9n desarroll\u00f3 vivienda en serie multifamiliar para barrios como Quinta Mutis, el Polo Club y Niza y, particip\u00f3 en proyectos de vivienda econ\u00f3mica de menor escala, lo que implic\u00f3 desde RCP, la formulaci\u00f3n de ideas sist\u00e9micas que a trav\u00e9s de la arquitectura lograran satisfacer las necesidades colectivas de grandes comunidades.<\/p>\n<p>Es sorprendente que la gran mayor\u00eda de las casas por encargo realizadas por RCP en Bogot\u00e1 y que hacen parte de esta publicaci\u00f3n, hoy se encuentran desaparecidas pues fueron demolidas o dr\u00e1sticamente transformadas. Pr\u00e1cticamente el \u00fanico testimonio visual de la obra de la firma, se lo debemos a las publicaciones seriadas de la Revista Proa. \u00a0 El t\u00edtulo que hoy edita el Instituto Distrital de Patrimonio Cultural funciona entonces como un llamado para la identificaci\u00f3n y puesta en valor de esa impronta moderna, que aunque reciente en nuestro devenir como ciudad y desde el \u00e1mbito del patrimonio, parece diluirse en esta capital que aceleradamente cambia en su paisaje constructivo si ni siquiera haber alcanzado a reconocer estas huellas en el proceso.<br \/>\n<strong>Autora<\/strong>: Margarita Mar\u00eda Roa Rojas<br \/>\n<strong>A\u00f1o:<\/strong>\u00a02020<br \/>\n<a href=\"https:\/\/libreriasiglo.com\/selloeditorial\/ipc-instituto-distrital-de-patrimonio-cultural.html\"><img decoding=\"async\" class=\"alignleft wp-image-11899 size-full\" src=\"https:\/\/idpc.gov.co\/publicaciones\/wp-content\/uploads\/2020\/12\/comprar.png\" alt=\"Comprar\" width=\"158\" height=\"49\" \/><\/a><\/p>\n","protected":false},"featured_media":6830,"comment_status":"open","ping_status":"closed","template":"","meta":{"_acf_changed":false},"product_brand":[],"product_cat":[91],"product_tag":[],"class_list":{"0":"post-6815","1":"product","2":"type-product","3":"status-publish","4":"has-post-thumbnail","6":"product_cat-nombres_propios","8":"first","9":"instock","10":"shipping-taxable","11":"purchasable","12":"product-type-simple"},"acf":[],"_links":{"self":[{"href":"https:\/\/idpc.gov.co\/publicaciones\/wp-json\/wp\/v2\/product\/6815","targetHints":{"allow":["GET"]}}],"collection":[{"href":"https:\/\/idpc.gov.co\/publicaciones\/wp-json\/wp\/v2\/product"}],"about":[{"href":"https:\/\/idpc.gov.co\/publicaciones\/wp-json\/wp\/v2\/types\/product"}],"replies":[{"embeddable":true,"href":"https:\/\/idpc.gov.co\/publicaciones\/wp-json\/wp\/v2\/comments?post=6815"}],"wp:featuredmedia":[{"embeddable":true,"href":"https:\/\/idpc.gov.co\/publicaciones\/wp-json\/wp\/v2\/media\/6830"}],"wp:attachment":[{"href":"https:\/\/idpc.gov.co\/publicaciones\/wp-json\/wp\/v2\/media?parent=6815"}],"wp:term":[{"taxonomy":"product_brand","embeddable":true,"href":"https:\/\/idpc.gov.co\/publicaciones\/wp-json\/wp\/v2\/product_brand?post=6815"},{"taxonomy":"product_cat","embeddable":true,"href":"https:\/\/idpc.gov.co\/publicaciones\/wp-json\/wp\/v2\/product_cat?post=6815"},{"taxonomy":"product_tag","embeddable":true,"href":"https:\/\/idpc.gov.co\/publicaciones\/wp-json\/wp\/v2\/product_tag?post=6815"}],"curies":[{"name":"wp","href":"https:\/\/api.w.org\/{rel}","templated":true}]}}