{"id":6801,"date":"2020-12-15T21:28:28","date_gmt":"2020-12-16T02:28:28","guid":{"rendered":"https:\/\/idpc.gov.co\/publicaciones\/?post_type=product&#038;p=6801"},"modified":"2024-04-30T22:23:47","modified_gmt":"2024-05-01T03:23:47","slug":"un-herbario-del-bronx-vida-y-memoria-entre-las-ruinas-agenda-2021-idpc","status":"publish","type":"product","link":"https:\/\/idpc.gov.co\/publicaciones\/producto\/un-herbario-del-bronx-vida-y-memoria-entre-las-ruinas-agenda-2021-idpc\/","title":{"rendered":"Un herbario del Bronx. Vida y memoria entre las ruinas. Agenda 2021. IDPC"},"content":{"rendered":"<p><iframe style=\"border: none; width: 100%; height: 326px;\" src=\"\/\/e.issuu.com\/embed.html?d=agenda_bronx_web_&amp;u=patrimoniobogota\" allowfullscreen=\"allowfullscreen\"><\/iframe><\/p>\n","protected":false},"excerpt":{"rendered":"<p><span style=\"font-weight: 400;\">En el coraz\u00f3n de Bogot\u00e1, ubicada en diagonal a la bas\u00edlica del Voto Nacional y a la plaza de los M\u00e1rtires, y justo detr\u00e1s de la antigua direcci\u00f3n de reclutamiento del Ej\u00e9rcito Nacional, se encontraba la calle del Bronx. Este lugar, desalojado en mayo de 2016 por la Alcald\u00eda Mayor, fue reconocido durante a\u00f1os como foco del tr\u00e1fico de drogas y como refugio de un buen n\u00famero de habitantes de calle de la capital de Colombia.\u00a0<\/span><\/p>\n<p><span style=\"font-weight: 400;\">Hoy, cuatro a\u00f1os despu\u00e9s de su desalojo y posterior demolici\u00f3n, el Pedazo o La L, como llaman a estas calles sus antiguos habitantes, yace entre los escombros de lo que otrora fuera un hogar para quienes nacieron y vivieron entre <\/span><i><span style=\"font-weight: 400;\">bahareques<\/span><\/i><span style=\"font-weight: 400;\">, <\/span><i><span style=\"font-weight: 400;\">taquillas<\/span><\/i><span style=\"font-weight: 400;\">, <\/span><i><span style=\"font-weight: 400;\">m\u00e1quinas tragamonedas<\/span><\/i><span style=\"font-weight: 400;\"> y <\/span><i><span style=\"font-weight: 400;\">rockolas<\/span><\/i><span style=\"font-weight: 400;\">. Estas ruinas son testimonio silencioso de un mundo con historias de sufrimiento, violencia y exclusi\u00f3n, invisibles para muchos capitalinos. All\u00ed, entre las grietas de los antiguos edificios, apareci\u00f3 una vegetaci\u00f3n ruderal (del lat\u00edn <\/span><i><span style=\"font-weight: 400;\">ruderis<\/span><\/i><span style=\"font-weight: 400;\">, escombro), cuyo crecimiento espont\u00e1neo recuerda, una vez m\u00e1s, que la vida vegetal insurge de lo inerte. En un medio que nadie creer\u00eda apto para la vida, estas plantas se imponen entre losas quebradas, p\u00e1tinas y rastrojos. Con su presencia dejan ver la parad\u00f3jica relaci\u00f3n entre el sufrimiento humano y la insurrecci\u00f3n de especies como la suelda con suelda, usada por yerbateras y cuidadoras del centro de Bogot\u00e1 para sanar huesos rotos.<\/span><\/p>\n<p><span style=\"font-weight: 400;\">Los restos materiales de lo que fue alguna vez la calle del Bronx surgen de la alianza y el conflicto con la naturaleza. \u00bfQu\u00e9 tipos de ejercicios de memoria podr\u00edamos hacer para contar las historias subterr\u00e1neas de este lugar? \u00bfC\u00f3mo narrar la violencia y la exclusi\u00f3n, sin perder de vista el cuidado y la resiliencia de todo lo viviente?\u00a0<\/span><\/p>\n<p><span style=\"font-weight: 400;\">El herbario del Bronx se realiz\u00f3 tres a\u00f1os despu\u00e9s del desalojo ocurrido en el Bronx, por parte de un grupo de exhabitantes de la L, quienes acompa\u00f1ados de varios investigadores, volvieron a su antiguo hogar para construir un herbario con las plantas que nacieron en las ruinas, en un ejercicio de creaci\u00f3n y memoria. Su recolecci\u00f3n se llev\u00f3 a cabo de la mano de yerbateras de la plaza Samper Mendoza y de la jefa de Enfermer\u00eda del antiguo Hospital San Juan de Dios, quienes, tras largos a\u00f1os curando y trabajando con plantas, brindaron su conocimiento bot\u00e1nico para clasificar y determinar los usos tradicionales, y darnos a conocer las propiedades de la vegetaci\u00f3n ruderal de la antigua calle del Bronx.<\/span><\/p>\n<p><span style=\"font-weight: 400;\">Se trata de una perspectiva distinta sobre un territorio que a\u00fan signado por el conflicto, se manifiesta como un campo f\u00e9rtil nutrido por los rastros de quienes lo habitaron. Esa memoria de la tierra, del lugar, de las formas de vida que la ocuparon, permite hablar de transformaci\u00f3n y de re-significaci\u00f3n de ese rinc\u00f3n de Bogot\u00e1 ubicado en la periferia del centro hist\u00f3rico,\u00a0 a trav\u00e9s de la naturaleza ruderal.\u00a0<\/span><\/p>\n<p><strong>Autores:<\/strong> Andr\u00e9s G\u00f3ngora, Ximena Castillo, Rayiv Torres<br \/>\n<strong>A\u00f1o:<\/strong> 2020<\/p>\n","protected":false},"featured_media":12269,"comment_status":"open","ping_status":"closed","template":"","meta":{"_acf_changed":false},"product_brand":[],"product_cat":[101],"product_tag":[],"class_list":{"0":"post-6801","1":"product","2":"type-product","3":"status-publish","4":"has-post-thumbnail","6":"product_cat-lugares_y_tiempos","8":"first","9":"instock","10":"shipping-taxable","11":"purchasable","12":"product-type-simple"},"acf":[],"_links":{"self":[{"href":"https:\/\/idpc.gov.co\/publicaciones\/wp-json\/wp\/v2\/product\/6801","targetHints":{"allow":["GET"]}}],"collection":[{"href":"https:\/\/idpc.gov.co\/publicaciones\/wp-json\/wp\/v2\/product"}],"about":[{"href":"https:\/\/idpc.gov.co\/publicaciones\/wp-json\/wp\/v2\/types\/product"}],"replies":[{"embeddable":true,"href":"https:\/\/idpc.gov.co\/publicaciones\/wp-json\/wp\/v2\/comments?post=6801"}],"wp:featuredmedia":[{"embeddable":true,"href":"https:\/\/idpc.gov.co\/publicaciones\/wp-json\/wp\/v2\/media\/12269"}],"wp:attachment":[{"href":"https:\/\/idpc.gov.co\/publicaciones\/wp-json\/wp\/v2\/media?parent=6801"}],"wp:term":[{"taxonomy":"product_brand","embeddable":true,"href":"https:\/\/idpc.gov.co\/publicaciones\/wp-json\/wp\/v2\/product_brand?post=6801"},{"taxonomy":"product_cat","embeddable":true,"href":"https:\/\/idpc.gov.co\/publicaciones\/wp-json\/wp\/v2\/product_cat?post=6801"},{"taxonomy":"product_tag","embeddable":true,"href":"https:\/\/idpc.gov.co\/publicaciones\/wp-json\/wp\/v2\/product_tag?post=6801"}],"curies":[{"name":"wp","href":"https:\/\/api.w.org\/{rel}","templated":true}]}}