{"id":665,"date":"2018-01-06T22:31:07","date_gmt":"2018-01-07T03:31:07","guid":{"rendered":"https:\/\/idpc.gov.co\/publicaciones\/?post_type=product&#038;p=665"},"modified":"2024-04-30T22:19:16","modified_gmt":"2024-05-01T03:19:16","slug":"bogota-leon-de-oro-1990-2006","status":"publish","type":"product","link":"https:\/\/idpc.gov.co\/publicaciones\/producto\/bogota-leon-de-oro-1990-2006\/","title":{"rendered":"Bogot\u00e1 Le\u00f3n de Oro (1990-2006)"},"content":{"rendered":"<div style=\"position: relative; padding-top: max(60%,326px); height: 0; width: 100%;\"><iframe style=\"position: absolute; border: none; width: 100%; height: 100%; left: 0; right: 0; top: 0; bottom: 0;\" src=\"https:\/\/e.issuu.com\/embed.html?d=bogot___le__n_de_oro&amp;u=patrimoniobogota\" sandbox=\"allow-top-navigation allow-top-navigation-by-user-activation allow-downloads allow-scripts allow-same-origin allow-popups allow-modals allow-popups-to-escape-sandbox\" allowfullscreen=\"allowfullscreen\"><\/iframe><\/div>\n","protected":false},"excerpt":{"rendered":"<p>En el marco de la 10\u00aa exposici\u00f3n Internacional de Arquitectura de la bienal de Venecia 2006, uno de los eventos m\u00e1s importantes del mundo en su g\u00e9nero, Bogot\u00e1 recibi\u00f3 el premio Le\u00f3n de Oro en la categor\u00eda de mejor ciudad por su transformaci\u00f3n de los \u00faltimos a\u00f1os.<\/p>\n<p>Este cat\u00e1logo, es la s\u00edntesis de los temas abordados en la exhibici\u00f3n y se convierte en un pretexto para dar lugar a una reflexi\u00f3n y un debate sobre el pasado reciente, el presente y el futuro de la ciudad.<\/p>\n<p><strong>Autor<\/strong>: Instituto Distrital de Turismo \u2013Museo de Bogot\u00e1<br \/>\n<strong>A\u00f1o:<\/strong> 2006<\/p>\n","protected":false},"featured_media":711,"comment_status":"open","ping_status":"closed","template":"","meta":{"_acf_changed":false},"product_brand":[],"product_cat":[105,103],"product_tag":[],"class_list":{"0":"post-665","1":"product","2":"type-product","3":"status-publish","4":"has-post-thumbnail","6":"product_cat-memorias_museo","7":"product_cat-proyecciones_y_apuestas","9":"first","10":"instock","11":"shipping-taxable","12":"product-type-simple"},"acf":[],"_links":{"self":[{"href":"https:\/\/idpc.gov.co\/publicaciones\/wp-json\/wp\/v2\/product\/665","targetHints":{"allow":["GET"]}}],"collection":[{"href":"https:\/\/idpc.gov.co\/publicaciones\/wp-json\/wp\/v2\/product"}],"about":[{"href":"https:\/\/idpc.gov.co\/publicaciones\/wp-json\/wp\/v2\/types\/product"}],"replies":[{"embeddable":true,"href":"https:\/\/idpc.gov.co\/publicaciones\/wp-json\/wp\/v2\/comments?post=665"}],"wp:featuredmedia":[{"embeddable":true,"href":"https:\/\/idpc.gov.co\/publicaciones\/wp-json\/wp\/v2\/media\/711"}],"wp:attachment":[{"href":"https:\/\/idpc.gov.co\/publicaciones\/wp-json\/wp\/v2\/media?parent=665"}],"wp:term":[{"taxonomy":"product_brand","embeddable":true,"href":"https:\/\/idpc.gov.co\/publicaciones\/wp-json\/wp\/v2\/product_brand?post=665"},{"taxonomy":"product_cat","embeddable":true,"href":"https:\/\/idpc.gov.co\/publicaciones\/wp-json\/wp\/v2\/product_cat?post=665"},{"taxonomy":"product_tag","embeddable":true,"href":"https:\/\/idpc.gov.co\/publicaciones\/wp-json\/wp\/v2\/product_tag?post=665"}],"curies":[{"name":"wp","href":"https:\/\/api.w.org\/{rel}","templated":true}]}}