{"id":662,"date":"2018-01-26T14:08:09","date_gmt":"2018-01-26T19:08:09","guid":{"rendered":"https:\/\/idpc.gov.co\/publicaciones\/?post_type=product&#038;p=662"},"modified":"2024-04-30T22:38:05","modified_gmt":"2024-05-01T03:38:05","slug":"atlas-historico-de-bogota-1538-1910","status":"publish","type":"product","link":"https:\/\/idpc.gov.co\/publicaciones\/producto\/atlas-historico-de-bogota-1538-1910\/","title":{"rendered":"Atlas hist\u00f3rico de Bogot\u00e1, 1538-1910"},"content":{"rendered":"","protected":false},"excerpt":{"rendered":"<p>Esta publicaci\u00f3n realizada por la Corporaci\u00f3n la Candelaria en 2004 es una obra de esencial referencia para conocer la historia de Bogot\u00e1. Se encuentra dividida en diferentes cap\u00edtulos tem\u00e1ticos como: gobierno, Iglesia, obras p\u00fablicas, vivienda, educaci\u00f3n, salud, industria y comercio, entre otros aspectos que permiten contemplar un panorama general de la historia de la ciudad desde su fundaci\u00f3n en 1538 hasta la celebraci\u00f3n del Primer Centenario de la Independencia en 1910. La obra se encuentra profusamente ilustrada con im\u00e1genes y fotograf\u00edas hist\u00f3ricas.<\/p>\n<p><strong>Autores:<\/strong> Margarita Mari\u00f1o, Alberto Escovar Wilson-White, C\u00e9sar Pe\u00f1a- Corporaci\u00f3n la Candelaria.<br \/>\n<strong>A\u00f1o:<\/strong> 2004<\/p>\n","protected":false},"featured_media":707,"comment_status":"open","ping_status":"closed","template":"","meta":{"_acf_changed":false},"product_brand":[],"product_cat":[102],"product_tag":[],"class_list":{"0":"post-662","1":"product","2":"type-product","3":"status-publish","4":"has-post-thumbnail","6":"product_cat-exploraciones_y_recorridos","8":"first","9":"instock","10":"shipping-taxable","11":"purchasable","12":"product-type-simple"},"acf":[],"_links":{"self":[{"href":"https:\/\/idpc.gov.co\/publicaciones\/wp-json\/wp\/v2\/product\/662","targetHints":{"allow":["GET"]}}],"collection":[{"href":"https:\/\/idpc.gov.co\/publicaciones\/wp-json\/wp\/v2\/product"}],"about":[{"href":"https:\/\/idpc.gov.co\/publicaciones\/wp-json\/wp\/v2\/types\/product"}],"replies":[{"embeddable":true,"href":"https:\/\/idpc.gov.co\/publicaciones\/wp-json\/wp\/v2\/comments?post=662"}],"wp:featuredmedia":[{"embeddable":true,"href":"https:\/\/idpc.gov.co\/publicaciones\/wp-json\/wp\/v2\/media\/707"}],"wp:attachment":[{"href":"https:\/\/idpc.gov.co\/publicaciones\/wp-json\/wp\/v2\/media?parent=662"}],"wp:term":[{"taxonomy":"product_brand","embeddable":true,"href":"https:\/\/idpc.gov.co\/publicaciones\/wp-json\/wp\/v2\/product_brand?post=662"},{"taxonomy":"product_cat","embeddable":true,"href":"https:\/\/idpc.gov.co\/publicaciones\/wp-json\/wp\/v2\/product_cat?post=662"},{"taxonomy":"product_tag","embeddable":true,"href":"https:\/\/idpc.gov.co\/publicaciones\/wp-json\/wp\/v2\/product_tag?post=662"}],"curies":[{"name":"wp","href":"https:\/\/api.w.org\/{rel}","templated":true}]}}