{"id":648,"date":"2018-05-03T11:23:47","date_gmt":"2018-05-03T16:23:47","guid":{"rendered":"https:\/\/idpc.gov.co\/publicaciones\/?post_type=product&#038;p=648"},"modified":"2024-04-30T22:34:50","modified_gmt":"2024-05-01T03:34:50","slug":"guia-para-amar-armar-e-imaginar-monumentos-y-esculturas-en-bogota","status":"publish","type":"product","link":"https:\/\/idpc.gov.co\/publicaciones\/producto\/guia-para-amar-armar-e-imaginar-monumentos-y-esculturas-en-bogota\/","title":{"rendered":"Gu\u00eda para amar, armar e imaginar monumentos y esculturas en Bogot\u00e1"},"content":{"rendered":"<div style=\"position: relative; padding-top: max(60%,326px); height: 0; width: 100%;\"><iframe style=\"position: absolute; border: none; width: 100%; height: 100%; left: 0; right: 0; top: 0; bottom: 0;\" src=\"https:\/\/e.issuu.com\/embed.html?d=gu__a_para_amar_armar_e_imaginar_we&amp;u=patrimoniobogota\" sandbox=\"allow-top-navigation allow-top-navigation-by-user-activation allow-downloads allow-scripts allow-same-origin allow-popups allow-modals allow-popups-to-escape-sandbox\" allowfullscreen=\"allowfullscreen\"><\/iframe><\/div>\n","protected":false},"excerpt":{"rendered":"<p>Gu\u00eda para amar, armar e imaginar monumentos y esculturas en Bogot\u00e1, es una invitaci\u00f3n l\u00fadica para recorrer la ciudad y reconocer objetos y bienes de car\u00e1cter patrimonial presentes en el espacio p\u00fablico de la capital.<\/p>\n<p>La Gu\u00eda se soporta en ilustraciones y en fotograf\u00edas hist\u00f3ricas del Museo de Bogot\u00e1 e invita al lector a armar diecis\u00e9is figuras que incluyen, por ejemplo, vestir con su traje de General la escultura de Sim\u00f3n Bol\u00edvar de la Plaza de Bol\u00edvar, a Minerva con su largo vestido y las hojas de caf\u00e9 que lleva como atributo, a construir un separador de libro de La Rebeca o a armar a Rita 5:30 para que se sostenga de pie, tal y como se encuentra en el Parque Nacional.<\/p>\n<p>A trav\u00e9s de tres rutas que agrupan monumentos conmemorativos, religiosos y obras de arte, algunos incomprendidos por los ciudadanos, el lector podr\u00e1 crear nuevos sentidos respecto a Bogot\u00e1 y su patrimonio cultural, a la vez que abordar\u00e1 aspectos biogr\u00e1ficos de los autores de las esculturas y datos curiosos de las obras<\/p>\n<p><strong>Autor:<\/strong> Manuel Salge<br \/>\n<strong>A\u00f1o:<\/strong> 2016<\/p>\n<p><a href=\"https:\/\/libreriasiglo.com\/selloeditorial\/ipc-instituto-distrital-de-patrimonio-cultural.html\"><img decoding=\"async\" class=\"alignleft wp-image-11899 size-full\" src=\"https:\/\/idpc.gov.co\/publicaciones\/wp-content\/uploads\/2020\/12\/comprar.png\" alt=\"Comprar\" width=\"158\" height=\"49\" \/><\/a><\/p>\n<p>&nbsp;<\/p>\n<p>&nbsp;<\/p>\n<p><a href=\"https:\/\/drive.google.com\/file\/d\/1U2Zh0isM19Go_QgA-Nd0uDD4SdvNK-sR\/view?usp=sharing\"><img decoding=\"async\" class=\"alignleft wp-image-11737 size-full\" src=\"https:\/\/idpc.gov.co\/publicaciones\/wp-content\/uploads\/2019\/03\/descargar115.png\" alt=\"\" width=\"158\" height=\"49\" \/><\/a><\/p>\n<p><strong>Para descarga: L<\/strong><strong>icencia de Creative Commons: Atribuci\u00f3n\u00a0\u2013 No comercial\u00a0\u2013\u00a0Sin Derivar.\u00a0Esta licencia solo permite la descarga de esta obra para compartirla con otras personas, siempre y cuando se reconozca su autor\u00eda. La obra no se puede modificar de ninguna manera, ni se puede utilizar comercialmente.<\/strong><\/p>\n","protected":false},"featured_media":1367,"comment_status":"open","ping_status":"closed","template":"","meta":{"_acf_changed":false},"product_brand":[],"product_cat":[102],"product_tag":[],"class_list":{"0":"post-648","1":"product","2":"type-product","3":"status-publish","4":"has-post-thumbnail","6":"product_cat-exploraciones_y_recorridos","8":"first","9":"instock","10":"downloadable","11":"shipping-taxable","12":"purchasable","13":"product-type-simple"},"acf":[],"_links":{"self":[{"href":"https:\/\/idpc.gov.co\/publicaciones\/wp-json\/wp\/v2\/product\/648","targetHints":{"allow":["GET"]}}],"collection":[{"href":"https:\/\/idpc.gov.co\/publicaciones\/wp-json\/wp\/v2\/product"}],"about":[{"href":"https:\/\/idpc.gov.co\/publicaciones\/wp-json\/wp\/v2\/types\/product"}],"replies":[{"embeddable":true,"href":"https:\/\/idpc.gov.co\/publicaciones\/wp-json\/wp\/v2\/comments?post=648"}],"wp:featuredmedia":[{"embeddable":true,"href":"https:\/\/idpc.gov.co\/publicaciones\/wp-json\/wp\/v2\/media\/1367"}],"wp:attachment":[{"href":"https:\/\/idpc.gov.co\/publicaciones\/wp-json\/wp\/v2\/media?parent=648"}],"wp:term":[{"taxonomy":"product_brand","embeddable":true,"href":"https:\/\/idpc.gov.co\/publicaciones\/wp-json\/wp\/v2\/product_brand?post=648"},{"taxonomy":"product_cat","embeddable":true,"href":"https:\/\/idpc.gov.co\/publicaciones\/wp-json\/wp\/v2\/product_cat?post=648"},{"taxonomy":"product_tag","embeddable":true,"href":"https:\/\/idpc.gov.co\/publicaciones\/wp-json\/wp\/v2\/product_tag?post=648"}],"curies":[{"name":"wp","href":"https:\/\/api.w.org\/{rel}","templated":true}]}}