{"id":644,"date":"2018-04-16T10:47:00","date_gmt":"2018-04-16T15:47:00","guid":{"rendered":"https:\/\/idpc.gov.co\/publicaciones\/?post_type=product&#038;p=644"},"modified":"2024-04-30T22:09:41","modified_gmt":"2024-05-01T03:09:41","slug":"diseno-del-espacio-publico","status":"publish","type":"product","link":"https:\/\/idpc.gov.co\/publicaciones\/producto\/diseno-del-espacio-publico\/","title":{"rendered":"Dise\u00f1o del espacio p\u00fablico"},"content":{"rendered":"","protected":false},"excerpt":{"rendered":"<p>En el marco del proyecto adelantado por el IDPC en cuanto a mejorar las condiciones de circulaci\u00f3n de veh\u00edculos particulares y del transporte p\u00fablico en el Centro Hist\u00f3rico, de crear un espacio p\u00fablico para el peat\u00f3n y de generar una conexi\u00f3n\u00a0 con los cerros orientales como gran pulm\u00f3n de la ciudad,\u00a0 esta publicaci\u00f3n sintetiza el trabajo de consultor\u00eda realizado para elaborar un diagn\u00f3stico y dise\u00f1o del espacio p\u00fablico en este sector, buscando la proyecci\u00f3n de cierta homogeneidad del espacio y el realce de las caracter\u00edsticas especiales de cada calle contenida en este territorio.<\/p>\n<p>El plan presentado propone dos instrumentos de planeaci\u00f3n dentro de unos criterios homog\u00e9neos de dise\u00f1o urbano y paisaj\u00edstico: el tratamiento del espacio p\u00fablico a nivel general (jerarqu\u00eda y ponderaci\u00f3n de su estructura) y a nivel espec\u00edfico en la caracterizaci\u00f3n tipol\u00f3gica y la diferenciaci\u00f3n de perfiles de calles.<\/p>\n<p><strong>Autor:<\/strong> Fernando Cort\u00e9s Larreamendy\/ Instituto Distrital de Patrimonio Cultural<br \/>\n<strong>A\u00f1o <\/strong>2007<\/p>\n","protected":false},"featured_media":694,"comment_status":"open","ping_status":"closed","template":"","meta":{"_acf_changed":false},"product_brand":[],"product_cat":[103],"product_tag":[],"class_list":{"0":"post-644","1":"product","2":"type-product","3":"status-publish","4":"has-post-thumbnail","6":"product_cat-proyecciones_y_apuestas","8":"first","9":"instock","10":"virtual","11":"product-type-simple"},"acf":[],"_links":{"self":[{"href":"https:\/\/idpc.gov.co\/publicaciones\/wp-json\/wp\/v2\/product\/644","targetHints":{"allow":["GET"]}}],"collection":[{"href":"https:\/\/idpc.gov.co\/publicaciones\/wp-json\/wp\/v2\/product"}],"about":[{"href":"https:\/\/idpc.gov.co\/publicaciones\/wp-json\/wp\/v2\/types\/product"}],"replies":[{"embeddable":true,"href":"https:\/\/idpc.gov.co\/publicaciones\/wp-json\/wp\/v2\/comments?post=644"}],"wp:featuredmedia":[{"embeddable":true,"href":"https:\/\/idpc.gov.co\/publicaciones\/wp-json\/wp\/v2\/media\/694"}],"wp:attachment":[{"href":"https:\/\/idpc.gov.co\/publicaciones\/wp-json\/wp\/v2\/media?parent=644"}],"wp:term":[{"taxonomy":"product_brand","embeddable":true,"href":"https:\/\/idpc.gov.co\/publicaciones\/wp-json\/wp\/v2\/product_brand?post=644"},{"taxonomy":"product_cat","embeddable":true,"href":"https:\/\/idpc.gov.co\/publicaciones\/wp-json\/wp\/v2\/product_cat?post=644"},{"taxonomy":"product_tag","embeddable":true,"href":"https:\/\/idpc.gov.co\/publicaciones\/wp-json\/wp\/v2\/product_tag?post=644"}],"curies":[{"name":"wp","href":"https:\/\/api.w.org\/{rel}","templated":true}]}}