{"id":642,"date":"2018-04-18T22:39:32","date_gmt":"2018-04-19T03:39:32","guid":{"rendered":"https:\/\/idpc.gov.co\/publicaciones\/?post_type=product&#038;p=642"},"modified":"2024-04-30T22:14:33","modified_gmt":"2024-05-01T03:14:33","slug":"german-samper","status":"publish","type":"product","link":"https:\/\/idpc.gov.co\/publicaciones\/producto\/german-samper\/","title":{"rendered":"Germ\u00e1n Samper"},"content":{"rendered":"<div style=\"position: relative; padding-top: max(60%,326px); height: 0; width: 100%;\"><iframe style=\"position: absolute; border: none; width: 100%; height: 100%; left: 0; right: 0; top: 0; bottom: 0;\" src=\"https:\/\/e.issuu.com\/embed.html?d=german_samper-todo-espanol-comprimido&amp;u=catalinasamperm\" sandbox=\"allow-top-navigation allow-top-navigation-by-user-activation allow-downloads allow-scripts allow-same-origin allow-popups allow-modals allow-popups-to-escape-sandbox\" allowfullscreen=\"allowfullscreen\"><\/iframe><\/div>\n","protected":false},"excerpt":{"rendered":"<p>En este libro se profundiza en dos facetas del arquitecto: su trabajo en los objetos arquitect\u00f3nicos propiamente dichos (edificios institucionales o privados) y su labor como viviendista, que comienza con peque\u00f1as intervenciones de vivienda popular hasta llegar a formular importantes fragmentos de ciudad. No todos los proyectos urbanos se realizaron, incluso algunos quedaron incompletos, pero al mirarlos en su conjunto se comprende que cada proyecto aport\u00f3 algo al siguiente, donde la arquitectura de sus componentes, l\u00e9ase edificios o casas, se subordinaba al fin \u00faltimo de crear espacios urbanos amables para el ciudadano.<\/p>\n<p>Germ\u00e1n Samper es un arquitecto de clara estirpe moderna que en sus inicios ejerci\u00f3 su profesi\u00f3n en un pa\u00eds en plena transformaci\u00f3n, y form\u00f3 parte del cambio radical que se produjo en Colombia en la segunda mitad del siglo XX, tanto a un nivel empresarial, donde se hac\u00eda necesario construir para un pa\u00eds en pleno desarrollo econ\u00f3mico y t\u00e9cnico, como para un pa\u00eds que exclu\u00eda en su vertiginoso progreso a m\u00e1s de la mitad de su poblaci\u00f3n, que emigr\u00f3 del campo a la ciudad.<\/p>\n<p><strong>Autor: <\/strong>Instituto Distrital de Patrimonio Cultural<br \/>\n<strong>A\u00f1o<\/strong>: 2011<\/p>\n","protected":false},"featured_media":643,"comment_status":"open","ping_status":"closed","template":"","meta":{"_acf_changed":false},"product_brand":[],"product_cat":[91],"product_tag":[],"class_list":{"0":"post-642","1":"product","2":"type-product","3":"status-publish","4":"has-post-thumbnail","6":"product_cat-nombres_propios","8":"first","9":"instock","10":"shipping-taxable","11":"purchasable","12":"product-type-simple"},"acf":[],"_links":{"self":[{"href":"https:\/\/idpc.gov.co\/publicaciones\/wp-json\/wp\/v2\/product\/642","targetHints":{"allow":["GET"]}}],"collection":[{"href":"https:\/\/idpc.gov.co\/publicaciones\/wp-json\/wp\/v2\/product"}],"about":[{"href":"https:\/\/idpc.gov.co\/publicaciones\/wp-json\/wp\/v2\/types\/product"}],"replies":[{"embeddable":true,"href":"https:\/\/idpc.gov.co\/publicaciones\/wp-json\/wp\/v2\/comments?post=642"}],"wp:featuredmedia":[{"embeddable":true,"href":"https:\/\/idpc.gov.co\/publicaciones\/wp-json\/wp\/v2\/media\/643"}],"wp:attachment":[{"href":"https:\/\/idpc.gov.co\/publicaciones\/wp-json\/wp\/v2\/media?parent=642"}],"wp:term":[{"taxonomy":"product_brand","embeddable":true,"href":"https:\/\/idpc.gov.co\/publicaciones\/wp-json\/wp\/v2\/product_brand?post=642"},{"taxonomy":"product_cat","embeddable":true,"href":"https:\/\/idpc.gov.co\/publicaciones\/wp-json\/wp\/v2\/product_cat?post=642"},{"taxonomy":"product_tag","embeddable":true,"href":"https:\/\/idpc.gov.co\/publicaciones\/wp-json\/wp\/v2\/product_tag?post=642"}],"curies":[{"name":"wp","href":"https:\/\/api.w.org\/{rel}","templated":true}]}}