{"id":552,"date":"2018-03-04T00:09:37","date_gmt":"2018-03-04T05:09:37","guid":{"rendered":"https:\/\/idpc.gov.co\/publicaciones\/?post_type=product&#038;p=552"},"modified":"2024-04-30T22:26:03","modified_gmt":"2024-05-01T03:26:03","slug":"carlos-trilnick-proyecto-archivos-del-terror-apuntes-sobre-el-plan-condor","status":"publish","type":"product","link":"https:\/\/idpc.gov.co\/publicaciones\/producto\/carlos-trilnick-proyecto-archivos-del-terror-apuntes-sobre-el-plan-condor\/","title":{"rendered":"Carlos Trilnick. Proyecto Archivos del Terror: Apuntes sobre el Plan C\u00f3ndor"},"content":{"rendered":"<p><iframe style=\"border: none; width: 100%; height: 326px;\" src=\"\/\/e.issuu.com\/embed.html?d=archivos_del_terror_carlos_trilnick&amp;u=patrimoniobogota\" allowfullscreen=\"allowfullscreen\"><\/iframe><\/p>\n","protected":false},"excerpt":{"rendered":"<p><span lang=\"ES-CO\">Para el Museo de Bogot\u00e1, espacio dedicado a investigar, caracterizar y visibilizar las diversas y conflictivas condiciones de memorabilidad contenidas en el tejido urbano, es muy significativo presentar Proyecto Archivos del Terror-Apuntes sobre el Plan C\u00f3ndor,<b> <\/b>del artista Carlos Trilnick.<\/span><\/p>\n<p><span lang=\"ES-CO\">Su obra intervino las salas del Museo de Bogot\u00e1 \u2012sede Calle de la Rosa\u2012 con 300 letras y palabras extra\u00eddas del Archivo del Terror de la dictadura paraguaya y el Plan C\u00f3ndor (estrategia represiva pactada entre los dictadores suramericanos de la segunda mitad del siglo XX), una m\u00e1quina de escribir que tipea de manera aut\u00f3noma\/aut\u00f3mata la palabra <i>sospechoso<\/i>, as\u00ed como un documental sobre el Plan C\u00f3ndor realizado por el artista a partir de una selecci\u00f3n de material de archivos audiovisuales.<\/span><\/p>\n<p><span lang=\"ES-CO\">En este sentido, el Museo de Bogot\u00e1 particip\u00f3 en la activaci\u00f3n de estos fragmentos de memoria silenciados, teniendo como horizonte fecundo la participaci\u00f3n en la construcci\u00f3n de las memorias colectivas que trascienden los l\u00edmites territoriales y culturales, cuya condici\u00f3n de existencia es la detonaci\u00f3n de ejercicios de memoria. En esto radic\u00f3 justamente la pertinencia de realizar este cat\u00e1logo, as\u00ed como acoger la propuesta de Carlos Trilnick en el Museo de Bogot\u00e1, plataforma que indaga, confronta y visibiliza las condiciones, variaciones y derivaciones de las memorias contenidas en el espacio-tiempo urbano, y su incidencia en el presente y la construcci\u00f3n de un futuro.<\/span><\/p>\n<p>En otras palabras, el Museo de Bogot\u00e1, como espacio de confluencia de la complejidad de la ciudad y sus mecanismos \u2012espaciotemporales\u2012 de memoria (incluso silenciada y conflictiva), le apuesta a que este tipo de propuestas expositivas permitan consolidar un rol m\u00e1s activo de las instituciones p\u00fablicas en cuanto a la manera de considerar y abordar los componentes de lo p\u00fablico, como lo es \u2013y debe serlo\u2012 la tem\u00e1tica de la memoria.<\/p>\n<p><strong>Autor:<\/strong> Instituto Distrital de Patrimonio Cultural<br \/>\n<strong>A\u00f1o:<\/strong> 2015<\/p>\n<p>&nbsp;<\/p>\n<p><a href=\"https:\/\/idpc.gov.co\/publicaciones\/descargas\/trilnick.pdf\"><img decoding=\"async\" class=\"alignleft wp-image-11737 size-full\" src=\"https:\/\/idpc.gov.co\/publicaciones\/wp-content\/uploads\/2019\/03\/descargar115.png\" alt=\"\" width=\"158\" height=\"49\" \/><\/a><\/p>\n<p><strong>L<\/strong><strong>icencia de Creative Commons: Atribuci\u00f3n\u00a0\u2013 No comercial\u00a0\u2013\u00a0Sin Derivar.\u00a0Esta licencia solo permite la descarga de esta obra para compartirla con otras personas, siempre y cuando se reconozca su autor\u00eda. La obra no se puede modificar de ninguna manera, ni se puede utilizar comercialmente.<\/strong><\/p>\n","protected":false},"featured_media":712,"comment_status":"open","ping_status":"closed","template":"","meta":{"_acf_changed":false},"product_brand":[],"product_cat":[101,105],"product_tag":[],"class_list":{"0":"post-552","1":"product","2":"type-product","3":"status-publish","4":"has-post-thumbnail","6":"product_cat-lugares_y_tiempos","7":"product_cat-memorias_museo","9":"first","10":"instock","11":"shipping-taxable","12":"purchasable","13":"product-type-simple"},"acf":[],"_links":{"self":[{"href":"https:\/\/idpc.gov.co\/publicaciones\/wp-json\/wp\/v2\/product\/552","targetHints":{"allow":["GET"]}}],"collection":[{"href":"https:\/\/idpc.gov.co\/publicaciones\/wp-json\/wp\/v2\/product"}],"about":[{"href":"https:\/\/idpc.gov.co\/publicaciones\/wp-json\/wp\/v2\/types\/product"}],"replies":[{"embeddable":true,"href":"https:\/\/idpc.gov.co\/publicaciones\/wp-json\/wp\/v2\/comments?post=552"}],"wp:featuredmedia":[{"embeddable":true,"href":"https:\/\/idpc.gov.co\/publicaciones\/wp-json\/wp\/v2\/media\/712"}],"wp:attachment":[{"href":"https:\/\/idpc.gov.co\/publicaciones\/wp-json\/wp\/v2\/media?parent=552"}],"wp:term":[{"taxonomy":"product_brand","embeddable":true,"href":"https:\/\/idpc.gov.co\/publicaciones\/wp-json\/wp\/v2\/product_brand?post=552"},{"taxonomy":"product_cat","embeddable":true,"href":"https:\/\/idpc.gov.co\/publicaciones\/wp-json\/wp\/v2\/product_cat?post=552"},{"taxonomy":"product_tag","embeddable":true,"href":"https:\/\/idpc.gov.co\/publicaciones\/wp-json\/wp\/v2\/product_tag?post=552"}],"curies":[{"name":"wp","href":"https:\/\/api.w.org\/{rel}","templated":true}]}}