{"id":528,"date":"2018-02-28T20:00:05","date_gmt":"2018-03-01T01:00:05","guid":{"rendered":"https:\/\/idpc.gov.co\/publicaciones\/?post_type=product&#038;p=528"},"modified":"2024-04-30T22:28:38","modified_gmt":"2024-05-01T03:28:38","slug":"en-un-lugar-llamado-el-cartucho","status":"publish","type":"product","link":"https:\/\/idpc.gov.co\/publicaciones\/producto\/en-un-lugar-llamado-el-cartucho\/","title":{"rendered":"En un lugar llamado el Cartucho"},"content":{"rendered":"<p><iframe style=\"border: none; width: 100%; height: 326px;\" src=\"\/\/e.issuu.com\/embed.html?d=cartucho_final&amp;u=patrimoniobogota\" allowfullscreen=\"allowfullscreen\"><\/iframe><\/p>\n","protected":false},"excerpt":{"rendered":"<p class=\"subtitulo\">El espacio que actualmente ocupa el Parque Tercer Milenio \u2013lugar ic\u00f3nico del centro de la ciudad debido al cambio urban\u00edstico y de ordenamiento que ha representado desde su inauguraci\u00f3n en la d\u00e9cada de los 90 \u2013 puede dar cuenta de la azarosa din\u00e1mica de nuestra urbe desde los or\u00edgenes fundacionales de la ciudad hasta nuestros d\u00edas. Marcado por la historia del barrio Santa In\u00e9s, este lugar de Bogot\u00e1 puede relatar \u00e9pocas de violencia que sufr\u00eda el pa\u00eds y de toda suerte de situaciones marginales e informales derivadas del conflicto social.<\/p>\n<p>Como parte de las m\u00faltiples narraciones que existen para contar las historias que cotidianamente constituyen el sentido de nuestra capital, se encuentran la acci\u00f3n de la memoria como medio para evidenciar las relaciones que se tejen entre los cambios urban\u00edsticos, espaciales y sociales de los lugares que habitamos. En el caso de \u2018El Cartucho\u2019, como antecesor espacial y vivencial del Parque Tercer Milenio, se revelan las ra\u00edces hist\u00f3ricas, sensibles y muchas veces dolorosas del devenir de este lugar, que hoy resultan necesarias relatar para no olvidar la importancia de dar continuidad a la construcci\u00f3n colectiva de una ciudad positiva.<\/p>\n<p><strong>Autor:<\/strong>\u00a0Ingrid Morris \/ Instituto Distrital de Patrimonio Cultural<br \/>\n<strong>A\u00f1o:<\/strong> 2011<\/p>\n<p>&nbsp;<\/p>\n<p><a href=\"https:\/\/idpc.gov.co\/publicaciones\/descargas\/cartucho.pdf\"><img decoding=\"async\" class=\"alignleft wp-image-11737 size-full\" src=\"https:\/\/idpc.gov.co\/publicaciones\/wp-content\/uploads\/2019\/03\/descargar115.png\" alt=\"\" width=\"158\" height=\"49\" \/><\/a><\/p>\n<p><strong>L<\/strong><strong>icencia de Creative Commons: Atribuci\u00f3n\u00a0\u2013 No comercial\u00a0\u2013\u00a0Sin Derivar.\u00a0Esta licencia solo permite la descarga de esta obra para compartirla con otras personas, siempre y cuando se reconozca su autor\u00eda. La obra no se puede modificar de ninguna manera, ni se puede utilizar comercialmente.<\/strong><\/p>\n","protected":false},"featured_media":580,"comment_status":"open","ping_status":"closed","template":"","meta":{"_acf_changed":false},"product_brand":[],"product_cat":[101],"product_tag":[],"class_list":{"0":"post-528","1":"product","2":"type-product","3":"status-publish","4":"has-post-thumbnail","6":"product_cat-lugares_y_tiempos","8":"first","9":"instock","10":"shipping-taxable","11":"product-type-simple"},"acf":[],"_links":{"self":[{"href":"https:\/\/idpc.gov.co\/publicaciones\/wp-json\/wp\/v2\/product\/528","targetHints":{"allow":["GET"]}}],"collection":[{"href":"https:\/\/idpc.gov.co\/publicaciones\/wp-json\/wp\/v2\/product"}],"about":[{"href":"https:\/\/idpc.gov.co\/publicaciones\/wp-json\/wp\/v2\/types\/product"}],"replies":[{"embeddable":true,"href":"https:\/\/idpc.gov.co\/publicaciones\/wp-json\/wp\/v2\/comments?post=528"}],"wp:featuredmedia":[{"embeddable":true,"href":"https:\/\/idpc.gov.co\/publicaciones\/wp-json\/wp\/v2\/media\/580"}],"wp:attachment":[{"href":"https:\/\/idpc.gov.co\/publicaciones\/wp-json\/wp\/v2\/media?parent=528"}],"wp:term":[{"taxonomy":"product_brand","embeddable":true,"href":"https:\/\/idpc.gov.co\/publicaciones\/wp-json\/wp\/v2\/product_brand?post=528"},{"taxonomy":"product_cat","embeddable":true,"href":"https:\/\/idpc.gov.co\/publicaciones\/wp-json\/wp\/v2\/product_cat?post=528"},{"taxonomy":"product_tag","embeddable":true,"href":"https:\/\/idpc.gov.co\/publicaciones\/wp-json\/wp\/v2\/product_tag?post=528"}],"curies":[{"name":"wp","href":"https:\/\/api.w.org\/{rel}","templated":true}]}}