{"id":523,"date":"2018-02-26T23:28:07","date_gmt":"2018-02-27T04:28:07","guid":{"rendered":"https:\/\/idpc.gov.co\/publicaciones\/?post_type=product&#038;p=523"},"modified":"2024-04-30T22:28:28","modified_gmt":"2024-05-01T03:28:28","slug":"las-nieves-la-ciudad-del-otro-lado","status":"publish","type":"product","link":"https:\/\/idpc.gov.co\/publicaciones\/producto\/las-nieves-la-ciudad-del-otro-lado\/","title":{"rendered":"Las Nieves. La ciudad del otro lado"},"content":{"rendered":"<p><iframe style=\"border: none; width: 100%; height: 326px;\" src=\"\/\/e.issuu.com\/embed.html?d=las_nieves&amp;u=patrimoniobogota\" allowfullscreen=\"allowfullscreen\"><\/iframe><\/p>\n<p><iframe src=\"https:\/\/w.soundcloud.com\/player\/?url=https%3A\/\/api.soundcloud.com\/playlists\/1540945360&amp;color=%23ff5500&amp;auto_play=false&amp;hide_related=false&amp;show_comments=true&amp;show_user=true&amp;show_reposts=false&amp;show_teaser=true&amp;visual=true\" width=\"100%\" height=\"300\" frameborder=\"no\" scrolling=\"no\"><\/iframe><\/p>\n<div style=\"font-size: 10px; color: #cccccc; line-break: anywhere; word-break: normal; overflow: hidden; white-space: nowrap; text-overflow: ellipsis; font-family: Interstate,Lucida Grande,Lucida Sans Unicode,Lucida Sans,Garuda,Verdana,Tahoma,sans-serif; font-weight: 100;\"><a style=\"color: #cccccc; text-decoration: none;\" title=\"Instituto Distrital de Patrimonio Cultural\" href=\"https:\/\/soundcloud.com\/webmaster-idpc\" target=\"_blank\" rel=\"noopener\">Instituto Distrital de Patrimonio Cultural<\/a> \u00b7 <a style=\"color: #cccccc; text-decoration: none;\" title=\"Audiolibro 'Las Nieves. La ciudad al otro lado'\" href=\"https:\/\/soundcloud.com\/webmaster-idpc\/sets\/audiolibro-las-nieves-la-ciudad-al-otro-lado-1\" target=\"_blank\" rel=\"noopener\">Audiolibro &#8216;Las Nieves. La ciudad al otro lado&#8217;<\/a><\/div>\n","protected":false},"excerpt":{"rendered":"<p>Esta publicaci\u00f3n aborda \u00a0un sector de Bogot\u00e1 que a finales del siglo XVI era una de las parroquias \u2013como se nombraban las divisiones geogr\u00e1ficas de Santaf\u00e9\u2013 de aquella incipiente ciudad.<\/p>\n<p>Las Nieves, limitaba al sur con el r\u00edo San Francisco, al norte con la Recoleta de San Diego, al oriente con los pies de los cerros y al occidente con la Alameda Vieja (actual carrera 13).\u00a0 Se identific\u00f3 en una \u00e9poca por ser albergue de gentes dedicadas a distintos oficios artesanales para caer en una etapa donde su imagen se opac\u00f3 por ser un lugar de pr\u00e1cticas socialmente deleznables.\u00a0 Hoy, el barrio revive su esplendor como un sector universitario y de ambiente cultural.<\/p>\n<p><strong>Autor:<\/strong> Fernando Carrasco Zald\u00faa y Rub\u00e9n Hern\u00e1ndez Molina<br \/>\n<strong>A\u00f1o:<\/strong> 2010.<\/p>\n<p>&nbsp;<\/p>\n<p><a href=\"https:\/\/idpc.gov.co\/publicaciones\/descargas\/nieves.pdf\"><img decoding=\"async\" class=\"alignleft wp-image-11737 size-full\" src=\"https:\/\/idpc.gov.co\/publicaciones\/wp-content\/uploads\/2019\/03\/descargar115.png\" alt=\"\" width=\"158\" height=\"49\" \/><\/a><\/p>\n<p><strong>L<\/strong><strong>icencia de Creative Commons: Atribuci\u00f3n\u00a0\u2013 No comercial\u00a0\u2013\u00a0Sin Derivar.\u00a0Esta licencia solo permite la descarga de esta obra para compartirla con otras personas, siempre y cuando se reconozca su autor\u00eda. La obra no se puede modificar de ninguna manera, ni se puede utilizar comercialmente.<\/strong><\/p>\n","protected":false},"featured_media":582,"comment_status":"open","ping_status":"closed","template":"","meta":{"_acf_changed":false},"product_brand":[],"product_cat":[101],"product_tag":[],"class_list":{"0":"post-523","1":"product","2":"type-product","3":"status-publish","4":"has-post-thumbnail","6":"product_cat-lugares_y_tiempos","8":"first","9":"instock","10":"shipping-taxable","11":"product-type-simple"},"acf":[],"_links":{"self":[{"href":"https:\/\/idpc.gov.co\/publicaciones\/wp-json\/wp\/v2\/product\/523","targetHints":{"allow":["GET"]}}],"collection":[{"href":"https:\/\/idpc.gov.co\/publicaciones\/wp-json\/wp\/v2\/product"}],"about":[{"href":"https:\/\/idpc.gov.co\/publicaciones\/wp-json\/wp\/v2\/types\/product"}],"replies":[{"embeddable":true,"href":"https:\/\/idpc.gov.co\/publicaciones\/wp-json\/wp\/v2\/comments?post=523"}],"wp:featuredmedia":[{"embeddable":true,"href":"https:\/\/idpc.gov.co\/publicaciones\/wp-json\/wp\/v2\/media\/582"}],"wp:attachment":[{"href":"https:\/\/idpc.gov.co\/publicaciones\/wp-json\/wp\/v2\/media?parent=523"}],"wp:term":[{"taxonomy":"product_brand","embeddable":true,"href":"https:\/\/idpc.gov.co\/publicaciones\/wp-json\/wp\/v2\/product_brand?post=523"},{"taxonomy":"product_cat","embeddable":true,"href":"https:\/\/idpc.gov.co\/publicaciones\/wp-json\/wp\/v2\/product_cat?post=523"},{"taxonomy":"product_tag","embeddable":true,"href":"https:\/\/idpc.gov.co\/publicaciones\/wp-json\/wp\/v2\/product_tag?post=523"}],"curies":[{"name":"wp","href":"https:\/\/api.w.org\/{rel}","templated":true}]}}