{"id":521,"date":"2018-02-26T22:21:27","date_gmt":"2018-02-27T03:21:27","guid":{"rendered":"https:\/\/idpc.gov.co\/publicaciones\/?post_type=product&#038;p=521"},"modified":"2024-04-30T22:39:34","modified_gmt":"2024-05-01T03:39:34","slug":"la-energia-en-bogota-111-anos-de-historia","status":"publish","type":"product","link":"https:\/\/idpc.gov.co\/publicaciones\/producto\/la-energia-en-bogota-111-anos-de-historia\/","title":{"rendered":"La energ\u00eda en Bogot\u00e1. 111 a\u00f1os de historia"},"content":{"rendered":"<p><iframe style=\"border: none; width: 100%; height: 326px;\" src=\"\/\/e.issuu.com\/embed.html?d=la_energ_a_en_bogot_&amp;u=patrimoniobogota\" allowfullscreen=\"allowfullscreen\"><\/iframe><\/p>\n","protected":false},"excerpt":{"rendered":"<p><span class=\"subtitulo\">Uno de los principales triunfos del hombre sobre la naturaleza fue el de vencer las tinieblas gracias a la lumbre o luz producida por el fuego.<\/span><\/p>\n<p>Dicen los cronistas que el primer indicio que tuvo Crist\u00f3bal Col\u00f3n ,al llegar a lo que \u00e9l desconoc\u00eda que iba a ser Am\u00e9rica, no estuvo asociado a la visi\u00f3n de tierra sino a los reflejos de luz producidos por las hogueras o fogones encendidos por los habitantes del nuevo mundo. La lucha del hombre contra la oscuridad es una de tantas que la humanidad ha enfrentado en su camino evolutivo.<\/p>\n<p>Pues bien, desde esa primera lumbre hasta los grandes avances tecnol\u00f3gicos y cient\u00edficos de hoy nos hablan de una historia de aciertos y tropiezos.<br \/>\nEn el caso de Bogot\u00e1, hablan m\u00e1s que nunca de su transformaci\u00f3n urbana, de sus cambios. Por esa raz\u00f3n, el Instituto Distrital de Patrimonio Cultural present\u00f3 en el Museo de Bogot\u00e1 la exposici\u00f3n La energ\u00eda en Bogot\u00e1, 111 a\u00f1os de historia, que recoge las experiencias vividas desde la iniciativa privada hasta la constituci\u00f3n de una empresa socialmente comprometida con la ciudad, y \u201cque invita a la reflexi\u00f3n sobre la empresa, el desarrollo de la ciudad, de sus habitantes y su epopeya energ\u00e9tica\u201d.<\/p>\n<p><strong>Autor:<\/strong> Instituto Distrital de Patrimonio Cultural<br \/>\n<strong>A\u00f1o:<\/strong> 2007<\/p>\n<p>&nbsp;<\/p>\n<p><a href=\"https:\/\/idpc.gov.co\/publicaciones\/descargas\/energia.pdf\"><img decoding=\"async\" class=\"alignleft wp-image-11737 size-full\" src=\"https:\/\/idpc.gov.co\/publicaciones\/wp-content\/uploads\/2019\/03\/descargar115.png\" alt=\"\" width=\"158\" height=\"49\" \/><\/a><\/p>\n<p><strong>L<\/strong><strong>icencia de Creative Commons: Atribuci\u00f3n\u00a0\u2013 No comercial\u00a0\u2013\u00a0Sin Derivar.\u00a0Esta licencia solo permite la descarga de esta obra para compartirla con otras personas, siempre y cuando se reconozca su autor\u00eda. La obra no se puede modificar de ninguna manera, ni se puede utilizar comercialmente.<\/strong><\/p>\n","protected":false},"featured_media":583,"comment_status":"open","ping_status":"closed","template":"","meta":{"_acf_changed":false},"product_brand":[],"product_cat":[101],"product_tag":[],"class_list":{"0":"post-521","1":"product","2":"type-product","3":"status-publish","4":"has-post-thumbnail","6":"product_cat-lugares_y_tiempos","8":"first","9":"instock","10":"shipping-taxable","11":"purchasable","12":"product-type-simple"},"acf":[],"_links":{"self":[{"href":"https:\/\/idpc.gov.co\/publicaciones\/wp-json\/wp\/v2\/product\/521","targetHints":{"allow":["GET"]}}],"collection":[{"href":"https:\/\/idpc.gov.co\/publicaciones\/wp-json\/wp\/v2\/product"}],"about":[{"href":"https:\/\/idpc.gov.co\/publicaciones\/wp-json\/wp\/v2\/types\/product"}],"replies":[{"embeddable":true,"href":"https:\/\/idpc.gov.co\/publicaciones\/wp-json\/wp\/v2\/comments?post=521"}],"wp:featuredmedia":[{"embeddable":true,"href":"https:\/\/idpc.gov.co\/publicaciones\/wp-json\/wp\/v2\/media\/583"}],"wp:attachment":[{"href":"https:\/\/idpc.gov.co\/publicaciones\/wp-json\/wp\/v2\/media?parent=521"}],"wp:term":[{"taxonomy":"product_brand","embeddable":true,"href":"https:\/\/idpc.gov.co\/publicaciones\/wp-json\/wp\/v2\/product_brand?post=521"},{"taxonomy":"product_cat","embeddable":true,"href":"https:\/\/idpc.gov.co\/publicaciones\/wp-json\/wp\/v2\/product_cat?post=521"},{"taxonomy":"product_tag","embeddable":true,"href":"https:\/\/idpc.gov.co\/publicaciones\/wp-json\/wp\/v2\/product_tag?post=521"}],"curies":[{"name":"wp","href":"https:\/\/api.w.org\/{rel}","templated":true}]}}