{"id":514,"date":"2018-02-23T21:58:16","date_gmt":"2018-02-24T02:58:16","guid":{"rendered":"https:\/\/idpc.gov.co\/publicaciones\/?post_type=product&#038;p=514"},"modified":"2024-04-30T22:28:14","modified_gmt":"2024-05-01T03:28:14","slug":"la-ciudad-de-la-luz-bogota-y-la-exposicion-agricola-e-industrial-de-1910","status":"publish","type":"product","link":"https:\/\/idpc.gov.co\/publicaciones\/producto\/la-ciudad-de-la-luz-bogota-y-la-exposicion-agricola-e-industrial-de-1910\/","title":{"rendered":"La ciudad de la luz. Bogot\u00e1 y la exposici\u00f3n agr\u00edcola e industrial de 1910"},"content":{"rendered":"<p><iframe style=\"border: none; width: 100%; height: 326px;\" src=\"\/\/e.issuu.com\/embed.html?d=ciudad_de_la__luz&amp;u=patrimoniobogota\" allowfullscreen=\"allowfullscreen\"><\/iframe><\/p>\n","protected":false},"excerpt":{"rendered":"<p>Las exposiciones nacionales han sido el espacio ideal para mostrar los avances de la industria y del comercio de cada pa\u00eds. Pa\u00edses como Francia, Inglaterra y Estados Unidos desarrollaron sus exposiciones en el contexto de la celebraci\u00f3n de sus fechas conmemorativas.<br \/>\nColombia no fue la excepci\u00f3n: la Exposici\u00f3n Agr\u00edcola e Industrial de 1910, realizada en Bogot\u00e1, se celebr\u00f3 en el marco del primer centenario de la Independencia de Colombia.<br \/>\nNo s\u00f3lo fue un evento simb\u00f3lico, fue un evento urbano que cambiar\u00eda la imagen f\u00edsica de la ciudad para esa \u00e9poca. Este texto estudia la importancia que tuvo para la transformaci\u00f3n urbana de Bogot\u00e1 este evento del cual s\u00f3lo se conserva el Quiosco de la Luz.<\/p>\n<p>Se resalta el papel de la exposici\u00f3n en la construcci\u00f3n de una narrativa nacional cuyo referente est\u00e1 en Bogot\u00e1: el pasado y futuro se funden en las edificaciones, monumentos y esculturas que se construyeron para esos quince d\u00edas de celebraci\u00f3n. Bogot\u00e1 era el referente obligado del progreso y la civilizaci\u00f3n de la naci\u00f3n colombiana.<\/p>\n<p>\u201cLa Exposici\u00f3n nacional ten\u00eda como intenci\u00f3n mostrar el pa\u00eds ante sus propios miembros\u201d. Este libro hace un recorrido hist\u00f3rico, a trav\u00e9s de las im\u00e1genes, del an\u00e1lisis del evento y del papel de quienes hicieron posible esta empresa, con el prop\u00f3sito de propiciar una reflexi\u00f3n sobre \u201clas formas de representaci\u00f3n de la sociedad en el espacio urbano, los modos en que pierden vigencia para una comunidad y se destruyen o transforman los testimonios del pasado\u201d.<\/p>\n<p><strong>Autor<\/strong>: Instituto Distrital de Cultura y Turismo<br \/>\n<strong>A\u00f1o:<\/strong> 2005<\/p>\n<p>&nbsp;<\/p>\n<p><a href=\"https:\/\/idpc.gov.co\/publicaciones\/descargas\/ciudadluz.pdf\"><img decoding=\"async\" class=\"alignleft wp-image-11737 size-full\" src=\"https:\/\/idpc.gov.co\/publicaciones\/wp-content\/uploads\/2019\/03\/descargar115.png\" alt=\"\" width=\"158\" height=\"49\" \/><\/a><\/p>\n<p><strong>L<\/strong><strong>icencia de Creative Commons: Atribuci\u00f3n\u00a0\u2013 No comercial\u00a0\u2013\u00a0Sin Derivar.\u00a0Esta licencia solo permite la descarga de esta obra para compartirla con otras personas, siempre y cuando se reconozca su autor\u00eda. La obra no se puede modificar de ninguna manera, ni se puede utilizar comercialmente.<\/strong><\/p>\n","protected":false},"featured_media":672,"comment_status":"open","ping_status":"closed","template":"","meta":{"_acf_changed":false},"product_brand":[],"product_cat":[101],"product_tag":[],"class_list":{"0":"post-514","1":"product","2":"type-product","3":"status-publish","4":"has-post-thumbnail","6":"product_cat-lugares_y_tiempos","8":"first","9":"instock","10":"shipping-taxable","11":"product-type-simple"},"acf":[],"_links":{"self":[{"href":"https:\/\/idpc.gov.co\/publicaciones\/wp-json\/wp\/v2\/product\/514","targetHints":{"allow":["GET"]}}],"collection":[{"href":"https:\/\/idpc.gov.co\/publicaciones\/wp-json\/wp\/v2\/product"}],"about":[{"href":"https:\/\/idpc.gov.co\/publicaciones\/wp-json\/wp\/v2\/types\/product"}],"replies":[{"embeddable":true,"href":"https:\/\/idpc.gov.co\/publicaciones\/wp-json\/wp\/v2\/comments?post=514"}],"wp:featuredmedia":[{"embeddable":true,"href":"https:\/\/idpc.gov.co\/publicaciones\/wp-json\/wp\/v2\/media\/672"}],"wp:attachment":[{"href":"https:\/\/idpc.gov.co\/publicaciones\/wp-json\/wp\/v2\/media?parent=514"}],"wp:term":[{"taxonomy":"product_brand","embeddable":true,"href":"https:\/\/idpc.gov.co\/publicaciones\/wp-json\/wp\/v2\/product_brand?post=514"},{"taxonomy":"product_cat","embeddable":true,"href":"https:\/\/idpc.gov.co\/publicaciones\/wp-json\/wp\/v2\/product_cat?post=514"},{"taxonomy":"product_tag","embeddable":true,"href":"https:\/\/idpc.gov.co\/publicaciones\/wp-json\/wp\/v2\/product_tag?post=514"}],"curies":[{"name":"wp","href":"https:\/\/api.w.org\/{rel}","templated":true}]}}