{"id":504,"date":"2016-02-19T11:23:56","date_gmt":"2016-02-19T16:23:56","guid":{"rendered":"https:\/\/idpc.gov.co\/publicaciones\/?post_type=product&#038;p=504"},"modified":"2024-04-30T22:39:33","modified_gmt":"2024-05-01T03:39:33","slug":"las-casas-que-hablan-guia-historica-del-barrio-de-la-candelaria-de-santa-fe-de-bogota","status":"publish","type":"product","link":"https:\/\/idpc.gov.co\/publicaciones\/producto\/las-casas-que-hablan-guia-historica-del-barrio-de-la-candelaria-de-santa-fe-de-bogota\/","title":{"rendered":"Las casas que hablan: Gu\u00eda hist\u00f3rica del barrio de La Candelaria de Santa Fe de Bogot\u00e1"},"content":{"rendered":"","protected":false},"excerpt":{"rendered":"<div class=\"subtitulo\">La historia de Bogot\u00e1 nace en su primer n\u00facleo: La Candelaria. Cada casa, cada calle y esquina es testigo \u201cde la historia del pa\u00eds, desde la conquista hasta nuestros d\u00edas\u201d.<\/div>\n<div class=\"textodbpublic\">Sin embargo, La Candelaria ha sido objeto de dos tipos de miradas: la de los estudios hist\u00f3ricos que la tocan de manera muy general, brind\u00e1ndonos muy poca informaci\u00f3n, y la del turista, que si bien est\u00e1 impregnada de mucha curiosidad, no va mas all\u00e1. Elisa M\u00fajica abre cada puerta para abrirnos la historia de este barrio, inmersa en sus casas, lo que permite que salga a la luz la importancia de La Candelaria en la vida de Bogot\u00e1. Puede que los relatos que surgen de estas viejas casas no sean de gran valor para la \u201chistoria oficial\u201d, pero s\u00ed para la historia siempre viva de la ciudad. Este libro es una gu\u00eda destinada a conocer la historia santafere\u00f1a vivida bajo sus techos, de modo que como dice la autora, \u201cya no observaremos a La Candelaria con los mismos ojos\u201d.<\/div>\n<p><strong>Autor:<\/strong> Corporaci\u00f3n La Candelaria (Hoy Instituto Distrital de Patrimonio Cultural)<br \/>\n<strong>A\u00f1o:<\/strong> 1994<\/p>\n","protected":false},"featured_media":13432,"comment_status":"open","ping_status":"closed","template":"","meta":{"_acf_changed":false},"product_brand":[],"product_cat":[101],"product_tag":[],"class_list":{"0":"post-504","1":"product","2":"type-product","3":"status-publish","4":"has-post-thumbnail","6":"product_cat-lugares_y_tiempos","8":"first","9":"instock","10":"shipping-taxable","11":"product-type-simple"},"acf":[],"_links":{"self":[{"href":"https:\/\/idpc.gov.co\/publicaciones\/wp-json\/wp\/v2\/product\/504","targetHints":{"allow":["GET"]}}],"collection":[{"href":"https:\/\/idpc.gov.co\/publicaciones\/wp-json\/wp\/v2\/product"}],"about":[{"href":"https:\/\/idpc.gov.co\/publicaciones\/wp-json\/wp\/v2\/types\/product"}],"replies":[{"embeddable":true,"href":"https:\/\/idpc.gov.co\/publicaciones\/wp-json\/wp\/v2\/comments?post=504"}],"wp:featuredmedia":[{"embeddable":true,"href":"https:\/\/idpc.gov.co\/publicaciones\/wp-json\/wp\/v2\/media\/13432"}],"wp:attachment":[{"href":"https:\/\/idpc.gov.co\/publicaciones\/wp-json\/wp\/v2\/media?parent=504"}],"wp:term":[{"taxonomy":"product_brand","embeddable":true,"href":"https:\/\/idpc.gov.co\/publicaciones\/wp-json\/wp\/v2\/product_brand?post=504"},{"taxonomy":"product_cat","embeddable":true,"href":"https:\/\/idpc.gov.co\/publicaciones\/wp-json\/wp\/v2\/product_cat?post=504"},{"taxonomy":"product_tag","embeddable":true,"href":"https:\/\/idpc.gov.co\/publicaciones\/wp-json\/wp\/v2\/product_tag?post=504"}],"curies":[{"name":"wp","href":"https:\/\/api.w.org\/{rel}","templated":true}]}}