{"id":502,"date":"2018-02-27T16:10:52","date_gmt":"2018-02-27T21:10:52","guid":{"rendered":"https:\/\/idpc.gov.co\/publicaciones\/?post_type=product&#038;p=502"},"modified":"2024-04-30T22:28:34","modified_gmt":"2024-05-01T03:28:34","slug":"bogota-retroactiva","status":"publish","type":"product","link":"https:\/\/idpc.gov.co\/publicaciones\/producto\/bogota-retroactiva\/","title":{"rendered":"Bogot\u00e1 Retroactiva"},"content":{"rendered":"<div style=\"position: relative; padding-top: max(60%,326px); height: 0; width: 100%;\"><iframe style=\"position: absolute; border: none; width: 100%; height: 100%; left: 0; right: 0; top: 0; bottom: 0;\" src=\"https:\/\/e.issuu.com\/embed.html?d=bogota_retro_completa&amp;u=patrimoniobogota\" sandbox=\"allow-top-navigation allow-top-navigation-by-user-activation allow-downloads allow-scripts allow-same-origin allow-popups allow-modals allow-popups-to-escape-sandbox\" allowfullscreen=\"allowfullscreen\"><\/iframe><\/div>\n","protected":false},"excerpt":{"rendered":"<p><span class=\"subtitulo\">El Consorcio Retrovanguardia, ganador de la convocatoria distrital \u2018Ciudad y Patrimonio 2007\u2019, present\u00f3 el proyecto \u2018Bogot\u00e1 Retroactiva\u2019, que devino en una exposici\u00f3n del mismo nombre, elaborada por el escritor Andr\u00e9s Ospina y el artista Vladimir Mosquera Bautista, ambos bogotanos, quienes se esforzaron en mostrar de manera particular y entretenida una parte de la historia y del patrimonio cultural bogotano mediante la incorporaci\u00f3n de nuevas tecnolog\u00edas para la muestra, la cual se exhibi\u00f3 entre noviembre de 2008 y marzo de 2009.<\/span><\/p>\n<p>Diferentes aspectos de la historia l\u00fadica bogotana de la primera mitad del siglo XX, como la m\u00fasica, el transporte y los juegos tradicionales, fueron abordados en \u2018Bogot\u00e1 Retroactiva\u2019, de la cual ha quedado este cat\u00e1logo como testigo de tan atractiva labor.<\/p>\n<p><b>Autor:<\/b> Instituto Distrital de Patrimonio Cultural.<br \/>\n<b>A\u00f1o:<\/b> 2010.<\/p>\n","protected":false},"featured_media":503,"comment_status":"open","ping_status":"closed","template":"","meta":{"_acf_changed":false},"product_brand":[],"product_cat":[101,105],"product_tag":[],"class_list":{"0":"post-502","1":"product","2":"type-product","3":"status-publish","4":"has-post-thumbnail","6":"product_cat-lugares_y_tiempos","7":"product_cat-memorias_museo","9":"first","10":"instock","11":"shipping-taxable","12":"purchasable","13":"product-type-simple"},"acf":[],"_links":{"self":[{"href":"https:\/\/idpc.gov.co\/publicaciones\/wp-json\/wp\/v2\/product\/502","targetHints":{"allow":["GET"]}}],"collection":[{"href":"https:\/\/idpc.gov.co\/publicaciones\/wp-json\/wp\/v2\/product"}],"about":[{"href":"https:\/\/idpc.gov.co\/publicaciones\/wp-json\/wp\/v2\/types\/product"}],"replies":[{"embeddable":true,"href":"https:\/\/idpc.gov.co\/publicaciones\/wp-json\/wp\/v2\/comments?post=502"}],"wp:featuredmedia":[{"embeddable":true,"href":"https:\/\/idpc.gov.co\/publicaciones\/wp-json\/wp\/v2\/media\/503"}],"wp:attachment":[{"href":"https:\/\/idpc.gov.co\/publicaciones\/wp-json\/wp\/v2\/media?parent=502"}],"wp:term":[{"taxonomy":"product_brand","embeddable":true,"href":"https:\/\/idpc.gov.co\/publicaciones\/wp-json\/wp\/v2\/product_brand?post=502"},{"taxonomy":"product_cat","embeddable":true,"href":"https:\/\/idpc.gov.co\/publicaciones\/wp-json\/wp\/v2\/product_cat?post=502"},{"taxonomy":"product_tag","embeddable":true,"href":"https:\/\/idpc.gov.co\/publicaciones\/wp-json\/wp\/v2\/product_tag?post=502"}],"curies":[{"name":"wp","href":"https:\/\/api.w.org\/{rel}","templated":true}]}}