{"id":496,"date":"2018-02-03T12:30:41","date_gmt":"2018-02-03T17:30:41","guid":{"rendered":"https:\/\/idpc.gov.co\/publicaciones\/?post_type=product&#038;p=496"},"modified":"2024-04-30T22:38:23","modified_gmt":"2024-05-01T03:38:23","slug":"viva-el-centro-album-de-monas-ruta-por-la-cra-7a","status":"publish","type":"product","link":"https:\/\/idpc.gov.co\/publicaciones\/producto\/viva-el-centro-album-de-monas-ruta-por-la-cra-7a\/","title":{"rendered":"Viva el centro. \u00c1lbum de monas. Ruta por la Cra. 7\u00aa"},"content":{"rendered":"<div style=\"position: relative; padding-top: max(60%,326px); height: 0; width: 100%;\"><iframe style=\"position: absolute; border: none; width: 100%; height: 100%; left: 0; right: 0; top: 0; bottom: 0;\" src=\"https:\/\/e.issuu.com\/embed.html?d=merged__2_.compressed&amp;u=patrimoniobogota\" sandbox=\"allow-top-navigation allow-top-navigation-by-user-activation allow-downloads allow-scripts allow-same-origin allow-popups allow-modals allow-popups-to-escape-sandbox\" allowfullscreen=\"allowfullscreen\"><\/iframe><\/div>\n","protected":false},"excerpt":{"rendered":"<p>El \u00e1lbum de monas \u00a1Viva el Centro! es una invitaci\u00f3n a los habitantes y visitantes de la capital a recorrer la Carrera 7\u00aa de forma vivencial.\u00a0 La ruta descrita en el \u00e1lbum, inicia desde el Archivo de Bogot\u00e1 y termina en el monumento de la Rebeca en la Calle 26, y\u00a0 ofrece informaci\u00f3n sobre edificios, esculturas, objetos,\u00a0 historia y pr\u00e1cticas culturales de esta importante v\u00eda de la ciudad , a la vez que permite jugar con las im\u00e1genes que pueden ser ubicadas en el \u00e1lbum mediante l\u00e1minas autoadhesivas.\u00a0 El recorrido propuesto permite no solo caminar esta v\u00eda principal, sino tambi\u00e9n desviarse unas cuadras para adentrarse a la parte oriental y occidental de esta importante v\u00eda hist\u00f3rica de Bogot\u00e1.<\/p>\n<p><strong>Autor:<\/strong> Instituto Distrital de\u00a0Patrimonio Cultural<br \/>\n<strong>A\u00f1o:<\/strong> 2015<\/p>\n","protected":false},"featured_media":682,"comment_status":"open","ping_status":"closed","template":"","meta":{"_acf_changed":false},"product_brand":[],"product_cat":[102],"product_tag":[],"class_list":{"0":"post-496","1":"product","2":"type-product","3":"status-publish","4":"has-post-thumbnail","6":"product_cat-exploraciones_y_recorridos","8":"first","9":"instock","10":"shipping-taxable","11":"purchasable","12":"product-type-simple"},"acf":[],"_links":{"self":[{"href":"https:\/\/idpc.gov.co\/publicaciones\/wp-json\/wp\/v2\/product\/496","targetHints":{"allow":["GET"]}}],"collection":[{"href":"https:\/\/idpc.gov.co\/publicaciones\/wp-json\/wp\/v2\/product"}],"about":[{"href":"https:\/\/idpc.gov.co\/publicaciones\/wp-json\/wp\/v2\/types\/product"}],"replies":[{"embeddable":true,"href":"https:\/\/idpc.gov.co\/publicaciones\/wp-json\/wp\/v2\/comments?post=496"}],"wp:featuredmedia":[{"embeddable":true,"href":"https:\/\/idpc.gov.co\/publicaciones\/wp-json\/wp\/v2\/media\/682"}],"wp:attachment":[{"href":"https:\/\/idpc.gov.co\/publicaciones\/wp-json\/wp\/v2\/media?parent=496"}],"wp:term":[{"taxonomy":"product_brand","embeddable":true,"href":"https:\/\/idpc.gov.co\/publicaciones\/wp-json\/wp\/v2\/product_brand?post=496"},{"taxonomy":"product_cat","embeddable":true,"href":"https:\/\/idpc.gov.co\/publicaciones\/wp-json\/wp\/v2\/product_cat?post=496"},{"taxonomy":"product_tag","embeddable":true,"href":"https:\/\/idpc.gov.co\/publicaciones\/wp-json\/wp\/v2\/product_tag?post=496"}],"curies":[{"name":"wp","href":"https:\/\/api.w.org\/{rel}","templated":true}]}}