{"id":492,"date":"2018-04-26T15:28:30","date_gmt":"2018-04-26T20:28:30","guid":{"rendered":"https:\/\/idpc.gov.co\/publicaciones\/?post_type=product&#038;p=492"},"modified":"2024-04-30T22:09:59","modified_gmt":"2024-05-01T03:09:59","slug":"prct-plan-de-revitalizacion-del-centro-tradicional-de-bogota","status":"publish","type":"product","link":"https:\/\/idpc.gov.co\/publicaciones\/producto\/prct-plan-de-revitalizacion-del-centro-tradicional-de-bogota\/","title":{"rendered":"PRCT. Plan de Revitalizaci\u00f3n del Centro Tradicional de Bogot\u00e1"},"content":{"rendered":"<div style=\"position: relative; padding-top: max(60%,326px); height: 0; width: 100%;\"><iframe style=\"position: absolute; border: none; width: 100%; height: 100%; left: 0; right: 0; top: 0; bottom: 0;\" src=\"https:\/\/e.issuu.com\/embed.html?d=prct_idpc&amp;u=patrimoniobogota\" sandbox=\"allow-top-navigation allow-top-navigation-by-user-activation allow-downloads allow-scripts allow-same-origin allow-popups allow-modals allow-popups-to-escape-sandbox\" allowfullscreen=\"allowfullscreen\"><\/iframe><\/div>\n","protected":false},"excerpt":{"rendered":"<p>El\u00a0 Plan\u00a0 de\u00a0 Revitalizaci\u00f3n\u00a0 del\u00a0 Centro\u00a0 Tradicional\u00a0 es,\u00a0 en\u00a0 estricto\u00a0 sentido, un plan urbano de car\u00e1cter estrat\u00e9gico que supera el\u00a0 tradicional\u00a0 \u201cplan-documento\u201d\u00a0 para\u00a0 trabajar\u00a0 desde\u00a0 el\u00a0 enfoque\u00a0 de\u00a0 plani\ufb01car\u00a0 haciendo\u00a0 y\u00a0 hacer\u00a0 plani\ufb01cando.\u00a0 Incluye,\u00a0 pero\u00a0 trasciende, la actualizaci\u00f3n y generaci\u00f3n de nuevos instrumentos\u00a0 para\u00a0 la\u00a0 protecci\u00f3n\u00a0 del\u00a0 valioso\u00a0 patrimonio\u00a0 cultural\u00a0 del\u00a0 centro\u00a0 hist\u00f3rico y algunos sectores perif\u00e9ricos que constituyen su \u00e1rea\u00a0 de in\ufb02uencia inmediata, alcanzando una super\ufb01cie total de 470 hect\u00e1reas. El Laboratorio Urbano creado para este \ufb01n permite la\u00a0 experimentaci\u00f3n,\u00a0 desde\u00a0 la\u00a0 perspectiva\u00a0 del\u00a0 proyecto\u00a0 urbano,\u00a0 y\u00a0 genera, de este modo, resultados concretos y paralelos al avance\u00a0 en\u00a0 la\u00a0 re\ufb02exi\u00f3n\u00a0 e\u00a0 identi\ufb01caci\u00f3n\u00a0 de\u00a0 nuevas\u00a0 iniciativas\u00a0 necesarias\u00a0 para el mejoramiento de la habitabilidad y la resigni\ufb01caci\u00f3n del\u00a0 Centro Tradicional.<\/p>\n<p>El Plan adelanta acciones de diversas escalas en la restauraci\u00f3n monumental,\u00a0 la\u00a0 rehabilitaci\u00f3n\u00a0 de\u00a0 estructuras\u00a0 arquitect\u00f3nicas\u00a0 y urban\u00edsticas, el reciclaje de\u00a0 edi\ufb01caciones, la nueva arquitectura en\u00a0\u00a0 sectores\u00a0\u00a0 consolidados\u00a0\u00a0 y\u00a0\u00a0 la\u00a0\u00a0 recomposici\u00f3n\u00a0\u00a0 morfol\u00f3gica\u00a0 (tejer de nuevo las estructuras urbanas fragmentadas).<\/p>\n<p>En\u00a0 la\u00a0 base \u00a0de\u00a0 su\u00a0 planteamiento\u00a0 est\u00e1n\u00a0 presentes\u00a0 dos\u00a0 premisas\u00a0 b\u00e1sicas:\u00a0 la\u00a0 permanencia\u00a0 de\u00a0 la\u00a0 poblaci\u00f3n\u00a0 tradicional\u00a0 y\u00a0 sus\u00a0 pr\u00e1cticas\u00a0 culturales;\u00a0 y\u00a0 la\u00a0 mejora\u00a0 de\u00a0 la\u00a0 vivienda\u00a0 patrimonial\u00a0 de los sectores de m\u00e1s bajos ingresos. En la actualidad el Plan, con la ayuda de diversas entidades del Distrito Capital y del Banco Interamericano\u00a0 de\u00a0 Desarrollo\u00a0 (BID),\u00a0 desarrolla\u00a0 tres\u00a0 tipos\u00a0 de proyectos patrimoniales: ejes y nodos principales del sistema de espacio p\u00fablico y patrimonio, proyectos de borde\u00a0 y proyectos\u00a0 transversales.<\/p>\n<p><strong>Autor:<\/strong> Instituto Distrital de Patrimonio Cultural<br \/>\n<strong>A\u00f1o:<\/strong> 2015<\/p>\n<p><a href=\"https:\/\/drive.google.com\/file\/d\/1HHiK0-DJhJMz1nroVojQvBJ0ngM_qGQB\/view?usp=sharing\"><img decoding=\"async\" class=\"alignleft wp-image-11737 size-full\" src=\"https:\/\/idpc.gov.co\/publicaciones\/wp-content\/uploads\/2019\/03\/descargar115.png\" alt=\"\" width=\"158\" height=\"49\" \/><\/a><\/p>\n<p><strong>Para descarga: L<\/strong><strong>icencia de Creative Commons: Atribuci\u00f3n\u00a0\u2013 No comercial\u00a0\u2013\u00a0Sin Derivar.\u00a0Esta licencia solo permite la descarga de esta obra para compartirla con otras personas, siempre y cuando se reconozca su autor\u00eda. La obra no se puede modificar de ninguna manera, ni se puede utilizar comercialmente.<\/strong><\/p>\n","protected":false},"featured_media":493,"comment_status":"open","ping_status":"closed","template":"","meta":{"_acf_changed":false},"product_brand":[],"product_cat":[103],"product_tag":[],"class_list":{"0":"post-492","1":"product","2":"type-product","3":"status-publish","4":"has-post-thumbnail","6":"product_cat-proyecciones_y_apuestas","8":"first","9":"instock","10":"shipping-taxable","11":"purchasable","12":"product-type-simple"},"acf":[],"_links":{"self":[{"href":"https:\/\/idpc.gov.co\/publicaciones\/wp-json\/wp\/v2\/product\/492","targetHints":{"allow":["GET"]}}],"collection":[{"href":"https:\/\/idpc.gov.co\/publicaciones\/wp-json\/wp\/v2\/product"}],"about":[{"href":"https:\/\/idpc.gov.co\/publicaciones\/wp-json\/wp\/v2\/types\/product"}],"replies":[{"embeddable":true,"href":"https:\/\/idpc.gov.co\/publicaciones\/wp-json\/wp\/v2\/comments?post=492"}],"wp:featuredmedia":[{"embeddable":true,"href":"https:\/\/idpc.gov.co\/publicaciones\/wp-json\/wp\/v2\/media\/493"}],"wp:attachment":[{"href":"https:\/\/idpc.gov.co\/publicaciones\/wp-json\/wp\/v2\/media?parent=492"}],"wp:term":[{"taxonomy":"product_brand","embeddable":true,"href":"https:\/\/idpc.gov.co\/publicaciones\/wp-json\/wp\/v2\/product_brand?post=492"},{"taxonomy":"product_cat","embeddable":true,"href":"https:\/\/idpc.gov.co\/publicaciones\/wp-json\/wp\/v2\/product_cat?post=492"},{"taxonomy":"product_tag","embeddable":true,"href":"https:\/\/idpc.gov.co\/publicaciones\/wp-json\/wp\/v2\/product_tag?post=492"}],"curies":[{"name":"wp","href":"https:\/\/api.w.org\/{rel}","templated":true}]}}