{"id":490,"date":"2018-01-29T15:14:17","date_gmt":"2018-01-29T20:14:17","guid":{"rendered":"https:\/\/idpc.gov.co\/publicaciones\/?post_type=product&#038;p=490"},"modified":"2024-04-30T22:38:17","modified_gmt":"2024-05-01T03:38:17","slug":"atlas-historico-de-bogota-1911-1948","status":"publish","type":"product","link":"https:\/\/idpc.gov.co\/publicaciones\/producto\/atlas-historico-de-bogota-1911-1948\/","title":{"rendered":"Atlas hist\u00f3rico de Bogot\u00e1. 1911-1948"},"content":{"rendered":"<div style=\"position: relative; padding-top: max(60%,326px); height: 0; width: 100%;\"><iframe style=\"position: absolute; border: none; width: 100%; height: 100%; left: 0; right: 0; top: 0; bottom: 0;\" src=\"https:\/\/e.issuu.com\/embed.html?d=atlas_58cfa242c2ac2a&amp;u=patrimoniobogota\" sandbox=\"allow-top-navigation allow-top-navigation-by-user-activation allow-downloads allow-scripts allow-same-origin allow-popups allow-modals allow-popups-to-escape-sandbox\" allowfullscreen=\"allowfullscreen\"><\/iframe><\/div>\n","protected":false},"excerpt":{"rendered":"<p>Este atlas reconstruye doce temas relacionados con educaci\u00f3n, comercio, prensa, radio, salud, recreaci\u00f3n, cultura, hoteles, clubes, industria, calles, avenidas, planes urbanos y algunas de las firmas constructoras que participaron en el desarrollo urbano de la ciudad durante el periodo 1911-1948.<\/p>\n<p>En cada uno de ellos se busca hacer una revisi\u00f3n de los estados, ampliaciones y cambios que vivieron cada uno de estos aspectos en las d\u00e9cadas de modernizaci\u00f3n de Bogot\u00e1.<\/p>\n<p>Acompa\u00f1ando los textos y como introducci\u00f3n a cada cap\u00edtulo, se pueden encontrar planos de la ciudad en los cuales se localizan las sedes de los temas abordados. Adem\u00e1s del material cartogr\u00e1fico, el libro cuenta con material visual, con el que se ha tratado de ilustrar apropiadamente cada tema y subtema del libro.<\/p>\n<p><strong>Autor:<\/strong> Corporaci\u00f3n La Candelaria (Hoy Instituto Distrital de Patrimonio Cultural)<br \/>\n<strong>A\u00f1o:<\/strong> 2006<\/p>\n","protected":false},"featured_media":491,"comment_status":"open","ping_status":"closed","template":"","meta":{"_acf_changed":false},"product_brand":[],"product_cat":[102],"product_tag":[],"class_list":{"0":"post-490","1":"product","2":"type-product","3":"status-publish","4":"has-post-thumbnail","6":"product_cat-exploraciones_y_recorridos","8":"first","9":"instock","10":"shipping-taxable","11":"purchasable","12":"product-type-simple"},"acf":[],"_links":{"self":[{"href":"https:\/\/idpc.gov.co\/publicaciones\/wp-json\/wp\/v2\/product\/490","targetHints":{"allow":["GET"]}}],"collection":[{"href":"https:\/\/idpc.gov.co\/publicaciones\/wp-json\/wp\/v2\/product"}],"about":[{"href":"https:\/\/idpc.gov.co\/publicaciones\/wp-json\/wp\/v2\/types\/product"}],"replies":[{"embeddable":true,"href":"https:\/\/idpc.gov.co\/publicaciones\/wp-json\/wp\/v2\/comments?post=490"}],"wp:featuredmedia":[{"embeddable":true,"href":"https:\/\/idpc.gov.co\/publicaciones\/wp-json\/wp\/v2\/media\/491"}],"wp:attachment":[{"href":"https:\/\/idpc.gov.co\/publicaciones\/wp-json\/wp\/v2\/media?parent=490"}],"wp:term":[{"taxonomy":"product_brand","embeddable":true,"href":"https:\/\/idpc.gov.co\/publicaciones\/wp-json\/wp\/v2\/product_brand?post=490"},{"taxonomy":"product_cat","embeddable":true,"href":"https:\/\/idpc.gov.co\/publicaciones\/wp-json\/wp\/v2\/product_cat?post=490"},{"taxonomy":"product_tag","embeddable":true,"href":"https:\/\/idpc.gov.co\/publicaciones\/wp-json\/wp\/v2\/product_tag?post=490"}],"curies":[{"name":"wp","href":"https:\/\/api.w.org\/{rel}","templated":true}]}}