{"id":486,"date":"2018-01-28T15:06:25","date_gmt":"2018-01-28T20:06:25","guid":{"rendered":"https:\/\/idpc.gov.co\/publicaciones\/?post_type=product&#038;p=486"},"modified":"2024-04-30T22:38:14","modified_gmt":"2024-05-01T03:38:14","slug":"guia-de-los-cementerios-britanico-aleman-y-hebreo","status":"publish","type":"product","link":"https:\/\/idpc.gov.co\/publicaciones\/producto\/guia-de-los-cementerios-britanico-aleman-y-hebreo\/","title":{"rendered":"Gu\u00eda de los Cementerios Brit\u00e1nico, Alem\u00e1n y Hebreo"},"content":{"rendered":"<div style=\"position: relative; padding-top: max(60%,326px); height: 0; width: 100%;\"><iframe style=\"position: absolute; border: none; width: 100%; height: 100%; left: 0; right: 0; top: 0; bottom: 0;\" src=\"https:\/\/e.issuu.com\/embed.html?d=cementerio_britanico&amp;u=patrimoniobogota\" sandbox=\"allow-top-navigation allow-top-navigation-by-user-activation allow-downloads allow-scripts allow-same-origin allow-popups allow-modals allow-popups-to-escape-sandbox\" allowfullscreen=\"allowfullscreen\"><\/iframe><\/div>\n","protected":false},"excerpt":{"rendered":"<p class=\"subtitulo\">El Cementerio Brit\u00e1nico se carga de nostalgia en medio de prados sin orden aparente con sus tumbas de variadas formas y tama\u00f1os, cruces celtas, griegas, ortodoxas y l\u00e1pidas inscritas con sentidos epitafios.<\/p>\n<p>El Cementerio Alem\u00e1n, un ed\u00e9n de jardines entre corredores de setos de pinos que separan las hileras de tumbas construidas en piedra. Un parque perfectamente mantenido y con una magnifica vista de los cerros de Bogot\u00e1. Finalmente, el Cementerio de la comunidad Hebrea, parcialmente rodeado de pinos, su \u00e1rbol sagrado y ocupado de la manera m\u00e1s sobria por altas tumbas rodeadas de piedras que son ofrenda a los difuntos, as\u00ed como en nuestra cultura lo son las flores.<\/p>\n<p><strong>Autor:<\/strong> Corporaci\u00f3n La Candelaria (Hoy Instituto Distrital de Patrimonio Cultural)<br \/>\n<strong>A\u00f1o: <\/strong>2006<\/p>\n","protected":false},"featured_media":708,"comment_status":"open","ping_status":"closed","template":"","meta":{"_acf_changed":false},"product_brand":[],"product_cat":[102],"product_tag":[],"class_list":{"0":"post-486","1":"product","2":"type-product","3":"status-publish","4":"has-post-thumbnail","6":"product_cat-exploraciones_y_recorridos","8":"first","9":"instock","10":"shipping-taxable","11":"product-type-simple"},"acf":[],"_links":{"self":[{"href":"https:\/\/idpc.gov.co\/publicaciones\/wp-json\/wp\/v2\/product\/486","targetHints":{"allow":["GET"]}}],"collection":[{"href":"https:\/\/idpc.gov.co\/publicaciones\/wp-json\/wp\/v2\/product"}],"about":[{"href":"https:\/\/idpc.gov.co\/publicaciones\/wp-json\/wp\/v2\/types\/product"}],"replies":[{"embeddable":true,"href":"https:\/\/idpc.gov.co\/publicaciones\/wp-json\/wp\/v2\/comments?post=486"}],"wp:featuredmedia":[{"embeddable":true,"href":"https:\/\/idpc.gov.co\/publicaciones\/wp-json\/wp\/v2\/media\/708"}],"wp:attachment":[{"href":"https:\/\/idpc.gov.co\/publicaciones\/wp-json\/wp\/v2\/media?parent=486"}],"wp:term":[{"taxonomy":"product_brand","embeddable":true,"href":"https:\/\/idpc.gov.co\/publicaciones\/wp-json\/wp\/v2\/product_brand?post=486"},{"taxonomy":"product_cat","embeddable":true,"href":"https:\/\/idpc.gov.co\/publicaciones\/wp-json\/wp\/v2\/product_cat?post=486"},{"taxonomy":"product_tag","embeddable":true,"href":"https:\/\/idpc.gov.co\/publicaciones\/wp-json\/wp\/v2\/product_tag?post=486"}],"curies":[{"name":"wp","href":"https:\/\/api.w.org\/{rel}","templated":true}]}}