{"id":485,"date":"2018-01-30T15:10:51","date_gmt":"2018-01-30T20:10:51","guid":{"rendered":"https:\/\/idpc.gov.co\/publicaciones\/?post_type=product&#038;p=485"},"modified":"2024-04-30T22:39:33","modified_gmt":"2024-05-01T03:39:33","slug":"atlas-historico-de-bogota-cartografia-1791-2007","status":"publish","type":"product","link":"https:\/\/idpc.gov.co\/publicaciones\/producto\/atlas-historico-de-bogota-cartografia-1791-2007\/","title":{"rendered":"Atlas hist\u00f3rico de Bogot\u00e1. Cartograf\u00eda. 1791-2007"},"content":{"rendered":"","protected":false},"excerpt":{"rendered":"<p>Este libro, fruto de la labor conjunta de la Alcald\u00eda Mayor de Bogot\u00e1, la Secretaria General, el Archivo de Bogot\u00e1, el Instituto Distrital de Patrimonio Cultural y la Asociaci\u00f3n de Amigos del Archivo de Bogot\u00e1, recopila la cartograf\u00eda que refleja los continuos cambios a los que ha sido sujeta la ciudad desde la Colonia hasta el presente siglo.<\/p>\n<p>Aqu\u00ed podemos descubrir a la ciudad en permanente evoluci\u00f3n por medio del an\u00e1lisis de sus expresiones urbanas y de la forma de apropiaci\u00f3n del territorio. Este libro es notable por su contenido y excelente presentaci\u00f3n, por la riqueza visual que posee, cumpliendo a cabalidad la tarea que ya se hab\u00eda iniciado con los tomos I y II, lo que hace merecedor a esta colecci\u00f3n de ser referente bibliogr\u00e1fico obligado.<\/p>\n<p><strong>Autor:<\/strong> Instituto Distrital de Patrimonio Cultural<br \/>\n<strong>A\u00f1o: <\/strong>2007<\/p>\n","protected":false},"featured_media":664,"comment_status":"open","ping_status":"closed","template":"","meta":{"_acf_changed":false},"product_brand":[],"product_cat":[102],"product_tag":[],"class_list":{"0":"post-485","1":"product","2":"type-product","3":"status-publish","4":"has-post-thumbnail","6":"product_cat-exploraciones_y_recorridos","8":"first","9":"instock","10":"shipping-taxable","11":"purchasable","12":"product-type-simple"},"acf":[],"_links":{"self":[{"href":"https:\/\/idpc.gov.co\/publicaciones\/wp-json\/wp\/v2\/product\/485","targetHints":{"allow":["GET"]}}],"collection":[{"href":"https:\/\/idpc.gov.co\/publicaciones\/wp-json\/wp\/v2\/product"}],"about":[{"href":"https:\/\/idpc.gov.co\/publicaciones\/wp-json\/wp\/v2\/types\/product"}],"replies":[{"embeddable":true,"href":"https:\/\/idpc.gov.co\/publicaciones\/wp-json\/wp\/v2\/comments?post=485"}],"wp:featuredmedia":[{"embeddable":true,"href":"https:\/\/idpc.gov.co\/publicaciones\/wp-json\/wp\/v2\/media\/664"}],"wp:attachment":[{"href":"https:\/\/idpc.gov.co\/publicaciones\/wp-json\/wp\/v2\/media?parent=485"}],"wp:term":[{"taxonomy":"product_brand","embeddable":true,"href":"https:\/\/idpc.gov.co\/publicaciones\/wp-json\/wp\/v2\/product_brand?post=485"},{"taxonomy":"product_cat","embeddable":true,"href":"https:\/\/idpc.gov.co\/publicaciones\/wp-json\/wp\/v2\/product_cat?post=485"},{"taxonomy":"product_tag","embeddable":true,"href":"https:\/\/idpc.gov.co\/publicaciones\/wp-json\/wp\/v2\/product_tag?post=485"}],"curies":[{"name":"wp","href":"https:\/\/api.w.org\/{rel}","templated":true}]}}